{"id":3399,"date":"2021-04-23T14:41:56","date_gmt":"2021-04-23T12:41:56","guid":{"rendered":"https:\/\/espeltviticultors.com\/product\/vilajuiga-visit-gift\/"},"modified":"2024-07-03T10:21:08","modified_gmt":"2024-07-03T08:21:08","slug":"vilajuiga-visit-gift","status":"publish","type":"product","link":"https:\/\/espeltviticultors.com\/en\/shop\/vilajuiga-visit-gift\/","title":{"rendered":"Vilaju\u00efga Visit Gift"},"content":{"rendered":"<p>A unique experience to get to know our project up close. A gift that transports people who will enjoy it to a world of sensations and discoveries.<\/p>\n<p>The Vilaju\u00efga Visit is a trip to get to know the first ecological vineyards that we planted, fifteen years ago in Vilaju\u00efga, and to taste the most Empord\u00e0 wines, the new vintages and some novelties.<\/p>\n<p>In the vineyard we will explain the secrets of our viticulture respectful with the biodiversity of the area. You should wear comfortable shoes to walk through the vineyards and be prepared for the cold or the sun, depending on the time of year.<\/p>\n<p>Time: 11 a.m.<br \/>\nDuration: 1 h 30 min approx.<br \/>\nMeeting point: Celler Espelt shop in Vilaju\u00efga<br \/>\nPrice: \u20ac 35 per person<\/p>\n<p>Vouchers are valid for one year from the date of purchase. To activate them the person who receives it need to call us or write to us in order to choose an <a href=\"https:\/\/espeltviticultors.com\/en\/winetourism\/\" target=\"_blank\" rel=\"noopener\">available date<\/a>.<\/p>\n<p>Once the purchase has been made, you can download the voucher in pdf format to give as a gift to whoever you want.<\/p>\n<p>If you have any questions or want a custom gift, <a href=\"mailto:enoturisme@espeltviticultors.com\" target=\"_blank\" rel=\"noopener\">write to us<\/a>.<\/p>\n","protected":false},"excerpt":{"rendered":"<p>An activity to get to know the vineyards near the winery and the new vintages. If you want a custom gift, give us a call!<\/p>\n","protected":false},"featured_media":3032,"template":"","meta":[],"product_brand":[],"product_cat":[149],"product_tag":[179,180],"class_list":{"0":"post-3399","1":"product","2":"type-product","3":"status-publish","4":"has-post-thumbnail","6":"product_cat-gift","7":"product_tag-enotourism","8":"product_tag-gift","10":"first","11":"instock","12":"downloadable","13":"virtual","14":"purchasable","15":"product-type-simple"},"yoast_head":"<!-- This site is optimized with the Yoast SEO Premium plugin v19.3 (Yoast SEO v25.6) - https:\/\/yoast.com\/wordpress\/plugins\/seo\/ -->\n<title>Vilaju\u00efga Visit Gift - Espelt Winegrowers<\/title>\n<meta name=\"description\" content=\"Vilaju\u00efga Visit Gift is a unique experience to get to know our project up close. A walk throught vineyards and winetasting.\" \/>\n<meta name=\"robots\" content=\"index, follow, max-snippet:-1, max-image-preview:large, max-video-preview:-1\" \/>\n<link rel=\"canonical\" href=\"https:\/\/espeltviticultors.com\/en\/shop\/vilajuiga-visit-gift\/\" \/>\n<meta property=\"og:locale\" content=\"en_US\" \/>\n<meta property=\"og:type\" content=\"article\" \/>\n<meta property=\"og:title\" content=\"Vilaju\u00efga Visit Gift\" \/>\n<meta property=\"og:description\" content=\"An activity to get to know the vineyards near the winery and the new vintages. If you want a custom gift, give us a call!\" \/>\n<meta property=\"og:url\" content=\"https:\/\/espeltviticultors.com\/en\/shop\/vilajuiga-visit-gift\/\" \/>\n<meta property=\"og:site_name\" content=\"Espelt Winegrowers\" \/>\n<meta property=\"article:publisher\" content=\"https:\/\/www.facebook.com\/espelt.viticultors\" \/>\n<meta property=\"article:modified_time\" content=\"2024-07-03T08:21:08+00:00\" \/>\n<meta property=\"og:image\" content=\"https:\/\/espeltviticultors.com\/wp-content\/uploads\/2021\/04\/val_regal_mas_vilajuiga.jpg\" \/>\n\t<meta property=\"og:image:width\" content=\"800\" \/>\n\t<meta property=\"og:image:height\" content=\"630\" \/>\n\t<meta property=\"og:image:type\" content=\"image\/jpeg\" \/>\n<meta name=\"twitter:card\" content=\"summary_large_image\" \/>\n<meta name=\"twitter:site\" content=\"@CellerEspelt\" \/>\n<meta name=\"twitter:label1\" content=\"Price\" \/>\n\t<meta name=\"twitter:data1\" content=\"38,00&nbsp;&euro;\" \/>\n\t<meta name=\"twitter:label2\" content=\"Availability\" \/>\n\t<meta name=\"twitter:data2\" content=\"In stock\" \/>\n<script type=\"application\/ld+json\" class=\"yoast-schema-graph\">{\"@context\":\"https:\/\/schema.org\",\"@graph\":[{\"@type\":\"WebPage\",\"@id\":\"https:\/\/espeltviticultors.com\/en\/shop\/vilajuiga-visit-gift\/\",\"url\":\"https:\/\/espeltviticultors.com\/en\/shop\/vilajuiga-visit-gift\/\",\"name\":\"Vilaju\u00efga Visit Gift - Espelt Winegrowers\",\"isPartOf\":{\"@id\":\"https:\/\/espeltviticultors.com\/#website\"},\"primaryImageOfPage\":{\"@id\":\"https:\/\/espeltviticultors.com\/en\/shop\/vilajuiga-visit-gift\/#primaryimage\"},\"image\":{\"@id\":\"https:\/\/espeltviticultors.com\/en\/shop\/vilajuiga-visit-gift\/#primaryimage\"},\"thumbnailUrl\":\"https:\/\/espeltviticultors.com\/wp-content\/uploads\/2021\/04\/val_regal_mas_vilajuiga.jpg\",\"datePublished\":\"2021-04-23T12:41:56+00:00\",\"dateModified\":\"2024-07-03T08:21:08+00:00\",\"description\":\"Vilaju\u00efga Visit Gift is a unique experience to get to know our project up close. A walk throught vineyards and winetasting.\",\"breadcrumb\":{\"@id\":\"https:\/\/espeltviticultors.com\/en\/shop\/vilajuiga-visit-gift\/#breadcrumb\"},\"inLanguage\":\"en-US\",\"potentialAction\":[{\"@type\":\"ReadAction\",\"target\":[\"https:\/\/espeltviticultors.com\/en\/shop\/vilajuiga-visit-gift\/\"]}]},{\"@type\":\"ImageObject\",\"inLanguage\":\"en-US\",\"@id\":\"https:\/\/espeltviticultors.com\/en\/shop\/vilajuiga-visit-gift\/#primaryimage\",\"url\":\"https:\/\/espeltviticultors.com\/wp-content\/uploads\/2021\/04\/val_regal_mas_vilajuiga.jpg\",\"contentUrl\":\"https:\/\/espeltviticultors.com\/wp-content\/uploads\/2021\/04\/val_regal_mas_vilajuiga.jpg\",\"width\":800,\"height\":630},{\"@type\":\"BreadcrumbList\",\"@id\":\"https:\/\/espeltviticultors.com\/en\/shop\/vilajuiga-visit-gift\/#breadcrumb\",\"itemListElement\":[{\"@type\":\"ListItem\",\"position\":1,\"name\":\"Portada\",\"item\":\"https:\/\/espeltviticultors.com\/en\/\"},{\"@type\":\"ListItem\",\"position\":2,\"name\":\"Shop\",\"item\":\"https:\/\/espeltviticultors.com\/en\/shop\/\"},{\"@type\":\"ListItem\",\"position\":3,\"name\":\"Vilaju\u00efga Visit Gift\"}]},{\"@type\":\"WebSite\",\"@id\":\"https:\/\/espeltviticultors.com\/#website\",\"url\":\"https:\/\/espeltviticultors.com\/\",\"name\":\"Espelt Winegrowers\",\"description\":\"Emporda wines and enotourism\",\"publisher\":{\"@id\":\"https:\/\/espeltviticultors.com\/#organization\"},\"potentialAction\":[{\"@type\":\"SearchAction\",\"target\":{\"@type\":\"EntryPoint\",\"urlTemplate\":\"https:\/\/espeltviticultors.com\/?s={search_term_string}\"},\"query-input\":{\"@type\":\"PropertyValueSpecification\",\"valueRequired\":true,\"valueName\":\"search_term_string\"}}],\"inLanguage\":\"en-US\"},{\"@type\":\"Organization\",\"@id\":\"https:\/\/espeltviticultors.com\/#organization\",\"name\":\"Espelt Viticultors - Shop online\",\"url\":\"https:\/\/espeltviticultors.com\/\",\"logo\":{\"@type\":\"ImageObject\",\"inLanguage\":\"en-US\",\"@id\":\"https:\/\/espeltviticultors.com\/#\/schema\/logo\/image\/\",\"url\":\"https:\/\/espeltviticultors.com\/wp-content\/uploads\/2021\/02\/logo_color_trasparent.png\",\"contentUrl\":\"https:\/\/espeltviticultors.com\/wp-content\/uploads\/2021\/02\/logo_color_trasparent.png\",\"width\":818,\"height\":272,\"caption\":\"Espelt Viticultors - Shop online\"},\"image\":{\"@id\":\"https:\/\/espeltviticultors.com\/#\/schema\/logo\/image\/\"},\"sameAs\":[\"https:\/\/www.facebook.com\/espelt.viticultors\",\"https:\/\/x.com\/CellerEspelt\",\"https:\/\/www.instagram.com\/cellerespelt\/\"]}]}<\/script>\n<meta property=\"product:price:amount\" content=\"38.00\" \/>\n<meta property=\"product:price:currency\" content=\"EUR\" \/>\n<meta property=\"og:availability\" content=\"instock\" \/>\n<meta property=\"product:availability\" content=\"instock\" \/>\n<meta property=\"product:retailer_item_id\" content=\"2687\" \/>\n<meta property=\"product:condition\" content=\"new\" \/>\n<!-- \/ Yoast SEO Premium plugin. -->","yoast_head_json":{"title":"Vilaju\u00efga Visit Gift - Espelt Winegrowers","description":"Vilaju\u00efga Visit Gift is a unique experience to get to know our project up close. A walk throught vineyards and winetasting.","robots":{"index":"index","follow":"follow","max-snippet":"max-snippet:-1","max-image-preview":"max-image-preview:large","max-video-preview":"max-video-preview:-1"},"canonical":"https:\/\/espeltviticultors.com\/en\/shop\/vilajuiga-visit-gift\/","og_locale":"en_US","og_type":"article","og_title":"Vilaju\u00efga Visit Gift","og_description":"An activity to get to know the vineyards near the winery and the new vintages. If you want a custom gift, give us a call!","og_url":"https:\/\/espeltviticultors.com\/en\/shop\/vilajuiga-visit-gift\/","og_site_name":"Espelt Winegrowers","article_publisher":"https:\/\/www.facebook.com\/espelt.viticultors","article_modified_time":"2024-07-03T08:21:08+00:00","og_image":[{"width":800,"height":630,"url":"https:\/\/espeltviticultors.com\/wp-content\/uploads\/2021\/04\/val_regal_mas_vilajuiga.jpg","type":"image\/jpeg"}],"twitter_card":"summary_large_image","twitter_site":"@CellerEspelt","twitter_misc":{"Price":"38,00&nbsp;&euro;","Availability":"In stock"},"schema":{"@context":"https:\/\/schema.org","@graph":[{"@type":"WebPage","@id":"https:\/\/espeltviticultors.com\/en\/shop\/vilajuiga-visit-gift\/","url":"https:\/\/espeltviticultors.com\/en\/shop\/vilajuiga-visit-gift\/","name":"Vilaju\u00efga Visit Gift - Espelt Winegrowers","isPartOf":{"@id":"https:\/\/espeltviticultors.com\/#website"},"primaryImageOfPage":{"@id":"https:\/\/espeltviticultors.com\/en\/shop\/vilajuiga-visit-gift\/#primaryimage"},"image":{"@id":"https:\/\/espeltviticultors.com\/en\/shop\/vilajuiga-visit-gift\/#primaryimage"},"thumbnailUrl":"https:\/\/espeltviticultors.com\/wp-content\/uploads\/2021\/04\/val_regal_mas_vilajuiga.jpg","datePublished":"2021-04-23T12:41:56+00:00","dateModified":"2024-07-03T08:21:08+00:00","description":"Vilaju\u00efga Visit Gift is a unique experience to get to know our project up close. A walk throught vineyards and winetasting.","breadcrumb":{"@id":"https:\/\/espeltviticultors.com\/en\/shop\/vilajuiga-visit-gift\/#breadcrumb"},"inLanguage":"en-US","potentialAction":[{"@type":"ReadAction","target":["https:\/\/espeltviticultors.com\/en\/shop\/vilajuiga-visit-gift\/"]}]},{"@type":"ImageObject","inLanguage":"en-US","@id":"https:\/\/espeltviticultors.com\/en\/shop\/vilajuiga-visit-gift\/#primaryimage","url":"https:\/\/espeltviticultors.com\/wp-content\/uploads\/2021\/04\/val_regal_mas_vilajuiga.jpg","contentUrl":"https:\/\/espeltviticultors.com\/wp-content\/uploads\/2021\/04\/val_regal_mas_vilajuiga.jpg","width":800,"height":630},{"@type":"BreadcrumbList","@id":"https:\/\/espeltviticultors.com\/en\/shop\/vilajuiga-visit-gift\/#breadcrumb","itemListElement":[{"@type":"ListItem","position":1,"name":"Portada","item":"https:\/\/espeltviticultors.com\/en\/"},{"@type":"ListItem","position":2,"name":"Shop","item":"https:\/\/espeltviticultors.com\/en\/shop\/"},{"@type":"ListItem","position":3,"name":"Vilaju\u00efga Visit Gift"}]},{"@type":"WebSite","@id":"https:\/\/espeltviticultors.com\/#website","url":"https:\/\/espeltviticultors.com\/","name":"Espelt Winegrowers","description":"Emporda wines and enotourism","publisher":{"@id":"https:\/\/espeltviticultors.com\/#organization"},"potentialAction":[{"@type":"SearchAction","target":{"@type":"EntryPoint","urlTemplate":"https:\/\/espeltviticultors.com\/?s={search_term_string}"},"query-input":{"@type":"PropertyValueSpecification","valueRequired":true,"valueName":"search_term_string"}}],"inLanguage":"en-US"},{"@type":"Organization","@id":"https:\/\/espeltviticultors.com\/#organization","name":"Espelt Viticultors - Shop online","url":"https:\/\/espeltviticultors.com\/","logo":{"@type":"ImageObject","inLanguage":"en-US","@id":"https:\/\/espeltviticultors.com\/#\/schema\/logo\/image\/","url":"https:\/\/espeltviticultors.com\/wp-content\/uploads\/2021\/02\/logo_color_trasparent.png","contentUrl":"https:\/\/espeltviticultors.com\/wp-content\/uploads\/2021\/02\/logo_color_trasparent.png","width":818,"height":272,"caption":"Espelt Viticultors - Shop online"},"image":{"@id":"https:\/\/espeltviticultors.com\/#\/schema\/logo\/image\/"},"sameAs":["https:\/\/www.facebook.com\/espelt.viticultors","https:\/\/x.com\/CellerEspelt","https:\/\/www.instagram.com\/cellerespelt\/"]}]},"product_price_amount":"38.00","product_price_currency":"EUR","og_availability":"instock","product_availability":"instock","product_retailer_item_id":"2687","product_condition":"new"},"_links":{"self":[{"href":"https:\/\/espeltviticultors.com\/en\/wp-json\/wp\/v2\/product\/3399"}],"collection":[{"href":"https:\/\/espeltviticultors.com\/en\/wp-json\/wp\/v2\/product"}],"about":[{"href":"https:\/\/espeltviticultors.com\/en\/wp-json\/wp\/v2\/types\/product"}],"wp:featuredmedia":[{"embeddable":true,"href":"https:\/\/espeltviticultors.com\/en\/wp-json\/wp\/v2\/media\/3032"}],"wp:attachment":[{"href":"https:\/\/espeltviticultors.com\/en\/wp-json\/wp\/v2\/media?parent=3399"}],"wp:term":[{"taxonomy":"product_brand","embeddable":true,"href":"https:\/\/espeltviticultors.com\/en\/wp-json\/wp\/v2\/product_brand?post=3399"},{"taxonomy":"product_cat","embeddable":true,"href":"https:\/\/espeltviticultors.com\/en\/wp-json\/wp\/v2\/product_cat?post=3399"},{"taxonomy":"product_tag","embeddable":true,"href":"https:\/\/espeltviticultors.com\/en\/wp-json\/wp\/v2\/product_tag?post=3399"}],"curies":[{"name":"wp","href":"https:\/\/api.w.org\/{rel}","templated":true}]}}