{"id":3570,"date":"2021-02-17T10:00:48","date_gmt":"2021-02-17T09:00:48","guid":{"rendered":"https:\/\/espeltviticultors.com\/product\/lledoner-roig\/"},"modified":"2025-05-19T15:23:53","modified_gmt":"2025-05-19T13:23:53","slug":"lledoner-roig","status":"publish","type":"product","link":"https:\/\/espeltviticultors.com\/en\/shop\/lledoner-roig\/","title":{"rendered":"Lledoner Roig 2020"},"content":{"rendered":"<article class=\"yellow_bg profile\">\n<div class=\"width-center clearfix relative\">\n<div class=\"width50\">\n<div class=\"gdlr-core-row-shortcode clearfix gdlr-core-item-rvpdlr\" ><div class=\"gdlr-core-column-shortcode gdlr-core-item-pdlr gdlr-core-column-40\" ><\/p>\n<h2><strong>Lledoner Roig &#8211; 2020 Vintage<\/strong><\/h2>\n<p><strong>Type of wine<br \/>\n<\/strong>White, partially fermented in stainless steel vessels and, after, it ages in concrete eggs, jointly with its lees, for 6 months.<\/p>\n<p><strong>Varieties<br \/>\n<\/strong>100% Lledoner Roig (Grey Grenache)<\/p>\n<p><strong>How is it?<br \/>\n<\/strong>It shows aromas of orange blossom, chamomile and stone, together with the smell of clean clothes. In the palate, it is powerful and fresh at the same time and the citrus flavours linger, leaving a fresh and pleasant mounthfeel.<\/p>\n<p><strong>Viticulture<\/strong><br \/>\nRab\u00f3s: <span style=\"font-weight: 400;\">Old vines. Very old vines. Carignan and Lledoner (Grenache) planted on slate. Powerful and complex wines. With great acidity and full of life.<\/span><\/p>\n<p><strong>To accompany&#8230;<\/strong><br \/>\nDishes cooked with fennel or celery. Shrimp, clams and baked fish (turbot, monkfish, hake). Think of Lledoner Roig the next time you go to the fishmonger&#8217;s!<\/p>\n<p><img loading=\"lazy\" decoding=\"async\" class=\"alignleft wp-image-3912 size-full\" title=\"maridatge carn blanca lledoner roig\" src=\"https:\/\/espeltviticultors.com\/wp-content\/uploads\/2021\/05\/maridatge_chicken_dark.png\" alt=\"maridatge carn blanca lledoner roig\" width=\"50\" height=\"50\" \/><img loading=\"lazy\" decoding=\"async\" class=\"alignleft wp-image-3899 size-full\" title=\"maridatge verdures i lledoner roig\" src=\"https:\/\/espeltviticultors.com\/wp-content\/uploads\/2021\/05\/maridatge_vegetal_dark.png\" alt=\"maridatge verdures i lledoner roig\" width=\"50\" height=\"50\" \/><img loading=\"lazy\" decoding=\"async\" class=\"alignleft wp-image-3893 size-full\" title=\"maridatge peix i lledoner roig\" src=\"https:\/\/espeltviticultors.com\/wp-content\/uploads\/2021\/05\/maridatge_fish_dark.png\" alt=\"maridatge peix i lledoner roig\" width=\"50\" height=\"50\" \/><\/p>\n<p>&nbsp;<\/p>\n<p>&nbsp;<\/p>\n<a class=\"gdlr-core-button gdlr-core-button-shortcode  gdlr-core-button-gradient gdlr-core-button-no-border\" href=\"https:\/\/espeltviticultors.com\/wp-content\/uploads\/2024\/03\/lledoner_roig_blanc_2020_EN.pdf\" target=\"_blank\"  style=\"margin-right: 20px;\"  ><span class=\"gdlr-core-content\"  >Technical Sheets<\/span><\/a>\n<p>\n<\/div><div class=\"gdlr-core-column-shortcode gdlr-core-item-pdlr gdlr-core-column-20\" ><\/p>\n<div class=\"gdlr-core-widget-list-shortcode\" id=\"gdlr-core-widget-list-0\"  ><h3 class=\"gdlr-core-widget-list-shortcode-title\"  ><strong>Awards<\/strong><\/h3><\/p>\n<ul>\n<li>92 points Gu\u00eda Pe\u00f1\u00edn, 2025<\/li>\n<li>9,83 points La Guia de Vins de Catalunya 2024<\/li>\n<li><span style=\"font-weight: 400;\">Decanter World Wine Awards: Silver Medal. 2022<\/span><\/li>\n<li class=\"wine_category\"><span style=\"font-weight: 400;\">90+ Scored Miquel Hudin<\/span><\/li>\n<\/ul>\n<p><\/div>\n<div class=\"gdlr-core-widget-list-shortcode\" id=\"gdlr-core-widget-list-0\"  ><h3 class=\"gdlr-core-widget-list-shortcode-title\"  ><strong>Certificaci\u00f3 ecol\u00f2gica<\/strong><\/h3><\/div>\n<div class=\"width50\">\n<div><img loading=\"lazy\" decoding=\"async\" class=\"alignnone\" title=\"certificaci\u00f3 ecol\u00f2gica Escum\u00f3s d'Anna Espelt\" src=\"https:\/\/espeltviticultors.com\/assets\/img\/Logo_alimentacion_ecologica.jpg\" alt=\"certificaci\u00f3 ecol\u00f2gica Escum\u00f3s d'Anna Espelt\" width=\"88\" height=\"60\" \/><\/div>\n<\/div>\n<p>\n<\/div><\/div>\n<\/div>\n<div class=\"width50\">\n<div class=\"flex flex-row\">\n<div><\/div>\n<\/div>\n<\/div>\n<\/div>\n<\/article>\n","protected":false},"excerpt":{"rendered":"<p>A few vines of this Empord\u00e0 red variety grew scattered among old Carignan vines. We decided to harvest them separately to make a white wine just as special as this undercover vines.<\/p>\n","protected":false},"featured_media":1546,"template":"","meta":[],"product_brand":[],"product_cat":[93,147],"product_tag":[173,159,163],"class_list":{"0":"post-3570","1":"product","2":"type-product","3":"status-publish","4":"has-post-thumbnail","6":"product_cat-wines","7":"product_cat-white-en","8":"product_tag-essence-en","9":"product_tag-lledoner-roig-en","10":"product_tag-red-grenache","12":"first","13":"outofstock","14":"taxable","15":"shipping-taxable","16":"purchasable","17":"product-type-simple"},"yoast_head":"<!-- This site is optimized with the Yoast SEO Premium plugin v19.3 (Yoast SEO v25.6) - https:\/\/yoast.com\/wordpress\/plugins\/seo\/ -->\n<title>Lledoner Roig 2020 - Espelt Winegrowers<\/title>\n<meta name=\"description\" content=\"A few vines of this Empord\u00e0 red variety grew scattered among old Carignan vines. An special wine. Empordan variety.\" \/>\n<meta name=\"robots\" content=\"index, follow, max-snippet:-1, max-image-preview:large, max-video-preview:-1\" \/>\n<link rel=\"canonical\" href=\"https:\/\/espeltviticultors.com\/en\/shop\/lledoner-roig\/\" \/>\n<meta property=\"og:locale\" content=\"en_US\" \/>\n<meta property=\"og:type\" content=\"article\" \/>\n<meta property=\"og:title\" content=\"Lledoner Roig 2020\" \/>\n<meta property=\"og:description\" content=\"A few vines of this Empord\u00e0 red variety grew scattered among old Carignan vines. We decided to harvest them separately to make a white wine just as special as this undercover vines.\" \/>\n<meta property=\"og:url\" content=\"https:\/\/espeltviticultors.com\/en\/shop\/lledoner-roig\/\" \/>\n<meta property=\"og:site_name\" content=\"Espelt Winegrowers\" \/>\n<meta property=\"article:publisher\" content=\"https:\/\/www.facebook.com\/espelt.viticultors\" \/>\n<meta property=\"article:modified_time\" content=\"2025-05-19T13:23:53+00:00\" \/>\n<meta property=\"og:image\" content=\"https:\/\/espeltviticultors.com\/wp-content\/uploads\/2021\/02\/lledoner_roig.jpg\" \/>\n\t<meta property=\"og:image:width\" content=\"800\" \/>\n\t<meta property=\"og:image:height\" content=\"630\" \/>\n\t<meta property=\"og:image:type\" content=\"image\/jpeg\" \/>\n<meta name=\"twitter:card\" content=\"summary_large_image\" \/>\n<meta name=\"twitter:site\" content=\"@CellerEspelt\" \/>\n<meta name=\"twitter:label1\" content=\"Price\" \/>\n\t<meta name=\"twitter:data1\" content=\"27,80&nbsp;&euro;\" \/>\n\t<meta name=\"twitter:label2\" content=\"Availability\" \/>\n\t<meta name=\"twitter:data2\" content=\"Out of stock\" \/>\n<script type=\"application\/ld+json\" class=\"yoast-schema-graph\">{\"@context\":\"https:\/\/schema.org\",\"@graph\":[{\"@type\":\"WebPage\",\"@id\":\"https:\/\/espeltviticultors.com\/en\/shop\/lledoner-roig\/\",\"url\":\"https:\/\/espeltviticultors.com\/en\/shop\/lledoner-roig\/\",\"name\":\"Lledoner Roig 2020 - Espelt Winegrowers\",\"isPartOf\":{\"@id\":\"https:\/\/espeltviticultors.com\/#website\"},\"primaryImageOfPage\":{\"@id\":\"https:\/\/espeltviticultors.com\/en\/shop\/lledoner-roig\/#primaryimage\"},\"image\":{\"@id\":\"https:\/\/espeltviticultors.com\/en\/shop\/lledoner-roig\/#primaryimage\"},\"thumbnailUrl\":\"https:\/\/espeltviticultors.com\/wp-content\/uploads\/2021\/02\/lledoner_roig.jpg\",\"datePublished\":\"2021-02-17T09:00:48+00:00\",\"dateModified\":\"2025-05-19T13:23:53+00:00\",\"description\":\"A few vines of this Empord\u00e0 red variety grew scattered among old Carignan vines. An special wine. Empordan variety.\",\"breadcrumb\":{\"@id\":\"https:\/\/espeltviticultors.com\/en\/shop\/lledoner-roig\/#breadcrumb\"},\"inLanguage\":\"en-US\",\"potentialAction\":[{\"@type\":\"ReadAction\",\"target\":[\"https:\/\/espeltviticultors.com\/en\/shop\/lledoner-roig\/\"]}]},{\"@type\":\"ImageObject\",\"inLanguage\":\"en-US\",\"@id\":\"https:\/\/espeltviticultors.com\/en\/shop\/lledoner-roig\/#primaryimage\",\"url\":\"https:\/\/espeltviticultors.com\/wp-content\/uploads\/2021\/02\/lledoner_roig.jpg\",\"contentUrl\":\"https:\/\/espeltviticultors.com\/wp-content\/uploads\/2021\/02\/lledoner_roig.jpg\",\"width\":800,\"height\":630,\"caption\":\"Lledoner Roig\"},{\"@type\":\"BreadcrumbList\",\"@id\":\"https:\/\/espeltviticultors.com\/en\/shop\/lledoner-roig\/#breadcrumb\",\"itemListElement\":[{\"@type\":\"ListItem\",\"position\":1,\"name\":\"Portada\",\"item\":\"https:\/\/espeltviticultors.com\/en\/\"},{\"@type\":\"ListItem\",\"position\":2,\"name\":\"Shop\",\"item\":\"https:\/\/espeltviticultors.com\/en\/shop\/\"},{\"@type\":\"ListItem\",\"position\":3,\"name\":\"Lledoner Roig 2020\"}]},{\"@type\":\"WebSite\",\"@id\":\"https:\/\/espeltviticultors.com\/#website\",\"url\":\"https:\/\/espeltviticultors.com\/\",\"name\":\"Espelt Winegrowers\",\"description\":\"Emporda wines and enotourism\",\"publisher\":{\"@id\":\"https:\/\/espeltviticultors.com\/#organization\"},\"potentialAction\":[{\"@type\":\"SearchAction\",\"target\":{\"@type\":\"EntryPoint\",\"urlTemplate\":\"https:\/\/espeltviticultors.com\/?s={search_term_string}\"},\"query-input\":{\"@type\":\"PropertyValueSpecification\",\"valueRequired\":true,\"valueName\":\"search_term_string\"}}],\"inLanguage\":\"en-US\"},{\"@type\":\"Organization\",\"@id\":\"https:\/\/espeltviticultors.com\/#organization\",\"name\":\"Espelt Viticultors - Shop online\",\"url\":\"https:\/\/espeltviticultors.com\/\",\"logo\":{\"@type\":\"ImageObject\",\"inLanguage\":\"en-US\",\"@id\":\"https:\/\/espeltviticultors.com\/#\/schema\/logo\/image\/\",\"url\":\"https:\/\/espeltviticultors.com\/wp-content\/uploads\/2021\/02\/logo_color_trasparent.png\",\"contentUrl\":\"https:\/\/espeltviticultors.com\/wp-content\/uploads\/2021\/02\/logo_color_trasparent.png\",\"width\":818,\"height\":272,\"caption\":\"Espelt Viticultors - Shop online\"},\"image\":{\"@id\":\"https:\/\/espeltviticultors.com\/#\/schema\/logo\/image\/\"},\"sameAs\":[\"https:\/\/www.facebook.com\/espelt.viticultors\",\"https:\/\/x.com\/CellerEspelt\",\"https:\/\/www.instagram.com\/cellerespelt\/\"]}]}<\/script>\n<meta property=\"product:price:amount\" content=\"27.80\" \/>\n<meta property=\"product:price:currency\" content=\"EUR\" \/>\n<meta property=\"og:availability\" content=\"out of stock\" \/>\n<meta property=\"product:availability\" content=\"out of stock\" \/>\n<meta property=\"product:retailer_item_id\" content=\"1544\" \/>\n<meta property=\"product:condition\" content=\"new\" \/>\n<!-- \/ Yoast SEO Premium plugin. -->","yoast_head_json":{"title":"Lledoner Roig 2020 - Espelt Winegrowers","description":"A few vines of this Empord\u00e0 red variety grew scattered among old Carignan vines. An special wine. Empordan variety.","robots":{"index":"index","follow":"follow","max-snippet":"max-snippet:-1","max-image-preview":"max-image-preview:large","max-video-preview":"max-video-preview:-1"},"canonical":"https:\/\/espeltviticultors.com\/en\/shop\/lledoner-roig\/","og_locale":"en_US","og_type":"article","og_title":"Lledoner Roig 2020","og_description":"A few vines of this Empord\u00e0 red variety grew scattered among old Carignan vines. We decided to harvest them separately to make a white wine just as special as this undercover vines.","og_url":"https:\/\/espeltviticultors.com\/en\/shop\/lledoner-roig\/","og_site_name":"Espelt Winegrowers","article_publisher":"https:\/\/www.facebook.com\/espelt.viticultors","article_modified_time":"2025-05-19T13:23:53+00:00","og_image":[{"width":800,"height":630,"url":"https:\/\/espeltviticultors.com\/wp-content\/uploads\/2021\/02\/lledoner_roig.jpg","type":"image\/jpeg"}],"twitter_card":"summary_large_image","twitter_site":"@CellerEspelt","twitter_misc":{"Price":"27,80&nbsp;&euro;","Availability":"Out of stock"},"schema":{"@context":"https:\/\/schema.org","@graph":[{"@type":"WebPage","@id":"https:\/\/espeltviticultors.com\/en\/shop\/lledoner-roig\/","url":"https:\/\/espeltviticultors.com\/en\/shop\/lledoner-roig\/","name":"Lledoner Roig 2020 - Espelt Winegrowers","isPartOf":{"@id":"https:\/\/espeltviticultors.com\/#website"},"primaryImageOfPage":{"@id":"https:\/\/espeltviticultors.com\/en\/shop\/lledoner-roig\/#primaryimage"},"image":{"@id":"https:\/\/espeltviticultors.com\/en\/shop\/lledoner-roig\/#primaryimage"},"thumbnailUrl":"https:\/\/espeltviticultors.com\/wp-content\/uploads\/2021\/02\/lledoner_roig.jpg","datePublished":"2021-02-17T09:00:48+00:00","dateModified":"2025-05-19T13:23:53+00:00","description":"A few vines of this Empord\u00e0 red variety grew scattered among old Carignan vines. An special wine. Empordan variety.","breadcrumb":{"@id":"https:\/\/espeltviticultors.com\/en\/shop\/lledoner-roig\/#breadcrumb"},"inLanguage":"en-US","potentialAction":[{"@type":"ReadAction","target":["https:\/\/espeltviticultors.com\/en\/shop\/lledoner-roig\/"]}]},{"@type":"ImageObject","inLanguage":"en-US","@id":"https:\/\/espeltviticultors.com\/en\/shop\/lledoner-roig\/#primaryimage","url":"https:\/\/espeltviticultors.com\/wp-content\/uploads\/2021\/02\/lledoner_roig.jpg","contentUrl":"https:\/\/espeltviticultors.com\/wp-content\/uploads\/2021\/02\/lledoner_roig.jpg","width":800,"height":630,"caption":"Lledoner Roig"},{"@type":"BreadcrumbList","@id":"https:\/\/espeltviticultors.com\/en\/shop\/lledoner-roig\/#breadcrumb","itemListElement":[{"@type":"ListItem","position":1,"name":"Portada","item":"https:\/\/espeltviticultors.com\/en\/"},{"@type":"ListItem","position":2,"name":"Shop","item":"https:\/\/espeltviticultors.com\/en\/shop\/"},{"@type":"ListItem","position":3,"name":"Lledoner Roig 2020"}]},{"@type":"WebSite","@id":"https:\/\/espeltviticultors.com\/#website","url":"https:\/\/espeltviticultors.com\/","name":"Espelt Winegrowers","description":"Emporda wines and enotourism","publisher":{"@id":"https:\/\/espeltviticultors.com\/#organization"},"potentialAction":[{"@type":"SearchAction","target":{"@type":"EntryPoint","urlTemplate":"https:\/\/espeltviticultors.com\/?s={search_term_string}"},"query-input":{"@type":"PropertyValueSpecification","valueRequired":true,"valueName":"search_term_string"}}],"inLanguage":"en-US"},{"@type":"Organization","@id":"https:\/\/espeltviticultors.com\/#organization","name":"Espelt Viticultors - Shop online","url":"https:\/\/espeltviticultors.com\/","logo":{"@type":"ImageObject","inLanguage":"en-US","@id":"https:\/\/espeltviticultors.com\/#\/schema\/logo\/image\/","url":"https:\/\/espeltviticultors.com\/wp-content\/uploads\/2021\/02\/logo_color_trasparent.png","contentUrl":"https:\/\/espeltviticultors.com\/wp-content\/uploads\/2021\/02\/logo_color_trasparent.png","width":818,"height":272,"caption":"Espelt Viticultors - Shop online"},"image":{"@id":"https:\/\/espeltviticultors.com\/#\/schema\/logo\/image\/"},"sameAs":["https:\/\/www.facebook.com\/espelt.viticultors","https:\/\/x.com\/CellerEspelt","https:\/\/www.instagram.com\/cellerespelt\/"]}]},"product_price_amount":"27.80","product_price_currency":"EUR","og_availability":"out of stock","product_availability":"out of stock","product_retailer_item_id":"1544","product_condition":"new"},"_links":{"self":[{"href":"https:\/\/espeltviticultors.com\/en\/wp-json\/wp\/v2\/product\/3570"}],"collection":[{"href":"https:\/\/espeltviticultors.com\/en\/wp-json\/wp\/v2\/product"}],"about":[{"href":"https:\/\/espeltviticultors.com\/en\/wp-json\/wp\/v2\/types\/product"}],"wp:featuredmedia":[{"embeddable":true,"href":"https:\/\/espeltviticultors.com\/en\/wp-json\/wp\/v2\/media\/1546"}],"wp:attachment":[{"href":"https:\/\/espeltviticultors.com\/en\/wp-json\/wp\/v2\/media?parent=3570"}],"wp:term":[{"taxonomy":"product_brand","embeddable":true,"href":"https:\/\/espeltviticultors.com\/en\/wp-json\/wp\/v2\/product_brand?post=3570"},{"taxonomy":"product_cat","embeddable":true,"href":"https:\/\/espeltviticultors.com\/en\/wp-json\/wp\/v2\/product_cat?post=3570"},{"taxonomy":"product_tag","embeddable":true,"href":"https:\/\/espeltviticultors.com\/en\/wp-json\/wp\/v2\/product_tag?post=3570"}],"curies":[{"name":"wp","href":"https:\/\/api.w.org\/{rel}","templated":true}]}}