{"id":3107,"date":"2021-04-26T11:39:53","date_gmt":"2021-04-26T09:39:53","guid":{"rendered":"https:\/\/wp.espeltviticultors.com\/politica-de-privacitat\/"},"modified":"2021-04-26T11:40:07","modified_gmt":"2021-04-26T09:40:07","slug":"politica-de-privacidad","status":"publish","type":"page","link":"https:\/\/espeltviticultors.com\/es\/politica-de-privacidad\/","title":{"rendered":"Pol\u00edtica de privacidad"},"content":{"rendered":"<p>INFORMACI\u00d3N GENERAL:<\/p><p> \u201cDe conformidad con lo establecido en el art\u00edculo 10 de la Ley de servicios de la sociedad de la informaci\u00f3n y de comercio electr\u00f3nico, les informamos de: El domicilio social de <strong>ESPELT VITICULTORS, SL, <\/strong>est\u00e1 situado en PARATGE MAS SATLLE S\/N (17493) VILAJU\u00cfGA (GIRONA), su n\u00famero de identificaci\u00f3n fiscal es el B17549106 y se encuentra inscrita en el Registro Mercantil de Girona en el Tomo 1211, Folio 27, Hoja GI-21277, inscripci\u00f3n 9\u201d.<\/p><p>POL\u00cdTICA DE PROTECCI\u00d3N DE DATOS DE CAR\u00c1CTER PERSONAL<\/p><p>\u201cEn cumplimiento de la Ley Org\u00e1nica 15\/1999, de 13 de diciembre, de Protecci\u00f3n de Datos de Car\u00e1cter Personal (LOPD), informamos que:<\/p><ol class=\"wp-block-list\"><li>Sus datos personales recogidos en este Web Site se incluir\u00e1n en una base de datos informatizada titularidad de <strong>ESPELT VITICULTORS, SL<\/strong> Dicha base de datos se encuentra inscrita en el Registro General de Protecci\u00f3n de datos conforme a lo dispuesto en la legislaci\u00f3n vigente y cumpliendo todas las medidas de seguridad del Real Decreto 1720\/2007, de 21 de diciembre, de medidas de seguridad de los ficheros automatizados que contengan datos de car\u00e1cter personal. <\/li><li>Dichos datos recogidos mediante la cumplimentaci\u00f3n de formularios y\/o env\u00edos de correos electr\u00f3nicos, ser\u00e1n tratados y quedar\u00e1n incorporados en los ficheros de <strong>ESPELT VITICULTORS, SL,<\/strong> con el fin de dar una efectiva respuesta o prestaci\u00f3n de los servicios solicitados, facilitar la tramitaci\u00f3n de los pedidos y el env\u00edo de publicidad de las promociones ofertadas por <strong>ESPELT VITICULTORS, SL <\/strong>a trav\u00e9s de su Web Site. En este sentido, el usuario consiente de forma expresa el tratamiento de sus datos personales, para las finalidades indicadas en este documento <\/li><li>Los datos recabados del usuario no ser\u00e1n cedidos a ninguna empresa, si bien podr\u00e1n ser comunicados a terceros cuando la comunicaci\u00f3n responda a una necesidad para el desarrollo, cumplimiento y control de los fines establecidos para la recogida o recepci\u00f3n de los mismos, conforme a lo establecido en los presentes t\u00e9rminos. <\/li><li>Asimismo, el usuario dispone en todo momento de los derechos de informaci\u00f3n, acceso, rectificaci\u00f3n, cancelaci\u00f3n y oposici\u00f3n, que podr\u00e1 ejercitar mediante correo electr\u00f3nico a la direcci\u00f3n <a href=\"mailto:mb@marinebusiness.net\"><strong>info@espeltviticultors.com<\/strong><\/a> o correo convencional al domicilio de la entidad en PARATGE MAS SATLLE S\/N (17493) VILAJU\u00cfGA (GIRONA). Para ejercer dichos derechos, y en cumplimiento de la Instrucci\u00f3n 1\/1998, de 19 de enero, de la Agencia de Protecci\u00f3n de Datos, es necesario que usted acredite su personalidad frente a <strong>ESPELT VITICULTORS, SL<\/strong>, mediante el env\u00edo de fotocopia de Documento Nacional de Identidad o cualquier otro medio v\u00e1lido en Derecho. <\/li><li>El Usuario es el \u00fanico responsable de la veracidad y correcci\u00f3n de los datos incluidos, exoner\u00e1ndose a <strong>ESPELT VITICULTORS, SL<\/strong>, de cualquier responsabilidad al respecto\u201d.<\/li><\/ol><p>USO DE COOKIES<\/p><p>Las cookies son archivos que se pueden descargar en su equipo a trav\u00e9s de las p\u00e1ginas web. Son herramientas que tienen un papel esencial para la prestaci\u00f3n de numerosos servicios de la sociedad de la informaci\u00f3n. Entre otros, permiten a una p\u00e1gina web almacenar y recuperar informaci\u00f3n sobre los h\u00e1bitos de navegaci\u00f3n de un usuario o de su equipo y, dependiendo de la informaci\u00f3n obtenida, se pueden utilizar para reconocer al usuario y mejorar el servicio ofrecido.<\/p><h3 class=\"wp-block-heading\"><strong>Tipos de cookies<\/strong><\/h3><p>Seg\u00fan quien sea la entidad que gestione el dominio desde donde se env\u00edan las cookies y trate los datos que se obtengan se pueden distinguir dos tipos: <strong>cookies propias y cookies de terceros<\/strong>.<\/p><p>Existe tambi\u00e9n una segunda clasificaci\u00f3n seg\u00fan el plazo de tiempo que permanecen almacenadas en el navegador del cliente, pudiendo tratarse de <strong>cookies de sesi\u00f3n o cookies persistentes<\/strong>.<\/p><p>Por \u00faltimo, existe otra clasificaci\u00f3n con cinco tipos de cookies seg\u00fan la finalidad para la que se traten los datos obtenidos: <strong>cookies t\u00e9cnicas, cookies de personalizaci\u00f3n, cookies de an\u00e1lisis, cookies publicitarias y cookies de publicidad comportamental<\/strong>.<\/p><p>Para m\u00e1s informaci\u00f3n a este respecto puede consultar la <a href=\"http:\/\/www.agpd.es\/portalwebAGPD\/canaldocumentacion\/publicaciones\/common\/Guias\/Guia_Cookies.pdf\"><strong>Gu\u00eda sobre el uso de las cookies de la Agencia Espa\u00f1ola de Protecci\u00f3n de Datos<\/strong><\/a><strong>Cookies utilizadas en la web<em>: (http:\/\/www.agpd.es\/portalwebAGPD\/canaldocumentacion\/publicaciones\/common\/Guias\/Guia_Cookies.pdf)<\/em><\/strong>.<\/p><p>A continuaci\u00f3n se identifican las cookies que est\u00e1n siendo utilizadas en este portal as\u00ed como su tipolog\u00eda y funci\u00f3n:<\/p><ol class=\"wp-block-list\"><li>Usamos, cookies de terceros, concretamente usamos google analytics para la gesti\u00f3n de nuestro portal de internet y poder obtener la informaci\u00f3n que esta aplicaci\u00f3n facilita sobre la navegaci\u00f3n en la misma.<\/li><li>Igualmente usamos cookies t\u00e9cnicas para garantizar la funcionalidad de la web y la interactuaci\u00f3n de los usuarios.<\/li><li>Tambi\u00e9n hay que tener en cuenta que se genera una tercera cookie que es la que sirve para indicar si el usuario ha aceptado o no las cookies.<\/li><\/ol><h3 class=\"wp-block-heading\"><strong>Aceptaci\u00f3n de la Pol\u00edtica de cookies<\/strong><\/h3><p><strong>ESPELT VITICULTORS, SL <\/strong>asume que usted acepta el uso de cookies. No obstante, muestra informaci\u00f3n sobre su Pol\u00edtica de cookies en la parte superior de cualquier p\u00e1gina del portal con cada inicio de sesi\u00f3n con el objeto de que usted sea consciente.<\/p><p>Ante esta informaci\u00f3n es posible llevar a cabo las siguientes acciones:<\/p><p><strong>Aceptar cookies. <\/strong>No se volver\u00e1 a visualizar este aviso al acceder a cualquier p\u00e1gina del portal durante la presente sesi\u00f3n.<\/p><p><strong>Cerrar. <\/strong>Se oculta el aviso en la presente p\u00e1gina.<\/p><p><strong>Modificar su configuraci\u00f3n. <\/strong>Podr\u00e1 obtener m\u00e1s informaci\u00f3n sobre qu\u00e9 son las cookies, conocer la Pol\u00edtica de cookies de la web y modificar la configuraci\u00f3n de su navegador.<\/p><p><strong>C\u00f3mo modificar la configuraci\u00f3n de las cookies<\/strong><\/p><p>Usted puede restringir, bloquear o borrar las cookies de <strong>ESPELT VITICULTORS, SL<\/strong> o cualquier otra p\u00e1gina web, utilizando su navegador. En cada navegador la operativa es diferente, la funci\u00f3n de &#8216;Ayuda&#8221; le mostrar\u00e1 c\u00f3mo hacerlo.<\/p><p><strong>Internet Explorer: <\/strong><a href=\"http:\/\/windows.microsoft.com\/es-xl\/internet-explorer\/delete-manage-cookies#ie=ie-10\">windows.microsoft.com\/es-xl\/internet-explorer\/delete-manage-cookies#ie=&#8221;ie-10&#8243;<\/a><\/p><p><strong>FireFox: <\/strong><a href=\"https:\/\/support.mozilla.org\/es\/kb\/Borrar%20cookies\">support.mozilla.org\/es\/kb\/Borrar cookies<\/a><\/p><p><strong>Chrome: <\/strong><a href=\"https:\/\/support.google.com\/chrome\/answer\/95647?hl=es\">support.google.com\/chrome\/answer\/95647?hl=&#8221;es&#8221;<\/a><\/p><p><strong>Safari: <\/strong><a href=\"http:\/\/www.apple.com\/es\/privacy\/use-of-cookies\/\">www.apple.com\/es\/privacy\/use-of-cookies\/<\/a><\/p><p>Adem\u00e1s, tambi\u00e9n puede gestionar el almac\u00e9n de cookies en su navegador a trav\u00e9s de herramientas como las siguientes:<\/p><p>Ghostery: <a href=\"http:\/\/www.ghostery.com\/\">www.ghostery.com\/<\/a><\/p><p>Your online choices: <a href=\"http:\/\/www.youronlinechoices.com\/es\/\">www.youronlinechoices.com\/es\/<\/a><\/p>","protected":false},"excerpt":{"rendered":"<p>INFORMACI\u00d3N GENERAL: \u201cDe conformidad con lo establecido en el art\u00edculo 10 de la Ley de servicios de la sociedad de la informaci\u00f3n y de comercio electr\u00f3nico, les informamos de: El domicilio social de ESPELT VITICULTORS, SL, est\u00e1 situado en PARATGE MAS SATLLE S\/N (17493) VILAJU\u00cfGA (GIRONA), su n\u00famero de identificaci\u00f3n fiscal es el B17549106 y [&hellip;]<\/p>\n","protected":false},"author":5,"featured_media":0,"parent":0,"menu_order":0,"comment_status":"closed","ping_status":"closed","template":"","meta":{"footnotes":""},"class_list":["post-3107","page","type-page","status-publish","hentry"],"yoast_head":"<!-- This site is optimized with the Yoast SEO Premium plugin v19.3 (Yoast SEO v25.6) - https:\/\/yoast.com\/wordpress\/plugins\/seo\/ -->\n<title>Pol\u00edtica de privacidad - Espelt Viticultores<\/title>\n<meta name=\"robots\" content=\"index, follow, max-snippet:-1, max-image-preview:large, max-video-preview:-1\" \/>\n<link rel=\"canonical\" href=\"https:\/\/espeltviticultors.com\/es\/politica-de-privacidad\/\" \/>\n<meta property=\"og:locale\" content=\"es_ES\" \/>\n<meta property=\"og:type\" content=\"article\" \/>\n<meta property=\"og:title\" content=\"Pol\u00edtica de privacidad\" \/>\n<meta property=\"og:description\" content=\"INFORMACI\u00d3N GENERAL: \u201cDe conformidad con lo establecido en el art\u00edculo 10 de la Ley de servicios de la sociedad de la informaci\u00f3n y de comercio\" \/>\n<meta property=\"og:url\" content=\"https:\/\/espeltviticultors.com\/es\/politica-de-privacidad\/\" \/>\n<meta property=\"og:site_name\" content=\"Espelt Viticultores\" \/>\n<meta property=\"article:publisher\" content=\"https:\/\/www.facebook.com\/espelt.viticultors\" \/>\n<meta property=\"article:modified_time\" content=\"2021-04-26T09:40:07+00:00\" \/>\n<meta property=\"og:image\" content=\"https:\/\/espeltviticultors.com\/wp-content\/uploads\/2021\/04\/espelt_opengraph.jpg\" \/>\n\t<meta property=\"og:image:width\" content=\"837\" \/>\n\t<meta property=\"og:image:height\" content=\"837\" \/>\n\t<meta property=\"og:image:type\" content=\"image\/jpeg\" \/>\n<meta name=\"twitter:card\" content=\"summary_large_image\" \/>\n<meta name=\"twitter:site\" content=\"@CellerEspelt\" \/>\n<meta name=\"twitter:label1\" content=\"Tiempo de lectura\" \/>\n\t<meta name=\"twitter:data1\" content=\"5 minutos\" \/>\n<script type=\"application\/ld+json\" class=\"yoast-schema-graph\">{\"@context\":\"https:\/\/schema.org\",\"@graph\":[{\"@type\":\"WebPage\",\"@id\":\"https:\/\/espeltviticultors.com\/es\/politica-de-privacidad\/\",\"url\":\"https:\/\/espeltviticultors.com\/es\/politica-de-privacidad\/\",\"name\":\"Pol\u00edtica de privacidad - Espelt Viticultores\",\"isPartOf\":{\"@id\":\"https:\/\/espeltviticultors.com\/#website\"},\"datePublished\":\"2021-04-26T09:39:53+00:00\",\"dateModified\":\"2021-04-26T09:40:07+00:00\",\"breadcrumb\":{\"@id\":\"https:\/\/espeltviticultors.com\/es\/politica-de-privacidad\/#breadcrumb\"},\"inLanguage\":\"es\",\"potentialAction\":[{\"@type\":\"ReadAction\",\"target\":[\"https:\/\/espeltviticultors.com\/es\/politica-de-privacidad\/\"]}]},{\"@type\":\"BreadcrumbList\",\"@id\":\"https:\/\/espeltviticultors.com\/es\/politica-de-privacidad\/#breadcrumb\",\"itemListElement\":[{\"@type\":\"ListItem\",\"position\":1,\"name\":\"Portada\",\"item\":\"https:\/\/espeltviticultors.com\/es\/\"},{\"@type\":\"ListItem\",\"position\":2,\"name\":\"Pol\u00edtica de privacidad\"}]},{\"@type\":\"WebSite\",\"@id\":\"https:\/\/espeltviticultors.com\/#website\",\"url\":\"https:\/\/espeltviticultors.com\/\",\"name\":\"Espelt Viticultores\",\"description\":\"Vinos del Empord\u00e0 i enoturismo\",\"publisher\":{\"@id\":\"https:\/\/espeltviticultors.com\/#organization\"},\"potentialAction\":[{\"@type\":\"SearchAction\",\"target\":{\"@type\":\"EntryPoint\",\"urlTemplate\":\"https:\/\/espeltviticultors.com\/?s={search_term_string}\"},\"query-input\":{\"@type\":\"PropertyValueSpecification\",\"valueRequired\":true,\"valueName\":\"search_term_string\"}}],\"inLanguage\":\"es\"},{\"@type\":\"Organization\",\"@id\":\"https:\/\/espeltviticultors.com\/#organization\",\"name\":\"Espelt Viticultors - tienda online\",\"url\":\"https:\/\/espeltviticultors.com\/\",\"logo\":{\"@type\":\"ImageObject\",\"inLanguage\":\"es\",\"@id\":\"https:\/\/espeltviticultors.com\/#\/schema\/logo\/image\/\",\"url\":\"https:\/\/espeltviticultors.com\/wp-content\/uploads\/2021\/02\/logo_color_trasparent.png\",\"contentUrl\":\"https:\/\/espeltviticultors.com\/wp-content\/uploads\/2021\/02\/logo_color_trasparent.png\",\"width\":818,\"height\":272,\"caption\":\"Espelt Viticultors - tienda online\"},\"image\":{\"@id\":\"https:\/\/espeltviticultors.com\/#\/schema\/logo\/image\/\"},\"sameAs\":[\"https:\/\/www.facebook.com\/espelt.viticultors\",\"https:\/\/x.com\/CellerEspelt\",\"https:\/\/www.instagram.com\/cellerespelt\/\"]}]}<\/script>\n<!-- \/ Yoast SEO Premium plugin. -->","yoast_head_json":{"title":"Pol\u00edtica de privacidad - Espelt Viticultores","robots":{"index":"index","follow":"follow","max-snippet":"max-snippet:-1","max-image-preview":"max-image-preview:large","max-video-preview":"max-video-preview:-1"},"canonical":"https:\/\/espeltviticultors.com\/es\/politica-de-privacidad\/","og_locale":"es_ES","og_type":"article","og_title":"Pol\u00edtica de privacidad","og_description":"INFORMACI\u00d3N GENERAL: \u201cDe conformidad con lo establecido en el art\u00edculo 10 de la Ley de servicios de la sociedad de la informaci\u00f3n y de comercio","og_url":"https:\/\/espeltviticultors.com\/es\/politica-de-privacidad\/","og_site_name":"Espelt Viticultores","article_publisher":"https:\/\/www.facebook.com\/espelt.viticultors","article_modified_time":"2021-04-26T09:40:07+00:00","og_image":[{"width":837,"height":837,"url":"https:\/\/espeltviticultors.com\/wp-content\/uploads\/2021\/04\/espelt_opengraph.jpg","type":"image\/jpeg"}],"twitter_card":"summary_large_image","twitter_site":"@CellerEspelt","twitter_misc":{"Tiempo de lectura":"5 minutos"},"schema":{"@context":"https:\/\/schema.org","@graph":[{"@type":"WebPage","@id":"https:\/\/espeltviticultors.com\/es\/politica-de-privacidad\/","url":"https:\/\/espeltviticultors.com\/es\/politica-de-privacidad\/","name":"Pol\u00edtica de privacidad - Espelt Viticultores","isPartOf":{"@id":"https:\/\/espeltviticultors.com\/#website"},"datePublished":"2021-04-26T09:39:53+00:00","dateModified":"2021-04-26T09:40:07+00:00","breadcrumb":{"@id":"https:\/\/espeltviticultors.com\/es\/politica-de-privacidad\/#breadcrumb"},"inLanguage":"es","potentialAction":[{"@type":"ReadAction","target":["https:\/\/espeltviticultors.com\/es\/politica-de-privacidad\/"]}]},{"@type":"BreadcrumbList","@id":"https:\/\/espeltviticultors.com\/es\/politica-de-privacidad\/#breadcrumb","itemListElement":[{"@type":"ListItem","position":1,"name":"Portada","item":"https:\/\/espeltviticultors.com\/es\/"},{"@type":"ListItem","position":2,"name":"Pol\u00edtica de privacidad"}]},{"@type":"WebSite","@id":"https:\/\/espeltviticultors.com\/#website","url":"https:\/\/espeltviticultors.com\/","name":"Espelt Viticultores","description":"Vinos del Empord\u00e0 i enoturismo","publisher":{"@id":"https:\/\/espeltviticultors.com\/#organization"},"potentialAction":[{"@type":"SearchAction","target":{"@type":"EntryPoint","urlTemplate":"https:\/\/espeltviticultors.com\/?s={search_term_string}"},"query-input":{"@type":"PropertyValueSpecification","valueRequired":true,"valueName":"search_term_string"}}],"inLanguage":"es"},{"@type":"Organization","@id":"https:\/\/espeltviticultors.com\/#organization","name":"Espelt Viticultors - tienda online","url":"https:\/\/espeltviticultors.com\/","logo":{"@type":"ImageObject","inLanguage":"es","@id":"https:\/\/espeltviticultors.com\/#\/schema\/logo\/image\/","url":"https:\/\/espeltviticultors.com\/wp-content\/uploads\/2021\/02\/logo_color_trasparent.png","contentUrl":"https:\/\/espeltviticultors.com\/wp-content\/uploads\/2021\/02\/logo_color_trasparent.png","width":818,"height":272,"caption":"Espelt Viticultors - tienda online"},"image":{"@id":"https:\/\/espeltviticultors.com\/#\/schema\/logo\/image\/"},"sameAs":["https:\/\/www.facebook.com\/espelt.viticultors","https:\/\/x.com\/CellerEspelt","https:\/\/www.instagram.com\/cellerespelt\/"]}]}},"_links":{"self":[{"href":"https:\/\/espeltviticultors.com\/es\/wp-json\/wp\/v2\/pages\/3107"}],"collection":[{"href":"https:\/\/espeltviticultors.com\/es\/wp-json\/wp\/v2\/pages"}],"about":[{"href":"https:\/\/espeltviticultors.com\/es\/wp-json\/wp\/v2\/types\/page"}],"author":[{"embeddable":true,"href":"https:\/\/espeltviticultors.com\/es\/wp-json\/wp\/v2\/users\/5"}],"replies":[{"embeddable":true,"href":"https:\/\/espeltviticultors.com\/es\/wp-json\/wp\/v2\/comments?post=3107"}],"version-history":[{"count":5,"href":"https:\/\/espeltviticultors.com\/es\/wp-json\/wp\/v2\/pages\/3107\/revisions"}],"predecessor-version":[{"id":3113,"href":"https:\/\/espeltviticultors.com\/es\/wp-json\/wp\/v2\/pages\/3107\/revisions\/3113"}],"wp:attachment":[{"href":"https:\/\/espeltviticultors.com\/es\/wp-json\/wp\/v2\/media?parent=3107"}],"curies":[{"name":"wp","href":"https:\/\/api.w.org\/{rel}","templated":true}]}}