{"id":3970,"date":"2021-05-31T09:22:14","date_gmt":"2021-05-31T07:22:14","guid":{"rendered":"https:\/\/espeltviticultors.com\/enoturismo\/"},"modified":"2026-02-28T09:39:25","modified_gmt":"2026-02-28T08:39:25","slug":"enoturismo","status":"publish","type":"page","link":"https:\/\/espeltviticultors.com\/es\/enoturismo\/","title":{"rendered":"Enoturisme"},"content":{"rendered":"","protected":false},"excerpt":{"rendered":"","protected":false},"author":5,"featured_media":9050,"parent":0,"menu_order":0,"comment_status":"closed","ping_status":"closed","template":"","meta":{"footnotes":""},"class_list":["post-3970","page","type-page","status-publish","has-post-thumbnail","hentry"],"yoast_head":"<!-- This site is optimized with the Yoast SEO Premium plugin v19.3 (Yoast SEO v25.6) - https:\/\/yoast.com\/wordpress\/plugins\/seo\/ -->\n<title>Enoturisme - Espelt Viticultores<\/title>\n<meta name=\"description\" content=\"Ven a conocernos, a tocas los vi\u00f1edos y a entender por qu\u00e9 amamos el Empord\u00e0 i hacemos los vinos en profunda armon\u00eda con nuestro territorio.\" \/>\n<meta name=\"robots\" content=\"index, follow, max-snippet:-1, max-image-preview:large, max-video-preview:-1\" \/>\n<link rel=\"canonical\" href=\"https:\/\/espeltviticultors.com\/es\/enoturismo\/\" \/>\n<meta property=\"og:locale\" content=\"es_ES\" \/>\n<meta property=\"og:type\" content=\"article\" \/>\n<meta property=\"og:title\" content=\"Enoturisme\" \/>\n<meta property=\"og:url\" content=\"https:\/\/espeltviticultors.com\/es\/enoturismo\/\" \/>\n<meta property=\"og:site_name\" content=\"Espelt Viticultores\" \/>\n<meta property=\"article:publisher\" content=\"https:\/\/www.facebook.com\/espelt.viticultors\" \/>\n<meta property=\"article:modified_time\" content=\"2026-02-28T08:39:25+00:00\" \/>\n<meta property=\"og:image\" content=\"https:\/\/espeltviticultors.com\/wp-content\/uploads\/2024\/07\/POSTASOL-BALCOMMS-e1759246527868.jpg\" \/>\n\t<meta property=\"og:image:width\" content=\"1204\" \/>\n\t<meta property=\"og:image:height\" content=\"1600\" \/>\n\t<meta property=\"og:image:type\" content=\"image\/jpeg\" \/>\n<meta name=\"twitter:card\" content=\"summary_large_image\" \/>\n<meta name=\"twitter:site\" content=\"@CellerEspelt\" \/>\n<script type=\"application\/ld+json\" class=\"yoast-schema-graph\">{\"@context\":\"https:\/\/schema.org\",\"@graph\":[{\"@type\":\"WebPage\",\"@id\":\"https:\/\/espeltviticultors.com\/es\/enoturismo\/\",\"url\":\"https:\/\/espeltviticultors.com\/es\/enoturismo\/\",\"name\":\"Enoturisme - Espelt Viticultores\",\"isPartOf\":{\"@id\":\"https:\/\/espeltviticultors.com\/#website\"},\"primaryImageOfPage\":{\"@id\":\"https:\/\/espeltviticultors.com\/es\/enoturismo\/#primaryimage\"},\"image\":{\"@id\":\"https:\/\/espeltviticultors.com\/es\/enoturismo\/#primaryimage\"},\"thumbnailUrl\":\"https:\/\/espeltviticultors.com\/wp-content\/uploads\/2024\/07\/POSTASOL-BALCOMMS-e1759246527868.jpg\",\"datePublished\":\"2021-05-31T07:22:14+00:00\",\"dateModified\":\"2026-02-28T08:39:25+00:00\",\"description\":\"Ven a conocernos, a tocas los vi\u00f1edos y a entender por qu\u00e9 amamos el Empord\u00e0 i hacemos los vinos en profunda armon\u00eda con nuestro territorio.\",\"breadcrumb\":{\"@id\":\"https:\/\/espeltviticultors.com\/es\/enoturismo\/#breadcrumb\"},\"inLanguage\":\"es\",\"potentialAction\":[{\"@type\":\"ReadAction\",\"target\":[\"https:\/\/espeltviticultors.com\/es\/enoturismo\/\"]}]},{\"@type\":\"ImageObject\",\"inLanguage\":\"es\",\"@id\":\"https:\/\/espeltviticultors.com\/es\/enoturismo\/#primaryimage\",\"url\":\"https:\/\/espeltviticultors.com\/wp-content\/uploads\/2024\/07\/POSTASOL-BALCOMMS-e1759246527868.jpg\",\"contentUrl\":\"https:\/\/espeltviticultors.com\/wp-content\/uploads\/2024\/07\/POSTASOL-BALCOMMS-e1759246527868.jpg\",\"width\":1204,\"height\":1600},{\"@type\":\"BreadcrumbList\",\"@id\":\"https:\/\/espeltviticultors.com\/es\/enoturismo\/#breadcrumb\",\"itemListElement\":[{\"@type\":\"ListItem\",\"position\":1,\"name\":\"Portada\",\"item\":\"https:\/\/espeltviticultors.com\/es\/\"},{\"@type\":\"ListItem\",\"position\":2,\"name\":\"Enoturisme\"}]},{\"@type\":\"WebSite\",\"@id\":\"https:\/\/espeltviticultors.com\/#website\",\"url\":\"https:\/\/espeltviticultors.com\/\",\"name\":\"Espelt Viticultores\",\"description\":\"Vinos del Empord\u00e0 i enoturismo\",\"publisher\":{\"@id\":\"https:\/\/espeltviticultors.com\/#organization\"},\"potentialAction\":[{\"@type\":\"SearchAction\",\"target\":{\"@type\":\"EntryPoint\",\"urlTemplate\":\"https:\/\/espeltviticultors.com\/?s={search_term_string}\"},\"query-input\":{\"@type\":\"PropertyValueSpecification\",\"valueRequired\":true,\"valueName\":\"search_term_string\"}}],\"inLanguage\":\"es\"},{\"@type\":\"Organization\",\"@id\":\"https:\/\/espeltviticultors.com\/#organization\",\"name\":\"Espelt Viticultors - tienda online\",\"url\":\"https:\/\/espeltviticultors.com\/\",\"logo\":{\"@type\":\"ImageObject\",\"inLanguage\":\"es\",\"@id\":\"https:\/\/espeltviticultors.com\/#\/schema\/logo\/image\/\",\"url\":\"https:\/\/espeltviticultors.com\/wp-content\/uploads\/2021\/02\/logo_color_trasparent.png\",\"contentUrl\":\"https:\/\/espeltviticultors.com\/wp-content\/uploads\/2021\/02\/logo_color_trasparent.png\",\"width\":818,\"height\":272,\"caption\":\"Espelt Viticultors - tienda online\"},\"image\":{\"@id\":\"https:\/\/espeltviticultors.com\/#\/schema\/logo\/image\/\"},\"sameAs\":[\"https:\/\/www.facebook.com\/espelt.viticultors\",\"https:\/\/x.com\/CellerEspelt\",\"https:\/\/www.instagram.com\/cellerespelt\/\"]}]}<\/script>\n<!-- \/ Yoast SEO Premium plugin. -->","yoast_head_json":{"title":"Enoturisme - Espelt Viticultores","description":"Ven a conocernos, a tocas los vi\u00f1edos y a entender por qu\u00e9 amamos el Empord\u00e0 i hacemos los vinos en profunda armon\u00eda con nuestro territorio.","robots":{"index":"index","follow":"follow","max-snippet":"max-snippet:-1","max-image-preview":"max-image-preview:large","max-video-preview":"max-video-preview:-1"},"canonical":"https:\/\/espeltviticultors.com\/es\/enoturismo\/","og_locale":"es_ES","og_type":"article","og_title":"Enoturisme","og_url":"https:\/\/espeltviticultors.com\/es\/enoturismo\/","og_site_name":"Espelt Viticultores","article_publisher":"https:\/\/www.facebook.com\/espelt.viticultors","article_modified_time":"2026-02-28T08:39:25+00:00","og_image":[{"width":1204,"height":1600,"url":"https:\/\/espeltviticultors.com\/wp-content\/uploads\/2024\/07\/POSTASOL-BALCOMMS-e1759246527868.jpg","type":"image\/jpeg"}],"twitter_card":"summary_large_image","twitter_site":"@CellerEspelt","schema":{"@context":"https:\/\/schema.org","@graph":[{"@type":"WebPage","@id":"https:\/\/espeltviticultors.com\/es\/enoturismo\/","url":"https:\/\/espeltviticultors.com\/es\/enoturismo\/","name":"Enoturisme - Espelt Viticultores","isPartOf":{"@id":"https:\/\/espeltviticultors.com\/#website"},"primaryImageOfPage":{"@id":"https:\/\/espeltviticultors.com\/es\/enoturismo\/#primaryimage"},"image":{"@id":"https:\/\/espeltviticultors.com\/es\/enoturismo\/#primaryimage"},"thumbnailUrl":"https:\/\/espeltviticultors.com\/wp-content\/uploads\/2024\/07\/POSTASOL-BALCOMMS-e1759246527868.jpg","datePublished":"2021-05-31T07:22:14+00:00","dateModified":"2026-02-28T08:39:25+00:00","description":"Ven a conocernos, a tocas los vi\u00f1edos y a entender por qu\u00e9 amamos el Empord\u00e0 i hacemos los vinos en profunda armon\u00eda con nuestro territorio.","breadcrumb":{"@id":"https:\/\/espeltviticultors.com\/es\/enoturismo\/#breadcrumb"},"inLanguage":"es","potentialAction":[{"@type":"ReadAction","target":["https:\/\/espeltviticultors.com\/es\/enoturismo\/"]}]},{"@type":"ImageObject","inLanguage":"es","@id":"https:\/\/espeltviticultors.com\/es\/enoturismo\/#primaryimage","url":"https:\/\/espeltviticultors.com\/wp-content\/uploads\/2024\/07\/POSTASOL-BALCOMMS-e1759246527868.jpg","contentUrl":"https:\/\/espeltviticultors.com\/wp-content\/uploads\/2024\/07\/POSTASOL-BALCOMMS-e1759246527868.jpg","width":1204,"height":1600},{"@type":"BreadcrumbList","@id":"https:\/\/espeltviticultors.com\/es\/enoturismo\/#breadcrumb","itemListElement":[{"@type":"ListItem","position":1,"name":"Portada","item":"https:\/\/espeltviticultors.com\/es\/"},{"@type":"ListItem","position":2,"name":"Enoturisme"}]},{"@type":"WebSite","@id":"https:\/\/espeltviticultors.com\/#website","url":"https:\/\/espeltviticultors.com\/","name":"Espelt Viticultores","description":"Vinos del Empord\u00e0 i enoturismo","publisher":{"@id":"https:\/\/espeltviticultors.com\/#organization"},"potentialAction":[{"@type":"SearchAction","target":{"@type":"EntryPoint","urlTemplate":"https:\/\/espeltviticultors.com\/?s={search_term_string}"},"query-input":{"@type":"PropertyValueSpecification","valueRequired":true,"valueName":"search_term_string"}}],"inLanguage":"es"},{"@type":"Organization","@id":"https:\/\/espeltviticultors.com\/#organization","name":"Espelt Viticultors - tienda online","url":"https:\/\/espeltviticultors.com\/","logo":{"@type":"ImageObject","inLanguage":"es","@id":"https:\/\/espeltviticultors.com\/#\/schema\/logo\/image\/","url":"https:\/\/espeltviticultors.com\/wp-content\/uploads\/2021\/02\/logo_color_trasparent.png","contentUrl":"https:\/\/espeltviticultors.com\/wp-content\/uploads\/2021\/02\/logo_color_trasparent.png","width":818,"height":272,"caption":"Espelt Viticultors - tienda online"},"image":{"@id":"https:\/\/espeltviticultors.com\/#\/schema\/logo\/image\/"},"sameAs":["https:\/\/www.facebook.com\/espelt.viticultors","https:\/\/x.com\/CellerEspelt","https:\/\/www.instagram.com\/cellerespelt\/"]}]}},"_links":{"self":[{"href":"https:\/\/espeltviticultors.com\/es\/wp-json\/wp\/v2\/pages\/3970"}],"collection":[{"href":"https:\/\/espeltviticultors.com\/es\/wp-json\/wp\/v2\/pages"}],"about":[{"href":"https:\/\/espeltviticultors.com\/es\/wp-json\/wp\/v2\/types\/page"}],"author":[{"embeddable":true,"href":"https:\/\/espeltviticultors.com\/es\/wp-json\/wp\/v2\/users\/5"}],"replies":[{"embeddable":true,"href":"https:\/\/espeltviticultors.com\/es\/wp-json\/wp\/v2\/comments?post=3970"}],"version-history":[{"count":5,"href":"https:\/\/espeltviticultors.com\/es\/wp-json\/wp\/v2\/pages\/3970\/revisions"}],"predecessor-version":[{"id":9753,"href":"https:\/\/espeltviticultors.com\/es\/wp-json\/wp\/v2\/pages\/3970\/revisions\/9753"}],"wp:featuredmedia":[{"embeddable":true,"href":"https:\/\/espeltviticultors.com\/es\/wp-json\/wp\/v2\/media\/9050"}],"wp:attachment":[{"href":"https:\/\/espeltviticultors.com\/es\/wp-json\/wp\/v2\/media?parent=3970"}],"curies":[{"name":"wp","href":"https:\/\/api.w.org\/{rel}","templated":true}]}}