{"id":3131,"date":"2021-03-12T07:07:28","date_gmt":"2021-03-12T06:07:28","guid":{"rendered":"https:\/\/wp.espeltviticultors.com\/botiga\/pla-de-tudela\/"},"modified":"2025-05-19T15:17:22","modified_gmt":"2025-05-19T13:17:22","slug":"pla-de-tudela","status":"publish","type":"product","link":"https:\/\/espeltviticultors.com\/es\/tienda\/pla-de-tudela\/","title":{"rendered":"Pla de Tudela 2023"},"content":{"rendered":"<div class=\"gdlr-core-row-shortcode clearfix gdlr-core-item-rvpdlr\" ><div class=\"gdlr-core-column-shortcode gdlr-core-item-pdlr gdlr-core-column-40\" ><\/p>\n<h2><strong>Pla de Tudela &#8211; A\u00f1ada 2022<\/strong><\/h2>\n<p><strong>Tipo de vino<\/strong><br \/>\nVino de vendimia. Ecol\u00f3gico<\/p>\n<p><strong>Variedades<\/strong><br \/>\n100% picapolla blanca<\/p>\n<p><strong>\u00bfC\u00f3mo es?<\/strong><br \/>\nVino blanco del proyecto personal de Anna Espelt en el Cap de Creus. De los vi\u00f1edos m\u00e1s pr\u00f3ximos al mar de Mas Mar\u00e9s, donde la tramontana es m\u00e1s intensa. El vino es limpio y brillante de un amarillo p\u00e1lido. Encontrar\u00e9is la brisa del mar mediterr\u00e1neo y la salinidad de los minerales del Cap de Creus. Muy equilibrado y sutil.<\/p>\n<p><strong>Viticultura<\/strong><br \/>\nMas Mar\u00e9s: vi\u00f1edos cerca del mar y dentro del Parque Natural de Cap de Creus. Vi\u00f1edos ecol\u00f3gicos en un proyecto que va m\u00e1s all\u00e1 de la viticultura, donde procuramos formar un mosaico donde los vi\u00f1edos se mezclen con los alcornoques, los pastos y las estepas, para lograr un ecosistema m\u00e1s maduro y un incremento de la biodiversidad. Granitos, tramontana y viento de mar.<\/p>\n<p><strong>Para acompa\u00f1ar<\/strong><br \/>\nEs un vino muy gastron\u00f3mico, sabor\u00e9alo y disfr\u00fatalo tal y como es.<\/p>\n<p><img loading=\"lazy\" decoding=\"async\" class=\"alignleft wp-image-3893 size-full\" title=\"maridatge peix i Pla de Tudela\" src=\"https:\/\/espeltviticultors.com\/wp-content\/uploads\/2021\/05\/maridatge_fish_dark.png\" alt=\"maridatge peix i Pla de Tudela\" width=\"50\" height=\"50\" \/><img loading=\"lazy\" decoding=\"async\" class=\"alignleft wp-image-3899 size-full\" title=\"maridatge verdures i Pla de Tudela\" src=\"https:\/\/espeltviticultors.com\/wp-content\/uploads\/2021\/05\/maridatge_vegetal_dark.png\" alt=\"maridatge verdures i Pla de Tudela\" width=\"50\" height=\"50\" \/><\/p>\n<p>&nbsp;<\/p>\n<p>&nbsp;<\/p>\n<a class=\"gdlr-core-button gdlr-core-button-shortcode  gdlr-core-button-gradient gdlr-core-button-no-border\" href=\"https:\/\/espeltviticultors.com\/wp-content\/uploads\/2024\/09\/annaespelt_tudela_22_CAST.pdf\" target=\"_blank\"  style=\"margin-right: 20px;\"  ><span class=\"gdlr-core-content\"  >Fiicha t\u00e9cnica<\/span><\/a>\n<p>\n<\/div><div class=\"gdlr-core-column-shortcode gdlr-core-item-pdlr gdlr-core-column-20\" ><\/p>\n<div class=\"width50\">\n<div class=\"gdlr-core-widget-list-shortcode\" id=\"gdlr-core-widget-list-0\"  ><h3 class=\"gdlr-core-widget-list-shortcode-title\"  ><strong>Reconocimientos<\/strong><\/h3><\/p>\n<ul>\n<li>17 puntos Jancis Robinson<\/li>\n<li class=\"wine_category\"><span style=\"font-weight: 400;\">89 puntos Miquel Hudin<\/span><\/li>\n<li>puntos La Guia de Vins de Catalunya, 2024 &#8211; Premi Millor Picapoll Blanc<\/li>\n<\/ul>\n<p class=\"title_section_profile\"><\/div>\n<div class=\"gdlr-core-widget-list-shortcode\" id=\"gdlr-core-widget-list-0\"  ><h3 class=\"gdlr-core-widget-list-shortcode-title\"  ><strong>Certificaci\u00f3n ecol\u00f3gica<\/strong><\/h3><\/p>\n<div class=\"width50\">\n<ul>\n<li>\n<div><img loading=\"lazy\" decoding=\"async\" class=\"\" src=\"https:\/\/espeltviticultors.com\/assets\/img\/Logo_alimentacion_ecologica.jpg\" width=\"88\" height=\"60\" \/><\/div>\n<\/li>\n<\/ul>\n<p><\/div>\n<p>\n<\/div><\/div>\n<\/div>\n<div class=\"width50\">\n<div class=\"flex flex-row\">\n<div class=\"wine_category\"><\/div>\n<div><\/div>\n<\/div>\n<\/div>\n<\/div>\n","protected":false},"excerpt":{"rendered":"<p><span style=\"font-weight: 400;\">Rocas salvajes y antiguas, desnudas de artificio, dispuestas a ser interpretadas por artistas, ni\u00f1os y adultos so\u00f1adores. Picapolla plantada en los bancales cerca del mar. <\/span><\/p>\n","protected":false},"featured_media":2168,"template":"","meta":[],"product_brand":[],"product_cat":[94,142,152],"product_tag":[201,193],"class_list":{"0":"post-3131","1":"product","2":"type-product","3":"status-publish","4":"has-post-thumbnail","6":"product_cat-vinos","7":"product_cat-blanco-es","8":"product_cat-vinos-anna-espelt-cap-de-creus","9":"product_tag-anna-espelt-es","10":"product_tag-picapolla-es","12":"first","13":"outofstock","14":"taxable","15":"shipping-taxable","16":"purchasable","17":"product-type-simple"},"yoast_head":"<!-- This site is optimized with the Yoast SEO Premium plugin v19.3 (Yoast SEO v25.6) - https:\/\/yoast.com\/wordpress\/plugins\/seo\/ -->\n<title>Pla de Tudela 2023 - Espelt Viticultores<\/title>\n<meta name=\"description\" content=\"Pla de Tudela son rocas salvajes y antiguas, desnudas de artificio. Picapolla plantada en los bancales cerca del mar.\" \/>\n<meta name=\"robots\" content=\"index, follow, max-snippet:-1, max-image-preview:large, max-video-preview:-1\" \/>\n<link rel=\"canonical\" href=\"https:\/\/espeltviticultors.com\/es\/tienda\/pla-de-tudela\/\" \/>\n<meta property=\"og:locale\" content=\"es_ES\" \/>\n<meta property=\"og:type\" content=\"article\" \/>\n<meta property=\"og:title\" content=\"Pla de Tudela 2023\" \/>\n<meta property=\"og:description\" content=\"Rocas salvajes y antiguas, desnudas de artificio, dispuestas a ser interpretadas por artistas, ni\u00f1os y adultos so\u00f1adores. Picapolla plantada en los bancales cerca del mar.\" \/>\n<meta property=\"og:url\" content=\"https:\/\/espeltviticultors.com\/es\/tienda\/pla-de-tudela\/\" \/>\n<meta property=\"og:site_name\" content=\"Espelt Viticultores\" \/>\n<meta property=\"article:publisher\" content=\"https:\/\/www.facebook.com\/espelt.viticultors\" \/>\n<meta property=\"article:modified_time\" content=\"2025-05-19T13:17:22+00:00\" \/>\n<meta property=\"og:image\" content=\"https:\/\/espeltviticultors.com\/wp-content\/uploads\/2021\/03\/AE_tudela.jpg\" \/>\n\t<meta property=\"og:image:width\" content=\"800\" \/>\n\t<meta property=\"og:image:height\" content=\"630\" \/>\n\t<meta property=\"og:image:type\" content=\"image\/jpeg\" \/>\n<meta name=\"twitter:card\" content=\"summary_large_image\" \/>\n<meta name=\"twitter:site\" content=\"@CellerEspelt\" \/>\n<meta name=\"twitter:label1\" content=\"Precio\" \/>\n\t<meta name=\"twitter:data1\" content=\"40,50&nbsp;&euro;\" \/>\n\t<meta name=\"twitter:label2\" content=\"Availability\" \/>\n\t<meta name=\"twitter:data2\" content=\"Out of stock\" \/>\n<script type=\"application\/ld+json\" class=\"yoast-schema-graph\">{\"@context\":\"https:\/\/schema.org\",\"@graph\":[{\"@type\":\"WebPage\",\"@id\":\"https:\/\/espeltviticultors.com\/es\/tienda\/pla-de-tudela\/\",\"url\":\"https:\/\/espeltviticultors.com\/es\/tienda\/pla-de-tudela\/\",\"name\":\"Pla de Tudela 2023 - Espelt Viticultores\",\"isPartOf\":{\"@id\":\"https:\/\/espeltviticultors.com\/#website\"},\"primaryImageOfPage\":{\"@id\":\"https:\/\/espeltviticultors.com\/es\/tienda\/pla-de-tudela\/#primaryimage\"},\"image\":{\"@id\":\"https:\/\/espeltviticultors.com\/es\/tienda\/pla-de-tudela\/#primaryimage\"},\"thumbnailUrl\":\"https:\/\/espeltviticultors.com\/wp-content\/uploads\/2021\/03\/AE_tudela.jpg\",\"datePublished\":\"2021-03-12T06:07:28+00:00\",\"dateModified\":\"2025-05-19T13:17:22+00:00\",\"description\":\"Pla de Tudela son rocas salvajes y antiguas, desnudas de artificio. Picapolla plantada en los bancales cerca del mar.\",\"breadcrumb\":{\"@id\":\"https:\/\/espeltviticultors.com\/es\/tienda\/pla-de-tudela\/#breadcrumb\"},\"inLanguage\":\"es\",\"potentialAction\":[{\"@type\":\"ReadAction\",\"target\":[\"https:\/\/espeltviticultors.com\/es\/tienda\/pla-de-tudela\/\"]}]},{\"@type\":\"ImageObject\",\"inLanguage\":\"es\",\"@id\":\"https:\/\/espeltviticultors.com\/es\/tienda\/pla-de-tudela\/#primaryimage\",\"url\":\"https:\/\/espeltviticultors.com\/wp-content\/uploads\/2021\/03\/AE_tudela.jpg\",\"contentUrl\":\"https:\/\/espeltviticultors.com\/wp-content\/uploads\/2021\/03\/AE_tudela.jpg\",\"width\":800,\"height\":630,\"caption\":\"Pla de Tudela Anna Espelt\"},{\"@type\":\"BreadcrumbList\",\"@id\":\"https:\/\/espeltviticultors.com\/es\/tienda\/pla-de-tudela\/#breadcrumb\",\"itemListElement\":[{\"@type\":\"ListItem\",\"position\":1,\"name\":\"Portada\",\"item\":\"https:\/\/espeltviticultors.com\/es\/\"},{\"@type\":\"ListItem\",\"position\":2,\"name\":\"Tienda\",\"item\":\"https:\/\/espeltviticultors.com\/es\/tienda\/\"},{\"@type\":\"ListItem\",\"position\":3,\"name\":\"Pla de Tudela 2023\"}]},{\"@type\":\"WebSite\",\"@id\":\"https:\/\/espeltviticultors.com\/#website\",\"url\":\"https:\/\/espeltviticultors.com\/\",\"name\":\"Espelt Viticultores\",\"description\":\"Vinos del Empord\u00e0 i enoturismo\",\"publisher\":{\"@id\":\"https:\/\/espeltviticultors.com\/#organization\"},\"potentialAction\":[{\"@type\":\"SearchAction\",\"target\":{\"@type\":\"EntryPoint\",\"urlTemplate\":\"https:\/\/espeltviticultors.com\/?s={search_term_string}\"},\"query-input\":{\"@type\":\"PropertyValueSpecification\",\"valueRequired\":true,\"valueName\":\"search_term_string\"}}],\"inLanguage\":\"es\"},{\"@type\":\"Organization\",\"@id\":\"https:\/\/espeltviticultors.com\/#organization\",\"name\":\"Espelt Viticultors - tienda online\",\"url\":\"https:\/\/espeltviticultors.com\/\",\"logo\":{\"@type\":\"ImageObject\",\"inLanguage\":\"es\",\"@id\":\"https:\/\/espeltviticultors.com\/#\/schema\/logo\/image\/\",\"url\":\"https:\/\/espeltviticultors.com\/wp-content\/uploads\/2021\/02\/logo_color_trasparent.png\",\"contentUrl\":\"https:\/\/espeltviticultors.com\/wp-content\/uploads\/2021\/02\/logo_color_trasparent.png\",\"width\":818,\"height\":272,\"caption\":\"Espelt Viticultors - tienda online\"},\"image\":{\"@id\":\"https:\/\/espeltviticultors.com\/#\/schema\/logo\/image\/\"},\"sameAs\":[\"https:\/\/www.facebook.com\/espelt.viticultors\",\"https:\/\/x.com\/CellerEspelt\",\"https:\/\/www.instagram.com\/cellerespelt\/\"]}]}<\/script>\n<meta property=\"product:price:amount\" content=\"40.50\" \/>\n<meta property=\"product:price:currency\" content=\"EUR\" \/>\n<meta property=\"og:availability\" content=\"out of stock\" \/>\n<meta property=\"product:availability\" content=\"out of stock\" \/>\n<meta property=\"product:retailer_item_id\" content=\"1389\" \/>\n<meta property=\"product:condition\" content=\"new\" \/>\n<!-- \/ Yoast SEO Premium plugin. -->","yoast_head_json":{"title":"Pla de Tudela 2023 - Espelt Viticultores","description":"Pla de Tudela son rocas salvajes y antiguas, desnudas de artificio. Picapolla plantada en los bancales cerca del mar.","robots":{"index":"index","follow":"follow","max-snippet":"max-snippet:-1","max-image-preview":"max-image-preview:large","max-video-preview":"max-video-preview:-1"},"canonical":"https:\/\/espeltviticultors.com\/es\/tienda\/pla-de-tudela\/","og_locale":"es_ES","og_type":"article","og_title":"Pla de Tudela 2023","og_description":"Rocas salvajes y antiguas, desnudas de artificio, dispuestas a ser interpretadas por artistas, ni\u00f1os y adultos so\u00f1adores. Picapolla plantada en los bancales cerca del mar.","og_url":"https:\/\/espeltviticultors.com\/es\/tienda\/pla-de-tudela\/","og_site_name":"Espelt Viticultores","article_publisher":"https:\/\/www.facebook.com\/espelt.viticultors","article_modified_time":"2025-05-19T13:17:22+00:00","og_image":[{"width":800,"height":630,"url":"https:\/\/espeltviticultors.com\/wp-content\/uploads\/2021\/03\/AE_tudela.jpg","type":"image\/jpeg"}],"twitter_card":"summary_large_image","twitter_site":"@CellerEspelt","twitter_misc":{"Precio":"40,50&nbsp;&euro;","Availability":"Out of stock"},"schema":{"@context":"https:\/\/schema.org","@graph":[{"@type":"WebPage","@id":"https:\/\/espeltviticultors.com\/es\/tienda\/pla-de-tudela\/","url":"https:\/\/espeltviticultors.com\/es\/tienda\/pla-de-tudela\/","name":"Pla de Tudela 2023 - Espelt Viticultores","isPartOf":{"@id":"https:\/\/espeltviticultors.com\/#website"},"primaryImageOfPage":{"@id":"https:\/\/espeltviticultors.com\/es\/tienda\/pla-de-tudela\/#primaryimage"},"image":{"@id":"https:\/\/espeltviticultors.com\/es\/tienda\/pla-de-tudela\/#primaryimage"},"thumbnailUrl":"https:\/\/espeltviticultors.com\/wp-content\/uploads\/2021\/03\/AE_tudela.jpg","datePublished":"2021-03-12T06:07:28+00:00","dateModified":"2025-05-19T13:17:22+00:00","description":"Pla de Tudela son rocas salvajes y antiguas, desnudas de artificio. Picapolla plantada en los bancales cerca del mar.","breadcrumb":{"@id":"https:\/\/espeltviticultors.com\/es\/tienda\/pla-de-tudela\/#breadcrumb"},"inLanguage":"es","potentialAction":[{"@type":"ReadAction","target":["https:\/\/espeltviticultors.com\/es\/tienda\/pla-de-tudela\/"]}]},{"@type":"ImageObject","inLanguage":"es","@id":"https:\/\/espeltviticultors.com\/es\/tienda\/pla-de-tudela\/#primaryimage","url":"https:\/\/espeltviticultors.com\/wp-content\/uploads\/2021\/03\/AE_tudela.jpg","contentUrl":"https:\/\/espeltviticultors.com\/wp-content\/uploads\/2021\/03\/AE_tudela.jpg","width":800,"height":630,"caption":"Pla de Tudela Anna Espelt"},{"@type":"BreadcrumbList","@id":"https:\/\/espeltviticultors.com\/es\/tienda\/pla-de-tudela\/#breadcrumb","itemListElement":[{"@type":"ListItem","position":1,"name":"Portada","item":"https:\/\/espeltviticultors.com\/es\/"},{"@type":"ListItem","position":2,"name":"Tienda","item":"https:\/\/espeltviticultors.com\/es\/tienda\/"},{"@type":"ListItem","position":3,"name":"Pla de Tudela 2023"}]},{"@type":"WebSite","@id":"https:\/\/espeltviticultors.com\/#website","url":"https:\/\/espeltviticultors.com\/","name":"Espelt Viticultores","description":"Vinos del Empord\u00e0 i enoturismo","publisher":{"@id":"https:\/\/espeltviticultors.com\/#organization"},"potentialAction":[{"@type":"SearchAction","target":{"@type":"EntryPoint","urlTemplate":"https:\/\/espeltviticultors.com\/?s={search_term_string}"},"query-input":{"@type":"PropertyValueSpecification","valueRequired":true,"valueName":"search_term_string"}}],"inLanguage":"es"},{"@type":"Organization","@id":"https:\/\/espeltviticultors.com\/#organization","name":"Espelt Viticultors - tienda online","url":"https:\/\/espeltviticultors.com\/","logo":{"@type":"ImageObject","inLanguage":"es","@id":"https:\/\/espeltviticultors.com\/#\/schema\/logo\/image\/","url":"https:\/\/espeltviticultors.com\/wp-content\/uploads\/2021\/02\/logo_color_trasparent.png","contentUrl":"https:\/\/espeltviticultors.com\/wp-content\/uploads\/2021\/02\/logo_color_trasparent.png","width":818,"height":272,"caption":"Espelt Viticultors - tienda online"},"image":{"@id":"https:\/\/espeltviticultors.com\/#\/schema\/logo\/image\/"},"sameAs":["https:\/\/www.facebook.com\/espelt.viticultors","https:\/\/x.com\/CellerEspelt","https:\/\/www.instagram.com\/cellerespelt\/"]}]},"product_price_amount":"40.50","product_price_currency":"EUR","og_availability":"out of stock","product_availability":"out of stock","product_retailer_item_id":"1389","product_condition":"new"},"_links":{"self":[{"href":"https:\/\/espeltviticultors.com\/es\/wp-json\/wp\/v2\/product\/3131"}],"collection":[{"href":"https:\/\/espeltviticultors.com\/es\/wp-json\/wp\/v2\/product"}],"about":[{"href":"https:\/\/espeltviticultors.com\/es\/wp-json\/wp\/v2\/types\/product"}],"wp:featuredmedia":[{"embeddable":true,"href":"https:\/\/espeltviticultors.com\/es\/wp-json\/wp\/v2\/media\/2168"}],"wp:attachment":[{"href":"https:\/\/espeltviticultors.com\/es\/wp-json\/wp\/v2\/media?parent=3131"}],"wp:term":[{"taxonomy":"product_brand","embeddable":true,"href":"https:\/\/espeltviticultors.com\/es\/wp-json\/wp\/v2\/product_brand?post=3131"},{"taxonomy":"product_cat","embeddable":true,"href":"https:\/\/espeltviticultors.com\/es\/wp-json\/wp\/v2\/product_cat?post=3131"},{"taxonomy":"product_tag","embeddable":true,"href":"https:\/\/espeltviticultors.com\/es\/wp-json\/wp\/v2\/product_tag?post=3131"}],"curies":[{"name":"wp","href":"https:\/\/api.w.org\/{rel}","templated":true}]}}