{"id":3132,"date":"2021-03-12T07:28:16","date_gmt":"2021-03-12T06:28:16","guid":{"rendered":"https:\/\/wp.espeltviticultors.com\/botiga\/lescumos-danna-espelt\/"},"modified":"2025-05-19T15:15:11","modified_gmt":"2025-05-19T13:15:11","slug":"cap-de-creus","status":"publish","type":"product","link":"https:\/\/espeltviticultors.com\/es\/tienda\/cap-de-creus\/","title":{"rendered":"L&#8217;Escum\u00f3s d&#8217;Anna Espelt 2017"},"content":{"rendered":"<article class=\"yellow_bg profile\">\n<div class=\"width-center clearfix relative\">\n<div class=\"width50\">\n<div class=\"gdlr-core-row-shortcode clearfix gdlr-core-item-rvpdlr\" ><div class=\"gdlr-core-column-shortcode gdlr-core-item-pdlr gdlr-core-column-40\" ><\/p>\n<h2><strong>L&#8217;Escum\u00f3s d&#8217;Anna Espelt &#8211; A\u00f1ada 2017<\/strong><\/h2>\n<p><strong>Tipo de vino<br \/>\n<\/strong>Vino espumoso. Ecol\u00f3gico<\/p>\n<p><strong>Variedades<br \/>\n<\/strong>100% monastrell<\/p>\n<p><strong>\u00bfC\u00f3mo es?<br \/>\n<\/strong>Vino espumoso del proyecto m\u00e1s personal de Anna Espelt, de los vi\u00f1edos de Mas Mar\u00e9s en el Cap de Creus. Se ha elaborado con uva de monastrell vendimiada a mano. Crianza con sus l\u00edas durante cuatro meses y en botella durante 38 meses m\u00e1s. Sentir\u00e9is la roca, la tramuntana, el azul del cielo y el mar y un perfume sutil. Honesto y muy complejo a la vez.<\/p>\n<p><strong>Viticultura<\/strong><br \/>\nMas Mar\u00e9s: vi\u00f1edos cerca del mar y dentro del Parque Natural de Cap de Creus. Vi\u00f1edos ecol\u00f3gicos en un proyecto que va m\u00e1s all\u00e1 de la viticultura, donde intentamos formar un mosaico en el cual los vi\u00f1edos se mezclen con alcornoques, pastos y estepas, para conseguir un ecosistema m\u00e1s maduro y un incremento de la biodiversidad. Granitos, tramuntana y viento de mar.<\/p>\n<p><strong>Para acompa\u00f1ar<\/strong><br \/>\nVino muy gastron\u00f3mico para saborear con mariscos, pescados o simplemente solo.<\/p>\n<p><img loading=\"lazy\" decoding=\"async\" class=\"alignleft wp-image-3893 size-full\" title=\"maridatge peix l'escum\u00f3s d'anna espelt\" src=\"https:\/\/espeltviticultors.com\/wp-content\/uploads\/2021\/05\/maridatge_fish_dark.png\" alt=\"maridatge peix l'escum\u00f3s d'anna espelt\" width=\"50\" height=\"50\" \/><img loading=\"lazy\" decoding=\"async\" class=\"alignleft wp-image-3899 size-full\" title=\"maridatge verdures l'escum\u00f3s d'anna espelt\" src=\"https:\/\/espeltviticultors.com\/wp-content\/uploads\/2021\/05\/maridatge_vegetal_dark.png\" alt=\"maridatge verdures l'escum\u00f3s d'anna espelt\" width=\"50\" height=\"50\" \/><img loading=\"lazy\" decoding=\"async\" class=\"alignleft wp-image-3908 size-full\" title=\"maridatge dol\u00e7os l'escum\u00f3s d'anna espelt\" src=\"https:\/\/espeltviticultors.com\/wp-content\/uploads\/2021\/05\/maridatge_dessert_dark-1.png\" alt=\"maridatge dol\u00e7os l'escum\u00f3s d'anna espelt\" width=\"50\" height=\"50\" \/><\/p>\n<p>&nbsp;<\/p>\n<p>&nbsp;<\/p>\n<a class=\"gdlr-core-button gdlr-core-button-shortcode  gdlr-core-button-gradient gdlr-core-button-no-border\" href=\"https:\/\/espeltviticultors.com\/wp-content\/uploads\/2021\/09\/annaespelt_escumos_CAST.pdf\" target=\"_blank\"  style=\"margin-right: 20px;\"  ><span class=\"gdlr-core-content\"  >Ficha t\u00e9cnica<\/span><\/a>\n<p>\n<\/div><div class=\"gdlr-core-column-shortcode gdlr-core-item-pdlr gdlr-core-column-20\" ><\/p>\n<div class=\"width50\">\n<div class=\"gdlr-core-widget-list-shortcode\" id=\"gdlr-core-widget-list-0\"  ><h3 class=\"gdlr-core-widget-list-shortcode-title\"  ><strong>Reconocimientos<\/strong><\/h3><\/p>\n<ul>\n<li><span style=\"font-weight: 400;\">90 puntos Miquel Hudin<\/span><\/li>\n<li>9,30 puntos La Guia de Vins de Catalunya 2021<\/li>\n<\/ul>\n<p class=\"title_section_profile\"><\/div>\n<div class=\"gdlr-core-widget-list-shortcode\" id=\"gdlr-core-widget-list-0\"  ><h3 class=\"gdlr-core-widget-list-shortcode-title\"  ><strong>Certificaci\u00f3n ecol\u00f3gica<\/strong><\/h3><\/p>\n<div class=\"width50\">\n<ul>\n<li>\n<div><img loading=\"lazy\" decoding=\"async\" class=\"\" src=\"https:\/\/espeltviticultors.com\/assets\/img\/Logo_alimentacion_ecologica.jpg\" width=\"88\" height=\"60\" \/><\/div>\n<\/li>\n<\/ul>\n<p><\/div>\n<p>\n<\/div><\/div>\n<\/div>\n<div class=\"width50\">\n<div class=\"flex flex-row\">\n<div class=\"wine_category\"><\/div>\n<div><\/div>\n<\/div>\n<\/div>\n<\/div>\n<\/div>\n<\/div>\n<\/article>\n","protected":false},"excerpt":{"rendered":"<p><span style=\"font-weight: 400;\">Alegr\u00eda de vivir l\u00edquida, como el mar y la espuma. Brisa que se hermana con algas y ostras. Agradecer los peque\u00f1os detalles es lo que m\u00e1s se asemeja a la felicidad. Blanco de uva tinta.<\/span><\/p>\n","protected":false},"featured_media":2162,"template":"","meta":[],"product_brand":[],"product_cat":[94,88,152],"product_tag":[201,187],"class_list":{"0":"post-3132","1":"product","2":"type-product","3":"status-publish","4":"has-post-thumbnail","6":"product_cat-vinos","7":"product_cat-cava-es","8":"product_cat-vinos-anna-espelt-cap-de-creus","9":"product_tag-anna-espelt-es","10":"product_tag-monastrell-es","12":"first","13":"instock","14":"taxable","15":"shipping-taxable","16":"purchasable","17":"product-type-simple"},"yoast_head":"<!-- This site is optimized with the Yoast SEO Premium plugin v19.3 (Yoast SEO v25.6) - https:\/\/yoast.com\/wordpress\/plugins\/seo\/ -->\n<title>L&#039;Escum\u00f3s d&#039;Anna Espelt 2017 - Espelt Viticultores<\/title>\n<meta name=\"description\" content=\"Alegr\u00eda de vivir l\u00edquida, como el mar y la espuma. Brisa que se hermana con algas y ostras.\" \/>\n<meta name=\"robots\" content=\"index, follow, max-snippet:-1, max-image-preview:large, max-video-preview:-1\" \/>\n<link rel=\"canonical\" href=\"https:\/\/espeltviticultors.com\/es\/tienda\/cap-de-creus\/\" \/>\n<meta property=\"og:locale\" content=\"es_ES\" \/>\n<meta property=\"og:type\" content=\"article\" \/>\n<meta property=\"og:title\" content=\"L&#039;Escum\u00f3s d&#039;Anna Espelt 2017\" \/>\n<meta property=\"og:description\" content=\"Alegr\u00eda de vivir l\u00edquida, como el mar y la espuma. Brisa que se hermana con algas y ostras. Agradecer los peque\u00f1os detalles es lo que m\u00e1s se asemeja a la felicidad. Blanco de uva tinta.\" \/>\n<meta property=\"og:url\" content=\"https:\/\/espeltviticultors.com\/es\/tienda\/cap-de-creus\/\" \/>\n<meta property=\"og:site_name\" content=\"Espelt Viticultores\" \/>\n<meta property=\"article:publisher\" content=\"https:\/\/www.facebook.com\/espelt.viticultors\" \/>\n<meta property=\"article:modified_time\" content=\"2025-05-19T13:15:11+00:00\" \/>\n<meta property=\"og:image\" content=\"https:\/\/espeltviticultors.com\/wp-content\/uploads\/2021\/03\/AE_escumos.jpg\" \/>\n\t<meta property=\"og:image:width\" content=\"800\" \/>\n\t<meta property=\"og:image:height\" content=\"630\" \/>\n\t<meta property=\"og:image:type\" content=\"image\/jpeg\" \/>\n<meta name=\"twitter:card\" content=\"summary_large_image\" \/>\n<meta name=\"twitter:site\" content=\"@CellerEspelt\" \/>\n<meta name=\"twitter:label1\" content=\"Precio\" \/>\n\t<meta name=\"twitter:data1\" content=\"40,50&nbsp;&euro;\" \/>\n\t<meta name=\"twitter:label2\" content=\"Availability\" \/>\n\t<meta name=\"twitter:data2\" content=\"In stock\" \/>\n<script type=\"application\/ld+json\" class=\"yoast-schema-graph\">{\"@context\":\"https:\/\/schema.org\",\"@graph\":[{\"@type\":\"WebPage\",\"@id\":\"https:\/\/espeltviticultors.com\/es\/tienda\/cap-de-creus\/\",\"url\":\"https:\/\/espeltviticultors.com\/es\/tienda\/cap-de-creus\/\",\"name\":\"L'Escum\u00f3s d'Anna Espelt 2017 - Espelt Viticultores\",\"isPartOf\":{\"@id\":\"https:\/\/espeltviticultors.com\/#website\"},\"primaryImageOfPage\":{\"@id\":\"https:\/\/espeltviticultors.com\/es\/tienda\/cap-de-creus\/#primaryimage\"},\"image\":{\"@id\":\"https:\/\/espeltviticultors.com\/es\/tienda\/cap-de-creus\/#primaryimage\"},\"thumbnailUrl\":\"https:\/\/espeltviticultors.com\/wp-content\/uploads\/2021\/03\/AE_escumos.jpg\",\"datePublished\":\"2021-03-12T06:28:16+00:00\",\"dateModified\":\"2025-05-19T13:15:11+00:00\",\"description\":\"Alegr\u00eda de vivir l\u00edquida, como el mar y la espuma. Brisa que se hermana con algas y ostras.\",\"breadcrumb\":{\"@id\":\"https:\/\/espeltviticultors.com\/es\/tienda\/cap-de-creus\/#breadcrumb\"},\"inLanguage\":\"es\",\"potentialAction\":[{\"@type\":\"ReadAction\",\"target\":[\"https:\/\/espeltviticultors.com\/es\/tienda\/cap-de-creus\/\"]}]},{\"@type\":\"ImageObject\",\"inLanguage\":\"es\",\"@id\":\"https:\/\/espeltviticultors.com\/es\/tienda\/cap-de-creus\/#primaryimage\",\"url\":\"https:\/\/espeltviticultors.com\/wp-content\/uploads\/2021\/03\/AE_escumos.jpg\",\"contentUrl\":\"https:\/\/espeltviticultors.com\/wp-content\/uploads\/2021\/03\/AE_escumos.jpg\",\"width\":800,\"height\":630,\"caption\":\"L'Escum\u00f3s d'Anna Espelt\"},{\"@type\":\"BreadcrumbList\",\"@id\":\"https:\/\/espeltviticultors.com\/es\/tienda\/cap-de-creus\/#breadcrumb\",\"itemListElement\":[{\"@type\":\"ListItem\",\"position\":1,\"name\":\"Portada\",\"item\":\"https:\/\/espeltviticultors.com\/es\/\"},{\"@type\":\"ListItem\",\"position\":2,\"name\":\"Tienda\",\"item\":\"https:\/\/espeltviticultors.com\/es\/tienda\/\"},{\"@type\":\"ListItem\",\"position\":3,\"name\":\"L&#8217;Escum\u00f3s d&#8217;Anna Espelt 2017\"}]},{\"@type\":\"WebSite\",\"@id\":\"https:\/\/espeltviticultors.com\/#website\",\"url\":\"https:\/\/espeltviticultors.com\/\",\"name\":\"Espelt Viticultores\",\"description\":\"Vinos del Empord\u00e0 i enoturismo\",\"publisher\":{\"@id\":\"https:\/\/espeltviticultors.com\/#organization\"},\"potentialAction\":[{\"@type\":\"SearchAction\",\"target\":{\"@type\":\"EntryPoint\",\"urlTemplate\":\"https:\/\/espeltviticultors.com\/?s={search_term_string}\"},\"query-input\":{\"@type\":\"PropertyValueSpecification\",\"valueRequired\":true,\"valueName\":\"search_term_string\"}}],\"inLanguage\":\"es\"},{\"@type\":\"Organization\",\"@id\":\"https:\/\/espeltviticultors.com\/#organization\",\"name\":\"Espelt Viticultors - tienda online\",\"url\":\"https:\/\/espeltviticultors.com\/\",\"logo\":{\"@type\":\"ImageObject\",\"inLanguage\":\"es\",\"@id\":\"https:\/\/espeltviticultors.com\/#\/schema\/logo\/image\/\",\"url\":\"https:\/\/espeltviticultors.com\/wp-content\/uploads\/2021\/02\/logo_color_trasparent.png\",\"contentUrl\":\"https:\/\/espeltviticultors.com\/wp-content\/uploads\/2021\/02\/logo_color_trasparent.png\",\"width\":818,\"height\":272,\"caption\":\"Espelt Viticultors - tienda online\"},\"image\":{\"@id\":\"https:\/\/espeltviticultors.com\/#\/schema\/logo\/image\/\"},\"sameAs\":[\"https:\/\/www.facebook.com\/espelt.viticultors\",\"https:\/\/x.com\/CellerEspelt\",\"https:\/\/www.instagram.com\/cellerespelt\/\"]}]}<\/script>\n<meta property=\"product:price:amount\" content=\"40.50\" \/>\n<meta property=\"product:price:currency\" content=\"EUR\" \/>\n<meta property=\"og:availability\" content=\"instock\" \/>\n<meta property=\"product:availability\" content=\"instock\" \/>\n<meta property=\"product:retailer_item_id\" content=\"1845\" \/>\n<meta property=\"product:condition\" content=\"new\" \/>\n<!-- \/ Yoast SEO Premium plugin. -->","yoast_head_json":{"title":"L'Escum\u00f3s d'Anna Espelt 2017 - Espelt Viticultores","description":"Alegr\u00eda de vivir l\u00edquida, como el mar y la espuma. Brisa que se hermana con algas y ostras.","robots":{"index":"index","follow":"follow","max-snippet":"max-snippet:-1","max-image-preview":"max-image-preview:large","max-video-preview":"max-video-preview:-1"},"canonical":"https:\/\/espeltviticultors.com\/es\/tienda\/cap-de-creus\/","og_locale":"es_ES","og_type":"article","og_title":"L'Escum\u00f3s d'Anna Espelt 2017","og_description":"Alegr\u00eda de vivir l\u00edquida, como el mar y la espuma. Brisa que se hermana con algas y ostras. Agradecer los peque\u00f1os detalles es lo que m\u00e1s se asemeja a la felicidad. Blanco de uva tinta.","og_url":"https:\/\/espeltviticultors.com\/es\/tienda\/cap-de-creus\/","og_site_name":"Espelt Viticultores","article_publisher":"https:\/\/www.facebook.com\/espelt.viticultors","article_modified_time":"2025-05-19T13:15:11+00:00","og_image":[{"width":800,"height":630,"url":"https:\/\/espeltviticultors.com\/wp-content\/uploads\/2021\/03\/AE_escumos.jpg","type":"image\/jpeg"}],"twitter_card":"summary_large_image","twitter_site":"@CellerEspelt","twitter_misc":{"Precio":"40,50&nbsp;&euro;","Availability":"In stock"},"schema":{"@context":"https:\/\/schema.org","@graph":[{"@type":"WebPage","@id":"https:\/\/espeltviticultors.com\/es\/tienda\/cap-de-creus\/","url":"https:\/\/espeltviticultors.com\/es\/tienda\/cap-de-creus\/","name":"L'Escum\u00f3s d'Anna Espelt 2017 - Espelt Viticultores","isPartOf":{"@id":"https:\/\/espeltviticultors.com\/#website"},"primaryImageOfPage":{"@id":"https:\/\/espeltviticultors.com\/es\/tienda\/cap-de-creus\/#primaryimage"},"image":{"@id":"https:\/\/espeltviticultors.com\/es\/tienda\/cap-de-creus\/#primaryimage"},"thumbnailUrl":"https:\/\/espeltviticultors.com\/wp-content\/uploads\/2021\/03\/AE_escumos.jpg","datePublished":"2021-03-12T06:28:16+00:00","dateModified":"2025-05-19T13:15:11+00:00","description":"Alegr\u00eda de vivir l\u00edquida, como el mar y la espuma. Brisa que se hermana con algas y ostras.","breadcrumb":{"@id":"https:\/\/espeltviticultors.com\/es\/tienda\/cap-de-creus\/#breadcrumb"},"inLanguage":"es","potentialAction":[{"@type":"ReadAction","target":["https:\/\/espeltviticultors.com\/es\/tienda\/cap-de-creus\/"]}]},{"@type":"ImageObject","inLanguage":"es","@id":"https:\/\/espeltviticultors.com\/es\/tienda\/cap-de-creus\/#primaryimage","url":"https:\/\/espeltviticultors.com\/wp-content\/uploads\/2021\/03\/AE_escumos.jpg","contentUrl":"https:\/\/espeltviticultors.com\/wp-content\/uploads\/2021\/03\/AE_escumos.jpg","width":800,"height":630,"caption":"L'Escum\u00f3s d'Anna Espelt"},{"@type":"BreadcrumbList","@id":"https:\/\/espeltviticultors.com\/es\/tienda\/cap-de-creus\/#breadcrumb","itemListElement":[{"@type":"ListItem","position":1,"name":"Portada","item":"https:\/\/espeltviticultors.com\/es\/"},{"@type":"ListItem","position":2,"name":"Tienda","item":"https:\/\/espeltviticultors.com\/es\/tienda\/"},{"@type":"ListItem","position":3,"name":"L&#8217;Escum\u00f3s d&#8217;Anna Espelt 2017"}]},{"@type":"WebSite","@id":"https:\/\/espeltviticultors.com\/#website","url":"https:\/\/espeltviticultors.com\/","name":"Espelt Viticultores","description":"Vinos del Empord\u00e0 i enoturismo","publisher":{"@id":"https:\/\/espeltviticultors.com\/#organization"},"potentialAction":[{"@type":"SearchAction","target":{"@type":"EntryPoint","urlTemplate":"https:\/\/espeltviticultors.com\/?s={search_term_string}"},"query-input":{"@type":"PropertyValueSpecification","valueRequired":true,"valueName":"search_term_string"}}],"inLanguage":"es"},{"@type":"Organization","@id":"https:\/\/espeltviticultors.com\/#organization","name":"Espelt Viticultors - tienda online","url":"https:\/\/espeltviticultors.com\/","logo":{"@type":"ImageObject","inLanguage":"es","@id":"https:\/\/espeltviticultors.com\/#\/schema\/logo\/image\/","url":"https:\/\/espeltviticultors.com\/wp-content\/uploads\/2021\/02\/logo_color_trasparent.png","contentUrl":"https:\/\/espeltviticultors.com\/wp-content\/uploads\/2021\/02\/logo_color_trasparent.png","width":818,"height":272,"caption":"Espelt Viticultors - tienda online"},"image":{"@id":"https:\/\/espeltviticultors.com\/#\/schema\/logo\/image\/"},"sameAs":["https:\/\/www.facebook.com\/espelt.viticultors","https:\/\/x.com\/CellerEspelt","https:\/\/www.instagram.com\/cellerespelt\/"]}]},"product_price_amount":"40.50","product_price_currency":"EUR","og_availability":"instock","product_availability":"instock","product_retailer_item_id":"1845","product_condition":"new"},"_links":{"self":[{"href":"https:\/\/espeltviticultors.com\/es\/wp-json\/wp\/v2\/product\/3132"}],"collection":[{"href":"https:\/\/espeltviticultors.com\/es\/wp-json\/wp\/v2\/product"}],"about":[{"href":"https:\/\/espeltviticultors.com\/es\/wp-json\/wp\/v2\/types\/product"}],"wp:featuredmedia":[{"embeddable":true,"href":"https:\/\/espeltviticultors.com\/es\/wp-json\/wp\/v2\/media\/2162"}],"wp:attachment":[{"href":"https:\/\/espeltviticultors.com\/es\/wp-json\/wp\/v2\/media?parent=3132"}],"wp:term":[{"taxonomy":"product_brand","embeddable":true,"href":"https:\/\/espeltviticultors.com\/es\/wp-json\/wp\/v2\/product_brand?post=3132"},{"taxonomy":"product_cat","embeddable":true,"href":"https:\/\/espeltviticultors.com\/es\/wp-json\/wp\/v2\/product_cat?post=3132"},{"taxonomy":"product_tag","embeddable":true,"href":"https:\/\/espeltviticultors.com\/es\/wp-json\/wp\/v2\/product_tag?post=3132"}],"curies":[{"name":"wp","href":"https:\/\/api.w.org\/{rel}","templated":true}]}}