{"id":3133,"date":"2021-03-12T07:26:11","date_gmt":"2021-03-12T06:26:11","guid":{"rendered":"https:\/\/wp.espeltviticultors.com\/botiga\/cala-rostella\/"},"modified":"2025-05-19T15:16:17","modified_gmt":"2025-05-19T13:16:17","slug":"cala-rostella","status":"publish","type":"product","link":"https:\/\/espeltviticultors.com\/es\/tienda\/cala-rostella\/","title":{"rendered":"Cala Rostella 2021"},"content":{"rendered":"<article class=\"yellow_bg profile\">\n<div class=\"width-center clearfix relative\">\n<div class=\"width50\">\n<div class=\"gdlr-core-row-shortcode clearfix gdlr-core-item-rvpdlr\" ><div class=\"gdlr-core-column-shortcode gdlr-core-item-pdlr gdlr-core-column-40\" ><\/p>\n<h2><strong>Cala Rostella &#8211; A\u00f1ada 2020<\/strong><\/h2>\n<p><strong>Tipo de vino<\/strong><br \/>\nVino de vendimia. Ecol\u00f3gico<\/p>\n<p><strong>Variedades<br \/>\n<\/strong>100% lledoner negre (garnacha tinta)<\/p>\n<p><strong>\u00bfC\u00f3mo es?<br \/>\n<\/strong>Vino tinto limpio y brillante, de un color que nos recuerda las cerezas picotas. Es un vino fresco, mediterr\u00e1neo en el que se sienten los frutos rojos y las especies. Un vino que integra con armon\u00eda el alcohol y la acidez natural del vino, de una forma excepcional. No os dejar\u00e1 indiferentes. Cala Rostella, 100% lledoner negre, forma parte del proyecto m\u00e1s personal de Anna Espelt, vinos con car\u00e1cter de los vi\u00f1edos de Mas Mar\u00e9s.<\/p>\n<p><strong>Viticultura<\/strong><br \/>\nMas Mar\u00e9s: vi\u00f1edos cerca del mar y dentro del Parque Natural de Cap de Creus. Vi\u00f1edos ecol\u00f3gicos en un proyecto que va m\u00e1s all\u00e1 de la viticultura, donde intentamos formar un mosaico en el cual los vi\u00f1edos se mezclen con alcornoques, pastos y estepas, para conseguir un ecosistema m\u00e1s maduro y un incremento de la biodiversidad. Granitos, tramontana y viento de mar.<\/p>\n<p><strong>Para acompa\u00f1ar<\/strong><br \/>\nEs un vino muy gastron\u00f3mico, sabor\u00e9alo y disfr\u00fatalo tal y como es.<\/p>\n<p><img loading=\"lazy\" decoding=\"async\" class=\"alignleft wp-image-3896 size-full\" title=\"Cala Rostella lledoner negre maridatge carn vermella\" src=\"https:\/\/espeltviticultors.com\/wp-content\/uploads\/2021\/05\/maridatge_steak_dark.png\" alt=\"Cala Rostella 100% lledoner negre maridatge carn vermella\" width=\"50\" height=\"50\" \/><img loading=\"lazy\" decoding=\"async\" class=\"alignleft wp-image-3912 size-full\" title=\"Cala Rostella 100% lledoner negre maridatge aus\" src=\"https:\/\/espeltviticultors.com\/wp-content\/uploads\/2021\/05\/maridatge_chicken_dark.png\" alt=\"Cala Rostella 100% lledoner negre maridatge aus\" width=\"50\" height=\"50\" \/><img loading=\"lazy\" decoding=\"async\" class=\"alignleft wp-image-3905 size-full\" title=\"Cala Rostella 100% lledoner negre maridatge formatges\" src=\"https:\/\/espeltviticultors.com\/wp-content\/uploads\/2021\/05\/maridatge_cheese_dark-1.png\" alt=\"Cala Rostella 100% lledoner negre maridatge formatges\" width=\"50\" height=\"50\" \/><\/p>\n<p>&nbsp;<\/p>\n<p>&nbsp;<\/p>\n<a class=\"gdlr-core-button gdlr-core-button-shortcode  gdlr-core-button-gradient gdlr-core-button-no-border\" href=\"https:\/\/espeltviticultors.com\/wp-content\/uploads\/2024\/04\/annaespelt_rostella_20_CAST.pdf\" target=\"_blank\"  style=\"margin-right: 20px;\"  ><span class=\"gdlr-core-content\"  >Ficha t\u00e9cnica<\/span><\/a>\n<p>\n<\/div><div class=\"gdlr-core-column-shortcode gdlr-core-item-pdlr gdlr-core-column-20\" ><\/p>\n<div class=\"width50\">\n<div class=\"gdlr-core-widget-list-shortcode\" id=\"gdlr-core-widget-list-0\"  ><h3 class=\"gdlr-core-widget-list-shortcode-title\"  ><strong>Reconocimientos<\/strong><\/h3><\/p>\n<ul>\n<li>17 puntos Jancis Robinson<\/li>\n<li class=\"wine_category\"><span style=\"font-weight: 400;\">91+93 puntos Miquel Hudin<\/span><\/li>\n<li>9,60 puntos La Guia de Vins de Catalunya 2024<\/li>\n<\/ul>\n<p class=\"title_section_profile\"><\/div>\n<div class=\"gdlr-core-widget-list-shortcode\" id=\"gdlr-core-widget-list-0\"  ><h3 class=\"gdlr-core-widget-list-shortcode-title\"  ><strong>Certificaci\u00f3n ecol\u00f3gica<\/strong><\/h3><\/p>\n<div class=\"width50\">\n<ul>\n<li>\n<div><img loading=\"lazy\" decoding=\"async\" class=\"\" src=\"https:\/\/espeltviticultors.com\/assets\/img\/Logo_alimentacion_ecologica.jpg\" width=\"88\" height=\"60\" \/><\/div>\n<\/li>\n<\/ul>\n<p><\/div>\n<p>\n<\/div><\/div>\n<\/div>\n<div class=\"width50\">\n<div class=\"flex flex-row\">\n<div class=\"wine_category\"><\/div>\n<div><\/div>\n<\/div>\n<\/div>\n<\/div>\n<\/div>\n<\/div>\n<\/article>\n","protected":false},"excerpt":{"rendered":"<p><span style=\"font-weight: 400;\">Delicado como un paseo entre pinos y lentisclos para bajar a Cala Rostella, en el Cap de Creus. Celebramos la vida con la libertad que nos da una toalla para escaparnos a la playa y saborear la calma (y el calor). Lledoner negre 100%.<\/span><\/p>\n","protected":false},"featured_media":2155,"template":"","meta":[],"product_brand":[],"product_cat":[94,98,152],"product_tag":[201,183,189],"class_list":{"0":"post-3133","1":"product","2":"type-product","3":"status-publish","4":"has-post-thumbnail","6":"product_cat-vinos","7":"product_cat-tinto","8":"product_cat-vinos-anna-espelt-cap-de-creus","9":"product_tag-anna-espelt-es","10":"product_tag-garnacha-tinta","11":"product_tag-lledoner-negre-es","13":"first","14":"instock","15":"taxable","16":"shipping-taxable","17":"purchasable","18":"product-type-simple"},"yoast_head":"<!-- This site is optimized with the Yoast SEO Premium plugin v19.3 (Yoast SEO v25.6) - https:\/\/yoast.com\/wordpress\/plugins\/seo\/ -->\n<title>Cala Rostella 2021 - Espelt Viticultores<\/title>\n<meta name=\"description\" content=\"Delicado como un paseo entre pinos y lentisclos hasta Cala Rostella, en el Cap de Creus. Celebramos la vida con libertad. 100% lledoner negre\" \/>\n<meta name=\"robots\" content=\"index, follow, max-snippet:-1, max-image-preview:large, max-video-preview:-1\" \/>\n<link rel=\"canonical\" href=\"https:\/\/espeltviticultors.com\/es\/tienda\/cala-rostella\/\" \/>\n<meta property=\"og:locale\" content=\"es_ES\" \/>\n<meta property=\"og:type\" content=\"article\" \/>\n<meta property=\"og:title\" content=\"Cala Rostella 2021\" \/>\n<meta property=\"og:description\" content=\"Delicado como un paseo entre pinos y lentisclos para bajar a Cala Rostella, en el Cap de Creus. Celebramos la vida con la libertad que nos da una toalla para escaparnos a la playa y saborear la calma (y el calor). Lledoner negre 100%.\" \/>\n<meta property=\"og:url\" content=\"https:\/\/espeltviticultors.com\/es\/tienda\/cala-rostella\/\" \/>\n<meta property=\"og:site_name\" content=\"Espelt Viticultores\" \/>\n<meta property=\"article:publisher\" content=\"https:\/\/www.facebook.com\/espelt.viticultors\" \/>\n<meta property=\"article:modified_time\" content=\"2025-05-19T13:16:17+00:00\" \/>\n<meta property=\"og:image\" content=\"https:\/\/espeltviticultors.com\/wp-content\/uploads\/2021\/03\/AE_rostella.jpg\" \/>\n\t<meta property=\"og:image:width\" content=\"800\" \/>\n\t<meta property=\"og:image:height\" content=\"630\" \/>\n\t<meta property=\"og:image:type\" content=\"image\/jpeg\" \/>\n<meta name=\"twitter:card\" content=\"summary_large_image\" \/>\n<meta name=\"twitter:site\" content=\"@CellerEspelt\" \/>\n<meta name=\"twitter:label1\" content=\"Precio\" \/>\n\t<meta name=\"twitter:data1\" content=\"40,50&nbsp;&euro;\" \/>\n\t<meta name=\"twitter:label2\" content=\"Availability\" \/>\n\t<meta name=\"twitter:data2\" content=\"In stock\" \/>\n<script type=\"application\/ld+json\" class=\"yoast-schema-graph\">{\"@context\":\"https:\/\/schema.org\",\"@graph\":[{\"@type\":\"WebPage\",\"@id\":\"https:\/\/espeltviticultors.com\/es\/tienda\/cala-rostella\/\",\"url\":\"https:\/\/espeltviticultors.com\/es\/tienda\/cala-rostella\/\",\"name\":\"Cala Rostella 2021 - Espelt Viticultores\",\"isPartOf\":{\"@id\":\"https:\/\/espeltviticultors.com\/#website\"},\"primaryImageOfPage\":{\"@id\":\"https:\/\/espeltviticultors.com\/es\/tienda\/cala-rostella\/#primaryimage\"},\"image\":{\"@id\":\"https:\/\/espeltviticultors.com\/es\/tienda\/cala-rostella\/#primaryimage\"},\"thumbnailUrl\":\"https:\/\/espeltviticultors.com\/wp-content\/uploads\/2021\/03\/AE_rostella.jpg\",\"datePublished\":\"2021-03-12T06:26:11+00:00\",\"dateModified\":\"2025-05-19T13:16:17+00:00\",\"description\":\"Delicado como un paseo entre pinos y lentisclos hasta Cala Rostella, en el Cap de Creus. Celebramos la vida con libertad. 100% lledoner negre\",\"breadcrumb\":{\"@id\":\"https:\/\/espeltviticultors.com\/es\/tienda\/cala-rostella\/#breadcrumb\"},\"inLanguage\":\"es\",\"potentialAction\":[{\"@type\":\"ReadAction\",\"target\":[\"https:\/\/espeltviticultors.com\/es\/tienda\/cala-rostella\/\"]}]},{\"@type\":\"ImageObject\",\"inLanguage\":\"es\",\"@id\":\"https:\/\/espeltviticultors.com\/es\/tienda\/cala-rostella\/#primaryimage\",\"url\":\"https:\/\/espeltviticultors.com\/wp-content\/uploads\/2021\/03\/AE_rostella.jpg\",\"contentUrl\":\"https:\/\/espeltviticultors.com\/wp-content\/uploads\/2021\/03\/AE_rostella.jpg\",\"width\":800,\"height\":630,\"caption\":\"Cala Rostella\"},{\"@type\":\"BreadcrumbList\",\"@id\":\"https:\/\/espeltviticultors.com\/es\/tienda\/cala-rostella\/#breadcrumb\",\"itemListElement\":[{\"@type\":\"ListItem\",\"position\":1,\"name\":\"Portada\",\"item\":\"https:\/\/espeltviticultors.com\/es\/\"},{\"@type\":\"ListItem\",\"position\":2,\"name\":\"Tienda\",\"item\":\"https:\/\/espeltviticultors.com\/es\/tienda\/\"},{\"@type\":\"ListItem\",\"position\":3,\"name\":\"Cala Rostella 2021\"}]},{\"@type\":\"WebSite\",\"@id\":\"https:\/\/espeltviticultors.com\/#website\",\"url\":\"https:\/\/espeltviticultors.com\/\",\"name\":\"Espelt Viticultores\",\"description\":\"Vinos del Empord\u00e0 i enoturismo\",\"publisher\":{\"@id\":\"https:\/\/espeltviticultors.com\/#organization\"},\"potentialAction\":[{\"@type\":\"SearchAction\",\"target\":{\"@type\":\"EntryPoint\",\"urlTemplate\":\"https:\/\/espeltviticultors.com\/?s={search_term_string}\"},\"query-input\":{\"@type\":\"PropertyValueSpecification\",\"valueRequired\":true,\"valueName\":\"search_term_string\"}}],\"inLanguage\":\"es\"},{\"@type\":\"Organization\",\"@id\":\"https:\/\/espeltviticultors.com\/#organization\",\"name\":\"Espelt Viticultors - tienda online\",\"url\":\"https:\/\/espeltviticultors.com\/\",\"logo\":{\"@type\":\"ImageObject\",\"inLanguage\":\"es\",\"@id\":\"https:\/\/espeltviticultors.com\/#\/schema\/logo\/image\/\",\"url\":\"https:\/\/espeltviticultors.com\/wp-content\/uploads\/2021\/02\/logo_color_trasparent.png\",\"contentUrl\":\"https:\/\/espeltviticultors.com\/wp-content\/uploads\/2021\/02\/logo_color_trasparent.png\",\"width\":818,\"height\":272,\"caption\":\"Espelt Viticultors - tienda online\"},\"image\":{\"@id\":\"https:\/\/espeltviticultors.com\/#\/schema\/logo\/image\/\"},\"sameAs\":[\"https:\/\/www.facebook.com\/espelt.viticultors\",\"https:\/\/x.com\/CellerEspelt\",\"https:\/\/www.instagram.com\/cellerespelt\/\"]}]}<\/script>\n<meta property=\"product:price:amount\" content=\"40.50\" \/>\n<meta property=\"product:price:currency\" content=\"EUR\" \/>\n<meta property=\"og:availability\" content=\"instock\" \/>\n<meta property=\"product:availability\" content=\"instock\" \/>\n<meta property=\"product:retailer_item_id\" content=\"1389-1\" \/>\n<meta property=\"product:condition\" content=\"new\" \/>\n<!-- \/ Yoast SEO Premium plugin. -->","yoast_head_json":{"title":"Cala Rostella 2021 - Espelt Viticultores","description":"Delicado como un paseo entre pinos y lentisclos hasta Cala Rostella, en el Cap de Creus. Celebramos la vida con libertad. 100% lledoner negre","robots":{"index":"index","follow":"follow","max-snippet":"max-snippet:-1","max-image-preview":"max-image-preview:large","max-video-preview":"max-video-preview:-1"},"canonical":"https:\/\/espeltviticultors.com\/es\/tienda\/cala-rostella\/","og_locale":"es_ES","og_type":"article","og_title":"Cala Rostella 2021","og_description":"Delicado como un paseo entre pinos y lentisclos para bajar a Cala Rostella, en el Cap de Creus. Celebramos la vida con la libertad que nos da una toalla para escaparnos a la playa y saborear la calma (y el calor). Lledoner negre 100%.","og_url":"https:\/\/espeltviticultors.com\/es\/tienda\/cala-rostella\/","og_site_name":"Espelt Viticultores","article_publisher":"https:\/\/www.facebook.com\/espelt.viticultors","article_modified_time":"2025-05-19T13:16:17+00:00","og_image":[{"width":800,"height":630,"url":"https:\/\/espeltviticultors.com\/wp-content\/uploads\/2021\/03\/AE_rostella.jpg","type":"image\/jpeg"}],"twitter_card":"summary_large_image","twitter_site":"@CellerEspelt","twitter_misc":{"Precio":"40,50&nbsp;&euro;","Availability":"In stock"},"schema":{"@context":"https:\/\/schema.org","@graph":[{"@type":"WebPage","@id":"https:\/\/espeltviticultors.com\/es\/tienda\/cala-rostella\/","url":"https:\/\/espeltviticultors.com\/es\/tienda\/cala-rostella\/","name":"Cala Rostella 2021 - Espelt Viticultores","isPartOf":{"@id":"https:\/\/espeltviticultors.com\/#website"},"primaryImageOfPage":{"@id":"https:\/\/espeltviticultors.com\/es\/tienda\/cala-rostella\/#primaryimage"},"image":{"@id":"https:\/\/espeltviticultors.com\/es\/tienda\/cala-rostella\/#primaryimage"},"thumbnailUrl":"https:\/\/espeltviticultors.com\/wp-content\/uploads\/2021\/03\/AE_rostella.jpg","datePublished":"2021-03-12T06:26:11+00:00","dateModified":"2025-05-19T13:16:17+00:00","description":"Delicado como un paseo entre pinos y lentisclos hasta Cala Rostella, en el Cap de Creus. Celebramos la vida con libertad. 100% lledoner negre","breadcrumb":{"@id":"https:\/\/espeltviticultors.com\/es\/tienda\/cala-rostella\/#breadcrumb"},"inLanguage":"es","potentialAction":[{"@type":"ReadAction","target":["https:\/\/espeltviticultors.com\/es\/tienda\/cala-rostella\/"]}]},{"@type":"ImageObject","inLanguage":"es","@id":"https:\/\/espeltviticultors.com\/es\/tienda\/cala-rostella\/#primaryimage","url":"https:\/\/espeltviticultors.com\/wp-content\/uploads\/2021\/03\/AE_rostella.jpg","contentUrl":"https:\/\/espeltviticultors.com\/wp-content\/uploads\/2021\/03\/AE_rostella.jpg","width":800,"height":630,"caption":"Cala Rostella"},{"@type":"BreadcrumbList","@id":"https:\/\/espeltviticultors.com\/es\/tienda\/cala-rostella\/#breadcrumb","itemListElement":[{"@type":"ListItem","position":1,"name":"Portada","item":"https:\/\/espeltviticultors.com\/es\/"},{"@type":"ListItem","position":2,"name":"Tienda","item":"https:\/\/espeltviticultors.com\/es\/tienda\/"},{"@type":"ListItem","position":3,"name":"Cala Rostella 2021"}]},{"@type":"WebSite","@id":"https:\/\/espeltviticultors.com\/#website","url":"https:\/\/espeltviticultors.com\/","name":"Espelt Viticultores","description":"Vinos del Empord\u00e0 i enoturismo","publisher":{"@id":"https:\/\/espeltviticultors.com\/#organization"},"potentialAction":[{"@type":"SearchAction","target":{"@type":"EntryPoint","urlTemplate":"https:\/\/espeltviticultors.com\/?s={search_term_string}"},"query-input":{"@type":"PropertyValueSpecification","valueRequired":true,"valueName":"search_term_string"}}],"inLanguage":"es"},{"@type":"Organization","@id":"https:\/\/espeltviticultors.com\/#organization","name":"Espelt Viticultors - tienda online","url":"https:\/\/espeltviticultors.com\/","logo":{"@type":"ImageObject","inLanguage":"es","@id":"https:\/\/espeltviticultors.com\/#\/schema\/logo\/image\/","url":"https:\/\/espeltviticultors.com\/wp-content\/uploads\/2021\/02\/logo_color_trasparent.png","contentUrl":"https:\/\/espeltviticultors.com\/wp-content\/uploads\/2021\/02\/logo_color_trasparent.png","width":818,"height":272,"caption":"Espelt Viticultors - tienda online"},"image":{"@id":"https:\/\/espeltviticultors.com\/#\/schema\/logo\/image\/"},"sameAs":["https:\/\/www.facebook.com\/espelt.viticultors","https:\/\/x.com\/CellerEspelt","https:\/\/www.instagram.com\/cellerespelt\/"]}]},"product_price_amount":"40.50","product_price_currency":"EUR","og_availability":"instock","product_availability":"instock","product_retailer_item_id":"1389-1","product_condition":"new"},"_links":{"self":[{"href":"https:\/\/espeltviticultors.com\/es\/wp-json\/wp\/v2\/product\/3133"}],"collection":[{"href":"https:\/\/espeltviticultors.com\/es\/wp-json\/wp\/v2\/product"}],"about":[{"href":"https:\/\/espeltviticultors.com\/es\/wp-json\/wp\/v2\/types\/product"}],"wp:featuredmedia":[{"embeddable":true,"href":"https:\/\/espeltviticultors.com\/es\/wp-json\/wp\/v2\/media\/2155"}],"wp:attachment":[{"href":"https:\/\/espeltviticultors.com\/es\/wp-json\/wp\/v2\/media?parent=3133"}],"wp:term":[{"taxonomy":"product_brand","embeddable":true,"href":"https:\/\/espeltviticultors.com\/es\/wp-json\/wp\/v2\/product_brand?post=3133"},{"taxonomy":"product_cat","embeddable":true,"href":"https:\/\/espeltviticultors.com\/es\/wp-json\/wp\/v2\/product_cat?post=3133"},{"taxonomy":"product_tag","embeddable":true,"href":"https:\/\/espeltviticultors.com\/es\/wp-json\/wp\/v2\/product_tag?post=3133"}],"curies":[{"name":"wp","href":"https:\/\/api.w.org\/{rel}","templated":true}]}}