{"id":3136,"date":"2021-04-23T14:41:56","date_gmt":"2021-04-23T12:41:56","guid":{"rendered":"https:\/\/wp.espeltviticultors.com\/botiga\/regala-visita-vilajuiga\/"},"modified":"2024-07-03T10:23:57","modified_gmt":"2024-07-03T08:23:57","slug":"regala-enoturismo-visita-vilajuiga","status":"publish","type":"product","link":"https:\/\/espeltviticultors.com\/es\/tienda\/regala-enoturismo-visita-vilajuiga\/","title":{"rendered":"Regala Visita Vilaju\u00efga"},"content":{"rendered":"<p>El vale Regala Visita Vilaju\u00efga es una experiencia \u00fanica para conocer de cerca nuestro proyecto. Un regalo que te transporta a un mundo de sensaciones y descubrimientos.<\/p>\n<p>La Visita Vilaju\u00efga es un viaje para conocer los primeros vi\u00f1edos ecol\u00f3gicos de plantamos, hace m\u00e1s de quince a\u00f1os en Vilaju\u00efga, y catar los vinos m\u00e1s empordaneses, las nuevas a\u00f1adas y algunas novedades.<\/p>\n<p>En la vi\u00f1a explicaremos los secretos de nuestra viticultura respetuosa con la biodiversidad de la zona. Hay que ir equipado con calzado c\u00f3modo para andar y estar preparado para el fr\u00edo o el sol, seg\u00fan la \u00e9poca el a\u00f1o.<\/p>\n<p><strong>Hora:<\/strong> 11 h<br \/>\n<strong>Duraci\u00f3n:<\/strong> 1 h 30 min aprox.<br \/>\n<strong>Punto de encuentro:<\/strong> tienda del Celler Espelt en Vilaju\u00efga<br \/>\n<strong>Precio:<\/strong> 35 \u20ac por persona<\/p>\n<p>Los vales tienen una validez de un a\u00f1o a partir de la fecha de compra. Para activarlos, la persona que recibe el vale tiene que llamarnos o escribirnos y escoger una de las <a href=\"https:\/\/espeltviticultors.com\/es\/enoturismo\/\" target=\"_blank\" rel=\"noopener\">fechas disponibles<\/a>.<\/p>\n<p>Una vez hecha la compra te podr\u00e1s descargar el vale en formato pdf para regalarlo a quien t\u00fa quieras.<\/p>\n<p>Si tienes dudas o quieres un vale regalo hecho a medida, <a href=\"mailto:%20enoturisme@espeltviticultors.com\">escr\u00edbenos.<\/a><\/p>\n<p>&nbsp;<\/p>\n","protected":false},"excerpt":{"rendered":"<p>Una actividad para conocer los vi\u00f1edos cercanos a la bodega y las nuevas a\u00f1adas. Si quieres un regalo a medida, ll\u00e1manos!<\/p>\n","protected":false},"featured_media":3033,"template":"","meta":[],"product_brand":[],"product_cat":[141],"product_tag":[204,203],"class_list":{"0":"post-3136","1":"product","2":"type-product","3":"status-publish","4":"has-post-thumbnail","6":"product_cat-regalos","7":"product_tag-enoturismo","8":"product_tag-regalo","10":"first","11":"instock","12":"downloadable","13":"virtual","14":"purchasable","15":"product-type-simple"},"yoast_head":"<!-- This site is optimized with the Yoast SEO Premium plugin v19.3 (Yoast SEO v25.6) - https:\/\/yoast.com\/wordpress\/plugins\/seo\/ -->\n<title>Regala Visita Vilaju\u00efga - Espelt Viticultores<\/title>\n<meta name=\"description\" content=\"El vale Regala Visita Vilaju\u00efga es una experiencia \u00fanica para conocer de cerca nuestro proyecto. Un paseo entre vi\u00f1edos y cata de vinos.\" \/>\n<meta name=\"robots\" content=\"index, follow, max-snippet:-1, max-image-preview:large, max-video-preview:-1\" \/>\n<link rel=\"canonical\" href=\"https:\/\/espeltviticultors.com\/es\/tienda\/regala-enoturismo-visita-vilajuiga\/\" \/>\n<meta property=\"og:locale\" content=\"es_ES\" \/>\n<meta property=\"og:type\" content=\"article\" \/>\n<meta property=\"og:title\" content=\"Regala Visita Vilaju\u00efga\" \/>\n<meta property=\"og:description\" content=\"Una actividad para conocer los vi\u00f1edos cercanos a la bodega y las nuevas a\u00f1adas. Si quieres un regalo a medida, ll\u00e1manos!\" \/>\n<meta property=\"og:url\" content=\"https:\/\/espeltviticultors.com\/es\/tienda\/regala-enoturismo-visita-vilajuiga\/\" \/>\n<meta property=\"og:site_name\" content=\"Espelt Viticultores\" \/>\n<meta property=\"article:publisher\" content=\"https:\/\/www.facebook.com\/espelt.viticultors\" \/>\n<meta property=\"article:modified_time\" content=\"2024-07-03T08:23:57+00:00\" \/>\n<meta property=\"og:image\" content=\"https:\/\/espeltviticultors.com\/wp-content\/uploads\/2021\/04\/val_regal_mas_vilajuiga.jpg\" \/>\n\t<meta property=\"og:image:width\" content=\"800\" \/>\n\t<meta property=\"og:image:height\" content=\"630\" \/>\n\t<meta property=\"og:image:type\" content=\"image\/jpeg\" \/>\n<meta name=\"twitter:card\" content=\"summary_large_image\" \/>\n<meta name=\"twitter:site\" content=\"@CellerEspelt\" \/>\n<meta name=\"twitter:label1\" content=\"Precio\" \/>\n\t<meta name=\"twitter:data1\" content=\"38,00&nbsp;&euro;\" \/>\n\t<meta name=\"twitter:label2\" content=\"Availability\" \/>\n\t<meta name=\"twitter:data2\" content=\"In stock\" \/>\n<script type=\"application\/ld+json\" class=\"yoast-schema-graph\">{\"@context\":\"https:\/\/schema.org\",\"@graph\":[{\"@type\":\"WebPage\",\"@id\":\"https:\/\/espeltviticultors.com\/es\/tienda\/regala-enoturismo-visita-vilajuiga\/\",\"url\":\"https:\/\/espeltviticultors.com\/es\/tienda\/regala-enoturismo-visita-vilajuiga\/\",\"name\":\"Regala Visita Vilaju\u00efga - Espelt Viticultores\",\"isPartOf\":{\"@id\":\"https:\/\/espeltviticultors.com\/#website\"},\"primaryImageOfPage\":{\"@id\":\"https:\/\/espeltviticultors.com\/es\/tienda\/regala-enoturismo-visita-vilajuiga\/#primaryimage\"},\"image\":{\"@id\":\"https:\/\/espeltviticultors.com\/es\/tienda\/regala-enoturismo-visita-vilajuiga\/#primaryimage\"},\"thumbnailUrl\":\"https:\/\/espeltviticultors.com\/wp-content\/uploads\/2021\/04\/val_regal_mas_vilajuiga.jpg\",\"datePublished\":\"2021-04-23T12:41:56+00:00\",\"dateModified\":\"2024-07-03T08:23:57+00:00\",\"description\":\"El vale Regala Visita Vilaju\u00efga es una experiencia \u00fanica para conocer de cerca nuestro proyecto. Un paseo entre vi\u00f1edos y cata de vinos.\",\"breadcrumb\":{\"@id\":\"https:\/\/espeltviticultors.com\/es\/tienda\/regala-enoturismo-visita-vilajuiga\/#breadcrumb\"},\"inLanguage\":\"es\",\"potentialAction\":[{\"@type\":\"ReadAction\",\"target\":[\"https:\/\/espeltviticultors.com\/es\/tienda\/regala-enoturismo-visita-vilajuiga\/\"]}]},{\"@type\":\"ImageObject\",\"inLanguage\":\"es\",\"@id\":\"https:\/\/espeltviticultors.com\/es\/tienda\/regala-enoturismo-visita-vilajuiga\/#primaryimage\",\"url\":\"https:\/\/espeltviticultors.com\/wp-content\/uploads\/2021\/04\/val_regal_mas_vilajuiga.jpg\",\"contentUrl\":\"https:\/\/espeltviticultors.com\/wp-content\/uploads\/2021\/04\/val_regal_mas_vilajuiga.jpg\",\"width\":800,\"height\":630},{\"@type\":\"BreadcrumbList\",\"@id\":\"https:\/\/espeltviticultors.com\/es\/tienda\/regala-enoturismo-visita-vilajuiga\/#breadcrumb\",\"itemListElement\":[{\"@type\":\"ListItem\",\"position\":1,\"name\":\"Portada\",\"item\":\"https:\/\/espeltviticultors.com\/es\/\"},{\"@type\":\"ListItem\",\"position\":2,\"name\":\"Tienda\",\"item\":\"https:\/\/espeltviticultors.com\/es\/tienda\/\"},{\"@type\":\"ListItem\",\"position\":3,\"name\":\"Regala Visita Vilaju\u00efga\"}]},{\"@type\":\"WebSite\",\"@id\":\"https:\/\/espeltviticultors.com\/#website\",\"url\":\"https:\/\/espeltviticultors.com\/\",\"name\":\"Espelt Viticultores\",\"description\":\"Vinos del Empord\u00e0 i enoturismo\",\"publisher\":{\"@id\":\"https:\/\/espeltviticultors.com\/#organization\"},\"potentialAction\":[{\"@type\":\"SearchAction\",\"target\":{\"@type\":\"EntryPoint\",\"urlTemplate\":\"https:\/\/espeltviticultors.com\/?s={search_term_string}\"},\"query-input\":{\"@type\":\"PropertyValueSpecification\",\"valueRequired\":true,\"valueName\":\"search_term_string\"}}],\"inLanguage\":\"es\"},{\"@type\":\"Organization\",\"@id\":\"https:\/\/espeltviticultors.com\/#organization\",\"name\":\"Espelt Viticultors - tienda online\",\"url\":\"https:\/\/espeltviticultors.com\/\",\"logo\":{\"@type\":\"ImageObject\",\"inLanguage\":\"es\",\"@id\":\"https:\/\/espeltviticultors.com\/#\/schema\/logo\/image\/\",\"url\":\"https:\/\/espeltviticultors.com\/wp-content\/uploads\/2021\/02\/logo_color_trasparent.png\",\"contentUrl\":\"https:\/\/espeltviticultors.com\/wp-content\/uploads\/2021\/02\/logo_color_trasparent.png\",\"width\":818,\"height\":272,\"caption\":\"Espelt Viticultors - tienda online\"},\"image\":{\"@id\":\"https:\/\/espeltviticultors.com\/#\/schema\/logo\/image\/\"},\"sameAs\":[\"https:\/\/www.facebook.com\/espelt.viticultors\",\"https:\/\/x.com\/CellerEspelt\",\"https:\/\/www.instagram.com\/cellerespelt\/\"]}]}<\/script>\n<meta property=\"product:price:amount\" content=\"38.00\" \/>\n<meta property=\"product:price:currency\" content=\"EUR\" \/>\n<meta property=\"og:availability\" content=\"instock\" \/>\n<meta property=\"product:availability\" content=\"instock\" \/>\n<meta property=\"product:retailer_item_id\" content=\"2687\" \/>\n<meta property=\"product:condition\" content=\"new\" \/>\n<!-- \/ Yoast SEO Premium plugin. -->","yoast_head_json":{"title":"Regala Visita Vilaju\u00efga - Espelt Viticultores","description":"El vale Regala Visita Vilaju\u00efga es una experiencia \u00fanica para conocer de cerca nuestro proyecto. Un paseo entre vi\u00f1edos y cata de vinos.","robots":{"index":"index","follow":"follow","max-snippet":"max-snippet:-1","max-image-preview":"max-image-preview:large","max-video-preview":"max-video-preview:-1"},"canonical":"https:\/\/espeltviticultors.com\/es\/tienda\/regala-enoturismo-visita-vilajuiga\/","og_locale":"es_ES","og_type":"article","og_title":"Regala Visita Vilaju\u00efga","og_description":"Una actividad para conocer los vi\u00f1edos cercanos a la bodega y las nuevas a\u00f1adas. Si quieres un regalo a medida, ll\u00e1manos!","og_url":"https:\/\/espeltviticultors.com\/es\/tienda\/regala-enoturismo-visita-vilajuiga\/","og_site_name":"Espelt Viticultores","article_publisher":"https:\/\/www.facebook.com\/espelt.viticultors","article_modified_time":"2024-07-03T08:23:57+00:00","og_image":[{"width":800,"height":630,"url":"https:\/\/espeltviticultors.com\/wp-content\/uploads\/2021\/04\/val_regal_mas_vilajuiga.jpg","type":"image\/jpeg"}],"twitter_card":"summary_large_image","twitter_site":"@CellerEspelt","twitter_misc":{"Precio":"38,00&nbsp;&euro;","Availability":"In stock"},"schema":{"@context":"https:\/\/schema.org","@graph":[{"@type":"WebPage","@id":"https:\/\/espeltviticultors.com\/es\/tienda\/regala-enoturismo-visita-vilajuiga\/","url":"https:\/\/espeltviticultors.com\/es\/tienda\/regala-enoturismo-visita-vilajuiga\/","name":"Regala Visita Vilaju\u00efga - Espelt Viticultores","isPartOf":{"@id":"https:\/\/espeltviticultors.com\/#website"},"primaryImageOfPage":{"@id":"https:\/\/espeltviticultors.com\/es\/tienda\/regala-enoturismo-visita-vilajuiga\/#primaryimage"},"image":{"@id":"https:\/\/espeltviticultors.com\/es\/tienda\/regala-enoturismo-visita-vilajuiga\/#primaryimage"},"thumbnailUrl":"https:\/\/espeltviticultors.com\/wp-content\/uploads\/2021\/04\/val_regal_mas_vilajuiga.jpg","datePublished":"2021-04-23T12:41:56+00:00","dateModified":"2024-07-03T08:23:57+00:00","description":"El vale Regala Visita Vilaju\u00efga es una experiencia \u00fanica para conocer de cerca nuestro proyecto. Un paseo entre vi\u00f1edos y cata de vinos.","breadcrumb":{"@id":"https:\/\/espeltviticultors.com\/es\/tienda\/regala-enoturismo-visita-vilajuiga\/#breadcrumb"},"inLanguage":"es","potentialAction":[{"@type":"ReadAction","target":["https:\/\/espeltviticultors.com\/es\/tienda\/regala-enoturismo-visita-vilajuiga\/"]}]},{"@type":"ImageObject","inLanguage":"es","@id":"https:\/\/espeltviticultors.com\/es\/tienda\/regala-enoturismo-visita-vilajuiga\/#primaryimage","url":"https:\/\/espeltviticultors.com\/wp-content\/uploads\/2021\/04\/val_regal_mas_vilajuiga.jpg","contentUrl":"https:\/\/espeltviticultors.com\/wp-content\/uploads\/2021\/04\/val_regal_mas_vilajuiga.jpg","width":800,"height":630},{"@type":"BreadcrumbList","@id":"https:\/\/espeltviticultors.com\/es\/tienda\/regala-enoturismo-visita-vilajuiga\/#breadcrumb","itemListElement":[{"@type":"ListItem","position":1,"name":"Portada","item":"https:\/\/espeltviticultors.com\/es\/"},{"@type":"ListItem","position":2,"name":"Tienda","item":"https:\/\/espeltviticultors.com\/es\/tienda\/"},{"@type":"ListItem","position":3,"name":"Regala Visita Vilaju\u00efga"}]},{"@type":"WebSite","@id":"https:\/\/espeltviticultors.com\/#website","url":"https:\/\/espeltviticultors.com\/","name":"Espelt Viticultores","description":"Vinos del Empord\u00e0 i enoturismo","publisher":{"@id":"https:\/\/espeltviticultors.com\/#organization"},"potentialAction":[{"@type":"SearchAction","target":{"@type":"EntryPoint","urlTemplate":"https:\/\/espeltviticultors.com\/?s={search_term_string}"},"query-input":{"@type":"PropertyValueSpecification","valueRequired":true,"valueName":"search_term_string"}}],"inLanguage":"es"},{"@type":"Organization","@id":"https:\/\/espeltviticultors.com\/#organization","name":"Espelt Viticultors - tienda online","url":"https:\/\/espeltviticultors.com\/","logo":{"@type":"ImageObject","inLanguage":"es","@id":"https:\/\/espeltviticultors.com\/#\/schema\/logo\/image\/","url":"https:\/\/espeltviticultors.com\/wp-content\/uploads\/2021\/02\/logo_color_trasparent.png","contentUrl":"https:\/\/espeltviticultors.com\/wp-content\/uploads\/2021\/02\/logo_color_trasparent.png","width":818,"height":272,"caption":"Espelt Viticultors - tienda online"},"image":{"@id":"https:\/\/espeltviticultors.com\/#\/schema\/logo\/image\/"},"sameAs":["https:\/\/www.facebook.com\/espelt.viticultors","https:\/\/x.com\/CellerEspelt","https:\/\/www.instagram.com\/cellerespelt\/"]}]},"product_price_amount":"38.00","product_price_currency":"EUR","og_availability":"instock","product_availability":"instock","product_retailer_item_id":"2687","product_condition":"new"},"_links":{"self":[{"href":"https:\/\/espeltviticultors.com\/es\/wp-json\/wp\/v2\/product\/3136"}],"collection":[{"href":"https:\/\/espeltviticultors.com\/es\/wp-json\/wp\/v2\/product"}],"about":[{"href":"https:\/\/espeltviticultors.com\/es\/wp-json\/wp\/v2\/types\/product"}],"wp:featuredmedia":[{"embeddable":true,"href":"https:\/\/espeltviticultors.com\/es\/wp-json\/wp\/v2\/media\/3033"}],"wp:attachment":[{"href":"https:\/\/espeltviticultors.com\/es\/wp-json\/wp\/v2\/media?parent=3136"}],"wp:term":[{"taxonomy":"product_brand","embeddable":true,"href":"https:\/\/espeltviticultors.com\/es\/wp-json\/wp\/v2\/product_brand?post=3136"},{"taxonomy":"product_cat","embeddable":true,"href":"https:\/\/espeltviticultors.com\/es\/wp-json\/wp\/v2\/product_cat?post=3136"},{"taxonomy":"product_tag","embeddable":true,"href":"https:\/\/espeltviticultors.com\/es\/wp-json\/wp\/v2\/product_tag?post=3136"}],"curies":[{"name":"wp","href":"https:\/\/api.w.org\/{rel}","templated":true}]}}