{"id":3137,"date":"2021-04-23T14:38:11","date_gmt":"2021-04-23T12:38:11","guid":{"rendered":"https:\/\/wp.espeltviticultors.com\/botiga\/regala-visita-mas-mares\/"},"modified":"2025-05-06T16:36:00","modified_gmt":"2025-05-06T14:36:00","slug":"regala-enoturismo-visita-mas-mares","status":"publish","type":"product","link":"https:\/\/espeltviticultors.com\/es\/tienda\/regala-enoturismo-visita-mas-mares\/","title":{"rendered":"Regala Visita Mas Mar\u00e9s"},"content":{"rendered":"<p>Una experiencia \u00fanica para conocer de cerca nuestro proyecto. Un regalo que te transporta a un mundo de sensaciones y descubrimientos.<\/p>\n<p>En la Visita a Mas Mar\u00e9s se hace un recorrido por los vi\u00f1edos del Cap de Creus, nuestro proyecto agroecol\u00f3gico de mosaico mediterr\u00e1neo. El punto de encuentro es la tienda de la bodega, en Vilaju\u00efga, y se hace el desplazamiento hasta las vi\u00f1as en veh\u00edculo particular. Al final del recorrido se hace una cata con la mejor selecci\u00f3n de nuestros vinos.<\/p>\n<p><strong>Hora:<\/strong> 11 h<br \/>\n<strong>Duraci\u00f3n:<\/strong> 3 h aprox.<br \/>\n<strong>Punto de encuentro:<\/strong> Panel informativo de Mas Mar\u00e9s. (Carretera Roses &#8211; Cala Montjoi)<br \/>\n<strong>Precio:<\/strong> 42 \u20ac por persona<\/p>\n<p>Los vales tienen una validez de un a\u00f1o a partir de la fecha de compra. Para activarlos, la persona que recibe el regalo tiene que llamarnos o escribirnos y escoger una de las <a href=\"https:\/\/espeltviticultors.com\/es\/enoturismo\/\" target=\"_blank\" rel=\"noopener\">fechas disponibles<\/a>.<\/p>\n<p>Una vez hecha la compra te podr\u00e1s descargar el vale en formato pdf para regalarlo a quien t\u00fa quieras.<\/p>\n<p>Si tienes dudas o quieres un vale regalo hecho a medida, <a href=\"mailto:%20enoturisme@espeltviticultors.com\">escr\u00edbenos.<\/a><\/p>\n<p>&nbsp;<\/p>\n","protected":false},"excerpt":{"rendered":"<p>Una visita para conocer los vi\u00f1edos de Mas Mar\u00e9s y nuestros vinos m\u00e1s especiales. Si quieres un regalo a medida, ll\u00e1manos!<\/p>\n","protected":false},"featured_media":3030,"template":"","meta":[],"product_brand":[],"product_cat":[141],"product_tag":[204,203],"class_list":{"0":"post-3137","1":"product","2":"type-product","3":"status-publish","4":"has-post-thumbnail","6":"product_cat-regalos","7":"product_tag-enoturismo","8":"product_tag-regalo","10":"first","11":"instock","12":"downloadable","13":"virtual","14":"purchasable","15":"product-type-simple"},"yoast_head":"<!-- This site is optimized with the Yoast SEO Premium plugin v19.3 (Yoast SEO v25.6) - https:\/\/yoast.com\/wordpress\/plugins\/seo\/ -->\n<title>Regala Visita Mas Mar\u00e9s - Espelt Viticultores<\/title>\n<meta name=\"description\" content=\"Regala Visita Mas Mar\u00e8s es una experiencia \u00fanica para conocer de cerca nuestro proyecto. Te transportar\u00e1 a un mundo mineral entre el mar y los vi\u00f1edos.\" \/>\n<meta name=\"robots\" content=\"index, follow, max-snippet:-1, max-image-preview:large, max-video-preview:-1\" \/>\n<link rel=\"canonical\" href=\"https:\/\/espeltviticultors.com\/es\/tienda\/regala-enoturismo-visita-mas-mares\/\" \/>\n<meta property=\"og:locale\" content=\"es_ES\" \/>\n<meta property=\"og:type\" content=\"article\" \/>\n<meta property=\"og:title\" content=\"Regala Visita Mas Mar\u00e9s\" \/>\n<meta property=\"og:description\" content=\"Una visita para conocer los vi\u00f1edos de Mas Mar\u00e9s y nuestros vinos m\u00e1s especiales. Si quieres un regalo a medida, ll\u00e1manos!\" \/>\n<meta property=\"og:url\" content=\"https:\/\/espeltviticultors.com\/es\/tienda\/regala-enoturismo-visita-mas-mares\/\" \/>\n<meta property=\"og:site_name\" content=\"Espelt Viticultores\" \/>\n<meta property=\"article:publisher\" content=\"https:\/\/www.facebook.com\/espelt.viticultors\" \/>\n<meta property=\"article:modified_time\" content=\"2025-05-06T14:36:00+00:00\" \/>\n<meta property=\"og:image\" content=\"https:\/\/espeltviticultors.com\/wp-content\/uploads\/2021\/04\/val_regal_mas_mares.jpg\" \/>\n\t<meta property=\"og:image:width\" content=\"800\" \/>\n\t<meta property=\"og:image:height\" content=\"630\" \/>\n\t<meta property=\"og:image:type\" content=\"image\/jpeg\" \/>\n<meta name=\"twitter:card\" content=\"summary_large_image\" \/>\n<meta name=\"twitter:site\" content=\"@CellerEspelt\" \/>\n<meta name=\"twitter:label1\" content=\"Precio\" \/>\n\t<meta name=\"twitter:data1\" content=\"38,00&nbsp;&euro;\" \/>\n\t<meta name=\"twitter:label2\" content=\"Availability\" \/>\n\t<meta name=\"twitter:data2\" content=\"In stock\" \/>\n<script type=\"application\/ld+json\" class=\"yoast-schema-graph\">{\"@context\":\"https:\/\/schema.org\",\"@graph\":[{\"@type\":\"WebPage\",\"@id\":\"https:\/\/espeltviticultors.com\/es\/tienda\/regala-enoturismo-visita-mas-mares\/\",\"url\":\"https:\/\/espeltviticultors.com\/es\/tienda\/regala-enoturismo-visita-mas-mares\/\",\"name\":\"Regala Visita Mas Mar\u00e9s - Espelt Viticultores\",\"isPartOf\":{\"@id\":\"https:\/\/espeltviticultors.com\/#website\"},\"primaryImageOfPage\":{\"@id\":\"https:\/\/espeltviticultors.com\/es\/tienda\/regala-enoturismo-visita-mas-mares\/#primaryimage\"},\"image\":{\"@id\":\"https:\/\/espeltviticultors.com\/es\/tienda\/regala-enoturismo-visita-mas-mares\/#primaryimage\"},\"thumbnailUrl\":\"https:\/\/espeltviticultors.com\/wp-content\/uploads\/2021\/04\/val_regal_mas_mares.jpg\",\"datePublished\":\"2021-04-23T12:38:11+00:00\",\"dateModified\":\"2025-05-06T14:36:00+00:00\",\"description\":\"Regala Visita Mas Mar\u00e8s es una experiencia \u00fanica para conocer de cerca nuestro proyecto. Te transportar\u00e1 a un mundo mineral entre el mar y los vi\u00f1edos.\",\"breadcrumb\":{\"@id\":\"https:\/\/espeltviticultors.com\/es\/tienda\/regala-enoturismo-visita-mas-mares\/#breadcrumb\"},\"inLanguage\":\"es\",\"potentialAction\":[{\"@type\":\"ReadAction\",\"target\":[\"https:\/\/espeltviticultors.com\/es\/tienda\/regala-enoturismo-visita-mas-mares\/\"]}]},{\"@type\":\"ImageObject\",\"inLanguage\":\"es\",\"@id\":\"https:\/\/espeltviticultors.com\/es\/tienda\/regala-enoturismo-visita-mas-mares\/#primaryimage\",\"url\":\"https:\/\/espeltviticultors.com\/wp-content\/uploads\/2021\/04\/val_regal_mas_mares.jpg\",\"contentUrl\":\"https:\/\/espeltviticultors.com\/wp-content\/uploads\/2021\/04\/val_regal_mas_mares.jpg\",\"width\":800,\"height\":630,\"caption\":\"val regal enoturisme\"},{\"@type\":\"BreadcrumbList\",\"@id\":\"https:\/\/espeltviticultors.com\/es\/tienda\/regala-enoturismo-visita-mas-mares\/#breadcrumb\",\"itemListElement\":[{\"@type\":\"ListItem\",\"position\":1,\"name\":\"Portada\",\"item\":\"https:\/\/espeltviticultors.com\/es\/\"},{\"@type\":\"ListItem\",\"position\":2,\"name\":\"Tienda\",\"item\":\"https:\/\/espeltviticultors.com\/es\/tienda\/\"},{\"@type\":\"ListItem\",\"position\":3,\"name\":\"Regala Visita Mas Mar\u00e9s\"}]},{\"@type\":\"WebSite\",\"@id\":\"https:\/\/espeltviticultors.com\/#website\",\"url\":\"https:\/\/espeltviticultors.com\/\",\"name\":\"Espelt Viticultores\",\"description\":\"Vinos del Empord\u00e0 i enoturismo\",\"publisher\":{\"@id\":\"https:\/\/espeltviticultors.com\/#organization\"},\"potentialAction\":[{\"@type\":\"SearchAction\",\"target\":{\"@type\":\"EntryPoint\",\"urlTemplate\":\"https:\/\/espeltviticultors.com\/?s={search_term_string}\"},\"query-input\":{\"@type\":\"PropertyValueSpecification\",\"valueRequired\":true,\"valueName\":\"search_term_string\"}}],\"inLanguage\":\"es\"},{\"@type\":\"Organization\",\"@id\":\"https:\/\/espeltviticultors.com\/#organization\",\"name\":\"Espelt Viticultors - tienda online\",\"url\":\"https:\/\/espeltviticultors.com\/\",\"logo\":{\"@type\":\"ImageObject\",\"inLanguage\":\"es\",\"@id\":\"https:\/\/espeltviticultors.com\/#\/schema\/logo\/image\/\",\"url\":\"https:\/\/espeltviticultors.com\/wp-content\/uploads\/2021\/02\/logo_color_trasparent.png\",\"contentUrl\":\"https:\/\/espeltviticultors.com\/wp-content\/uploads\/2021\/02\/logo_color_trasparent.png\",\"width\":818,\"height\":272,\"caption\":\"Espelt Viticultors - tienda online\"},\"image\":{\"@id\":\"https:\/\/espeltviticultors.com\/#\/schema\/logo\/image\/\"},\"sameAs\":[\"https:\/\/www.facebook.com\/espelt.viticultors\",\"https:\/\/x.com\/CellerEspelt\",\"https:\/\/www.instagram.com\/cellerespelt\/\"]}]}<\/script>\n<meta property=\"product:price:amount\" content=\"38.00\" \/>\n<meta property=\"product:price:currency\" content=\"EUR\" \/>\n<meta property=\"og:availability\" content=\"instock\" \/>\n<meta property=\"product:availability\" content=\"instock\" \/>\n<meta property=\"product:retailer_item_id\" content=\"2587\" \/>\n<meta property=\"product:condition\" content=\"new\" \/>\n<!-- \/ Yoast SEO Premium plugin. -->","yoast_head_json":{"title":"Regala Visita Mas Mar\u00e9s - Espelt Viticultores","description":"Regala Visita Mas Mar\u00e8s es una experiencia \u00fanica para conocer de cerca nuestro proyecto. Te transportar\u00e1 a un mundo mineral entre el mar y los vi\u00f1edos.","robots":{"index":"index","follow":"follow","max-snippet":"max-snippet:-1","max-image-preview":"max-image-preview:large","max-video-preview":"max-video-preview:-1"},"canonical":"https:\/\/espeltviticultors.com\/es\/tienda\/regala-enoturismo-visita-mas-mares\/","og_locale":"es_ES","og_type":"article","og_title":"Regala Visita Mas Mar\u00e9s","og_description":"Una visita para conocer los vi\u00f1edos de Mas Mar\u00e9s y nuestros vinos m\u00e1s especiales. Si quieres un regalo a medida, ll\u00e1manos!","og_url":"https:\/\/espeltviticultors.com\/es\/tienda\/regala-enoturismo-visita-mas-mares\/","og_site_name":"Espelt Viticultores","article_publisher":"https:\/\/www.facebook.com\/espelt.viticultors","article_modified_time":"2025-05-06T14:36:00+00:00","og_image":[{"width":800,"height":630,"url":"https:\/\/espeltviticultors.com\/wp-content\/uploads\/2021\/04\/val_regal_mas_mares.jpg","type":"image\/jpeg"}],"twitter_card":"summary_large_image","twitter_site":"@CellerEspelt","twitter_misc":{"Precio":"38,00&nbsp;&euro;","Availability":"In stock"},"schema":{"@context":"https:\/\/schema.org","@graph":[{"@type":"WebPage","@id":"https:\/\/espeltviticultors.com\/es\/tienda\/regala-enoturismo-visita-mas-mares\/","url":"https:\/\/espeltviticultors.com\/es\/tienda\/regala-enoturismo-visita-mas-mares\/","name":"Regala Visita Mas Mar\u00e9s - Espelt Viticultores","isPartOf":{"@id":"https:\/\/espeltviticultors.com\/#website"},"primaryImageOfPage":{"@id":"https:\/\/espeltviticultors.com\/es\/tienda\/regala-enoturismo-visita-mas-mares\/#primaryimage"},"image":{"@id":"https:\/\/espeltviticultors.com\/es\/tienda\/regala-enoturismo-visita-mas-mares\/#primaryimage"},"thumbnailUrl":"https:\/\/espeltviticultors.com\/wp-content\/uploads\/2021\/04\/val_regal_mas_mares.jpg","datePublished":"2021-04-23T12:38:11+00:00","dateModified":"2025-05-06T14:36:00+00:00","description":"Regala Visita Mas Mar\u00e8s es una experiencia \u00fanica para conocer de cerca nuestro proyecto. Te transportar\u00e1 a un mundo mineral entre el mar y los vi\u00f1edos.","breadcrumb":{"@id":"https:\/\/espeltviticultors.com\/es\/tienda\/regala-enoturismo-visita-mas-mares\/#breadcrumb"},"inLanguage":"es","potentialAction":[{"@type":"ReadAction","target":["https:\/\/espeltviticultors.com\/es\/tienda\/regala-enoturismo-visita-mas-mares\/"]}]},{"@type":"ImageObject","inLanguage":"es","@id":"https:\/\/espeltviticultors.com\/es\/tienda\/regala-enoturismo-visita-mas-mares\/#primaryimage","url":"https:\/\/espeltviticultors.com\/wp-content\/uploads\/2021\/04\/val_regal_mas_mares.jpg","contentUrl":"https:\/\/espeltviticultors.com\/wp-content\/uploads\/2021\/04\/val_regal_mas_mares.jpg","width":800,"height":630,"caption":"val regal enoturisme"},{"@type":"BreadcrumbList","@id":"https:\/\/espeltviticultors.com\/es\/tienda\/regala-enoturismo-visita-mas-mares\/#breadcrumb","itemListElement":[{"@type":"ListItem","position":1,"name":"Portada","item":"https:\/\/espeltviticultors.com\/es\/"},{"@type":"ListItem","position":2,"name":"Tienda","item":"https:\/\/espeltviticultors.com\/es\/tienda\/"},{"@type":"ListItem","position":3,"name":"Regala Visita Mas Mar\u00e9s"}]},{"@type":"WebSite","@id":"https:\/\/espeltviticultors.com\/#website","url":"https:\/\/espeltviticultors.com\/","name":"Espelt Viticultores","description":"Vinos del Empord\u00e0 i enoturismo","publisher":{"@id":"https:\/\/espeltviticultors.com\/#organization"},"potentialAction":[{"@type":"SearchAction","target":{"@type":"EntryPoint","urlTemplate":"https:\/\/espeltviticultors.com\/?s={search_term_string}"},"query-input":{"@type":"PropertyValueSpecification","valueRequired":true,"valueName":"search_term_string"}}],"inLanguage":"es"},{"@type":"Organization","@id":"https:\/\/espeltviticultors.com\/#organization","name":"Espelt Viticultors - tienda online","url":"https:\/\/espeltviticultors.com\/","logo":{"@type":"ImageObject","inLanguage":"es","@id":"https:\/\/espeltviticultors.com\/#\/schema\/logo\/image\/","url":"https:\/\/espeltviticultors.com\/wp-content\/uploads\/2021\/02\/logo_color_trasparent.png","contentUrl":"https:\/\/espeltviticultors.com\/wp-content\/uploads\/2021\/02\/logo_color_trasparent.png","width":818,"height":272,"caption":"Espelt Viticultors - tienda online"},"image":{"@id":"https:\/\/espeltviticultors.com\/#\/schema\/logo\/image\/"},"sameAs":["https:\/\/www.facebook.com\/espelt.viticultors","https:\/\/x.com\/CellerEspelt","https:\/\/www.instagram.com\/cellerespelt\/"]}]},"product_price_amount":"38.00","product_price_currency":"EUR","og_availability":"instock","product_availability":"instock","product_retailer_item_id":"2587","product_condition":"new"},"_links":{"self":[{"href":"https:\/\/espeltviticultors.com\/es\/wp-json\/wp\/v2\/product\/3137"}],"collection":[{"href":"https:\/\/espeltviticultors.com\/es\/wp-json\/wp\/v2\/product"}],"about":[{"href":"https:\/\/espeltviticultors.com\/es\/wp-json\/wp\/v2\/types\/product"}],"wp:featuredmedia":[{"embeddable":true,"href":"https:\/\/espeltviticultors.com\/es\/wp-json\/wp\/v2\/media\/3030"}],"wp:attachment":[{"href":"https:\/\/espeltviticultors.com\/es\/wp-json\/wp\/v2\/media?parent=3137"}],"wp:term":[{"taxonomy":"product_brand","embeddable":true,"href":"https:\/\/espeltviticultors.com\/es\/wp-json\/wp\/v2\/product_brand?post=3137"},{"taxonomy":"product_cat","embeddable":true,"href":"https:\/\/espeltviticultors.com\/es\/wp-json\/wp\/v2\/product_cat?post=3137"},{"taxonomy":"product_tag","embeddable":true,"href":"https:\/\/espeltviticultors.com\/es\/wp-json\/wp\/v2\/product_tag?post=3137"}],"curies":[{"name":"wp","href":"https:\/\/api.w.org\/{rel}","templated":true}]}}