{"id":3139,"date":"2021-04-23T14:30:54","date_gmt":"2021-04-23T12:30:54","guid":{"rendered":"https:\/\/wp.espeltviticultors.com\/botiga\/regala-vinos-50e\/"},"modified":"2022-01-12T10:30:11","modified_gmt":"2022-01-12T09:30:11","slug":"regala-vinos-50e","status":"publish","type":"product","link":"https:\/\/espeltviticultors.com\/es\/tienda\/regala-vinos-50e\/","title":{"rendered":"Regala Vinos 50\u20ac"},"content":{"rendered":"<p><strong>Regala Vinos 50 \u20ac<\/strong><\/p>\n<p>Compra un vale regalo por valor de:<\/p>\n<ul>\n<li>50 \u20ac<\/li>\n<\/ul>\n<p>Una puerta abierta a un mundo de sensaciones. Tenemos una amplia variedad de vinos, espumosos y dulces que se pueden combinar hasta el infinito en diferentes cajas y estuches de una, dos, tres, y hasta seis botellas. Si quieres completar el regalo tambi\u00e9n puedes a\u00f1adir un vale con una cata a medida, o con alguna visita de enoturismo a la bodega y los vi\u00f1edos. <a href=\"mailto:%20enoturisme@espeltviticultors.com\">\u00a1Escr\u00edbenos!<\/a>.<\/p>\n","protected":false},"excerpt":{"rendered":"<p>Un vale regalo para que quien lo reciba pueda escoger los vinos Espelt que quiera. \u00a1Regala vinos!<\/p>\n","protected":false},"featured_media":4071,"template":"","meta":[],"product_brand":[],"product_cat":[141],"product_tag":[203],"class_list":{"0":"post-3139","1":"product","2":"type-product","3":"status-publish","4":"has-post-thumbnail","6":"product_cat-regalos","7":"product_tag-regalo","9":"first","10":"instock","11":"downloadable","12":"virtual","13":"taxable","14":"purchasable","15":"product-type-simple"},"yoast_head":"<!-- This site is optimized with the Yoast SEO Premium plugin v19.3 (Yoast SEO v25.6) - https:\/\/yoast.com\/wordpress\/plugins\/seo\/ -->\n<title>Regala vinos 50 \u20ac - Espelt Viticultores<\/title>\n<meta name=\"description\" content=\"Un vale regalo para que quien lo reciba pueda escoger los vinos Espelt que quiera. \u00a1Regala vinos 50 \u20ac!\" \/>\n<meta name=\"robots\" content=\"index, follow, max-snippet:-1, max-image-preview:large, max-video-preview:-1\" \/>\n<link rel=\"canonical\" href=\"https:\/\/espeltviticultors.com\/es\/tienda\/regala-vinos-50e\/\" \/>\n<meta property=\"og:locale\" content=\"es_ES\" \/>\n<meta property=\"og:type\" content=\"article\" \/>\n<meta property=\"og:title\" content=\"Regala Vinos 50\u20ac\" \/>\n<meta property=\"og:description\" content=\"Un vale regalo para que quien lo reciba pueda escoger los vinos Espelt que quiera. \u00a1Regala vinos!\" \/>\n<meta property=\"og:url\" content=\"https:\/\/espeltviticultors.com\/es\/tienda\/regala-vinos-50e\/\" \/>\n<meta property=\"og:site_name\" content=\"Espelt Viticultores\" \/>\n<meta property=\"article:publisher\" content=\"https:\/\/www.facebook.com\/espelt.viticultors\" \/>\n<meta property=\"article:modified_time\" content=\"2022-01-12T09:30:11+00:00\" \/>\n<meta property=\"og:image\" content=\"https:\/\/espeltviticultors.com\/wp-content\/uploads\/2021\/04\/val_regal_vins_50-2.jpg\" \/>\n\t<meta property=\"og:image:width\" content=\"800\" \/>\n\t<meta property=\"og:image:height\" content=\"630\" \/>\n\t<meta property=\"og:image:type\" content=\"image\/jpeg\" \/>\n<meta name=\"twitter:card\" content=\"summary_large_image\" \/>\n<meta name=\"twitter:site\" content=\"@CellerEspelt\" \/>\n<meta name=\"twitter:label1\" content=\"Precio\" \/>\n\t<meta name=\"twitter:data1\" content=\"50,00&nbsp;&euro;\" \/>\n\t<meta name=\"twitter:label2\" content=\"Availability\" \/>\n\t<meta name=\"twitter:data2\" content=\"In stock\" \/>\n<script type=\"application\/ld+json\" class=\"yoast-schema-graph\">{\"@context\":\"https:\/\/schema.org\",\"@graph\":[{\"@type\":\"WebPage\",\"@id\":\"https:\/\/espeltviticultors.com\/es\/tienda\/regala-vinos-50e\/\",\"url\":\"https:\/\/espeltviticultors.com\/es\/tienda\/regala-vinos-50e\/\",\"name\":\"Regala vinos 50 \u20ac - Espelt Viticultores\",\"isPartOf\":{\"@id\":\"https:\/\/espeltviticultors.com\/#website\"},\"primaryImageOfPage\":{\"@id\":\"https:\/\/espeltviticultors.com\/es\/tienda\/regala-vinos-50e\/#primaryimage\"},\"image\":{\"@id\":\"https:\/\/espeltviticultors.com\/es\/tienda\/regala-vinos-50e\/#primaryimage\"},\"thumbnailUrl\":\"https:\/\/espeltviticultors.com\/wp-content\/uploads\/2021\/04\/val_regal_vins_50-2.jpg\",\"datePublished\":\"2021-04-23T12:30:54+00:00\",\"dateModified\":\"2022-01-12T09:30:11+00:00\",\"description\":\"Un vale regalo para que quien lo reciba pueda escoger los vinos Espelt que quiera. \u00a1Regala vinos 50 \u20ac!\",\"breadcrumb\":{\"@id\":\"https:\/\/espeltviticultors.com\/es\/tienda\/regala-vinos-50e\/#breadcrumb\"},\"inLanguage\":\"es\",\"potentialAction\":[{\"@type\":\"ReadAction\",\"target\":[\"https:\/\/espeltviticultors.com\/es\/tienda\/regala-vinos-50e\/\"]}]},{\"@type\":\"ImageObject\",\"inLanguage\":\"es\",\"@id\":\"https:\/\/espeltviticultors.com\/es\/tienda\/regala-vinos-50e\/#primaryimage\",\"url\":\"https:\/\/espeltviticultors.com\/wp-content\/uploads\/2021\/04\/val_regal_vins_50-2.jpg\",\"contentUrl\":\"https:\/\/espeltviticultors.com\/wp-content\/uploads\/2021\/04\/val_regal_vins_50-2.jpg\",\"width\":800,\"height\":630,\"caption\":\"val regal vins espelt 50\"},{\"@type\":\"BreadcrumbList\",\"@id\":\"https:\/\/espeltviticultors.com\/es\/tienda\/regala-vinos-50e\/#breadcrumb\",\"itemListElement\":[{\"@type\":\"ListItem\",\"position\":1,\"name\":\"Portada\",\"item\":\"https:\/\/espeltviticultors.com\/es\/\"},{\"@type\":\"ListItem\",\"position\":2,\"name\":\"Tienda\",\"item\":\"https:\/\/espeltviticultors.com\/es\/tienda\/\"},{\"@type\":\"ListItem\",\"position\":3,\"name\":\"Regala Vinos 50\u20ac\"}]},{\"@type\":\"WebSite\",\"@id\":\"https:\/\/espeltviticultors.com\/#website\",\"url\":\"https:\/\/espeltviticultors.com\/\",\"name\":\"Espelt Viticultores\",\"description\":\"Vinos del Empord\u00e0 i enoturismo\",\"publisher\":{\"@id\":\"https:\/\/espeltviticultors.com\/#organization\"},\"potentialAction\":[{\"@type\":\"SearchAction\",\"target\":{\"@type\":\"EntryPoint\",\"urlTemplate\":\"https:\/\/espeltviticultors.com\/?s={search_term_string}\"},\"query-input\":{\"@type\":\"PropertyValueSpecification\",\"valueRequired\":true,\"valueName\":\"search_term_string\"}}],\"inLanguage\":\"es\"},{\"@type\":\"Organization\",\"@id\":\"https:\/\/espeltviticultors.com\/#organization\",\"name\":\"Espelt Viticultors - tienda online\",\"url\":\"https:\/\/espeltviticultors.com\/\",\"logo\":{\"@type\":\"ImageObject\",\"inLanguage\":\"es\",\"@id\":\"https:\/\/espeltviticultors.com\/#\/schema\/logo\/image\/\",\"url\":\"https:\/\/espeltviticultors.com\/wp-content\/uploads\/2021\/02\/logo_color_trasparent.png\",\"contentUrl\":\"https:\/\/espeltviticultors.com\/wp-content\/uploads\/2021\/02\/logo_color_trasparent.png\",\"width\":818,\"height\":272,\"caption\":\"Espelt Viticultors - tienda online\"},\"image\":{\"@id\":\"https:\/\/espeltviticultors.com\/#\/schema\/logo\/image\/\"},\"sameAs\":[\"https:\/\/www.facebook.com\/espelt.viticultors\",\"https:\/\/x.com\/CellerEspelt\",\"https:\/\/www.instagram.com\/cellerespelt\/\"]}]}<\/script>\n<meta property=\"product:price:amount\" content=\"50.00\" \/>\n<meta property=\"product:price:currency\" content=\"EUR\" \/>\n<meta property=\"og:availability\" content=\"instock\" \/>\n<meta property=\"product:availability\" content=\"instock\" \/>\n<meta property=\"product:retailer_item_id\" content=\"2523\" \/>\n<meta property=\"product:condition\" content=\"new\" \/>\n<!-- \/ Yoast SEO Premium plugin. -->","yoast_head_json":{"title":"Regala vinos 50 \u20ac - Espelt Viticultores","description":"Un vale regalo para que quien lo reciba pueda escoger los vinos Espelt que quiera. \u00a1Regala vinos 50 \u20ac!","robots":{"index":"index","follow":"follow","max-snippet":"max-snippet:-1","max-image-preview":"max-image-preview:large","max-video-preview":"max-video-preview:-1"},"canonical":"https:\/\/espeltviticultors.com\/es\/tienda\/regala-vinos-50e\/","og_locale":"es_ES","og_type":"article","og_title":"Regala Vinos 50\u20ac","og_description":"Un vale regalo para que quien lo reciba pueda escoger los vinos Espelt que quiera. \u00a1Regala vinos!","og_url":"https:\/\/espeltviticultors.com\/es\/tienda\/regala-vinos-50e\/","og_site_name":"Espelt Viticultores","article_publisher":"https:\/\/www.facebook.com\/espelt.viticultors","article_modified_time":"2022-01-12T09:30:11+00:00","og_image":[{"width":800,"height":630,"url":"https:\/\/espeltviticultors.com\/wp-content\/uploads\/2021\/04\/val_regal_vins_50-2.jpg","type":"image\/jpeg"}],"twitter_card":"summary_large_image","twitter_site":"@CellerEspelt","twitter_misc":{"Precio":"50,00&nbsp;&euro;","Availability":"In stock"},"schema":{"@context":"https:\/\/schema.org","@graph":[{"@type":"WebPage","@id":"https:\/\/espeltviticultors.com\/es\/tienda\/regala-vinos-50e\/","url":"https:\/\/espeltviticultors.com\/es\/tienda\/regala-vinos-50e\/","name":"Regala vinos 50 \u20ac - Espelt Viticultores","isPartOf":{"@id":"https:\/\/espeltviticultors.com\/#website"},"primaryImageOfPage":{"@id":"https:\/\/espeltviticultors.com\/es\/tienda\/regala-vinos-50e\/#primaryimage"},"image":{"@id":"https:\/\/espeltviticultors.com\/es\/tienda\/regala-vinos-50e\/#primaryimage"},"thumbnailUrl":"https:\/\/espeltviticultors.com\/wp-content\/uploads\/2021\/04\/val_regal_vins_50-2.jpg","datePublished":"2021-04-23T12:30:54+00:00","dateModified":"2022-01-12T09:30:11+00:00","description":"Un vale regalo para que quien lo reciba pueda escoger los vinos Espelt que quiera. \u00a1Regala vinos 50 \u20ac!","breadcrumb":{"@id":"https:\/\/espeltviticultors.com\/es\/tienda\/regala-vinos-50e\/#breadcrumb"},"inLanguage":"es","potentialAction":[{"@type":"ReadAction","target":["https:\/\/espeltviticultors.com\/es\/tienda\/regala-vinos-50e\/"]}]},{"@type":"ImageObject","inLanguage":"es","@id":"https:\/\/espeltviticultors.com\/es\/tienda\/regala-vinos-50e\/#primaryimage","url":"https:\/\/espeltviticultors.com\/wp-content\/uploads\/2021\/04\/val_regal_vins_50-2.jpg","contentUrl":"https:\/\/espeltviticultors.com\/wp-content\/uploads\/2021\/04\/val_regal_vins_50-2.jpg","width":800,"height":630,"caption":"val regal vins espelt 50"},{"@type":"BreadcrumbList","@id":"https:\/\/espeltviticultors.com\/es\/tienda\/regala-vinos-50e\/#breadcrumb","itemListElement":[{"@type":"ListItem","position":1,"name":"Portada","item":"https:\/\/espeltviticultors.com\/es\/"},{"@type":"ListItem","position":2,"name":"Tienda","item":"https:\/\/espeltviticultors.com\/es\/tienda\/"},{"@type":"ListItem","position":3,"name":"Regala Vinos 50\u20ac"}]},{"@type":"WebSite","@id":"https:\/\/espeltviticultors.com\/#website","url":"https:\/\/espeltviticultors.com\/","name":"Espelt Viticultores","description":"Vinos del Empord\u00e0 i enoturismo","publisher":{"@id":"https:\/\/espeltviticultors.com\/#organization"},"potentialAction":[{"@type":"SearchAction","target":{"@type":"EntryPoint","urlTemplate":"https:\/\/espeltviticultors.com\/?s={search_term_string}"},"query-input":{"@type":"PropertyValueSpecification","valueRequired":true,"valueName":"search_term_string"}}],"inLanguage":"es"},{"@type":"Organization","@id":"https:\/\/espeltviticultors.com\/#organization","name":"Espelt Viticultors - tienda online","url":"https:\/\/espeltviticultors.com\/","logo":{"@type":"ImageObject","inLanguage":"es","@id":"https:\/\/espeltviticultors.com\/#\/schema\/logo\/image\/","url":"https:\/\/espeltviticultors.com\/wp-content\/uploads\/2021\/02\/logo_color_trasparent.png","contentUrl":"https:\/\/espeltviticultors.com\/wp-content\/uploads\/2021\/02\/logo_color_trasparent.png","width":818,"height":272,"caption":"Espelt Viticultors - tienda online"},"image":{"@id":"https:\/\/espeltviticultors.com\/#\/schema\/logo\/image\/"},"sameAs":["https:\/\/www.facebook.com\/espelt.viticultors","https:\/\/x.com\/CellerEspelt","https:\/\/www.instagram.com\/cellerespelt\/"]}]},"product_price_amount":"50.00","product_price_currency":"EUR","og_availability":"instock","product_availability":"instock","product_retailer_item_id":"2523","product_condition":"new"},"_links":{"self":[{"href":"https:\/\/espeltviticultors.com\/es\/wp-json\/wp\/v2\/product\/3139"}],"collection":[{"href":"https:\/\/espeltviticultors.com\/es\/wp-json\/wp\/v2\/product"}],"about":[{"href":"https:\/\/espeltviticultors.com\/es\/wp-json\/wp\/v2\/types\/product"}],"wp:featuredmedia":[{"embeddable":true,"href":"https:\/\/espeltviticultors.com\/es\/wp-json\/wp\/v2\/media\/4071"}],"wp:attachment":[{"href":"https:\/\/espeltviticultors.com\/es\/wp-json\/wp\/v2\/media?parent=3139"}],"wp:term":[{"taxonomy":"product_brand","embeddable":true,"href":"https:\/\/espeltviticultors.com\/es\/wp-json\/wp\/v2\/product_brand?post=3139"},{"taxonomy":"product_cat","embeddable":true,"href":"https:\/\/espeltviticultors.com\/es\/wp-json\/wp\/v2\/product_cat?post=3139"},{"taxonomy":"product_tag","embeddable":true,"href":"https:\/\/espeltviticultors.com\/es\/wp-json\/wp\/v2\/product_tag?post=3139"}],"curies":[{"name":"wp","href":"https:\/\/api.w.org\/{rel}","templated":true}]}}