{"id":3181,"date":"2021-03-04T09:03:33","date_gmt":"2021-03-04T08:03:33","guid":{"rendered":"https:\/\/espeltviticultors.com\/botiga\/quinze-roures\/"},"modified":"2025-05-19T15:23:20","modified_gmt":"2025-05-19T13:23:20","slug":"quinze-roures","status":"publish","type":"product","link":"https:\/\/espeltviticultors.com\/es\/tienda\/quinze-roures\/","title":{"rendered":"Quinze Roures 2023"},"content":{"rendered":"<article class=\"yellow_bg profile\">\n<div class=\"width-center clearfix relative\">\n<div class=\"width50\">\n<div class=\"gdlr-core-row-shortcode clearfix gdlr-core-item-rvpdlr\" ><div class=\"gdlr-core-column-shortcode gdlr-core-item-pdlr gdlr-core-column-40\" ><\/p>\n<h2><strong>Quinze Roures. A\u00f1ada 2023<\/strong><\/h2>\n<p><strong>Variedades<br \/>\n<\/strong>Lledoner roig (garnacha roja) | Lledoner blanc (garnacha blanca)<\/p>\n<p><strong>Tipo de vino<br \/>\n<\/strong>Blanco con crianza sobre l\u00edas en barrica y huevo de cemento. Ecol\u00f3gico<\/p>\n<p><strong>\u00bfC\u00f3mo es?<br \/>\n<\/strong>Sorprenden sus aromas de frutos seco y an\u00eds. En pocos segundos, se destapa en la boca y nos sorprende con su juventud. En su equilibrio destacan la mineralidad y la fruta, se\u00f1a de identidad de este vino de elegancia desbordante.<\/p>\n<p><strong>Viticultura<\/strong><br \/>\nRab\u00f3s: Vi\u00f1as viejas, muy viejas. Cari\u00f1enas, lledoners (garnachas) sobre pizarras. Vinos potentes, complejos, con buenas acidez y mucha vida.<\/p>\n<p><strong>Para acompa\u00f1ar&#8230;<\/strong><br \/>\n<span class=\"Y2IQFc\" lang=\"es\">Un gran vino para las comidas, con cuerpo y con aromas de especias. Podemos combinarlo con platos intensos: calderetas de pescado, arroz con verduras, pollo y mariscos, verduras de oto\u00f1o como la calabaza, escalivada de pimiento&#8230;<\/span><\/p>\n<p><img loading=\"lazy\" decoding=\"async\" class=\"alignleft wp-image-3893 size-full\" title=\"maridatge Quinze Roures amb peix\" src=\"https:\/\/espeltviticultors.com\/wp-content\/uploads\/2021\/05\/maridatge_fish_dark.png\" alt=\"maridatge Quinze Roures amb peix\" width=\"50\" height=\"50\" \/><img loading=\"lazy\" decoding=\"async\" class=\"alignleft wp-image-3899 size-full\" title=\"maridatge Quinze Roures amb verdures\" src=\"https:\/\/espeltviticultors.com\/wp-content\/uploads\/2021\/05\/maridatge_vegetal_dark.png\" alt=\"maridatge Quinze Roures amb verdures\" width=\"50\" height=\"50\" \/><\/p>\n<p>&nbsp;<\/p>\n<p>&nbsp;<\/p>\n<a class=\"gdlr-core-button gdlr-core-button-shortcode  gdlr-core-button-gradient gdlr-core-button-no-border\" href=\"https:\/\/espeltviticultors.com\/wp-content\/uploads\/2024\/07\/quinze_roures_2023_CAST-1.pdf\" target=\"_blank\"  style=\"margin-right: 20px;\"  ><span class=\"gdlr-core-content\"  >Ficha t\u00e9cnica<\/span><\/a>\n<p>\n<\/div><div class=\"gdlr-core-column-shortcode gdlr-core-item-pdlr gdlr-core-column-20\" ><\/p>\n<div class=\"width50\">\n<p class=\"title_section_profile\"><div class=\"gdlr-core-widget-list-shortcode\" id=\"gdlr-core-widget-list-0\"  ><h3 class=\"gdlr-core-widget-list-shortcode-title\"  ><strong>Reconocimientos<\/strong><\/h3><\/p>\n<ul>\n<li>90 puntos Guia Pe\u00f1\u00edn 2024<\/li>\n<li>9,37 puntos La Guia de Vins de Catalunya 2024<\/li>\n<li><span style=\"font-weight: 400;\">89 puntos Miquel Hudin<\/span><\/li>\n<li>Decanter Asia Awards Silver Medal 2018<\/li>\n<li>Decanter World Wine Awards: Medalla de Plata. 2013<\/li>\n<li>International Wine Challenge: Commended. 2015<\/li>\n<li>Medalla de Plata Mundus Vini. 2015<\/li>\n<\/ul>\n<p class=\"title_section_profile\"><\/div><\/p>\n<div class=\"gdlr-core-widget-list-shortcode\" id=\"gdlr-core-widget-list-0\"  ><h3 class=\"gdlr-core-widget-list-shortcode-title\"  ><strong>Certificaci\u00f3n ecol\u00f3gica<\/strong><\/h3><\/p>\n<ul>\n<li><img loading=\"lazy\" decoding=\"async\" class=\"\" src=\"https:\/\/espeltviticultors.com\/assets\/img\/Logo_alimentacion_ecologica.jpg\" width=\"88\" height=\"60\" \/><\/li>\n<\/ul>\n<p>&nbsp;<\/p>\n<p><\/div>\n<\/div>\n<p>\n<\/div><\/div>\n<\/div>\n<div class=\"width50\">\n<div class=\"flex flex-row\">\n<div class=\"wine_category\"><\/div>\n<div><\/div>\n<\/div>\n<\/div>\n<\/div>\n<\/article>\n","protected":false},"excerpt":{"rendered":"<p>El blanco que mejor resume nuestro car\u00e1cter y nuestra historia, la vi\u00f1a y el Empord\u00e0. Coupage de garnacha roja y blanca. Un vino muy elegante y gastron\u00f3mico.<\/p>\n","protected":false},"featured_media":1992,"template":"","meta":[],"product_brand":[],"product_cat":[94,142],"product_tag":[186,185,190,188,195],"class_list":{"0":"post-3181","1":"product","2":"type-product","3":"status-publish","4":"has-post-thumbnail","6":"product_cat-vinos","7":"product_cat-blanco-es","8":"product_tag-garnacha-blanca","9":"product_tag-garnacha-roja","10":"product_tag-lledoner-blanc-es","11":"product_tag-lledoner-roig-es","12":"product_tag-vinos-de-terroir","14":"first","15":"instock","16":"taxable","17":"shipping-taxable","18":"purchasable","19":"product-type-simple"},"yoast_head":"<!-- This site is optimized with the Yoast SEO Premium plugin v19.3 (Yoast SEO v25.6) - https:\/\/yoast.com\/wordpress\/plugins\/seo\/ -->\n<title>Quinze Roures 2023 - La historia y los vi\u00f1edos - Espelt Viticultores<\/title>\n<meta name=\"description\" content=\"El Quinze Roures es el blanco que mejor resume nuestro car\u00e1cter y la historia, la vi\u00f1a y el Empord\u00e0. Coupage de garnacha gris y blanco.\" \/>\n<meta name=\"robots\" content=\"index, follow, max-snippet:-1, max-image-preview:large, max-video-preview:-1\" \/>\n<link rel=\"canonical\" href=\"https:\/\/espeltviticultors.com\/es\/tienda\/quinze-roures\/\" \/>\n<meta property=\"og:locale\" content=\"es_ES\" \/>\n<meta property=\"og:type\" content=\"article\" \/>\n<meta property=\"og:title\" content=\"Quinze Roures 2023\" \/>\n<meta property=\"og:description\" content=\"El blanco que mejor resume nuestro car\u00e1cter y nuestra historia, la vi\u00f1a y el Empord\u00e0. Coupage de garnacha roja y blanca. Un vino muy elegante y gastron\u00f3mico.\" \/>\n<meta property=\"og:url\" content=\"https:\/\/espeltviticultors.com\/es\/tienda\/quinze-roures\/\" \/>\n<meta property=\"og:site_name\" content=\"Espelt Viticultores\" \/>\n<meta property=\"article:publisher\" content=\"https:\/\/www.facebook.com\/espelt.viticultors\" \/>\n<meta property=\"article:modified_time\" content=\"2025-05-19T13:23:20+00:00\" \/>\n<meta property=\"og:image\" content=\"https:\/\/espeltviticultors.com\/wp-content\/uploads\/2021\/03\/quinze_roures.jpg\" \/>\n\t<meta property=\"og:image:width\" content=\"800\" \/>\n\t<meta property=\"og:image:height\" content=\"630\" \/>\n\t<meta property=\"og:image:type\" content=\"image\/jpeg\" \/>\n<meta name=\"twitter:card\" content=\"summary_large_image\" \/>\n<meta name=\"twitter:site\" content=\"@CellerEspelt\" \/>\n<meta name=\"twitter:label1\" content=\"Precio\" \/>\n\t<meta name=\"twitter:data1\" content=\"13,75&nbsp;&euro;\" \/>\n\t<meta name=\"twitter:label2\" content=\"Availability\" \/>\n\t<meta name=\"twitter:data2\" content=\"In stock\" \/>\n<script type=\"application\/ld+json\" class=\"yoast-schema-graph\">{\"@context\":\"https:\/\/schema.org\",\"@graph\":[{\"@type\":\"WebPage\",\"@id\":\"https:\/\/espeltviticultors.com\/es\/tienda\/quinze-roures\/\",\"url\":\"https:\/\/espeltviticultors.com\/es\/tienda\/quinze-roures\/\",\"name\":\"Quinze Roures 2023 - La historia y los vi\u00f1edos - Espelt Viticultores\",\"isPartOf\":{\"@id\":\"https:\/\/espeltviticultors.com\/#website\"},\"primaryImageOfPage\":{\"@id\":\"https:\/\/espeltviticultors.com\/es\/tienda\/quinze-roures\/#primaryimage\"},\"image\":{\"@id\":\"https:\/\/espeltviticultors.com\/es\/tienda\/quinze-roures\/#primaryimage\"},\"thumbnailUrl\":\"https:\/\/espeltviticultors.com\/wp-content\/uploads\/2021\/03\/quinze_roures.jpg\",\"datePublished\":\"2021-03-04T08:03:33+00:00\",\"dateModified\":\"2025-05-19T13:23:20+00:00\",\"description\":\"El Quinze Roures es el blanco que mejor resume nuestro car\u00e1cter y la historia, la vi\u00f1a y el Empord\u00e0. Coupage de garnacha gris y blanco.\",\"breadcrumb\":{\"@id\":\"https:\/\/espeltviticultors.com\/es\/tienda\/quinze-roures\/#breadcrumb\"},\"inLanguage\":\"es\",\"potentialAction\":[{\"@type\":\"ReadAction\",\"target\":[\"https:\/\/espeltviticultors.com\/es\/tienda\/quinze-roures\/\"]}]},{\"@type\":\"ImageObject\",\"inLanguage\":\"es\",\"@id\":\"https:\/\/espeltviticultors.com\/es\/tienda\/quinze-roures\/#primaryimage\",\"url\":\"https:\/\/espeltviticultors.com\/wp-content\/uploads\/2021\/03\/quinze_roures.jpg\",\"contentUrl\":\"https:\/\/espeltviticultors.com\/wp-content\/uploads\/2021\/03\/quinze_roures.jpg\",\"width\":800,\"height\":630,\"caption\":\"Quinze Roures\"},{\"@type\":\"BreadcrumbList\",\"@id\":\"https:\/\/espeltviticultors.com\/es\/tienda\/quinze-roures\/#breadcrumb\",\"itemListElement\":[{\"@type\":\"ListItem\",\"position\":1,\"name\":\"Portada\",\"item\":\"https:\/\/espeltviticultors.com\/es\/\"},{\"@type\":\"ListItem\",\"position\":2,\"name\":\"Tienda\",\"item\":\"https:\/\/espeltviticultors.com\/es\/tienda\/\"},{\"@type\":\"ListItem\",\"position\":3,\"name\":\"Quinze Roures 2023\"}]},{\"@type\":\"WebSite\",\"@id\":\"https:\/\/espeltviticultors.com\/#website\",\"url\":\"https:\/\/espeltviticultors.com\/\",\"name\":\"Espelt Viticultores\",\"description\":\"Vinos del Empord\u00e0 i enoturismo\",\"publisher\":{\"@id\":\"https:\/\/espeltviticultors.com\/#organization\"},\"potentialAction\":[{\"@type\":\"SearchAction\",\"target\":{\"@type\":\"EntryPoint\",\"urlTemplate\":\"https:\/\/espeltviticultors.com\/?s={search_term_string}\"},\"query-input\":{\"@type\":\"PropertyValueSpecification\",\"valueRequired\":true,\"valueName\":\"search_term_string\"}}],\"inLanguage\":\"es\"},{\"@type\":\"Organization\",\"@id\":\"https:\/\/espeltviticultors.com\/#organization\",\"name\":\"Espelt Viticultors - tienda online\",\"url\":\"https:\/\/espeltviticultors.com\/\",\"logo\":{\"@type\":\"ImageObject\",\"inLanguage\":\"es\",\"@id\":\"https:\/\/espeltviticultors.com\/#\/schema\/logo\/image\/\",\"url\":\"https:\/\/espeltviticultors.com\/wp-content\/uploads\/2021\/02\/logo_color_trasparent.png\",\"contentUrl\":\"https:\/\/espeltviticultors.com\/wp-content\/uploads\/2021\/02\/logo_color_trasparent.png\",\"width\":818,\"height\":272,\"caption\":\"Espelt Viticultors - tienda online\"},\"image\":{\"@id\":\"https:\/\/espeltviticultors.com\/#\/schema\/logo\/image\/\"},\"sameAs\":[\"https:\/\/www.facebook.com\/espelt.viticultors\",\"https:\/\/x.com\/CellerEspelt\",\"https:\/\/www.instagram.com\/cellerespelt\/\"]}]}<\/script>\n<meta property=\"product:price:amount\" content=\"13.75\" \/>\n<meta property=\"product:price:currency\" content=\"EUR\" \/>\n<meta property=\"og:availability\" content=\"instock\" \/>\n<meta property=\"product:availability\" content=\"instock\" \/>\n<meta property=\"product:retailer_item_id\" content=\"1560\" \/>\n<meta property=\"product:condition\" content=\"new\" \/>\n<!-- \/ Yoast SEO Premium plugin. -->","yoast_head_json":{"title":"Quinze Roures 2023 - La historia y los vi\u00f1edos - Espelt Viticultores","description":"El Quinze Roures es el blanco que mejor resume nuestro car\u00e1cter y la historia, la vi\u00f1a y el Empord\u00e0. Coupage de garnacha gris y blanco.","robots":{"index":"index","follow":"follow","max-snippet":"max-snippet:-1","max-image-preview":"max-image-preview:large","max-video-preview":"max-video-preview:-1"},"canonical":"https:\/\/espeltviticultors.com\/es\/tienda\/quinze-roures\/","og_locale":"es_ES","og_type":"article","og_title":"Quinze Roures 2023","og_description":"El blanco que mejor resume nuestro car\u00e1cter y nuestra historia, la vi\u00f1a y el Empord\u00e0. Coupage de garnacha roja y blanca. Un vino muy elegante y gastron\u00f3mico.","og_url":"https:\/\/espeltviticultors.com\/es\/tienda\/quinze-roures\/","og_site_name":"Espelt Viticultores","article_publisher":"https:\/\/www.facebook.com\/espelt.viticultors","article_modified_time":"2025-05-19T13:23:20+00:00","og_image":[{"width":800,"height":630,"url":"https:\/\/espeltviticultors.com\/wp-content\/uploads\/2021\/03\/quinze_roures.jpg","type":"image\/jpeg"}],"twitter_card":"summary_large_image","twitter_site":"@CellerEspelt","twitter_misc":{"Precio":"13,75&nbsp;&euro;","Availability":"In stock"},"schema":{"@context":"https:\/\/schema.org","@graph":[{"@type":"WebPage","@id":"https:\/\/espeltviticultors.com\/es\/tienda\/quinze-roures\/","url":"https:\/\/espeltviticultors.com\/es\/tienda\/quinze-roures\/","name":"Quinze Roures 2023 - La historia y los vi\u00f1edos - Espelt Viticultores","isPartOf":{"@id":"https:\/\/espeltviticultors.com\/#website"},"primaryImageOfPage":{"@id":"https:\/\/espeltviticultors.com\/es\/tienda\/quinze-roures\/#primaryimage"},"image":{"@id":"https:\/\/espeltviticultors.com\/es\/tienda\/quinze-roures\/#primaryimage"},"thumbnailUrl":"https:\/\/espeltviticultors.com\/wp-content\/uploads\/2021\/03\/quinze_roures.jpg","datePublished":"2021-03-04T08:03:33+00:00","dateModified":"2025-05-19T13:23:20+00:00","description":"El Quinze Roures es el blanco que mejor resume nuestro car\u00e1cter y la historia, la vi\u00f1a y el Empord\u00e0. Coupage de garnacha gris y blanco.","breadcrumb":{"@id":"https:\/\/espeltviticultors.com\/es\/tienda\/quinze-roures\/#breadcrumb"},"inLanguage":"es","potentialAction":[{"@type":"ReadAction","target":["https:\/\/espeltviticultors.com\/es\/tienda\/quinze-roures\/"]}]},{"@type":"ImageObject","inLanguage":"es","@id":"https:\/\/espeltviticultors.com\/es\/tienda\/quinze-roures\/#primaryimage","url":"https:\/\/espeltviticultors.com\/wp-content\/uploads\/2021\/03\/quinze_roures.jpg","contentUrl":"https:\/\/espeltviticultors.com\/wp-content\/uploads\/2021\/03\/quinze_roures.jpg","width":800,"height":630,"caption":"Quinze Roures"},{"@type":"BreadcrumbList","@id":"https:\/\/espeltviticultors.com\/es\/tienda\/quinze-roures\/#breadcrumb","itemListElement":[{"@type":"ListItem","position":1,"name":"Portada","item":"https:\/\/espeltviticultors.com\/es\/"},{"@type":"ListItem","position":2,"name":"Tienda","item":"https:\/\/espeltviticultors.com\/es\/tienda\/"},{"@type":"ListItem","position":3,"name":"Quinze Roures 2023"}]},{"@type":"WebSite","@id":"https:\/\/espeltviticultors.com\/#website","url":"https:\/\/espeltviticultors.com\/","name":"Espelt Viticultores","description":"Vinos del Empord\u00e0 i enoturismo","publisher":{"@id":"https:\/\/espeltviticultors.com\/#organization"},"potentialAction":[{"@type":"SearchAction","target":{"@type":"EntryPoint","urlTemplate":"https:\/\/espeltviticultors.com\/?s={search_term_string}"},"query-input":{"@type":"PropertyValueSpecification","valueRequired":true,"valueName":"search_term_string"}}],"inLanguage":"es"},{"@type":"Organization","@id":"https:\/\/espeltviticultors.com\/#organization","name":"Espelt Viticultors - tienda online","url":"https:\/\/espeltviticultors.com\/","logo":{"@type":"ImageObject","inLanguage":"es","@id":"https:\/\/espeltviticultors.com\/#\/schema\/logo\/image\/","url":"https:\/\/espeltviticultors.com\/wp-content\/uploads\/2021\/02\/logo_color_trasparent.png","contentUrl":"https:\/\/espeltviticultors.com\/wp-content\/uploads\/2021\/02\/logo_color_trasparent.png","width":818,"height":272,"caption":"Espelt Viticultors - tienda online"},"image":{"@id":"https:\/\/espeltviticultors.com\/#\/schema\/logo\/image\/"},"sameAs":["https:\/\/www.facebook.com\/espelt.viticultors","https:\/\/x.com\/CellerEspelt","https:\/\/www.instagram.com\/cellerespelt\/"]}]},"product_price_amount":"13.75","product_price_currency":"EUR","og_availability":"instock","product_availability":"instock","product_retailer_item_id":"1560","product_condition":"new"},"_links":{"self":[{"href":"https:\/\/espeltviticultors.com\/es\/wp-json\/wp\/v2\/product\/3181"}],"collection":[{"href":"https:\/\/espeltviticultors.com\/es\/wp-json\/wp\/v2\/product"}],"about":[{"href":"https:\/\/espeltviticultors.com\/es\/wp-json\/wp\/v2\/types\/product"}],"wp:featuredmedia":[{"embeddable":true,"href":"https:\/\/espeltviticultors.com\/es\/wp-json\/wp\/v2\/media\/1992"}],"wp:attachment":[{"href":"https:\/\/espeltviticultors.com\/es\/wp-json\/wp\/v2\/media?parent=3181"}],"wp:term":[{"taxonomy":"product_brand","embeddable":true,"href":"https:\/\/espeltviticultors.com\/es\/wp-json\/wp\/v2\/product_brand?post=3181"},{"taxonomy":"product_cat","embeddable":true,"href":"https:\/\/espeltviticultors.com\/es\/wp-json\/wp\/v2\/product_cat?post=3181"},{"taxonomy":"product_tag","embeddable":true,"href":"https:\/\/espeltviticultors.com\/es\/wp-json\/wp\/v2\/product_tag?post=3181"}],"curies":[{"name":"wp","href":"https:\/\/api.w.org\/{rel}","templated":true}]}}