{"id":3183,"date":"2021-02-10T17:30:18","date_gmt":"2021-02-10T16:30:18","guid":{"rendered":"https:\/\/espeltviticultors.com\/botiga\/comabruna\/"},"modified":"2025-05-19T15:25:29","modified_gmt":"2025-05-19T13:25:29","slug":"coma-bruna","status":"publish","type":"product","link":"https:\/\/espeltviticultors.com\/es\/tienda\/coma-bruna\/","title":{"rendered":"Coma Bruna 2018"},"content":{"rendered":"<div class=\"gdlr-core-row-shortcode clearfix gdlr-core-item-rvpdlr\" ><div class=\"gdlr-core-column-shortcode gdlr-core-item-pdlr gdlr-core-column-40\" ><\/p>\n<h2><strong>Coma Bruna &#8211; A\u00f1ada 2018<\/strong><\/h2>\n<p><strong>Tipo de vino<br \/>\n<\/strong>Vino de la tierra, estructurado y elegante, 18 meses de barrica.<\/p>\n<p><strong>Variedades<br \/>\n<\/strong>Cari\u00f1ena 100%.<\/p>\n<p class=\"title_section_profile\"><strong>\u00bfC\u00f3mo es?<br \/>\n<\/strong>El ComaBruna es mediterr\u00e1neo, intenso y robusto en todos los sentidos: por el color, la nariz y el gusto. Intenso como la tramontana, como el romero de la monta\u00f1a. Robusto y nervioso a la vez. Preferencias de ciruela y trufa. Redondo y largo.<\/p>\n<p><strong>Viticultura<br \/>\n<\/strong>Rab\u00f3s: Vi\u00f1as viejas, muy viejas. Cari\u00f1enas, garnachas sobre pizarras. Vinos potentes, complejos, con buenas acidez y mucha vida.<\/p>\n<p class=\"title_section_profile\"><strong>Para acompa\u00f1ar&#8230;<br \/>\n<\/strong>Generalmente preferimos la carne: buey o cortes grasos de cerdo ib\u00e9rico, como la toma o el secreto. Tambi\u00e9n nos gusta la caza de pelo, m\u00e1s que la de pluma, para disfrutar del ComaBruna. Todos los acompa\u00f1amientos de legumbres quedan bien. Y si sobra algo de vino despu\u00e9s de comer, guardar sitio para acompa\u00f1ar un trozo de queso manchego viejo. La sal del queso suavizar\u00e1 la textura del vino y har\u00e1 que sea a\u00fan m\u00e1s dulce.<\/p>\n<p><img loading=\"lazy\" decoding=\"async\" class=\"alignnone size-full wp-image-3912 alignleft\" src=\"https:\/\/espeltviticultors.com\/wp-content\/uploads\/2021\/05\/maridatge_chicken_dark.png\" alt=\"\" width=\"50\" height=\"50\" \/><img loading=\"lazy\" decoding=\"async\" class=\"alignnone size-full wp-image-3896 alignleft\" src=\"https:\/\/espeltviticultors.com\/wp-content\/uploads\/2021\/05\/maridatge_steak_dark.png\" alt=\"\" width=\"50\" height=\"50\" \/><img loading=\"lazy\" decoding=\"async\" class=\"alignnone size-full wp-image-3905 alignleft\" src=\"https:\/\/espeltviticultors.com\/wp-content\/uploads\/2021\/05\/maridatge_cheese_dark-1.png\" alt=\"\" width=\"50\" height=\"50\" \/><\/p>\n<p>&nbsp;<\/p>\n<p>&nbsp;<\/p>\n<a class=\"gdlr-core-button gdlr-core-button-shortcode  gdlr-core-button-gradient gdlr-core-button-no-border\" href=\"https:\/\/espeltviticultors.com\/wp-content\/uploads\/2024\/03\/comabruna_2018_CAST-1.pdf\" target=\"_blank\"  style=\"margin-right: 20px;\"  ><span class=\"gdlr-core-content\"  >Ficha t\u00e9cnica<\/span><\/a>\n<p>\n<\/div><div class=\"gdlr-core-column-shortcode gdlr-core-item-pdlr gdlr-core-column-20\" ><\/p>\n<div class=\"gdlr-core-widget-list-shortcode\" id=\"gdlr-core-widget-list-0\"  ><h3 class=\"gdlr-core-widget-list-shortcode-title\"  >Reconocimientos<\/h3><\/p>\n<ul>\n<li>Decanter World Wine Awards: Medalla de Plata, 2022<\/li>\n<li>94 puntos Sarah Jane Evans, de Decanter<\/li>\n<li class=\"wine_category\">16,5 puntos Jancis Robinson<\/li>\n<li>93 punts Guia Pe\u00f1\u00edn 2025<\/li>\n<li>9,72 punts Guia de Vins de Catalunya 2024<\/li>\n<li>92,5 puntos Premis Vinari 2020<\/li>\n<li><span style=\"font-weight: 400;\">92+ puntos Miquel Hudin<\/span><\/li>\n<li>Decanter World Wine Awards: Medalla de Bronce. 2020<\/li>\n<li>Decanter Asia Awards 2018: Commended<\/li>\n<li class=\"wine_category\">Vinari de Bronce a los Mejores Vinos Tintos de Guarda. 2016<\/li>\n<li>Berliner Wein Throphy: Medalla de Oro. 2015<\/li>\n<li>91 puntos Parker. 2014<\/li>\n<li>Decanter Asia Wine Awards: Best in show, Regional Trophy. 2014<\/li>\n<li>Concours Mondial Bruxelles: Medalla de Plata.2013<\/li>\n<\/ul>\n<p><\/div>\n<p>\n<\/div><\/div>\n<div class=\"flex flex-row\">\n<div class=\"width49 wine_detail_little_box wine_detail_viticulture_box\"><\/div>\n<\/div>\n","protected":false},"excerpt":{"rendered":"<p>Vi\u00f1as viejas y sabias. El ComaBruna sale de una vi\u00f1a centenaria de cari\u00f1ena plantada en 1901 sobre suelos de pizarra. Rendimientos bajos y mucha concentraci\u00f3n.<\/p>\n","protected":false},"featured_media":1496,"template":"","meta":[],"product_brand":[],"product_cat":[94,98],"product_tag":[181,194],"class_list":{"0":"post-3183","1":"product","2":"type-product","3":"status-publish","4":"has-post-thumbnail","6":"product_cat-vinos","7":"product_cat-tinto","8":"product_tag-carinena","9":"product_tag-esencia","11":"first","12":"instock","13":"taxable","14":"shipping-taxable","15":"purchasable","16":"product-type-simple"},"yoast_head":"<!-- This site is optimized with the Yoast SEO Premium plugin v19.3 (Yoast SEO v25.6) - https:\/\/yoast.com\/wordpress\/plugins\/seo\/ -->\n<title>Coma Bruna 2018 - Espelt Viticultores<\/title>\n<meta name=\"description\" content=\"Vi\u00f1as viejas y sabias. El Coma Bruna sale de una vi\u00f1a centenaria de cari\u00f1ena plantada en 1901 sobre suelos de pizarra.\" \/>\n<meta name=\"robots\" content=\"index, follow, max-snippet:-1, max-image-preview:large, max-video-preview:-1\" \/>\n<link rel=\"canonical\" href=\"https:\/\/espeltviticultors.com\/es\/tienda\/coma-bruna\/\" \/>\n<meta property=\"og:locale\" content=\"es_ES\" \/>\n<meta property=\"og:type\" content=\"article\" \/>\n<meta property=\"og:title\" content=\"Coma Bruna 2018\" \/>\n<meta property=\"og:description\" content=\"Vi\u00f1as viejas y sabias. El ComaBruna sale de una vi\u00f1a centenaria de cari\u00f1ena plantada en 1901 sobre suelos de pizarra. Rendimientos bajos y mucha concentraci\u00f3n.\" \/>\n<meta property=\"og:url\" content=\"https:\/\/espeltviticultors.com\/es\/tienda\/coma-bruna\/\" \/>\n<meta property=\"og:site_name\" content=\"Espelt Viticultores\" \/>\n<meta property=\"article:publisher\" content=\"https:\/\/www.facebook.com\/espelt.viticultors\" \/>\n<meta property=\"article:modified_time\" content=\"2025-05-19T13:25:29+00:00\" \/>\n<meta property=\"og:image\" content=\"https:\/\/espeltviticultors.com\/wp-content\/uploads\/2021\/02\/comabruna.jpg\" \/>\n\t<meta property=\"og:image:width\" content=\"800\" \/>\n\t<meta property=\"og:image:height\" content=\"630\" \/>\n\t<meta property=\"og:image:type\" content=\"image\/jpeg\" \/>\n<meta name=\"twitter:card\" content=\"summary_large_image\" \/>\n<meta name=\"twitter:site\" content=\"@CellerEspelt\" \/>\n<meta name=\"twitter:label1\" content=\"Precio\" \/>\n\t<meta name=\"twitter:data1\" content=\"27,55&nbsp;&euro;\" \/>\n\t<meta name=\"twitter:label2\" content=\"Availability\" \/>\n\t<meta name=\"twitter:data2\" content=\"In stock\" \/>\n<script type=\"application\/ld+json\" class=\"yoast-schema-graph\">{\"@context\":\"https:\/\/schema.org\",\"@graph\":[{\"@type\":\"WebPage\",\"@id\":\"https:\/\/espeltviticultors.com\/es\/tienda\/coma-bruna\/\",\"url\":\"https:\/\/espeltviticultors.com\/es\/tienda\/coma-bruna\/\",\"name\":\"Coma Bruna 2018 - Espelt Viticultores\",\"isPartOf\":{\"@id\":\"https:\/\/espeltviticultors.com\/#website\"},\"primaryImageOfPage\":{\"@id\":\"https:\/\/espeltviticultors.com\/es\/tienda\/coma-bruna\/#primaryimage\"},\"image\":{\"@id\":\"https:\/\/espeltviticultors.com\/es\/tienda\/coma-bruna\/#primaryimage\"},\"thumbnailUrl\":\"https:\/\/espeltviticultors.com\/wp-content\/uploads\/2021\/02\/comabruna.jpg\",\"datePublished\":\"2021-02-10T16:30:18+00:00\",\"dateModified\":\"2025-05-19T13:25:29+00:00\",\"description\":\"Vi\u00f1as viejas y sabias. El Coma Bruna sale de una vi\u00f1a centenaria de cari\u00f1ena plantada en 1901 sobre suelos de pizarra.\",\"breadcrumb\":{\"@id\":\"https:\/\/espeltviticultors.com\/es\/tienda\/coma-bruna\/#breadcrumb\"},\"inLanguage\":\"es\",\"potentialAction\":[{\"@type\":\"ReadAction\",\"target\":[\"https:\/\/espeltviticultors.com\/es\/tienda\/coma-bruna\/\"]}]},{\"@type\":\"ImageObject\",\"inLanguage\":\"es\",\"@id\":\"https:\/\/espeltviticultors.com\/es\/tienda\/coma-bruna\/#primaryimage\",\"url\":\"https:\/\/espeltviticultors.com\/wp-content\/uploads\/2021\/02\/comabruna.jpg\",\"contentUrl\":\"https:\/\/espeltviticultors.com\/wp-content\/uploads\/2021\/02\/comabruna.jpg\",\"width\":800,\"height\":630,\"caption\":\"Coma Bruna\"},{\"@type\":\"BreadcrumbList\",\"@id\":\"https:\/\/espeltviticultors.com\/es\/tienda\/coma-bruna\/#breadcrumb\",\"itemListElement\":[{\"@type\":\"ListItem\",\"position\":1,\"name\":\"Portada\",\"item\":\"https:\/\/espeltviticultors.com\/es\/\"},{\"@type\":\"ListItem\",\"position\":2,\"name\":\"Tienda\",\"item\":\"https:\/\/espeltviticultors.com\/es\/tienda\/\"},{\"@type\":\"ListItem\",\"position\":3,\"name\":\"Coma Bruna 2018\"}]},{\"@type\":\"WebSite\",\"@id\":\"https:\/\/espeltviticultors.com\/#website\",\"url\":\"https:\/\/espeltviticultors.com\/\",\"name\":\"Espelt Viticultores\",\"description\":\"Vinos del Empord\u00e0 i enoturismo\",\"publisher\":{\"@id\":\"https:\/\/espeltviticultors.com\/#organization\"},\"potentialAction\":[{\"@type\":\"SearchAction\",\"target\":{\"@type\":\"EntryPoint\",\"urlTemplate\":\"https:\/\/espeltviticultors.com\/?s={search_term_string}\"},\"query-input\":{\"@type\":\"PropertyValueSpecification\",\"valueRequired\":true,\"valueName\":\"search_term_string\"}}],\"inLanguage\":\"es\"},{\"@type\":\"Organization\",\"@id\":\"https:\/\/espeltviticultors.com\/#organization\",\"name\":\"Espelt Viticultors - tienda online\",\"url\":\"https:\/\/espeltviticultors.com\/\",\"logo\":{\"@type\":\"ImageObject\",\"inLanguage\":\"es\",\"@id\":\"https:\/\/espeltviticultors.com\/#\/schema\/logo\/image\/\",\"url\":\"https:\/\/espeltviticultors.com\/wp-content\/uploads\/2021\/02\/logo_color_trasparent.png\",\"contentUrl\":\"https:\/\/espeltviticultors.com\/wp-content\/uploads\/2021\/02\/logo_color_trasparent.png\",\"width\":818,\"height\":272,\"caption\":\"Espelt Viticultors - tienda online\"},\"image\":{\"@id\":\"https:\/\/espeltviticultors.com\/#\/schema\/logo\/image\/\"},\"sameAs\":[\"https:\/\/www.facebook.com\/espelt.viticultors\",\"https:\/\/x.com\/CellerEspelt\",\"https:\/\/www.instagram.com\/cellerespelt\/\"]}]}<\/script>\n<meta property=\"product:price:amount\" content=\"27.55\" \/>\n<meta property=\"product:price:currency\" content=\"EUR\" \/>\n<meta property=\"og:availability\" content=\"instock\" \/>\n<meta property=\"product:availability\" content=\"instock\" \/>\n<meta property=\"product:retailer_item_id\" content=\"1493\" \/>\n<meta property=\"product:condition\" content=\"new\" \/>\n<!-- \/ Yoast SEO Premium plugin. -->","yoast_head_json":{"title":"Coma Bruna 2018 - Espelt Viticultores","description":"Vi\u00f1as viejas y sabias. El Coma Bruna sale de una vi\u00f1a centenaria de cari\u00f1ena plantada en 1901 sobre suelos de pizarra.","robots":{"index":"index","follow":"follow","max-snippet":"max-snippet:-1","max-image-preview":"max-image-preview:large","max-video-preview":"max-video-preview:-1"},"canonical":"https:\/\/espeltviticultors.com\/es\/tienda\/coma-bruna\/","og_locale":"es_ES","og_type":"article","og_title":"Coma Bruna 2018","og_description":"Vi\u00f1as viejas y sabias. El ComaBruna sale de una vi\u00f1a centenaria de cari\u00f1ena plantada en 1901 sobre suelos de pizarra. Rendimientos bajos y mucha concentraci\u00f3n.","og_url":"https:\/\/espeltviticultors.com\/es\/tienda\/coma-bruna\/","og_site_name":"Espelt Viticultores","article_publisher":"https:\/\/www.facebook.com\/espelt.viticultors","article_modified_time":"2025-05-19T13:25:29+00:00","og_image":[{"width":800,"height":630,"url":"https:\/\/espeltviticultors.com\/wp-content\/uploads\/2021\/02\/comabruna.jpg","type":"image\/jpeg"}],"twitter_card":"summary_large_image","twitter_site":"@CellerEspelt","twitter_misc":{"Precio":"27,55&nbsp;&euro;","Availability":"In stock"},"schema":{"@context":"https:\/\/schema.org","@graph":[{"@type":"WebPage","@id":"https:\/\/espeltviticultors.com\/es\/tienda\/coma-bruna\/","url":"https:\/\/espeltviticultors.com\/es\/tienda\/coma-bruna\/","name":"Coma Bruna 2018 - Espelt Viticultores","isPartOf":{"@id":"https:\/\/espeltviticultors.com\/#website"},"primaryImageOfPage":{"@id":"https:\/\/espeltviticultors.com\/es\/tienda\/coma-bruna\/#primaryimage"},"image":{"@id":"https:\/\/espeltviticultors.com\/es\/tienda\/coma-bruna\/#primaryimage"},"thumbnailUrl":"https:\/\/espeltviticultors.com\/wp-content\/uploads\/2021\/02\/comabruna.jpg","datePublished":"2021-02-10T16:30:18+00:00","dateModified":"2025-05-19T13:25:29+00:00","description":"Vi\u00f1as viejas y sabias. El Coma Bruna sale de una vi\u00f1a centenaria de cari\u00f1ena plantada en 1901 sobre suelos de pizarra.","breadcrumb":{"@id":"https:\/\/espeltviticultors.com\/es\/tienda\/coma-bruna\/#breadcrumb"},"inLanguage":"es","potentialAction":[{"@type":"ReadAction","target":["https:\/\/espeltviticultors.com\/es\/tienda\/coma-bruna\/"]}]},{"@type":"ImageObject","inLanguage":"es","@id":"https:\/\/espeltviticultors.com\/es\/tienda\/coma-bruna\/#primaryimage","url":"https:\/\/espeltviticultors.com\/wp-content\/uploads\/2021\/02\/comabruna.jpg","contentUrl":"https:\/\/espeltviticultors.com\/wp-content\/uploads\/2021\/02\/comabruna.jpg","width":800,"height":630,"caption":"Coma Bruna"},{"@type":"BreadcrumbList","@id":"https:\/\/espeltviticultors.com\/es\/tienda\/coma-bruna\/#breadcrumb","itemListElement":[{"@type":"ListItem","position":1,"name":"Portada","item":"https:\/\/espeltviticultors.com\/es\/"},{"@type":"ListItem","position":2,"name":"Tienda","item":"https:\/\/espeltviticultors.com\/es\/tienda\/"},{"@type":"ListItem","position":3,"name":"Coma Bruna 2018"}]},{"@type":"WebSite","@id":"https:\/\/espeltviticultors.com\/#website","url":"https:\/\/espeltviticultors.com\/","name":"Espelt Viticultores","description":"Vinos del Empord\u00e0 i enoturismo","publisher":{"@id":"https:\/\/espeltviticultors.com\/#organization"},"potentialAction":[{"@type":"SearchAction","target":{"@type":"EntryPoint","urlTemplate":"https:\/\/espeltviticultors.com\/?s={search_term_string}"},"query-input":{"@type":"PropertyValueSpecification","valueRequired":true,"valueName":"search_term_string"}}],"inLanguage":"es"},{"@type":"Organization","@id":"https:\/\/espeltviticultors.com\/#organization","name":"Espelt Viticultors - tienda online","url":"https:\/\/espeltviticultors.com\/","logo":{"@type":"ImageObject","inLanguage":"es","@id":"https:\/\/espeltviticultors.com\/#\/schema\/logo\/image\/","url":"https:\/\/espeltviticultors.com\/wp-content\/uploads\/2021\/02\/logo_color_trasparent.png","contentUrl":"https:\/\/espeltviticultors.com\/wp-content\/uploads\/2021\/02\/logo_color_trasparent.png","width":818,"height":272,"caption":"Espelt Viticultors - tienda online"},"image":{"@id":"https:\/\/espeltviticultors.com\/#\/schema\/logo\/image\/"},"sameAs":["https:\/\/www.facebook.com\/espelt.viticultors","https:\/\/x.com\/CellerEspelt","https:\/\/www.instagram.com\/cellerespelt\/"]}]},"product_price_amount":"27.55","product_price_currency":"EUR","og_availability":"instock","product_availability":"instock","product_retailer_item_id":"1493","product_condition":"new"},"_links":{"self":[{"href":"https:\/\/espeltviticultors.com\/es\/wp-json\/wp\/v2\/product\/3183"}],"collection":[{"href":"https:\/\/espeltviticultors.com\/es\/wp-json\/wp\/v2\/product"}],"about":[{"href":"https:\/\/espeltviticultors.com\/es\/wp-json\/wp\/v2\/types\/product"}],"wp:featuredmedia":[{"embeddable":true,"href":"https:\/\/espeltviticultors.com\/es\/wp-json\/wp\/v2\/media\/1496"}],"wp:attachment":[{"href":"https:\/\/espeltviticultors.com\/es\/wp-json\/wp\/v2\/media?parent=3183"}],"wp:term":[{"taxonomy":"product_brand","embeddable":true,"href":"https:\/\/espeltviticultors.com\/es\/wp-json\/wp\/v2\/product_brand?post=3183"},{"taxonomy":"product_cat","embeddable":true,"href":"https:\/\/espeltviticultors.com\/es\/wp-json\/wp\/v2\/product_cat?post=3183"},{"taxonomy":"product_tag","embeddable":true,"href":"https:\/\/espeltviticultors.com\/es\/wp-json\/wp\/v2\/product_tag?post=3183"}],"curies":[{"name":"wp","href":"https:\/\/api.w.org\/{rel}","templated":true}]}}