{"id":3184,"date":"2021-02-17T10:00:48","date_gmt":"2021-02-17T09:00:48","guid":{"rendered":"https:\/\/espeltviticultors.com\/botiga\/lledoner-roig\/"},"modified":"2025-05-19T15:24:22","modified_gmt":"2025-05-19T13:24:22","slug":"lledoner-roig","status":"publish","type":"product","link":"https:\/\/espeltviticultors.com\/es\/tienda\/lledoner-roig\/","title":{"rendered":"Lledoner Roig 2020"},"content":{"rendered":"<article class=\"yellow_bg profile\">\n<div class=\"width-center clearfix relative\">\n<div class=\"width50\">\n<div class=\"gdlr-core-row-shortcode clearfix gdlr-core-item-rvpdlr\" ><div class=\"gdlr-core-column-shortcode gdlr-core-item-pdlr gdlr-core-column-40\" ><\/p>\n<h2><strong>Lledoner Roig &#8211; A\u00f1ada 2020<\/strong><\/h2>\n<p><strong>Tipo de vino<br \/>\n<\/strong>Blanco de garnacha roja, fermentado parcialmente en inox y, despu\u00e9s, pasa por huevo de cemento, con las l\u00edas en suspensi\u00f3n, durante 6 meses.<\/p>\n<p><strong>Variedades<br \/>\n<\/strong>Lledoner roig 100% (garnacha roja)<\/p>\n<p><strong>\u00bfC\u00f3mo es?<br \/>\n<\/strong>Tiene aromas de flor de naranjo, manzanilla, piedra y ropa limpia. En boca, tiene volumen y es fresco. El gusto de c\u00edtricos perdura y deja una sensaci\u00f3n fresca y agradable.<\/p>\n<p><strong>Viticultura<\/strong><br \/>\nRab\u00f3s: Vi\u00f1as viejas, muy viejas. Cari\u00f1enas, garnachas sobre pizarras. Vinos potentes, complejos, con buenas acidez y mucha vida.<\/p>\n<p><strong>Para acompa\u00f1ar&#8230;<\/strong><br \/>\nPlatos con hinojo o apio. Gambas, almejas y pescado al horno (rodaballo, rape, merluza). \u00a1Piensa en el Lledoner Roig la pr\u00f3xima vez que vayas a la pescader\u00eda!<\/p>\n<p><img loading=\"lazy\" decoding=\"async\" class=\"alignleft wp-image-3912 size-full\" title=\"maridatge carn blanca lledoner roig\" src=\"https:\/\/espeltviticultors.com\/wp-content\/uploads\/2021\/05\/maridatge_chicken_dark.png\" alt=\"maridatge carn blanca lledoner roig\" width=\"50\" height=\"50\" \/><img loading=\"lazy\" decoding=\"async\" class=\"alignleft wp-image-3899 size-full\" title=\"maridatge verdures i lledoner roig\" src=\"https:\/\/espeltviticultors.com\/wp-content\/uploads\/2021\/05\/maridatge_vegetal_dark.png\" alt=\"maridatge verdures i lledoner roig\" width=\"50\" height=\"50\" \/><img loading=\"lazy\" decoding=\"async\" class=\"alignleft wp-image-3893 size-full\" title=\"maridatge peix i lledoner roig\" src=\"https:\/\/espeltviticultors.com\/wp-content\/uploads\/2021\/05\/maridatge_fish_dark.png\" alt=\"maridatge peix i lledoner roig\" width=\"50\" height=\"50\" \/><\/p>\n<p>&nbsp;<\/p>\n<p>&nbsp;<\/p>\n<a class=\"gdlr-core-button gdlr-core-button-shortcode  gdlr-core-button-gradient gdlr-core-button-no-border\" href=\"https:\/\/espeltviticultors.com\/wp-content\/uploads\/2024\/03\/lledoner_roig_2020_CAST.pdf\" target=\"_blank\"  style=\"margin-right: 20px;\"  ><span class=\"gdlr-core-content\"  >Ficha t\u00e9cnica<\/span><\/a>\n<p>\n<\/div><div class=\"gdlr-core-column-shortcode gdlr-core-item-pdlr gdlr-core-column-20\" ><\/p>\n<div class=\"gdlr-core-widget-list-shortcode\" id=\"gdlr-core-widget-list-0\"  ><h3 class=\"gdlr-core-widget-list-shortcode-title\"  >Reconocimientos<\/h3><\/p>\n<ul>\n<li>92 puntos Gu\u00eda Pe\u00f1\u00edn, 2025<\/li>\n<li>9,83 puntos La Guia de Vins de Catalunya 2024<\/li>\n<li><span style=\"font-weight: 400;\">Decanter World Wine Awards: Medalla de Plata. 2022<\/span><\/li>\n<li><span style=\"font-weight: 400;\">90+ puntos Miquel Hudin<\/span><\/li>\n<\/ul>\n<p><\/div>\n<div class=\"gdlr-core-widget-list-shortcode\" id=\"gdlr-core-widget-list-0\"  ><h3 class=\"gdlr-core-widget-list-shortcode-title\"  ><strong>Certificaci\u00f3 ecol\u00f2gica<\/strong><\/h3><\/div>\n<ul>\n<li><img loading=\"lazy\" decoding=\"async\" class=\"alignnone\" title=\"certificat ecol\u00f2gic Saul\u00f3\" src=\"https:\/\/espeltviticultors.com\/assets\/img\/Logo_alimentacion_ecologica.jpg\" alt=\"certificat ecol\u00f2gic Saul\u00f3\" width=\"88\" height=\"60\" \/><\/li>\n<\/ul>\n<p>\n<\/div><\/div>\n<\/div>\n<div class=\"width50\">\n<div class=\"flex flex-row\">\n<div><\/div>\n<\/div>\n<\/div>\n<\/div>\n<\/article>\n","protected":false},"excerpt":{"rendered":"<p>Unas pocas cepas de esta variedad roja y empordanesa crecen esparcidas entre vi\u00f1as viejas de cari\u00f1ena. Vendimiamos la garnacha roja por separado para hacer un vino tan particular como estas cepas camufladas<\/p>\n","protected":false},"featured_media":1547,"template":"","meta":[],"product_brand":[],"product_cat":[94,142],"product_tag":[194,185,188],"class_list":{"0":"post-3184","1":"product","2":"type-product","3":"status-publish","4":"has-post-thumbnail","6":"product_cat-vinos","7":"product_cat-blanco-es","8":"product_tag-esencia","9":"product_tag-garnacha-roja","10":"product_tag-lledoner-roig-es","12":"first","13":"outofstock","14":"taxable","15":"shipping-taxable","16":"purchasable","17":"product-type-simple"},"yoast_head":"<!-- This site is optimized with the Yoast SEO Premium plugin v19.3 (Yoast SEO v25.6) - https:\/\/yoast.com\/wordpress\/plugins\/seo\/ -->\n<title>Lledoner Roig 2020 - Espelt Viticultores<\/title>\n<meta name=\"description\" content=\"Unas pocas cepas de esta variedad roja y empordanesa crecen esparcidas entre vi\u00f1as viejas de cari\u00f1ena. Un vino particular. Variedad empordanesa\" \/>\n<meta name=\"robots\" content=\"index, follow, max-snippet:-1, max-image-preview:large, max-video-preview:-1\" \/>\n<link rel=\"canonical\" href=\"https:\/\/espeltviticultors.com\/es\/tienda\/lledoner-roig\/\" \/>\n<meta property=\"og:locale\" content=\"es_ES\" \/>\n<meta property=\"og:type\" content=\"article\" \/>\n<meta property=\"og:title\" content=\"Lledoner Roig 2020\" \/>\n<meta property=\"og:description\" content=\"Unas pocas cepas de esta variedad roja y empordanesa crecen esparcidas entre vi\u00f1as viejas de cari\u00f1ena. Vendimiamos la garnacha roja por separado para hacer un vino tan particular como estas cepas camufladas\" \/>\n<meta property=\"og:url\" content=\"https:\/\/espeltviticultors.com\/es\/tienda\/lledoner-roig\/\" \/>\n<meta property=\"og:site_name\" content=\"Espelt Viticultores\" \/>\n<meta property=\"article:publisher\" content=\"https:\/\/www.facebook.com\/espelt.viticultors\" \/>\n<meta property=\"article:modified_time\" content=\"2025-05-19T13:24:22+00:00\" \/>\n<meta property=\"og:image\" content=\"https:\/\/espeltviticultors.com\/wp-content\/uploads\/2021\/02\/lledoner_roig.jpg\" \/>\n\t<meta property=\"og:image:width\" content=\"800\" \/>\n\t<meta property=\"og:image:height\" content=\"630\" \/>\n\t<meta property=\"og:image:type\" content=\"image\/jpeg\" \/>\n<meta name=\"twitter:card\" content=\"summary_large_image\" \/>\n<meta name=\"twitter:site\" content=\"@CellerEspelt\" \/>\n<meta name=\"twitter:label1\" content=\"Precio\" \/>\n\t<meta name=\"twitter:data1\" content=\"27,80&nbsp;&euro;\" \/>\n\t<meta name=\"twitter:label2\" content=\"Availability\" \/>\n\t<meta name=\"twitter:data2\" content=\"Out of stock\" \/>\n<script type=\"application\/ld+json\" class=\"yoast-schema-graph\">{\"@context\":\"https:\/\/schema.org\",\"@graph\":[{\"@type\":\"WebPage\",\"@id\":\"https:\/\/espeltviticultors.com\/es\/tienda\/lledoner-roig\/\",\"url\":\"https:\/\/espeltviticultors.com\/es\/tienda\/lledoner-roig\/\",\"name\":\"Lledoner Roig 2020 - Espelt Viticultores\",\"isPartOf\":{\"@id\":\"https:\/\/espeltviticultors.com\/#website\"},\"primaryImageOfPage\":{\"@id\":\"https:\/\/espeltviticultors.com\/es\/tienda\/lledoner-roig\/#primaryimage\"},\"image\":{\"@id\":\"https:\/\/espeltviticultors.com\/es\/tienda\/lledoner-roig\/#primaryimage\"},\"thumbnailUrl\":\"https:\/\/espeltviticultors.com\/wp-content\/uploads\/2021\/02\/lledoner_roig.jpg\",\"datePublished\":\"2021-02-17T09:00:48+00:00\",\"dateModified\":\"2025-05-19T13:24:22+00:00\",\"description\":\"Unas pocas cepas de esta variedad roja y empordanesa crecen esparcidas entre vi\u00f1as viejas de cari\u00f1ena. Un vino particular. Variedad empordanesa\",\"breadcrumb\":{\"@id\":\"https:\/\/espeltviticultors.com\/es\/tienda\/lledoner-roig\/#breadcrumb\"},\"inLanguage\":\"es\",\"potentialAction\":[{\"@type\":\"ReadAction\",\"target\":[\"https:\/\/espeltviticultors.com\/es\/tienda\/lledoner-roig\/\"]}]},{\"@type\":\"ImageObject\",\"inLanguage\":\"es\",\"@id\":\"https:\/\/espeltviticultors.com\/es\/tienda\/lledoner-roig\/#primaryimage\",\"url\":\"https:\/\/espeltviticultors.com\/wp-content\/uploads\/2021\/02\/lledoner_roig.jpg\",\"contentUrl\":\"https:\/\/espeltviticultors.com\/wp-content\/uploads\/2021\/02\/lledoner_roig.jpg\",\"width\":800,\"height\":630,\"caption\":\"Lledoner Roig\"},{\"@type\":\"BreadcrumbList\",\"@id\":\"https:\/\/espeltviticultors.com\/es\/tienda\/lledoner-roig\/#breadcrumb\",\"itemListElement\":[{\"@type\":\"ListItem\",\"position\":1,\"name\":\"Portada\",\"item\":\"https:\/\/espeltviticultors.com\/es\/\"},{\"@type\":\"ListItem\",\"position\":2,\"name\":\"Tienda\",\"item\":\"https:\/\/espeltviticultors.com\/es\/tienda\/\"},{\"@type\":\"ListItem\",\"position\":3,\"name\":\"Lledoner Roig 2020\"}]},{\"@type\":\"WebSite\",\"@id\":\"https:\/\/espeltviticultors.com\/#website\",\"url\":\"https:\/\/espeltviticultors.com\/\",\"name\":\"Espelt Viticultores\",\"description\":\"Vinos del Empord\u00e0 i enoturismo\",\"publisher\":{\"@id\":\"https:\/\/espeltviticultors.com\/#organization\"},\"potentialAction\":[{\"@type\":\"SearchAction\",\"target\":{\"@type\":\"EntryPoint\",\"urlTemplate\":\"https:\/\/espeltviticultors.com\/?s={search_term_string}\"},\"query-input\":{\"@type\":\"PropertyValueSpecification\",\"valueRequired\":true,\"valueName\":\"search_term_string\"}}],\"inLanguage\":\"es\"},{\"@type\":\"Organization\",\"@id\":\"https:\/\/espeltviticultors.com\/#organization\",\"name\":\"Espelt Viticultors - tienda online\",\"url\":\"https:\/\/espeltviticultors.com\/\",\"logo\":{\"@type\":\"ImageObject\",\"inLanguage\":\"es\",\"@id\":\"https:\/\/espeltviticultors.com\/#\/schema\/logo\/image\/\",\"url\":\"https:\/\/espeltviticultors.com\/wp-content\/uploads\/2021\/02\/logo_color_trasparent.png\",\"contentUrl\":\"https:\/\/espeltviticultors.com\/wp-content\/uploads\/2021\/02\/logo_color_trasparent.png\",\"width\":818,\"height\":272,\"caption\":\"Espelt Viticultors - tienda online\"},\"image\":{\"@id\":\"https:\/\/espeltviticultors.com\/#\/schema\/logo\/image\/\"},\"sameAs\":[\"https:\/\/www.facebook.com\/espelt.viticultors\",\"https:\/\/x.com\/CellerEspelt\",\"https:\/\/www.instagram.com\/cellerespelt\/\"]}]}<\/script>\n<meta property=\"product:price:amount\" content=\"27.80\" \/>\n<meta property=\"product:price:currency\" content=\"EUR\" \/>\n<meta property=\"og:availability\" content=\"out of stock\" \/>\n<meta property=\"product:availability\" content=\"out of stock\" \/>\n<meta property=\"product:retailer_item_id\" content=\"1544\" \/>\n<meta property=\"product:condition\" content=\"new\" \/>\n<!-- \/ Yoast SEO Premium plugin. -->","yoast_head_json":{"title":"Lledoner Roig 2020 - Espelt Viticultores","description":"Unas pocas cepas de esta variedad roja y empordanesa crecen esparcidas entre vi\u00f1as viejas de cari\u00f1ena. Un vino particular. Variedad empordanesa","robots":{"index":"index","follow":"follow","max-snippet":"max-snippet:-1","max-image-preview":"max-image-preview:large","max-video-preview":"max-video-preview:-1"},"canonical":"https:\/\/espeltviticultors.com\/es\/tienda\/lledoner-roig\/","og_locale":"es_ES","og_type":"article","og_title":"Lledoner Roig 2020","og_description":"Unas pocas cepas de esta variedad roja y empordanesa crecen esparcidas entre vi\u00f1as viejas de cari\u00f1ena. Vendimiamos la garnacha roja por separado para hacer un vino tan particular como estas cepas camufladas","og_url":"https:\/\/espeltviticultors.com\/es\/tienda\/lledoner-roig\/","og_site_name":"Espelt Viticultores","article_publisher":"https:\/\/www.facebook.com\/espelt.viticultors","article_modified_time":"2025-05-19T13:24:22+00:00","og_image":[{"width":800,"height":630,"url":"https:\/\/espeltviticultors.com\/wp-content\/uploads\/2021\/02\/lledoner_roig.jpg","type":"image\/jpeg"}],"twitter_card":"summary_large_image","twitter_site":"@CellerEspelt","twitter_misc":{"Precio":"27,80&nbsp;&euro;","Availability":"Out of stock"},"schema":{"@context":"https:\/\/schema.org","@graph":[{"@type":"WebPage","@id":"https:\/\/espeltviticultors.com\/es\/tienda\/lledoner-roig\/","url":"https:\/\/espeltviticultors.com\/es\/tienda\/lledoner-roig\/","name":"Lledoner Roig 2020 - Espelt Viticultores","isPartOf":{"@id":"https:\/\/espeltviticultors.com\/#website"},"primaryImageOfPage":{"@id":"https:\/\/espeltviticultors.com\/es\/tienda\/lledoner-roig\/#primaryimage"},"image":{"@id":"https:\/\/espeltviticultors.com\/es\/tienda\/lledoner-roig\/#primaryimage"},"thumbnailUrl":"https:\/\/espeltviticultors.com\/wp-content\/uploads\/2021\/02\/lledoner_roig.jpg","datePublished":"2021-02-17T09:00:48+00:00","dateModified":"2025-05-19T13:24:22+00:00","description":"Unas pocas cepas de esta variedad roja y empordanesa crecen esparcidas entre vi\u00f1as viejas de cari\u00f1ena. Un vino particular. Variedad empordanesa","breadcrumb":{"@id":"https:\/\/espeltviticultors.com\/es\/tienda\/lledoner-roig\/#breadcrumb"},"inLanguage":"es","potentialAction":[{"@type":"ReadAction","target":["https:\/\/espeltviticultors.com\/es\/tienda\/lledoner-roig\/"]}]},{"@type":"ImageObject","inLanguage":"es","@id":"https:\/\/espeltviticultors.com\/es\/tienda\/lledoner-roig\/#primaryimage","url":"https:\/\/espeltviticultors.com\/wp-content\/uploads\/2021\/02\/lledoner_roig.jpg","contentUrl":"https:\/\/espeltviticultors.com\/wp-content\/uploads\/2021\/02\/lledoner_roig.jpg","width":800,"height":630,"caption":"Lledoner Roig"},{"@type":"BreadcrumbList","@id":"https:\/\/espeltviticultors.com\/es\/tienda\/lledoner-roig\/#breadcrumb","itemListElement":[{"@type":"ListItem","position":1,"name":"Portada","item":"https:\/\/espeltviticultors.com\/es\/"},{"@type":"ListItem","position":2,"name":"Tienda","item":"https:\/\/espeltviticultors.com\/es\/tienda\/"},{"@type":"ListItem","position":3,"name":"Lledoner Roig 2020"}]},{"@type":"WebSite","@id":"https:\/\/espeltviticultors.com\/#website","url":"https:\/\/espeltviticultors.com\/","name":"Espelt Viticultores","description":"Vinos del Empord\u00e0 i enoturismo","publisher":{"@id":"https:\/\/espeltviticultors.com\/#organization"},"potentialAction":[{"@type":"SearchAction","target":{"@type":"EntryPoint","urlTemplate":"https:\/\/espeltviticultors.com\/?s={search_term_string}"},"query-input":{"@type":"PropertyValueSpecification","valueRequired":true,"valueName":"search_term_string"}}],"inLanguage":"es"},{"@type":"Organization","@id":"https:\/\/espeltviticultors.com\/#organization","name":"Espelt Viticultors - tienda online","url":"https:\/\/espeltviticultors.com\/","logo":{"@type":"ImageObject","inLanguage":"es","@id":"https:\/\/espeltviticultors.com\/#\/schema\/logo\/image\/","url":"https:\/\/espeltviticultors.com\/wp-content\/uploads\/2021\/02\/logo_color_trasparent.png","contentUrl":"https:\/\/espeltviticultors.com\/wp-content\/uploads\/2021\/02\/logo_color_trasparent.png","width":818,"height":272,"caption":"Espelt Viticultors - tienda online"},"image":{"@id":"https:\/\/espeltviticultors.com\/#\/schema\/logo\/image\/"},"sameAs":["https:\/\/www.facebook.com\/espelt.viticultors","https:\/\/x.com\/CellerEspelt","https:\/\/www.instagram.com\/cellerespelt\/"]}]},"product_price_amount":"27.80","product_price_currency":"EUR","og_availability":"out of stock","product_availability":"out of stock","product_retailer_item_id":"1544","product_condition":"new"},"_links":{"self":[{"href":"https:\/\/espeltviticultors.com\/es\/wp-json\/wp\/v2\/product\/3184"}],"collection":[{"href":"https:\/\/espeltviticultors.com\/es\/wp-json\/wp\/v2\/product"}],"about":[{"href":"https:\/\/espeltviticultors.com\/es\/wp-json\/wp\/v2\/types\/product"}],"wp:featuredmedia":[{"embeddable":true,"href":"https:\/\/espeltviticultors.com\/es\/wp-json\/wp\/v2\/media\/1547"}],"wp:attachment":[{"href":"https:\/\/espeltviticultors.com\/es\/wp-json\/wp\/v2\/media?parent=3184"}],"wp:term":[{"taxonomy":"product_brand","embeddable":true,"href":"https:\/\/espeltviticultors.com\/es\/wp-json\/wp\/v2\/product_brand?post=3184"},{"taxonomy":"product_cat","embeddable":true,"href":"https:\/\/espeltviticultors.com\/es\/wp-json\/wp\/v2\/product_cat?post=3184"},{"taxonomy":"product_tag","embeddable":true,"href":"https:\/\/espeltviticultors.com\/es\/wp-json\/wp\/v2\/product_tag?post=3184"}],"curies":[{"name":"wp","href":"https:\/\/api.w.org\/{rel}","templated":true}]}}