{"id":3185,"date":"2021-02-10T17:22:43","date_gmt":"2021-02-10T16:22:43","guid":{"rendered":"https:\/\/espeltviticultors.com\/botiga\/pardells\/"},"modified":"2025-05-31T09:36:59","modified_gmt":"2025-05-31T07:36:59","slug":"pardells","status":"publish","type":"product","link":"https:\/\/espeltviticultors.com\/es\/tienda\/pardells\/","title":{"rendered":"Pardells 2021"},"content":{"rendered":"<div class=\"gdlr-core-row-shortcode clearfix gdlr-core-item-rvpdlr\" ><div class=\"gdlr-core-column-shortcode gdlr-core-item-pdlr gdlr-core-column-40\" ><\/p>\n<h2><strong>Pardells &#8211; A\u00f1ada 2021<\/strong><\/h2>\n<p class=\"title_section_profile\"><strong>Tipo de vino<br \/>\n<\/strong>Vino blanco de vi\u00f1as viejas, prensado en fr\u00edo y con una crianza con sus madres de siete meses en huevo de cemento.<\/p>\n<p class=\"title_section_profile\"><strong>Variedades<br \/>\n<\/strong>38% macabeo | 38% lledoner roig (garnacha roja) | 24% lledoner blanc (garnacha blanca)<\/p>\n<p class=\"title_section_profile\"><strong>\u00bfC\u00f3mo es?<br \/>\n<\/strong>Tiene un gusto floral fresco que nos acerca al mar. Muy persistente y deja una buena sensaci\u00f3n. Lo podemos tomar ahora como de aqu\u00ed unos a\u00f1os, porque habr\u00e1 envejecido de forma suave y bonita.<\/p>\n<p><strong>Viticultura<\/strong><br \/>\nRab\u00f3s: Vi\u00f1as viejas, muy viejas. Cari\u00f1enas, garnachas sobre pizarras. Vinos potentes, complejos, con buenas acidez y mucha vida.<\/p>\n<p><strong>Para acompa\u00f1ar&#8230;<\/strong><br \/>\nPlatos con presencia de aromas y gustos como el arroz negro, el bacalo ahogado o los erizos de mar le van muy bien.<\/p>\n<p><img loading=\"lazy\" decoding=\"async\" class=\"alignleft wp-image-3912 size-full\" title=\"maridatge aus Pardells\" src=\"https:\/\/espeltviticultors.com\/wp-content\/uploads\/2021\/05\/maridatge_chicken_dark.png\" alt=\"maridatge aus Pardells\" width=\"50\" height=\"50\" \/><img loading=\"lazy\" decoding=\"async\" class=\"alignleft wp-image-3893 size-full\" title=\"maridatge peix Pardells\" src=\"https:\/\/espeltviticultors.com\/wp-content\/uploads\/2021\/05\/maridatge_fish_dark.png\" alt=\"maridatge peix Pardells\" width=\"50\" height=\"50\" \/><img loading=\"lazy\" decoding=\"async\" class=\"alignleft wp-image-3899 size-full\" title=\"maridatge verdures Pardells\" src=\"https:\/\/espeltviticultors.com\/wp-content\/uploads\/2021\/05\/maridatge_vegetal_dark.png\" alt=\"maridatge verdures Pardells\" width=\"50\" height=\"50\" \/><\/p>\n<p>&nbsp;<\/p>\n<p>&nbsp;<\/p>\n<a class=\"gdlr-core-button gdlr-core-button-shortcode  gdlr-core-button-gradient gdlr-core-button-no-border\" href=\"https:\/\/espeltviticultors.com\/wp-content\/uploads\/2024\/03\/pardells_2019_CAST-1.pdf\" target=\"_blank\"  style=\"margin-right: 20px;\"  ><span class=\"gdlr-core-content\"  >Ficha t\u00e9cnica<\/span><\/a>\n<p>\n<\/div><div class=\"gdlr-core-column-shortcode gdlr-core-item-pdlr gdlr-core-column-20\" ><\/p>\n<div class=\"gdlr-core-widget-list-shortcode\" id=\"gdlr-core-widget-list-0\"  ><h3 class=\"gdlr-core-widget-list-shortcode-title\"  >Reconocimientos<\/h3><\/p>\n<ul>\n<li>9,85 puntos La Guia de Vins de Catalunya 2024<\/li>\n<li>91 puntos Gu\u00eda Pe\u00f1\u00edn 2025<\/li>\n<li><span style=\"font-weight: 400;\">91+ puntos Miquel Hudin<\/span><\/li>\n<\/ul>\n<p><\/div>\n<div class=\"gdlr-core-widget-list-shortcode\" id=\"gdlr-core-widget-list-0\"  ><h3 class=\"gdlr-core-widget-list-shortcode-title\"  ><strong>Certificaci\u00f3n ecol\u00f3gica<\/strong><\/h3><\/p>\n<ul>\n<li><img loading=\"lazy\" decoding=\"async\" class=\"\" src=\"https:\/\/espeltviticultors.com\/assets\/img\/Logo_alimentacion_ecologica.jpg\" width=\"88\" height=\"60\" \/><\/li>\n<\/ul>\n<p>&nbsp;<\/p>\n<p><\/div>\n<p>\n<\/div><\/div>\n<p>&nbsp;<\/p>\n<p>&nbsp;<\/p>\n<p>&nbsp;<\/p>\n<div class=\"flex flex-row\">\n<div class=\"width49 wine_detail_little_box wine_detail_viticulture_box\"><\/div>\n<\/div>\n","protected":false},"excerpt":{"rendered":"<p>Pardells es un canto a la amistad. Un vino blanco de una sola parcela, de vi\u00f1as viejas, que contiene diversas variedades que juntas se complementan y crean un todo que supera las partes, como ocurre con las buenas amistades.<\/p>\n","protected":false},"featured_media":4724,"template":"","meta":[],"product_brand":[],"product_cat":[94,142],"product_tag":[194,186,185,190,188,184],"class_list":{"0":"post-3185","1":"product","2":"type-product","3":"status-publish","4":"has-post-thumbnail","6":"product_cat-vinos","7":"product_cat-blanco-es","8":"product_tag-esencia","9":"product_tag-garnacha-blanca","10":"product_tag-garnacha-roja","11":"product_tag-lledoner-blanc-es","12":"product_tag-lledoner-roig-es","13":"product_tag-macabeo-es","15":"first","16":"instock","17":"taxable","18":"shipping-taxable","19":"purchasable","20":"product-type-simple"},"yoast_head":"<!-- This site is optimized with the Yoast SEO Premium plugin v19.3 (Yoast SEO v25.6) - https:\/\/yoast.com\/wordpress\/plugins\/seo\/ -->\n<title>Pardells 2021 - Espelt Viticultores<\/title>\n<meta name=\"description\" content=\"Pardells es un canto a la amistad. Un vino blanco de una sola parcela.\" \/>\n<meta name=\"robots\" content=\"index, follow, max-snippet:-1, max-image-preview:large, max-video-preview:-1\" \/>\n<link rel=\"canonical\" href=\"https:\/\/espeltviticultors.com\/es\/tienda\/pardells\/\" \/>\n<meta property=\"og:locale\" content=\"es_ES\" \/>\n<meta property=\"og:type\" content=\"article\" \/>\n<meta property=\"og:title\" content=\"Pardells 2021\" \/>\n<meta property=\"og:description\" content=\"Pardells es un canto a la amistad. Un vino blanco de una sola parcela, de vi\u00f1as viejas, que contiene diversas variedades que juntas se complementan y crean un todo que supera las partes, como ocurre con las buenas amistades.\" \/>\n<meta property=\"og:url\" content=\"https:\/\/espeltviticultors.com\/es\/tienda\/pardells\/\" \/>\n<meta property=\"og:site_name\" content=\"Espelt Viticultores\" \/>\n<meta property=\"article:publisher\" content=\"https:\/\/www.facebook.com\/espelt.viticultors\" \/>\n<meta property=\"article:modified_time\" content=\"2025-05-31T07:36:59+00:00\" \/>\n<meta property=\"og:image\" content=\"https:\/\/espeltviticultors.com\/wp-content\/uploads\/2021\/02\/pardells4.png\" \/>\n\t<meta property=\"og:image:width\" content=\"800\" \/>\n\t<meta property=\"og:image:height\" content=\"630\" \/>\n\t<meta property=\"og:image:type\" content=\"image\/png\" \/>\n<meta name=\"twitter:card\" content=\"summary_large_image\" \/>\n<meta name=\"twitter:site\" content=\"@CellerEspelt\" \/>\n<meta name=\"twitter:label1\" content=\"Precio\" \/>\n\t<meta name=\"twitter:data1\" content=\"36,70&nbsp;&euro;\" \/>\n\t<meta name=\"twitter:label2\" content=\"Availability\" \/>\n\t<meta name=\"twitter:data2\" content=\"In stock\" \/>\n<script type=\"application\/ld+json\" class=\"yoast-schema-graph\">{\"@context\":\"https:\/\/schema.org\",\"@graph\":[{\"@type\":\"WebPage\",\"@id\":\"https:\/\/espeltviticultors.com\/es\/tienda\/pardells\/\",\"url\":\"https:\/\/espeltviticultors.com\/es\/tienda\/pardells\/\",\"name\":\"Pardells 2021 - Espelt Viticultores\",\"isPartOf\":{\"@id\":\"https:\/\/espeltviticultors.com\/#website\"},\"primaryImageOfPage\":{\"@id\":\"https:\/\/espeltviticultors.com\/es\/tienda\/pardells\/#primaryimage\"},\"image\":{\"@id\":\"https:\/\/espeltviticultors.com\/es\/tienda\/pardells\/#primaryimage\"},\"thumbnailUrl\":\"https:\/\/espeltviticultors.com\/wp-content\/uploads\/2021\/02\/pardells4.png\",\"datePublished\":\"2021-02-10T16:22:43+00:00\",\"dateModified\":\"2025-05-31T07:36:59+00:00\",\"description\":\"Pardells es un canto a la amistad. Un vino blanco de una sola parcela.\",\"breadcrumb\":{\"@id\":\"https:\/\/espeltviticultors.com\/es\/tienda\/pardells\/#breadcrumb\"},\"inLanguage\":\"es\",\"potentialAction\":[{\"@type\":\"ReadAction\",\"target\":[\"https:\/\/espeltviticultors.com\/es\/tienda\/pardells\/\"]}]},{\"@type\":\"ImageObject\",\"inLanguage\":\"es\",\"@id\":\"https:\/\/espeltviticultors.com\/es\/tienda\/pardells\/#primaryimage\",\"url\":\"https:\/\/espeltviticultors.com\/wp-content\/uploads\/2021\/02\/pardells4.png\",\"contentUrl\":\"https:\/\/espeltviticultors.com\/wp-content\/uploads\/2021\/02\/pardells4.png\",\"width\":800,\"height\":630,\"caption\":\"Pardells Empord\u00e0\"},{\"@type\":\"BreadcrumbList\",\"@id\":\"https:\/\/espeltviticultors.com\/es\/tienda\/pardells\/#breadcrumb\",\"itemListElement\":[{\"@type\":\"ListItem\",\"position\":1,\"name\":\"Portada\",\"item\":\"https:\/\/espeltviticultors.com\/es\/\"},{\"@type\":\"ListItem\",\"position\":2,\"name\":\"Tienda\",\"item\":\"https:\/\/espeltviticultors.com\/es\/tienda\/\"},{\"@type\":\"ListItem\",\"position\":3,\"name\":\"Pardells 2021\"}]},{\"@type\":\"WebSite\",\"@id\":\"https:\/\/espeltviticultors.com\/#website\",\"url\":\"https:\/\/espeltviticultors.com\/\",\"name\":\"Espelt Viticultores\",\"description\":\"Vinos del Empord\u00e0 i enoturismo\",\"publisher\":{\"@id\":\"https:\/\/espeltviticultors.com\/#organization\"},\"potentialAction\":[{\"@type\":\"SearchAction\",\"target\":{\"@type\":\"EntryPoint\",\"urlTemplate\":\"https:\/\/espeltviticultors.com\/?s={search_term_string}\"},\"query-input\":{\"@type\":\"PropertyValueSpecification\",\"valueRequired\":true,\"valueName\":\"search_term_string\"}}],\"inLanguage\":\"es\"},{\"@type\":\"Organization\",\"@id\":\"https:\/\/espeltviticultors.com\/#organization\",\"name\":\"Espelt Viticultors - tienda online\",\"url\":\"https:\/\/espeltviticultors.com\/\",\"logo\":{\"@type\":\"ImageObject\",\"inLanguage\":\"es\",\"@id\":\"https:\/\/espeltviticultors.com\/#\/schema\/logo\/image\/\",\"url\":\"https:\/\/espeltviticultors.com\/wp-content\/uploads\/2021\/02\/logo_color_trasparent.png\",\"contentUrl\":\"https:\/\/espeltviticultors.com\/wp-content\/uploads\/2021\/02\/logo_color_trasparent.png\",\"width\":818,\"height\":272,\"caption\":\"Espelt Viticultors - tienda online\"},\"image\":{\"@id\":\"https:\/\/espeltviticultors.com\/#\/schema\/logo\/image\/\"},\"sameAs\":[\"https:\/\/www.facebook.com\/espelt.viticultors\",\"https:\/\/x.com\/CellerEspelt\",\"https:\/\/www.instagram.com\/cellerespelt\/\"]}]}<\/script>\n<meta property=\"product:price:amount\" content=\"36.70\" \/>\n<meta property=\"product:price:currency\" content=\"EUR\" \/>\n<meta property=\"og:availability\" content=\"instock\" \/>\n<meta property=\"product:availability\" content=\"instock\" \/>\n<meta property=\"product:retailer_item_id\" content=\"1485\" \/>\n<meta property=\"product:condition\" content=\"new\" \/>\n<!-- \/ Yoast SEO Premium plugin. -->","yoast_head_json":{"title":"Pardells 2021 - Espelt Viticultores","description":"Pardells es un canto a la amistad. Un vino blanco de una sola parcela.","robots":{"index":"index","follow":"follow","max-snippet":"max-snippet:-1","max-image-preview":"max-image-preview:large","max-video-preview":"max-video-preview:-1"},"canonical":"https:\/\/espeltviticultors.com\/es\/tienda\/pardells\/","og_locale":"es_ES","og_type":"article","og_title":"Pardells 2021","og_description":"Pardells es un canto a la amistad. Un vino blanco de una sola parcela, de vi\u00f1as viejas, que contiene diversas variedades que juntas se complementan y crean un todo que supera las partes, como ocurre con las buenas amistades.","og_url":"https:\/\/espeltviticultors.com\/es\/tienda\/pardells\/","og_site_name":"Espelt Viticultores","article_publisher":"https:\/\/www.facebook.com\/espelt.viticultors","article_modified_time":"2025-05-31T07:36:59+00:00","og_image":[{"width":800,"height":630,"url":"https:\/\/espeltviticultors.com\/wp-content\/uploads\/2021\/02\/pardells4.png","type":"image\/png"}],"twitter_card":"summary_large_image","twitter_site":"@CellerEspelt","twitter_misc":{"Precio":"36,70&nbsp;&euro;","Availability":"In stock"},"schema":{"@context":"https:\/\/schema.org","@graph":[{"@type":"WebPage","@id":"https:\/\/espeltviticultors.com\/es\/tienda\/pardells\/","url":"https:\/\/espeltviticultors.com\/es\/tienda\/pardells\/","name":"Pardells 2021 - Espelt Viticultores","isPartOf":{"@id":"https:\/\/espeltviticultors.com\/#website"},"primaryImageOfPage":{"@id":"https:\/\/espeltviticultors.com\/es\/tienda\/pardells\/#primaryimage"},"image":{"@id":"https:\/\/espeltviticultors.com\/es\/tienda\/pardells\/#primaryimage"},"thumbnailUrl":"https:\/\/espeltviticultors.com\/wp-content\/uploads\/2021\/02\/pardells4.png","datePublished":"2021-02-10T16:22:43+00:00","dateModified":"2025-05-31T07:36:59+00:00","description":"Pardells es un canto a la amistad. Un vino blanco de una sola parcela.","breadcrumb":{"@id":"https:\/\/espeltviticultors.com\/es\/tienda\/pardells\/#breadcrumb"},"inLanguage":"es","potentialAction":[{"@type":"ReadAction","target":["https:\/\/espeltviticultors.com\/es\/tienda\/pardells\/"]}]},{"@type":"ImageObject","inLanguage":"es","@id":"https:\/\/espeltviticultors.com\/es\/tienda\/pardells\/#primaryimage","url":"https:\/\/espeltviticultors.com\/wp-content\/uploads\/2021\/02\/pardells4.png","contentUrl":"https:\/\/espeltviticultors.com\/wp-content\/uploads\/2021\/02\/pardells4.png","width":800,"height":630,"caption":"Pardells Empord\u00e0"},{"@type":"BreadcrumbList","@id":"https:\/\/espeltviticultors.com\/es\/tienda\/pardells\/#breadcrumb","itemListElement":[{"@type":"ListItem","position":1,"name":"Portada","item":"https:\/\/espeltviticultors.com\/es\/"},{"@type":"ListItem","position":2,"name":"Tienda","item":"https:\/\/espeltviticultors.com\/es\/tienda\/"},{"@type":"ListItem","position":3,"name":"Pardells 2021"}]},{"@type":"WebSite","@id":"https:\/\/espeltviticultors.com\/#website","url":"https:\/\/espeltviticultors.com\/","name":"Espelt Viticultores","description":"Vinos del Empord\u00e0 i enoturismo","publisher":{"@id":"https:\/\/espeltviticultors.com\/#organization"},"potentialAction":[{"@type":"SearchAction","target":{"@type":"EntryPoint","urlTemplate":"https:\/\/espeltviticultors.com\/?s={search_term_string}"},"query-input":{"@type":"PropertyValueSpecification","valueRequired":true,"valueName":"search_term_string"}}],"inLanguage":"es"},{"@type":"Organization","@id":"https:\/\/espeltviticultors.com\/#organization","name":"Espelt Viticultors - tienda online","url":"https:\/\/espeltviticultors.com\/","logo":{"@type":"ImageObject","inLanguage":"es","@id":"https:\/\/espeltviticultors.com\/#\/schema\/logo\/image\/","url":"https:\/\/espeltviticultors.com\/wp-content\/uploads\/2021\/02\/logo_color_trasparent.png","contentUrl":"https:\/\/espeltviticultors.com\/wp-content\/uploads\/2021\/02\/logo_color_trasparent.png","width":818,"height":272,"caption":"Espelt Viticultors - tienda online"},"image":{"@id":"https:\/\/espeltviticultors.com\/#\/schema\/logo\/image\/"},"sameAs":["https:\/\/www.facebook.com\/espelt.viticultors","https:\/\/x.com\/CellerEspelt","https:\/\/www.instagram.com\/cellerespelt\/"]}]},"product_price_amount":"36.70","product_price_currency":"EUR","og_availability":"instock","product_availability":"instock","product_retailer_item_id":"1485","product_condition":"new"},"_links":{"self":[{"href":"https:\/\/espeltviticultors.com\/es\/wp-json\/wp\/v2\/product\/3185"}],"collection":[{"href":"https:\/\/espeltviticultors.com\/es\/wp-json\/wp\/v2\/product"}],"about":[{"href":"https:\/\/espeltviticultors.com\/es\/wp-json\/wp\/v2\/types\/product"}],"wp:featuredmedia":[{"embeddable":true,"href":"https:\/\/espeltviticultors.com\/es\/wp-json\/wp\/v2\/media\/4724"}],"wp:attachment":[{"href":"https:\/\/espeltviticultors.com\/es\/wp-json\/wp\/v2\/media?parent=3185"}],"wp:term":[{"taxonomy":"product_brand","embeddable":true,"href":"https:\/\/espeltviticultors.com\/es\/wp-json\/wp\/v2\/product_brand?post=3185"},{"taxonomy":"product_cat","embeddable":true,"href":"https:\/\/espeltviticultors.com\/es\/wp-json\/wp\/v2\/product_cat?post=3185"},{"taxonomy":"product_tag","embeddable":true,"href":"https:\/\/espeltviticultors.com\/es\/wp-json\/wp\/v2\/product_tag?post=3185"}],"curies":[{"name":"wp","href":"https:\/\/api.w.org\/{rel}","templated":true}]}}