{"id":3186,"date":"2021-02-04T17:05:54","date_gmt":"2021-02-04T16:05:54","guid":{"rendered":"https:\/\/espeltviticultors.com\/botiga\/les-elies\/"},"modified":"2025-05-19T15:27:37","modified_gmt":"2025-05-19T13:27:37","slug":"les-elies","status":"publish","type":"product","link":"https:\/\/espeltviticultors.com\/es\/tienda\/les-elies\/","title":{"rendered":"Les Elies 2020"},"content":{"rendered":"<article class=\"yellow_bg profile\">\n<div class=\"width-center clearfix relative\">\n<div class=\"width50\">\n<div class=\"gdlr-core-row-shortcode clearfix gdlr-core-item-rvpdlr\" ><div class=\"gdlr-core-column-shortcode gdlr-core-item-pdlr gdlr-core-column-40\" ><\/p>\n<h2><strong>Les Elies &#8211; A\u00f1ada 2020<\/strong><\/h2>\n<p class=\"title_section_profile\"><strong>Tipo de vino<br \/>\n<\/strong>Vino tinto elegante fermentado durante siete meses en un foudre de 22 hl.<\/p>\n<p class=\"title_section_profile\"><strong>Variedades<br \/>\n<\/strong>100% lledoner negre (garnacha tinta).<\/p>\n<p class=\"title_section_profile\"><strong>\u00bfC\u00f3mo es?<br \/>\n<\/strong>Tiene un aroma de fruta roja y hierbas mediterr\u00e1neas. Es un paseo por el Cap de Creus y la Albera con texturas suaves, como los arbustos de sotobosque de estos parajes. Agradable y bien integrado, muy redondo. Un vino de guarda para muchos a\u00f1os.<\/p>\n<p><strong>Para acompa\u00f1ar<\/strong><br \/>\nCualquiera de los arroces que se hacen en nuestro pa\u00eds le van bien: arroz hervido con merluza, arroz de bogavante o con cohombros de mar y, evidentemente, arroz de mar y monta\u00f1a.<\/p>\n<p><img loading=\"lazy\" decoding=\"async\" class=\"alignleft wp-image-3896 size-full\" title=\"Les Elies maridatge carn vermella\" src=\"https:\/\/espeltviticultors.com\/wp-content\/uploads\/2021\/05\/maridatge_steak_dark.png\" alt=\"Les Elies maridatge carn vermella\" width=\"50\" height=\"50\" \/><img loading=\"lazy\" decoding=\"async\" class=\"alignleft wp-image-3912 size-full\" title=\"Les Elies maridatge carn blanca\" src=\"https:\/\/espeltviticultors.com\/wp-content\/uploads\/2021\/05\/maridatge_chicken_dark.png\" alt=\"Les Elies maridatge carn blanca\" width=\"50\" height=\"50\" \/><img loading=\"lazy\" decoding=\"async\" class=\"alignleft wp-image-3905 size-full\" title=\"Les Elies maridatge formatge\" src=\"https:\/\/espeltviticultors.com\/wp-content\/uploads\/2021\/05\/maridatge_cheese_dark-1.png\" alt=\"Les Elies maridatge formatge\" width=\"50\" height=\"50\" \/><\/p>\n<p>&nbsp;<\/p>\n<p>&nbsp;<\/p>\n<a class=\"gdlr-core-button gdlr-core-button-shortcode  gdlr-core-button-gradient gdlr-core-button-no-border\" href=\"https:\/\/espeltviticultors.com\/wp-content\/uploads\/2024\/06\/les_elies_2020_CAST.pdf\" target=\"_blank\"  style=\"margin-right: 20px;\"  ><span class=\"gdlr-core-content\"  >Ficha t\u00e9cnica<\/span><\/a>\n<p>\n<\/div><div class=\"gdlr-core-column-shortcode gdlr-core-item-pdlr gdlr-core-column-20\" ><\/p>\n<div class=\"gdlr-core-widget-list-shortcode\" id=\"gdlr-core-widget-list-0\"  ><h3 class=\"gdlr-core-widget-list-shortcode-title\"  ><strong>Reconocimientos<\/strong><\/h3><\/p>\n<ul>\n<li>16 puntos Jancis Robinson<\/li>\n<li>9,84 puntos La Guia de Vins de Catalunya 2024 y Mejor Vino Tinto DO Empord\u00e0<\/li>\n<li>93 puntos Gu\u00eda Pe\u00f1\u00edn 2025<\/li>\n<li><span style=\"font-weight: 400;\">94+ punts Miquel Hudin<\/span><\/li>\n<li>Medalla de Oro Grenaches du Monde, 2022<\/li>\n<li>Decanter World Wine Awards: Medalla de Plata. 2020<\/li>\n<\/ul>\n<p><\/div>\n<div class=\"gdlr-core-widget-list-shortcode\" id=\"gdlr-core-widget-list-0\"  ><h3 class=\"gdlr-core-widget-list-shortcode-title\"  ><strong>Certificaci\u00f3n ecol\u00f3gica<\/strong><\/h3><\/p>\n<ul>\n<li><img loading=\"lazy\" decoding=\"async\" class=\"\" src=\"https:\/\/espeltviticultors.com\/assets\/img\/Logo_alimentacion_ecologica.jpg\" width=\"88\" height=\"60\" \/><\/li>\n<\/ul>\n<p>&nbsp;<\/p>\n<p><\/div>\n<p>\n<\/div><\/div>\n<div class=\"flex flex-row\">\n<p>&nbsp;<\/p>\n<div><\/div>\n<div><\/div>\n<div><\/div>\n<div class=\"wine_category\"><\/div>\n<div><\/div>\n<\/div>\n<\/div>\n<\/div>\n<\/article>\n","protected":false},"excerpt":{"rendered":"<p>Les Elies es el nombre de la primera vi\u00f1a de los abuelos de Anna, los or\u00edgenes de Espelt. Un homenaje a la garnacha tinta, nuestra esencia. Mediterr\u00e1neos, francos, sin m\u00e1scaras, conscientes de qui\u00e9nes somos ahora y aqu\u00ed. Equilibrio en estado puro.<\/p>\n","protected":false},"featured_media":3187,"template":"","meta":[],"product_brand":[],"product_cat":[94,98],"product_tag":[194,183,189],"class_list":{"0":"post-3186","1":"product","2":"type-product","3":"status-publish","4":"has-post-thumbnail","6":"product_cat-vinos","7":"product_cat-tinto","8":"product_tag-esencia","9":"product_tag-garnacha-tinta","10":"product_tag-lledoner-negre-es","12":"first","13":"instock","14":"taxable","15":"shipping-taxable","16":"purchasable","17":"product-type-simple"},"yoast_head":"<!-- This site is optimized with the Yoast SEO Premium plugin v19.3 (Yoast SEO v25.6) - https:\/\/yoast.com\/wordpress\/plugins\/seo\/ -->\n<title>Les Elies 2020 - Espelt Viticultores<\/title>\n<meta name=\"description\" content=\"Les Elies es un homenaje a la garnacha tinta. mediterr\u00e1neos, francos, sin m\u00e1scaras, conscientes de qui\u00e9nes somos ahora y aqu\u00ed. Equilibrio en estado puro.\" \/>\n<meta name=\"robots\" content=\"index, follow, max-snippet:-1, max-image-preview:large, max-video-preview:-1\" \/>\n<link rel=\"canonical\" href=\"https:\/\/espeltviticultors.com\/es\/tienda\/les-elies\/\" \/>\n<meta property=\"og:locale\" content=\"es_ES\" \/>\n<meta property=\"og:type\" content=\"article\" \/>\n<meta property=\"og:title\" content=\"Les Elies 2020\" \/>\n<meta property=\"og:description\" content=\"Les Elies es el nombre de la primera vi\u00f1a de los abuelos de Anna, los or\u00edgenes de Espelt. Un homenaje a la garnacha tinta, nuestra esencia. Mediterr\u00e1neos, francos, sin m\u00e1scaras, conscientes de qui\u00e9nes somos ahora y aqu\u00ed. Equilibrio en estado puro.\" \/>\n<meta property=\"og:url\" content=\"https:\/\/espeltviticultors.com\/es\/tienda\/les-elies\/\" \/>\n<meta property=\"og:site_name\" content=\"Espelt Viticultores\" \/>\n<meta property=\"article:publisher\" content=\"https:\/\/www.facebook.com\/espelt.viticultors\" \/>\n<meta property=\"article:modified_time\" content=\"2025-05-19T13:27:37+00:00\" \/>\n<meta property=\"og:image\" content=\"https:\/\/espeltviticultors.com\/wp-content\/uploads\/2021\/02\/les_elies_2018.jpg\" \/>\n\t<meta property=\"og:image:width\" content=\"800\" \/>\n\t<meta property=\"og:image:height\" content=\"630\" \/>\n\t<meta property=\"og:image:type\" content=\"image\/jpeg\" \/>\n<meta name=\"twitter:card\" content=\"summary_large_image\" \/>\n<meta name=\"twitter:site\" content=\"@CellerEspelt\" \/>\n<meta name=\"twitter:label1\" content=\"Precio\" \/>\n\t<meta name=\"twitter:data1\" content=\"36,70&nbsp;&euro;\" \/>\n\t<meta name=\"twitter:label2\" content=\"Availability\" \/>\n\t<meta name=\"twitter:data2\" content=\"In stock\" \/>\n<script type=\"application\/ld+json\" class=\"yoast-schema-graph\">{\"@context\":\"https:\/\/schema.org\",\"@graph\":[{\"@type\":\"WebPage\",\"@id\":\"https:\/\/espeltviticultors.com\/es\/tienda\/les-elies\/\",\"url\":\"https:\/\/espeltviticultors.com\/es\/tienda\/les-elies\/\",\"name\":\"Les Elies 2020 - Espelt Viticultores\",\"isPartOf\":{\"@id\":\"https:\/\/espeltviticultors.com\/#website\"},\"primaryImageOfPage\":{\"@id\":\"https:\/\/espeltviticultors.com\/es\/tienda\/les-elies\/#primaryimage\"},\"image\":{\"@id\":\"https:\/\/espeltviticultors.com\/es\/tienda\/les-elies\/#primaryimage\"},\"thumbnailUrl\":\"https:\/\/espeltviticultors.com\/wp-content\/uploads\/2021\/02\/les_elies_2018.jpg\",\"datePublished\":\"2021-02-04T16:05:54+00:00\",\"dateModified\":\"2025-05-19T13:27:37+00:00\",\"description\":\"Les Elies es un homenaje a la garnacha tinta. mediterr\u00e1neos, francos, sin m\u00e1scaras, conscientes de qui\u00e9nes somos ahora y aqu\u00ed. Equilibrio en estado puro.\",\"breadcrumb\":{\"@id\":\"https:\/\/espeltviticultors.com\/es\/tienda\/les-elies\/#breadcrumb\"},\"inLanguage\":\"es\",\"potentialAction\":[{\"@type\":\"ReadAction\",\"target\":[\"https:\/\/espeltviticultors.com\/es\/tienda\/les-elies\/\"]}]},{\"@type\":\"ImageObject\",\"inLanguage\":\"es\",\"@id\":\"https:\/\/espeltviticultors.com\/es\/tienda\/les-elies\/#primaryimage\",\"url\":\"https:\/\/espeltviticultors.com\/wp-content\/uploads\/2021\/02\/les_elies_2018.jpg\",\"contentUrl\":\"https:\/\/espeltviticultors.com\/wp-content\/uploads\/2021\/02\/les_elies_2018.jpg\",\"width\":800,\"height\":630,\"caption\":\"Les Elies Lledoner Negre\"},{\"@type\":\"BreadcrumbList\",\"@id\":\"https:\/\/espeltviticultors.com\/es\/tienda\/les-elies\/#breadcrumb\",\"itemListElement\":[{\"@type\":\"ListItem\",\"position\":1,\"name\":\"Portada\",\"item\":\"https:\/\/espeltviticultors.com\/es\/\"},{\"@type\":\"ListItem\",\"position\":2,\"name\":\"Tienda\",\"item\":\"https:\/\/espeltviticultors.com\/es\/tienda\/\"},{\"@type\":\"ListItem\",\"position\":3,\"name\":\"Les Elies 2020\"}]},{\"@type\":\"WebSite\",\"@id\":\"https:\/\/espeltviticultors.com\/#website\",\"url\":\"https:\/\/espeltviticultors.com\/\",\"name\":\"Espelt Viticultores\",\"description\":\"Vinos del Empord\u00e0 i enoturismo\",\"publisher\":{\"@id\":\"https:\/\/espeltviticultors.com\/#organization\"},\"potentialAction\":[{\"@type\":\"SearchAction\",\"target\":{\"@type\":\"EntryPoint\",\"urlTemplate\":\"https:\/\/espeltviticultors.com\/?s={search_term_string}\"},\"query-input\":{\"@type\":\"PropertyValueSpecification\",\"valueRequired\":true,\"valueName\":\"search_term_string\"}}],\"inLanguage\":\"es\"},{\"@type\":\"Organization\",\"@id\":\"https:\/\/espeltviticultors.com\/#organization\",\"name\":\"Espelt Viticultors - tienda online\",\"url\":\"https:\/\/espeltviticultors.com\/\",\"logo\":{\"@type\":\"ImageObject\",\"inLanguage\":\"es\",\"@id\":\"https:\/\/espeltviticultors.com\/#\/schema\/logo\/image\/\",\"url\":\"https:\/\/espeltviticultors.com\/wp-content\/uploads\/2021\/02\/logo_color_trasparent.png\",\"contentUrl\":\"https:\/\/espeltviticultors.com\/wp-content\/uploads\/2021\/02\/logo_color_trasparent.png\",\"width\":818,\"height\":272,\"caption\":\"Espelt Viticultors - tienda online\"},\"image\":{\"@id\":\"https:\/\/espeltviticultors.com\/#\/schema\/logo\/image\/\"},\"sameAs\":[\"https:\/\/www.facebook.com\/espelt.viticultors\",\"https:\/\/x.com\/CellerEspelt\",\"https:\/\/www.instagram.com\/cellerespelt\/\"]}]}<\/script>\n<meta property=\"product:price:amount\" content=\"36.70\" \/>\n<meta property=\"product:price:currency\" content=\"EUR\" \/>\n<meta property=\"og:availability\" content=\"instock\" \/>\n<meta property=\"product:availability\" content=\"instock\" \/>\n<meta property=\"product:retailer_item_id\" content=\"1397\" \/>\n<meta property=\"product:condition\" content=\"new\" \/>\n<!-- \/ Yoast SEO Premium plugin. -->","yoast_head_json":{"title":"Les Elies 2020 - Espelt Viticultores","description":"Les Elies es un homenaje a la garnacha tinta. mediterr\u00e1neos, francos, sin m\u00e1scaras, conscientes de qui\u00e9nes somos ahora y aqu\u00ed. Equilibrio en estado puro.","robots":{"index":"index","follow":"follow","max-snippet":"max-snippet:-1","max-image-preview":"max-image-preview:large","max-video-preview":"max-video-preview:-1"},"canonical":"https:\/\/espeltviticultors.com\/es\/tienda\/les-elies\/","og_locale":"es_ES","og_type":"article","og_title":"Les Elies 2020","og_description":"Les Elies es el nombre de la primera vi\u00f1a de los abuelos de Anna, los or\u00edgenes de Espelt. Un homenaje a la garnacha tinta, nuestra esencia. Mediterr\u00e1neos, francos, sin m\u00e1scaras, conscientes de qui\u00e9nes somos ahora y aqu\u00ed. Equilibrio en estado puro.","og_url":"https:\/\/espeltviticultors.com\/es\/tienda\/les-elies\/","og_site_name":"Espelt Viticultores","article_publisher":"https:\/\/www.facebook.com\/espelt.viticultors","article_modified_time":"2025-05-19T13:27:37+00:00","og_image":[{"width":800,"height":630,"url":"https:\/\/espeltviticultors.com\/wp-content\/uploads\/2021\/02\/les_elies_2018.jpg","type":"image\/jpeg"}],"twitter_card":"summary_large_image","twitter_site":"@CellerEspelt","twitter_misc":{"Precio":"36,70&nbsp;&euro;","Availability":"In stock"},"schema":{"@context":"https:\/\/schema.org","@graph":[{"@type":"WebPage","@id":"https:\/\/espeltviticultors.com\/es\/tienda\/les-elies\/","url":"https:\/\/espeltviticultors.com\/es\/tienda\/les-elies\/","name":"Les Elies 2020 - Espelt Viticultores","isPartOf":{"@id":"https:\/\/espeltviticultors.com\/#website"},"primaryImageOfPage":{"@id":"https:\/\/espeltviticultors.com\/es\/tienda\/les-elies\/#primaryimage"},"image":{"@id":"https:\/\/espeltviticultors.com\/es\/tienda\/les-elies\/#primaryimage"},"thumbnailUrl":"https:\/\/espeltviticultors.com\/wp-content\/uploads\/2021\/02\/les_elies_2018.jpg","datePublished":"2021-02-04T16:05:54+00:00","dateModified":"2025-05-19T13:27:37+00:00","description":"Les Elies es un homenaje a la garnacha tinta. mediterr\u00e1neos, francos, sin m\u00e1scaras, conscientes de qui\u00e9nes somos ahora y aqu\u00ed. Equilibrio en estado puro.","breadcrumb":{"@id":"https:\/\/espeltviticultors.com\/es\/tienda\/les-elies\/#breadcrumb"},"inLanguage":"es","potentialAction":[{"@type":"ReadAction","target":["https:\/\/espeltviticultors.com\/es\/tienda\/les-elies\/"]}]},{"@type":"ImageObject","inLanguage":"es","@id":"https:\/\/espeltviticultors.com\/es\/tienda\/les-elies\/#primaryimage","url":"https:\/\/espeltviticultors.com\/wp-content\/uploads\/2021\/02\/les_elies_2018.jpg","contentUrl":"https:\/\/espeltviticultors.com\/wp-content\/uploads\/2021\/02\/les_elies_2018.jpg","width":800,"height":630,"caption":"Les Elies Lledoner Negre"},{"@type":"BreadcrumbList","@id":"https:\/\/espeltviticultors.com\/es\/tienda\/les-elies\/#breadcrumb","itemListElement":[{"@type":"ListItem","position":1,"name":"Portada","item":"https:\/\/espeltviticultors.com\/es\/"},{"@type":"ListItem","position":2,"name":"Tienda","item":"https:\/\/espeltviticultors.com\/es\/tienda\/"},{"@type":"ListItem","position":3,"name":"Les Elies 2020"}]},{"@type":"WebSite","@id":"https:\/\/espeltviticultors.com\/#website","url":"https:\/\/espeltviticultors.com\/","name":"Espelt Viticultores","description":"Vinos del Empord\u00e0 i enoturismo","publisher":{"@id":"https:\/\/espeltviticultors.com\/#organization"},"potentialAction":[{"@type":"SearchAction","target":{"@type":"EntryPoint","urlTemplate":"https:\/\/espeltviticultors.com\/?s={search_term_string}"},"query-input":{"@type":"PropertyValueSpecification","valueRequired":true,"valueName":"search_term_string"}}],"inLanguage":"es"},{"@type":"Organization","@id":"https:\/\/espeltviticultors.com\/#organization","name":"Espelt Viticultors - tienda online","url":"https:\/\/espeltviticultors.com\/","logo":{"@type":"ImageObject","inLanguage":"es","@id":"https:\/\/espeltviticultors.com\/#\/schema\/logo\/image\/","url":"https:\/\/espeltviticultors.com\/wp-content\/uploads\/2021\/02\/logo_color_trasparent.png","contentUrl":"https:\/\/espeltviticultors.com\/wp-content\/uploads\/2021\/02\/logo_color_trasparent.png","width":818,"height":272,"caption":"Espelt Viticultors - tienda online"},"image":{"@id":"https:\/\/espeltviticultors.com\/#\/schema\/logo\/image\/"},"sameAs":["https:\/\/www.facebook.com\/espelt.viticultors","https:\/\/x.com\/CellerEspelt","https:\/\/www.instagram.com\/cellerespelt\/"]}]},"product_price_amount":"36.70","product_price_currency":"EUR","og_availability":"instock","product_availability":"instock","product_retailer_item_id":"1397","product_condition":"new"},"_links":{"self":[{"href":"https:\/\/espeltviticultors.com\/es\/wp-json\/wp\/v2\/product\/3186"}],"collection":[{"href":"https:\/\/espeltviticultors.com\/es\/wp-json\/wp\/v2\/product"}],"about":[{"href":"https:\/\/espeltviticultors.com\/es\/wp-json\/wp\/v2\/types\/product"}],"wp:featuredmedia":[{"embeddable":true,"href":"https:\/\/espeltviticultors.com\/es\/wp-json\/wp\/v2\/media\/3187"}],"wp:attachment":[{"href":"https:\/\/espeltviticultors.com\/es\/wp-json\/wp\/v2\/media?parent=3186"}],"wp:term":[{"taxonomy":"product_brand","embeddable":true,"href":"https:\/\/espeltviticultors.com\/es\/wp-json\/wp\/v2\/product_brand?post=3186"},{"taxonomy":"product_cat","embeddable":true,"href":"https:\/\/espeltviticultors.com\/es\/wp-json\/wp\/v2\/product_cat?post=3186"},{"taxonomy":"product_tag","embeddable":true,"href":"https:\/\/espeltviticultors.com\/es\/wp-json\/wp\/v2\/product_tag?post=3186"}],"curies":[{"name":"wp","href":"https:\/\/api.w.org\/{rel}","templated":true}]}}