{"id":3191,"date":"2021-03-04T12:11:59","date_gmt":"2021-03-04T11:11:59","guid":{"rendered":"https:\/\/espeltviticultors.com\/botiga\/airam\/"},"modified":"2024-08-09T13:40:17","modified_gmt":"2024-08-09T11:40:17","slug":"airam","status":"publish","type":"product","link":"https:\/\/espeltviticultors.com\/es\/tienda\/airam\/","title":{"rendered":"Airam"},"content":{"rendered":"<article class=\"yellow_bg profile\">\n<div class=\"width-center clearfix relative\">\n<div class=\"width50\">\n<div class=\"gdlr-core-row-shortcode clearfix gdlr-core-item-rvpdlr\" ><div class=\"gdlr-core-column-shortcode gdlr-core-item-pdlr gdlr-core-column-40\" ><\/p>\n<div class=\"width50\">\n<p><strong>Tipo de vino<br \/>\n<\/strong>Vino dulce natural. Garnacha del Empord\u00e0. Crianza de solera.<\/p>\n<p><strong>Variedades<br \/>\n<\/strong>80% lledoner negre (garnacha tinta) | 20% lledoner roig (garnacha roja).<\/p>\n<p class=\"title_section_profile\"><strong>\u00bfC\u00f3mo es?<br \/>\n<\/strong>Airam es un garnacha dulce con toques dorados y rojos, un vino que no clarificamos para poder mantener la solera. Con aromas de frutos secos, miel de romero, alm\u00edbar y canela. En boca, a\u00fan y tener una base dulce de frutas como el higo, tiene un punto \u00e1cido y fresco que lo hace m\u00e1s ligero. Un vino persistente como las sobremesas de oto\u00f1o.<\/p>\n<p><strong>Viticultura<\/strong><br \/>\nMonta\u00f1a: son 25 hect\u00e1reas, completamente ecol\u00f3gicas, de variedades tintas, donde predominan las mediterr\u00e1neas.<\/p>\n<\/div>\n<p><strong>Para acompa\u00f1ar&#8230;<\/strong><br \/>\nFrutos secos, queso azul, un coulant de chocolate&#8230; \u00a1O simplemente chocolate negro!<\/p>\n<a class=\"gdlr-core-button gdlr-core-button-shortcode  gdlr-core-button-gradient gdlr-core-button-no-border\" href=\"https:\/\/espeltviticultors.com\/wp-content\/uploads\/2023\/11\/airam_CAST_.pdf\" target=\"_blank\"  style=\"margin-right: 20px;\"  ><span class=\"gdlr-core-content\"  >Ficha t\u00e9cnica<\/span><\/a>\n<p>\n<\/div><div class=\"gdlr-core-column-shortcode gdlr-core-item-pdlr gdlr-core-column-20\" ><\/p>\n<div class=\"gdlr-core-widget-list-shortcode\" id=\"gdlr-core-widget-list-0\"  ><h3 class=\"gdlr-core-widget-list-shortcode-title\"  ><strong>Reconocimientos<\/strong><\/h3><\/p>\n<ul>\n<li>16,5 Scored Jancis Robinson<\/li>\n<li>9,32 puntos La Guia de Vins de Catalunya 2021<\/li>\n<li>91 puntos Parker<\/li>\n<li>94 puntos Gu\u00eda Pe\u00f1\u00edn 2025<\/li>\n<li>Decanter World Wine Awards: Medalla de Plata. 2013<\/li>\n<li>Garnachas del Mundo: Medalla de Oro. 2016<\/li>\n<li>Garnachas del Mundo: Medalla de Plata. 2015\n<div class=\"width50\"><\/div>\n<\/li>\n<\/ul>\n<p><\/div>\n<p>\n<\/div><\/div>\n<p>&nbsp;<\/p>\n<\/div>\n<p>&nbsp;<\/p>\n<p>&nbsp;<\/p>\n<div class=\"width50\">\n<div class=\"flex flex-row\">\n<div><\/div>\n<div><\/div>\n<div><\/div>\n<div class=\"wine_category\"><\/div>\n<div><\/div>\n<\/div>\n<\/div>\n<\/div>\n<\/article>\n","protected":false},"excerpt":{"rendered":"<p>\u201cNo podemos valorar lo que somos sin conocer y apreciar nuestras ra\u00edces\u201d Anna Espelt. Airam es el vino que elaboraba nuestro abuelo Llu\u00eds antes incluso de que existiera nuestra bodega. La Garnatxa joven se met\u00eda en barricas todos los a\u00f1os, despu\u00e9s de vaciar una fracci\u00f3n de las que ya estaban llenas, en la solera. Esa fracci\u00f3n, que es la historia de nuestras vendimias, desde 1997, se llama Airam.<\/p>\n","protected":false},"featured_media":2051,"template":"","meta":[],"product_brand":[],"product_cat":[94,143],"product_tag":[200,185,183,189,188],"class_list":{"0":"post-3191","1":"product","2":"type-product","3":"status-publish","4":"has-post-thumbnail","6":"product_cat-vinos","7":"product_cat-dulces","8":"product_tag-castanas-y-bunuelos","9":"product_tag-garnacha-roja","10":"product_tag-garnacha-tinta","11":"product_tag-lledoner-negre-es","12":"product_tag-lledoner-roig-es","14":"first","15":"instock","16":"taxable","17":"shipping-taxable","18":"purchasable","19":"product-type-simple"},"yoast_head":"<!-- This site is optimized with the Yoast SEO Premium plugin v19.3 (Yoast SEO v25.6) - https:\/\/yoast.com\/wordpress\/plugins\/seo\/ -->\n<title>Airam - Espelt Viticultores<\/title>\n<meta name=\"description\" content=\"Airam es un vino dulce natural. Garnacha del Empord\u00e0. Crianza de solera. La tradici\u00f3n del vino dulce de garnacha elaborado con la receta ancestral.\" \/>\n<meta name=\"robots\" content=\"index, follow, max-snippet:-1, max-image-preview:large, max-video-preview:-1\" \/>\n<link rel=\"canonical\" href=\"https:\/\/espeltviticultors.com\/es\/tienda\/airam\/\" \/>\n<meta property=\"og:locale\" content=\"es_ES\" \/>\n<meta property=\"og:type\" content=\"article\" \/>\n<meta property=\"og:title\" content=\"Airam\" \/>\n<meta property=\"og:description\" content=\"\u201cNo podemos valorar lo que somos sin conocer y apreciar nuestras ra\u00edces\u201d Anna Espelt. Airam es el vino que elaboraba nuestro abuelo Llu\u00eds antes incluso de que existiera nuestra bodega. La Garnatxa joven se met\u00eda en barricas todos los a\u00f1os, despu\u00e9s de vaciar una fracci\u00f3n de las que ya estaban llenas, en la solera. Esa fracci\u00f3n, que es la historia de nuestras vendimias, desde 1997, se llama Airam.\" \/>\n<meta property=\"og:url\" content=\"https:\/\/espeltviticultors.com\/es\/tienda\/airam\/\" \/>\n<meta property=\"og:site_name\" content=\"Espelt Viticultores\" \/>\n<meta property=\"article:publisher\" content=\"https:\/\/www.facebook.com\/espelt.viticultors\" \/>\n<meta property=\"article:modified_time\" content=\"2024-08-09T11:40:17+00:00\" \/>\n<meta property=\"og:image\" content=\"https:\/\/espeltviticultors.com\/wp-content\/uploads\/2021\/03\/airam.jpg\" \/>\n\t<meta property=\"og:image:width\" content=\"800\" \/>\n\t<meta property=\"og:image:height\" content=\"630\" \/>\n\t<meta property=\"og:image:type\" content=\"image\/jpeg\" \/>\n<meta name=\"twitter:card\" content=\"summary_large_image\" \/>\n<meta name=\"twitter:site\" content=\"@CellerEspelt\" \/>\n<meta name=\"twitter:label1\" content=\"Precio\" \/>\n\t<meta name=\"twitter:data1\" content=\"14,30&nbsp;&euro;\" \/>\n\t<meta name=\"twitter:label2\" content=\"Availability\" \/>\n\t<meta name=\"twitter:data2\" content=\"In stock\" \/>\n<script type=\"application\/ld+json\" class=\"yoast-schema-graph\">{\"@context\":\"https:\/\/schema.org\",\"@graph\":[{\"@type\":\"WebPage\",\"@id\":\"https:\/\/espeltviticultors.com\/es\/tienda\/airam\/\",\"url\":\"https:\/\/espeltviticultors.com\/es\/tienda\/airam\/\",\"name\":\"Airam - Espelt Viticultores\",\"isPartOf\":{\"@id\":\"https:\/\/espeltviticultors.com\/#website\"},\"primaryImageOfPage\":{\"@id\":\"https:\/\/espeltviticultors.com\/es\/tienda\/airam\/#primaryimage\"},\"image\":{\"@id\":\"https:\/\/espeltviticultors.com\/es\/tienda\/airam\/#primaryimage\"},\"thumbnailUrl\":\"https:\/\/espeltviticultors.com\/wp-content\/uploads\/2021\/03\/airam.jpg\",\"datePublished\":\"2021-03-04T11:11:59+00:00\",\"dateModified\":\"2024-08-09T11:40:17+00:00\",\"description\":\"Airam es un vino dulce natural. Garnacha del Empord\u00e0. Crianza de solera. La tradici\u00f3n del vino dulce de garnacha elaborado con la receta ancestral.\",\"breadcrumb\":{\"@id\":\"https:\/\/espeltviticultors.com\/es\/tienda\/airam\/#breadcrumb\"},\"inLanguage\":\"es\",\"potentialAction\":[{\"@type\":\"ReadAction\",\"target\":[\"https:\/\/espeltviticultors.com\/es\/tienda\/airam\/\"]}]},{\"@type\":\"ImageObject\",\"inLanguage\":\"es\",\"@id\":\"https:\/\/espeltviticultors.com\/es\/tienda\/airam\/#primaryimage\",\"url\":\"https:\/\/espeltviticultors.com\/wp-content\/uploads\/2021\/03\/airam.jpg\",\"contentUrl\":\"https:\/\/espeltviticultors.com\/wp-content\/uploads\/2021\/03\/airam.jpg\",\"width\":800,\"height\":630,\"caption\":\"Airam\"},{\"@type\":\"BreadcrumbList\",\"@id\":\"https:\/\/espeltviticultors.com\/es\/tienda\/airam\/#breadcrumb\",\"itemListElement\":[{\"@type\":\"ListItem\",\"position\":1,\"name\":\"Portada\",\"item\":\"https:\/\/espeltviticultors.com\/es\/\"},{\"@type\":\"ListItem\",\"position\":2,\"name\":\"Tienda\",\"item\":\"https:\/\/espeltviticultors.com\/es\/tienda\/\"},{\"@type\":\"ListItem\",\"position\":3,\"name\":\"Airam\"}]},{\"@type\":\"WebSite\",\"@id\":\"https:\/\/espeltviticultors.com\/#website\",\"url\":\"https:\/\/espeltviticultors.com\/\",\"name\":\"Espelt Viticultores\",\"description\":\"Vinos del Empord\u00e0 i enoturismo\",\"publisher\":{\"@id\":\"https:\/\/espeltviticultors.com\/#organization\"},\"potentialAction\":[{\"@type\":\"SearchAction\",\"target\":{\"@type\":\"EntryPoint\",\"urlTemplate\":\"https:\/\/espeltviticultors.com\/?s={search_term_string}\"},\"query-input\":{\"@type\":\"PropertyValueSpecification\",\"valueRequired\":true,\"valueName\":\"search_term_string\"}}],\"inLanguage\":\"es\"},{\"@type\":\"Organization\",\"@id\":\"https:\/\/espeltviticultors.com\/#organization\",\"name\":\"Espelt Viticultors - tienda online\",\"url\":\"https:\/\/espeltviticultors.com\/\",\"logo\":{\"@type\":\"ImageObject\",\"inLanguage\":\"es\",\"@id\":\"https:\/\/espeltviticultors.com\/#\/schema\/logo\/image\/\",\"url\":\"https:\/\/espeltviticultors.com\/wp-content\/uploads\/2021\/02\/logo_color_trasparent.png\",\"contentUrl\":\"https:\/\/espeltviticultors.com\/wp-content\/uploads\/2021\/02\/logo_color_trasparent.png\",\"width\":818,\"height\":272,\"caption\":\"Espelt Viticultors - tienda online\"},\"image\":{\"@id\":\"https:\/\/espeltviticultors.com\/#\/schema\/logo\/image\/\"},\"sameAs\":[\"https:\/\/www.facebook.com\/espelt.viticultors\",\"https:\/\/x.com\/CellerEspelt\",\"https:\/\/www.instagram.com\/cellerespelt\/\"]}]}<\/script>\n<meta property=\"product:price:amount\" content=\"14.30\" \/>\n<meta property=\"product:price:currency\" content=\"EUR\" \/>\n<meta property=\"og:availability\" content=\"instock\" \/>\n<meta property=\"product:availability\" content=\"instock\" \/>\n<meta property=\"product:retailer_item_id\" content=\"1565\" \/>\n<meta property=\"product:condition\" content=\"new\" \/>\n<!-- \/ Yoast SEO Premium plugin. -->","yoast_head_json":{"title":"Airam - Espelt Viticultores","description":"Airam es un vino dulce natural. Garnacha del Empord\u00e0. Crianza de solera. La tradici\u00f3n del vino dulce de garnacha elaborado con la receta ancestral.","robots":{"index":"index","follow":"follow","max-snippet":"max-snippet:-1","max-image-preview":"max-image-preview:large","max-video-preview":"max-video-preview:-1"},"canonical":"https:\/\/espeltviticultors.com\/es\/tienda\/airam\/","og_locale":"es_ES","og_type":"article","og_title":"Airam","og_description":"\u201cNo podemos valorar lo que somos sin conocer y apreciar nuestras ra\u00edces\u201d Anna Espelt. Airam es el vino que elaboraba nuestro abuelo Llu\u00eds antes incluso de que existiera nuestra bodega. La Garnatxa joven se met\u00eda en barricas todos los a\u00f1os, despu\u00e9s de vaciar una fracci\u00f3n de las que ya estaban llenas, en la solera. Esa fracci\u00f3n, que es la historia de nuestras vendimias, desde 1997, se llama Airam.","og_url":"https:\/\/espeltviticultors.com\/es\/tienda\/airam\/","og_site_name":"Espelt Viticultores","article_publisher":"https:\/\/www.facebook.com\/espelt.viticultors","article_modified_time":"2024-08-09T11:40:17+00:00","og_image":[{"width":800,"height":630,"url":"https:\/\/espeltviticultors.com\/wp-content\/uploads\/2021\/03\/airam.jpg","type":"image\/jpeg"}],"twitter_card":"summary_large_image","twitter_site":"@CellerEspelt","twitter_misc":{"Precio":"14,30&nbsp;&euro;","Availability":"In stock"},"schema":{"@context":"https:\/\/schema.org","@graph":[{"@type":"WebPage","@id":"https:\/\/espeltviticultors.com\/es\/tienda\/airam\/","url":"https:\/\/espeltviticultors.com\/es\/tienda\/airam\/","name":"Airam - Espelt Viticultores","isPartOf":{"@id":"https:\/\/espeltviticultors.com\/#website"},"primaryImageOfPage":{"@id":"https:\/\/espeltviticultors.com\/es\/tienda\/airam\/#primaryimage"},"image":{"@id":"https:\/\/espeltviticultors.com\/es\/tienda\/airam\/#primaryimage"},"thumbnailUrl":"https:\/\/espeltviticultors.com\/wp-content\/uploads\/2021\/03\/airam.jpg","datePublished":"2021-03-04T11:11:59+00:00","dateModified":"2024-08-09T11:40:17+00:00","description":"Airam es un vino dulce natural. Garnacha del Empord\u00e0. Crianza de solera. La tradici\u00f3n del vino dulce de garnacha elaborado con la receta ancestral.","breadcrumb":{"@id":"https:\/\/espeltviticultors.com\/es\/tienda\/airam\/#breadcrumb"},"inLanguage":"es","potentialAction":[{"@type":"ReadAction","target":["https:\/\/espeltviticultors.com\/es\/tienda\/airam\/"]}]},{"@type":"ImageObject","inLanguage":"es","@id":"https:\/\/espeltviticultors.com\/es\/tienda\/airam\/#primaryimage","url":"https:\/\/espeltviticultors.com\/wp-content\/uploads\/2021\/03\/airam.jpg","contentUrl":"https:\/\/espeltviticultors.com\/wp-content\/uploads\/2021\/03\/airam.jpg","width":800,"height":630,"caption":"Airam"},{"@type":"BreadcrumbList","@id":"https:\/\/espeltviticultors.com\/es\/tienda\/airam\/#breadcrumb","itemListElement":[{"@type":"ListItem","position":1,"name":"Portada","item":"https:\/\/espeltviticultors.com\/es\/"},{"@type":"ListItem","position":2,"name":"Tienda","item":"https:\/\/espeltviticultors.com\/es\/tienda\/"},{"@type":"ListItem","position":3,"name":"Airam"}]},{"@type":"WebSite","@id":"https:\/\/espeltviticultors.com\/#website","url":"https:\/\/espeltviticultors.com\/","name":"Espelt Viticultores","description":"Vinos del Empord\u00e0 i enoturismo","publisher":{"@id":"https:\/\/espeltviticultors.com\/#organization"},"potentialAction":[{"@type":"SearchAction","target":{"@type":"EntryPoint","urlTemplate":"https:\/\/espeltviticultors.com\/?s={search_term_string}"},"query-input":{"@type":"PropertyValueSpecification","valueRequired":true,"valueName":"search_term_string"}}],"inLanguage":"es"},{"@type":"Organization","@id":"https:\/\/espeltviticultors.com\/#organization","name":"Espelt Viticultors - tienda online","url":"https:\/\/espeltviticultors.com\/","logo":{"@type":"ImageObject","inLanguage":"es","@id":"https:\/\/espeltviticultors.com\/#\/schema\/logo\/image\/","url":"https:\/\/espeltviticultors.com\/wp-content\/uploads\/2021\/02\/logo_color_trasparent.png","contentUrl":"https:\/\/espeltviticultors.com\/wp-content\/uploads\/2021\/02\/logo_color_trasparent.png","width":818,"height":272,"caption":"Espelt Viticultors - tienda online"},"image":{"@id":"https:\/\/espeltviticultors.com\/#\/schema\/logo\/image\/"},"sameAs":["https:\/\/www.facebook.com\/espelt.viticultors","https:\/\/x.com\/CellerEspelt","https:\/\/www.instagram.com\/cellerespelt\/"]}]},"product_price_amount":"14.30","product_price_currency":"EUR","og_availability":"instock","product_availability":"instock","product_retailer_item_id":"1565","product_condition":"new"},"_links":{"self":[{"href":"https:\/\/espeltviticultors.com\/es\/wp-json\/wp\/v2\/product\/3191"}],"collection":[{"href":"https:\/\/espeltviticultors.com\/es\/wp-json\/wp\/v2\/product"}],"about":[{"href":"https:\/\/espeltviticultors.com\/es\/wp-json\/wp\/v2\/types\/product"}],"wp:featuredmedia":[{"embeddable":true,"href":"https:\/\/espeltviticultors.com\/es\/wp-json\/wp\/v2\/media\/2051"}],"wp:attachment":[{"href":"https:\/\/espeltviticultors.com\/es\/wp-json\/wp\/v2\/media?parent=3191"}],"wp:term":[{"taxonomy":"product_brand","embeddable":true,"href":"https:\/\/espeltviticultors.com\/es\/wp-json\/wp\/v2\/product_brand?post=3191"},{"taxonomy":"product_cat","embeddable":true,"href":"https:\/\/espeltviticultors.com\/es\/wp-json\/wp\/v2\/product_cat?post=3191"},{"taxonomy":"product_tag","embeddable":true,"href":"https:\/\/espeltviticultors.com\/es\/wp-json\/wp\/v2\/product_tag?post=3191"}],"curies":[{"name":"wp","href":"https:\/\/api.w.org\/{rel}","templated":true}]}}