{"id":4692,"date":"2021-10-15T16:15:03","date_gmt":"2021-10-15T14:15:03","guid":{"rendered":"https:\/\/espeltviticultors.com\/?post_type=product&#038;p=4692"},"modified":"2025-05-19T15:14:06","modified_gmt":"2025-05-19T13:14:06","slug":"la-vella-carinena-blanca","status":"publish","type":"product","link":"https:\/\/espeltviticultors.com\/es\/tienda\/la-vella-carinena-blanca\/","title":{"rendered":"La Vella 2023"},"content":{"rendered":"<div class=\"gdlr-core-row-shortcode clearfix gdlr-core-item-rvpdlr\" ><div class=\"gdlr-core-column-shortcode gdlr-core-item-pdlr gdlr-core-column-40\" ><\/p>\n<h2><strong>La Vella &#8211; A\u00f1ada 2022<\/strong><\/h2>\n<p class=\"title_section_profile\"><strong>Tipo de vino<br \/>\n<\/strong>Vino blanco monovarietal de vi\u00f1edos viejos de cari\u00f1ena blanca, vendimiado a mano y uvas escogidas en la misma finca. Prensado en fr\u00edo, sin intervenci\u00f3n mec\u00e1nica y con una crianza, sobre sus l\u00edas, de ocho mesos en huevos de cemento.<\/p>\n<p class=\"title_section_profile\"><strong>Variedades<br \/>\n<\/strong>100% cari\u00f1ena blanca del Empord\u00e0<\/p>\n<p class=\"title_section_profile\"><strong>\u00bfC\u00f3mo es?<br \/>\n<\/strong>De color dorado, sentimos el sotobosque del mediterr\u00e1neo y la primavera. Un recuerdo profundo del Empord\u00e0.<\/p>\n<p><strong>Viticultura<\/strong><br \/>\nRab\u00f3s: Vi\u00f1as viejas, muy viejas. Cari\u00f1enas, garnachas sobre pizarras. Vinos potentes, complejos, con buenas acidez y mucha vida.<\/p>\n<p><strong>Para acompa\u00f1ar<\/strong><br \/>\nPlatos de pescado con personalidad: caldereta, suquet de cabracho, arroz de langosta y erizos de mar. Tambi\u00e9n es un buen complemento para asados de tradici\u00f3n antigua y de cocci\u00f3n muy lenta.<\/p>\n<p><img loading=\"lazy\" decoding=\"async\" class=\"alignnone size-full wp-image-3912 alignleft\" src=\"https:\/\/espeltviticultors.com\/wp-content\/uploads\/2021\/05\/maridatge_chicken_dark.png\" alt=\"\" width=\"50\" height=\"50\" \/><img loading=\"lazy\" decoding=\"async\" class=\"alignnone size-full wp-image-3893 alignleft\" src=\"https:\/\/espeltviticultors.com\/wp-content\/uploads\/2021\/05\/maridatge_fish_dark.png\" alt=\"\" width=\"50\" height=\"50\" \/><img loading=\"lazy\" decoding=\"async\" class=\"alignnone size-full wp-image-3899 alignleft\" src=\"https:\/\/espeltviticultors.com\/wp-content\/uploads\/2021\/05\/maridatge_vegetal_dark.png\" alt=\"\" width=\"50\" height=\"50\" \/><\/p>\n<p>&nbsp;<\/p>\n<p>&nbsp;<\/p>\n<a class=\"gdlr-core-button gdlr-core-button-shortcode  gdlr-core-button-gradient gdlr-core-button-no-border\" href=\"https:\/\/espeltviticultors.com\/wp-content\/uploads\/2024\/09\/lavella_2022_CAST.pdf\" target=\"_blank\"  style=\"margin-right: 20px;\"  ><span class=\"gdlr-core-content\"  >Ficha t\u00e9cnica<\/span><\/a>\n<p>\n<\/div><div class=\"gdlr-core-column-shortcode gdlr-core-item-pdlr gdlr-core-column-20\" ><\/p>\n<div class=\"gdlr-core-widget-list-shortcode\" id=\"gdlr-core-widget-list-0\"  ><h3 class=\"gdlr-core-widget-list-shortcode-title\"  >Reconocimientos<\/h3><\/p>\n<ul>\n<li>16 puntos Jancis Robinson<\/li>\n<li>9,86 puntos La Guia de Vins de Catalunya, 2024 y Mejor Cari\u00f1ena Blanca<\/li>\n<\/ul>\n<p><\/div>\n<div class=\"gdlr-core-widget-list-shortcode\" id=\"gdlr-core-widget-list-0\"  ><h3 class=\"gdlr-core-widget-list-shortcode-title\"  ><strong>Certificaci\u00f3n ecol\u00f3gica<\/strong><\/h3><\/p>\n<p><img loading=\"lazy\" decoding=\"async\" class=\"\" src=\"https:\/\/espeltviticultors.com\/assets\/img\/Logo_alimentacion_ecologica.jpg\" width=\"88\" height=\"60\" \/><\/p>\n<p>&nbsp;<\/p>\n<p><\/div>\n<p>\n<\/div><\/div>\n<p>&nbsp;<\/p>\n<p>&nbsp;<\/p>\n<p>&nbsp;<\/p>\n<div class=\"flex flex-row\">\n<div class=\"width49 wine_detail_little_box wine_detail_viticulture_box\"><\/div>\n<\/div>\n","protected":false},"excerpt":{"rendered":"<p>La Vella, 100% cari\u00f1ena blanca del Empord\u00e0, es un homenaje a los viticultores y viticultores que nunca abandonaron esta variedad para que hoy podamos hacer este vino. Un vino blanco ecol\u00f3gico de una sola parcela de vi\u00f1as muy viejas de una variedad local perdida en el tiempo.<\/p>\n","protected":false},"featured_media":4698,"template":"","meta":[],"product_brand":[],"product_cat":[94,142],"product_tag":[191,194],"class_list":{"0":"post-4692","1":"product","2":"type-product","3":"status-publish","4":"has-post-thumbnail","6":"product_cat-vinos","7":"product_cat-blanco-es","8":"product_tag-carinena-blanca","9":"product_tag-esencia","11":"first","12":"instock","13":"sold-individually","14":"taxable","15":"shipping-taxable","16":"purchasable","17":"product-type-simple"},"yoast_head":"<!-- This site is optimized with the Yoast SEO Premium plugin v19.3 (Yoast SEO v25.6) - https:\/\/yoast.com\/wordpress\/plugins\/seo\/ -->\n<title>La Vella: cari\u00f1ena blanca del Empord\u00e0 - Espelt Viticultores<\/title>\n<meta name=\"description\" content=\"La Vella.: cari\u00f1ena blanca del Empord\u00e0. Vi\u00f1edos viejos de Rab\u00f3s d&#039;Empord\u00e0. Viticultura ecol\u00f3gica, uvas escogidas de una sola parcela.\" \/>\n<meta name=\"robots\" content=\"index, follow, max-snippet:-1, max-image-preview:large, max-video-preview:-1\" \/>\n<link rel=\"canonical\" href=\"https:\/\/espeltviticultors.com\/es\/tienda\/la-vella-carinena-blanca\/\" \/>\n<meta property=\"og:locale\" content=\"es_ES\" \/>\n<meta property=\"og:type\" content=\"article\" \/>\n<meta property=\"og:title\" content=\"La Vella 2023\" \/>\n<meta property=\"og:description\" content=\"La Vella, 100% cari\u00f1ena blanca del Empord\u00e0, es un homenaje a los viticultores y viticultores que nunca abandonaron esta variedad para que hoy podamos hacer este vino. Un vino blanco ecol\u00f3gico de una sola parcela de vi\u00f1as muy viejas de una variedad local perdida en el tiempo.\" \/>\n<meta property=\"og:url\" content=\"https:\/\/espeltviticultors.com\/es\/tienda\/la-vella-carinena-blanca\/\" \/>\n<meta property=\"og:site_name\" content=\"Espelt Viticultores\" \/>\n<meta property=\"article:publisher\" content=\"https:\/\/www.facebook.com\/espelt.viticultors\" \/>\n<meta property=\"article:modified_time\" content=\"2025-05-19T13:14:06+00:00\" \/>\n<meta property=\"og:image\" content=\"https:\/\/espeltviticultors.com\/wp-content\/uploads\/2021\/10\/la_vella_2019.jpg\" \/>\n\t<meta property=\"og:image:width\" content=\"800\" \/>\n\t<meta property=\"og:image:height\" content=\"630\" \/>\n\t<meta property=\"og:image:type\" content=\"image\/jpeg\" \/>\n<meta name=\"twitter:card\" content=\"summary_large_image\" \/>\n<meta name=\"twitter:site\" content=\"@CellerEspelt\" \/>\n<meta name=\"twitter:label1\" content=\"Precio\" \/>\n\t<meta name=\"twitter:data1\" content=\"45,00&nbsp;&euro;\" \/>\n\t<meta name=\"twitter:label2\" content=\"Availability\" \/>\n\t<meta name=\"twitter:data2\" content=\"In stock\" \/>\n<script type=\"application\/ld+json\" class=\"yoast-schema-graph\">{\"@context\":\"https:\/\/schema.org\",\"@graph\":[{\"@type\":\"WebPage\",\"@id\":\"https:\/\/espeltviticultors.com\/es\/tienda\/la-vella-carinena-blanca\/\",\"url\":\"https:\/\/espeltviticultors.com\/es\/tienda\/la-vella-carinena-blanca\/\",\"name\":\"La Vella: cari\u00f1ena blanca del Empord\u00e0 - Espelt Viticultores\",\"isPartOf\":{\"@id\":\"https:\/\/espeltviticultors.com\/#website\"},\"primaryImageOfPage\":{\"@id\":\"https:\/\/espeltviticultors.com\/es\/tienda\/la-vella-carinena-blanca\/#primaryimage\"},\"image\":{\"@id\":\"https:\/\/espeltviticultors.com\/es\/tienda\/la-vella-carinena-blanca\/#primaryimage\"},\"thumbnailUrl\":\"https:\/\/espeltviticultors.com\/wp-content\/uploads\/2021\/10\/la_vella_2019.jpg\",\"datePublished\":\"2021-10-15T14:15:03+00:00\",\"dateModified\":\"2025-05-19T13:14:06+00:00\",\"description\":\"La Vella.: cari\u00f1ena blanca del Empord\u00e0. Vi\u00f1edos viejos de Rab\u00f3s d'Empord\u00e0. Viticultura ecol\u00f3gica, uvas escogidas de una sola parcela.\",\"breadcrumb\":{\"@id\":\"https:\/\/espeltviticultors.com\/es\/tienda\/la-vella-carinena-blanca\/#breadcrumb\"},\"inLanguage\":\"es\",\"potentialAction\":[{\"@type\":\"ReadAction\",\"target\":[\"https:\/\/espeltviticultors.com\/es\/tienda\/la-vella-carinena-blanca\/\"]}]},{\"@type\":\"ImageObject\",\"inLanguage\":\"es\",\"@id\":\"https:\/\/espeltviticultors.com\/es\/tienda\/la-vella-carinena-blanca\/#primaryimage\",\"url\":\"https:\/\/espeltviticultors.com\/wp-content\/uploads\/2021\/10\/la_vella_2019.jpg\",\"contentUrl\":\"https:\/\/espeltviticultors.com\/wp-content\/uploads\/2021\/10\/la_vella_2019.jpg\",\"width\":800,\"height\":630,\"caption\":\"La Vella\"},{\"@type\":\"BreadcrumbList\",\"@id\":\"https:\/\/espeltviticultors.com\/es\/tienda\/la-vella-carinena-blanca\/#breadcrumb\",\"itemListElement\":[{\"@type\":\"ListItem\",\"position\":1,\"name\":\"Portada\",\"item\":\"https:\/\/espeltviticultors.com\/es\/\"},{\"@type\":\"ListItem\",\"position\":2,\"name\":\"Tienda\",\"item\":\"https:\/\/espeltviticultors.com\/es\/tienda\/\"},{\"@type\":\"ListItem\",\"position\":3,\"name\":\"La Vella 2023\"}]},{\"@type\":\"WebSite\",\"@id\":\"https:\/\/espeltviticultors.com\/#website\",\"url\":\"https:\/\/espeltviticultors.com\/\",\"name\":\"Espelt Viticultores\",\"description\":\"Vinos del Empord\u00e0 i enoturismo\",\"publisher\":{\"@id\":\"https:\/\/espeltviticultors.com\/#organization\"},\"potentialAction\":[{\"@type\":\"SearchAction\",\"target\":{\"@type\":\"EntryPoint\",\"urlTemplate\":\"https:\/\/espeltviticultors.com\/?s={search_term_string}\"},\"query-input\":{\"@type\":\"PropertyValueSpecification\",\"valueRequired\":true,\"valueName\":\"search_term_string\"}}],\"inLanguage\":\"es\"},{\"@type\":\"Organization\",\"@id\":\"https:\/\/espeltviticultors.com\/#organization\",\"name\":\"Espelt Viticultors - tienda online\",\"url\":\"https:\/\/espeltviticultors.com\/\",\"logo\":{\"@type\":\"ImageObject\",\"inLanguage\":\"es\",\"@id\":\"https:\/\/espeltviticultors.com\/#\/schema\/logo\/image\/\",\"url\":\"https:\/\/espeltviticultors.com\/wp-content\/uploads\/2021\/02\/logo_color_trasparent.png\",\"contentUrl\":\"https:\/\/espeltviticultors.com\/wp-content\/uploads\/2021\/02\/logo_color_trasparent.png\",\"width\":818,\"height\":272,\"caption\":\"Espelt Viticultors - tienda online\"},\"image\":{\"@id\":\"https:\/\/espeltviticultors.com\/#\/schema\/logo\/image\/\"},\"sameAs\":[\"https:\/\/www.facebook.com\/espelt.viticultors\",\"https:\/\/x.com\/CellerEspelt\",\"https:\/\/www.instagram.com\/cellerespelt\/\"]}]}<\/script>\n<meta property=\"product:price:amount\" content=\"45.00\" \/>\n<meta property=\"product:price:currency\" content=\"EUR\" \/>\n<meta property=\"og:availability\" content=\"instock\" \/>\n<meta property=\"product:availability\" content=\"instock\" \/>\n<meta property=\"product:retailer_item_id\" content=\"1485-1\" \/>\n<meta property=\"product:condition\" content=\"new\" \/>\n<!-- \/ Yoast SEO Premium plugin. -->","yoast_head_json":{"title":"La Vella: cari\u00f1ena blanca del Empord\u00e0 - Espelt Viticultores","description":"La Vella.: cari\u00f1ena blanca del Empord\u00e0. Vi\u00f1edos viejos de Rab\u00f3s d'Empord\u00e0. Viticultura ecol\u00f3gica, uvas escogidas de una sola parcela.","robots":{"index":"index","follow":"follow","max-snippet":"max-snippet:-1","max-image-preview":"max-image-preview:large","max-video-preview":"max-video-preview:-1"},"canonical":"https:\/\/espeltviticultors.com\/es\/tienda\/la-vella-carinena-blanca\/","og_locale":"es_ES","og_type":"article","og_title":"La Vella 2023","og_description":"La Vella, 100% cari\u00f1ena blanca del Empord\u00e0, es un homenaje a los viticultores y viticultores que nunca abandonaron esta variedad para que hoy podamos hacer este vino. Un vino blanco ecol\u00f3gico de una sola parcela de vi\u00f1as muy viejas de una variedad local perdida en el tiempo.","og_url":"https:\/\/espeltviticultors.com\/es\/tienda\/la-vella-carinena-blanca\/","og_site_name":"Espelt Viticultores","article_publisher":"https:\/\/www.facebook.com\/espelt.viticultors","article_modified_time":"2025-05-19T13:14:06+00:00","og_image":[{"width":800,"height":630,"url":"https:\/\/espeltviticultors.com\/wp-content\/uploads\/2021\/10\/la_vella_2019.jpg","type":"image\/jpeg"}],"twitter_card":"summary_large_image","twitter_site":"@CellerEspelt","twitter_misc":{"Precio":"45,00&nbsp;&euro;","Availability":"In stock"},"schema":{"@context":"https:\/\/schema.org","@graph":[{"@type":"WebPage","@id":"https:\/\/espeltviticultors.com\/es\/tienda\/la-vella-carinena-blanca\/","url":"https:\/\/espeltviticultors.com\/es\/tienda\/la-vella-carinena-blanca\/","name":"La Vella: cari\u00f1ena blanca del Empord\u00e0 - Espelt Viticultores","isPartOf":{"@id":"https:\/\/espeltviticultors.com\/#website"},"primaryImageOfPage":{"@id":"https:\/\/espeltviticultors.com\/es\/tienda\/la-vella-carinena-blanca\/#primaryimage"},"image":{"@id":"https:\/\/espeltviticultors.com\/es\/tienda\/la-vella-carinena-blanca\/#primaryimage"},"thumbnailUrl":"https:\/\/espeltviticultors.com\/wp-content\/uploads\/2021\/10\/la_vella_2019.jpg","datePublished":"2021-10-15T14:15:03+00:00","dateModified":"2025-05-19T13:14:06+00:00","description":"La Vella.: cari\u00f1ena blanca del Empord\u00e0. Vi\u00f1edos viejos de Rab\u00f3s d'Empord\u00e0. Viticultura ecol\u00f3gica, uvas escogidas de una sola parcela.","breadcrumb":{"@id":"https:\/\/espeltviticultors.com\/es\/tienda\/la-vella-carinena-blanca\/#breadcrumb"},"inLanguage":"es","potentialAction":[{"@type":"ReadAction","target":["https:\/\/espeltviticultors.com\/es\/tienda\/la-vella-carinena-blanca\/"]}]},{"@type":"ImageObject","inLanguage":"es","@id":"https:\/\/espeltviticultors.com\/es\/tienda\/la-vella-carinena-blanca\/#primaryimage","url":"https:\/\/espeltviticultors.com\/wp-content\/uploads\/2021\/10\/la_vella_2019.jpg","contentUrl":"https:\/\/espeltviticultors.com\/wp-content\/uploads\/2021\/10\/la_vella_2019.jpg","width":800,"height":630,"caption":"La Vella"},{"@type":"BreadcrumbList","@id":"https:\/\/espeltviticultors.com\/es\/tienda\/la-vella-carinena-blanca\/#breadcrumb","itemListElement":[{"@type":"ListItem","position":1,"name":"Portada","item":"https:\/\/espeltviticultors.com\/es\/"},{"@type":"ListItem","position":2,"name":"Tienda","item":"https:\/\/espeltviticultors.com\/es\/tienda\/"},{"@type":"ListItem","position":3,"name":"La Vella 2023"}]},{"@type":"WebSite","@id":"https:\/\/espeltviticultors.com\/#website","url":"https:\/\/espeltviticultors.com\/","name":"Espelt Viticultores","description":"Vinos del Empord\u00e0 i enoturismo","publisher":{"@id":"https:\/\/espeltviticultors.com\/#organization"},"potentialAction":[{"@type":"SearchAction","target":{"@type":"EntryPoint","urlTemplate":"https:\/\/espeltviticultors.com\/?s={search_term_string}"},"query-input":{"@type":"PropertyValueSpecification","valueRequired":true,"valueName":"search_term_string"}}],"inLanguage":"es"},{"@type":"Organization","@id":"https:\/\/espeltviticultors.com\/#organization","name":"Espelt Viticultors - tienda online","url":"https:\/\/espeltviticultors.com\/","logo":{"@type":"ImageObject","inLanguage":"es","@id":"https:\/\/espeltviticultors.com\/#\/schema\/logo\/image\/","url":"https:\/\/espeltviticultors.com\/wp-content\/uploads\/2021\/02\/logo_color_trasparent.png","contentUrl":"https:\/\/espeltviticultors.com\/wp-content\/uploads\/2021\/02\/logo_color_trasparent.png","width":818,"height":272,"caption":"Espelt Viticultors - tienda online"},"image":{"@id":"https:\/\/espeltviticultors.com\/#\/schema\/logo\/image\/"},"sameAs":["https:\/\/www.facebook.com\/espelt.viticultors","https:\/\/x.com\/CellerEspelt","https:\/\/www.instagram.com\/cellerespelt\/"]}]},"product_price_amount":"45.00","product_price_currency":"EUR","og_availability":"instock","product_availability":"instock","product_retailer_item_id":"1485-1","product_condition":"new"},"_links":{"self":[{"href":"https:\/\/espeltviticultors.com\/es\/wp-json\/wp\/v2\/product\/4692"}],"collection":[{"href":"https:\/\/espeltviticultors.com\/es\/wp-json\/wp\/v2\/product"}],"about":[{"href":"https:\/\/espeltviticultors.com\/es\/wp-json\/wp\/v2\/types\/product"}],"wp:featuredmedia":[{"embeddable":true,"href":"https:\/\/espeltviticultors.com\/es\/wp-json\/wp\/v2\/media\/4698"}],"wp:attachment":[{"href":"https:\/\/espeltviticultors.com\/es\/wp-json\/wp\/v2\/media?parent=4692"}],"wp:term":[{"taxonomy":"product_brand","embeddable":true,"href":"https:\/\/espeltviticultors.com\/es\/wp-json\/wp\/v2\/product_brand?post=4692"},{"taxonomy":"product_cat","embeddable":true,"href":"https:\/\/espeltviticultors.com\/es\/wp-json\/wp\/v2\/product_cat?post=4692"},{"taxonomy":"product_tag","embeddable":true,"href":"https:\/\/espeltviticultors.com\/es\/wp-json\/wp\/v2\/product_tag?post=4692"}],"curies":[{"name":"wp","href":"https:\/\/api.w.org\/{rel}","templated":true}]}}