{"id":6758,"date":"2022-12-07T13:39:48","date_gmt":"2022-12-07T12:39:48","guid":{"rendered":"https:\/\/espeltviticultors.com\/?post_type=product&#038;p=6758"},"modified":"2026-03-31T10:46:27","modified_gmt":"2026-03-31T08:46:27","slug":"visita-vilajuiga","status":"publish","type":"product","link":"https:\/\/espeltviticultors.com\/es\/tienda\/visita-vilajuiga\/","title":{"rendered":"Visita los vi\u00f1edos de Vilaju\u00efga con cata y maridaje en Mas Espelt"},"content":{"rendered":"<p class=\"\" data-start=\"266\" data-end=\"639\">La Visita Vilaju\u00efga es una experiencia \u00fanica para conocer de cerca nuestro proyecto vitivin\u00edcola ecol\u00f3gico.<br data-start=\"373\" data-end=\"376\">En la vi\u00f1a te revelaremos los secretos de nuestra viticultura, respetuosa con la biodiversidad de la zona. Realizaremos un recorrido por las primeras vi\u00f1as ecol\u00f3gicas que plantamos hace quince a\u00f1os en Vilaju\u00efga, testimonio de nuestro compromiso con la naturaleza.<\/p>\n<p class=\"\" data-start=\"641\" data-end=\"925\">En lo alto del Mas Espelt degustaremos los vinos tradicionales de alta gama: <strong data-start=\"718\" data-end=\"768\">Lledoner Roig, Pardells, Comabruna y Les Elies<\/strong>. Estos vinos se complementar\u00e1n con una cuidada degustaci\u00f3n de quesos y embutidos artesanales de calidad y de proximidad, resaltando lo mejor del territorio.<\/p>\n<p class=\"\" data-start=\"927\" data-end=\"1051\">Recuerda llevar calzado c\u00f3modo, ya que caminaremos entre vi\u00f1edos, y prep\u00e1rate para el fr\u00edo o el sol, seg\u00fan la \u00e9poca del a\u00f1o.<\/p>\n<p class=\"\" data-start=\"1053\" data-end=\"1084\"><strong data-start=\"1053\" data-end=\"1082\">Detalles de la actividad:<\/strong><\/p>\n<ul data-start=\"1085\" data-end=\"1529\">\n<li class=\"\" data-start=\"1085\" data-end=\"1112\">\n<p class=\"\" data-start=\"1087\" data-end=\"1112\"><strong data-start=\"1090\" data-end=\"1102\">Horario:<\/strong> 11:00 h<\/p>\n<\/li>\n<li class=\"\" data-start=\"1113\" data-end=\"1156\">\n<p class=\"\" data-start=\"1115\" data-end=\"1156\"><strong data-start=\"1117\" data-end=\"1130\">Duraci\u00f3n:<\/strong> Aproximadamente 2 horas<\/p>\n<\/li>\n<li class=\"\" data-start=\"1157\" data-end=\"1224\">\n<p class=\"\" data-start=\"1159\" data-end=\"1224\"><strong data-start=\"1162\" data-end=\"1185\">Punto de encuentro:<\/strong> <a href=\"https:\/\/www.google.com\/maps\/place\/Mas+Satlle\/@42.3225316,3.0995986,541m\/data=!3m1!1e3!4m6!3m5!1s0x12ba639e91820f6d:0x67a682706e2ca31a!8m2!3d42.3225149!4d3.0999544!16s%2Fg%2F11b60ptm34?entry=ttu&amp;g_ep=EgoyMDI2MDExMy4wIKXMDSoASAFQAw%3D%3D\" data-mce-href=\"https:\/\/www.google.com\/maps\/place\/Mas+Satlle\/@42.3225316,3.0995986,541m\/data=!3m1!1e3!4m6!3m5!1s0x12ba639e91820f6d:0x67a682706e2ca31a!8m2!3d42.3225149!4d3.0999544!16s%2Fg%2F11b60ptm34?entry=ttu&amp;g_ep=EgoyMDI2MDExMy4wIKXMDSoASAFQAw%3D%3D\">Parking Mas Espelt<\/a><\/p>\n<\/li>\n<li class=\"\" data-start=\"1225\" data-end=\"1260\">\n<p class=\"\" data-start=\"1227\" data-end=\"1260\"><strong data-start=\"1230\" data-end=\"1241\">Precio:<\/strong> 38 \u20ac por persona<\/p>\n<\/li>\n<li class=\"\" data-start=\"1261\" data-end=\"1348\">\n<p class=\"\" data-start=\"1263\" data-end=\"1348\"><strong data-start=\"1266\" data-end=\"1282\">Condiciones:<\/strong> La actividad puede variar seg\u00fan las condiciones meteorol\u00f3gicas.<\/p>\n<\/li>\n<\/ul>\n<p>Si tienes dudas, <a href=\"mailto:%20enoturisme@espeltviticultors.com\" data-mce-href=\"mailto:%20enoturisme@espeltviticultors.com\">escr\u00edbenos o env\u00eda un whatsapp al +34 671546206&nbsp;<\/a><\/p>\n","protected":false},"excerpt":{"rendered":"<p>La Vista Vilaju\u00efga es una actividad para conocer los vi\u00f1edos cercanos a la bodega, visitar las instalaciones del Mas Espelt y catar nuestros vinos envejecidos m\u00e1s valorados.<\/p>\n","protected":false},"featured_media":2559,"template":"","meta":[],"product_brand":[],"product_cat":[313,317,323],"product_tag":[204,203],"class_list":{"0":"post-6758","1":"product","2":"type-product","3":"status-publish","4":"has-post-thumbnail","6":"product_cat-enoturismo","7":"product_cat-reservas","8":"product_cat-visitas-programadas","9":"product_tag-enoturismo","10":"product_tag-regalo","12":"first","13":"instock","14":"purchasable","15":"product-type-variable"},"yoast_head":"<!-- This site is optimized with the Yoast SEO Premium plugin v19.3 (Yoast SEO v25.6) - https:\/\/yoast.com\/wordpress\/plugins\/seo\/ -->\n<title>Visita los vi\u00f1edos de Vilaju\u00efga con cata y maridaje en Mas Espelt - Espelt Viticultores<\/title>\n<meta name=\"description\" content=\"La Visita Vilaju\u00efga es una experiencia \u00fanica para conocer de cerca nuestro proyecto. Paseo entre los vi\u00f1edos y cata de vinos.\" \/>\n<meta name=\"robots\" content=\"index, follow, max-snippet:-1, max-image-preview:large, max-video-preview:-1\" \/>\n<link rel=\"canonical\" href=\"https:\/\/espeltviticultors.com\/es\/tienda\/visita-vilajuiga\/\" \/>\n<meta property=\"og:locale\" content=\"es_ES\" \/>\n<meta property=\"og:type\" content=\"article\" \/>\n<meta property=\"og:title\" content=\"Visita los vi\u00f1edos de Vilaju\u00efga con cata y maridaje en Mas Espelt\" \/>\n<meta property=\"og:description\" content=\"La Vista Vilaju\u00efga es una actividad para conocer los vi\u00f1edos cercanos a la bodega, visitar las instalaciones del Mas Espelt y catar nuestros vinos envejecidos m\u00e1s valorados.\" \/>\n<meta property=\"og:url\" content=\"https:\/\/espeltviticultors.com\/es\/tienda\/visita-vilajuiga\/\" \/>\n<meta property=\"og:site_name\" content=\"Espelt Viticultores\" \/>\n<meta property=\"article:publisher\" content=\"https:\/\/www.facebook.com\/espelt.viticultors\" \/>\n<meta property=\"article:modified_time\" content=\"2026-03-31T08:46:27+00:00\" \/>\n<meta property=\"og:image\" content=\"https:\/\/espeltviticultors.com\/wp-content\/uploads\/2021\/03\/vinyes_003-e1768573524266.jpg\" \/>\n\t<meta property=\"og:image:width\" content=\"1162\" \/>\n\t<meta property=\"og:image:height\" content=\"778\" \/>\n\t<meta property=\"og:image:type\" content=\"image\/jpeg\" \/>\n<meta name=\"twitter:card\" content=\"summary_large_image\" \/>\n<meta name=\"twitter:site\" content=\"@CellerEspelt\" \/>\n<meta name=\"twitter:label1\" content=\"Availability\" \/>\n\t<meta name=\"twitter:data1\" content=\"In stock\" \/>\n<script type=\"application\/ld+json\" class=\"yoast-schema-graph\">{\"@context\":\"https:\/\/schema.org\",\"@graph\":[{\"@type\":\"WebPage\",\"@id\":\"https:\/\/espeltviticultors.com\/es\/tienda\/visita-vilajuiga\/\",\"url\":\"https:\/\/espeltviticultors.com\/es\/tienda\/visita-vilajuiga\/\",\"name\":\"Visita los vi\u00f1edos de Vilaju\u00efga con cata y maridaje en Mas Espelt - Espelt Viticultores\",\"isPartOf\":{\"@id\":\"https:\/\/espeltviticultors.com\/#website\"},\"primaryImageOfPage\":{\"@id\":\"https:\/\/espeltviticultors.com\/es\/tienda\/visita-vilajuiga\/#primaryimage\"},\"image\":{\"@id\":\"https:\/\/espeltviticultors.com\/es\/tienda\/visita-vilajuiga\/#primaryimage\"},\"thumbnailUrl\":\"https:\/\/espeltviticultors.com\/wp-content\/uploads\/2021\/03\/vinyes_003-e1768573524266.jpg\",\"datePublished\":\"2022-12-07T12:39:48+00:00\",\"dateModified\":\"2026-03-31T08:46:27+00:00\",\"description\":\"La Visita Vilaju\u00efga es una experiencia \u00fanica para conocer de cerca nuestro proyecto. Paseo entre los vi\u00f1edos y cata de vinos.\",\"breadcrumb\":{\"@id\":\"https:\/\/espeltviticultors.com\/es\/tienda\/visita-vilajuiga\/#breadcrumb\"},\"inLanguage\":\"es\",\"potentialAction\":[{\"@type\":\"ReadAction\",\"target\":[\"https:\/\/espeltviticultors.com\/es\/tienda\/visita-vilajuiga\/\"]}]},{\"@type\":\"ImageObject\",\"inLanguage\":\"es\",\"@id\":\"https:\/\/espeltviticultors.com\/es\/tienda\/visita-vilajuiga\/#primaryimage\",\"url\":\"https:\/\/espeltviticultors.com\/wp-content\/uploads\/2021\/03\/vinyes_003-e1768573524266.jpg\",\"contentUrl\":\"https:\/\/espeltviticultors.com\/wp-content\/uploads\/2021\/03\/vinyes_003-e1768573524266.jpg\",\"width\":1162,\"height\":778,\"caption\":\"Casa Rural Vilaju\u00efga\"},{\"@type\":\"BreadcrumbList\",\"@id\":\"https:\/\/espeltviticultors.com\/es\/tienda\/visita-vilajuiga\/#breadcrumb\",\"itemListElement\":[{\"@type\":\"ListItem\",\"position\":1,\"name\":\"Portada\",\"item\":\"https:\/\/espeltviticultors.com\/es\/\"},{\"@type\":\"ListItem\",\"position\":2,\"name\":\"Tienda\",\"item\":\"https:\/\/espeltviticultors.com\/es\/tienda\/\"},{\"@type\":\"ListItem\",\"position\":3,\"name\":\"Visita los vi\u00f1edos de Vilaju\u00efga con cata y maridaje en Mas Espelt\"}]},{\"@type\":\"WebSite\",\"@id\":\"https:\/\/espeltviticultors.com\/#website\",\"url\":\"https:\/\/espeltviticultors.com\/\",\"name\":\"Espelt Viticultores\",\"description\":\"Vinos del Empord\u00e0 i enoturismo\",\"publisher\":{\"@id\":\"https:\/\/espeltviticultors.com\/#organization\"},\"potentialAction\":[{\"@type\":\"SearchAction\",\"target\":{\"@type\":\"EntryPoint\",\"urlTemplate\":\"https:\/\/espeltviticultors.com\/?s={search_term_string}\"},\"query-input\":{\"@type\":\"PropertyValueSpecification\",\"valueRequired\":true,\"valueName\":\"search_term_string\"}}],\"inLanguage\":\"es\"},{\"@type\":\"Organization\",\"@id\":\"https:\/\/espeltviticultors.com\/#organization\",\"name\":\"Espelt Viticultors - tienda online\",\"url\":\"https:\/\/espeltviticultors.com\/\",\"logo\":{\"@type\":\"ImageObject\",\"inLanguage\":\"es\",\"@id\":\"https:\/\/espeltviticultors.com\/#\/schema\/logo\/image\/\",\"url\":\"https:\/\/espeltviticultors.com\/wp-content\/uploads\/2021\/02\/logo_color_trasparent.png\",\"contentUrl\":\"https:\/\/espeltviticultors.com\/wp-content\/uploads\/2021\/02\/logo_color_trasparent.png\",\"width\":818,\"height\":272,\"caption\":\"Espelt Viticultors - tienda online\"},\"image\":{\"@id\":\"https:\/\/espeltviticultors.com\/#\/schema\/logo\/image\/\"},\"sameAs\":[\"https:\/\/www.facebook.com\/espelt.viticultors\",\"https:\/\/x.com\/CellerEspelt\",\"https:\/\/www.instagram.com\/cellerespelt\/\"]}]}<\/script>\n<meta property=\"og:availability\" content=\"instock\" \/>\n<meta property=\"product:availability\" content=\"instock\" \/>\n<meta property=\"product:retailer_item_id\" content=\"2687-1\" \/>\n<meta property=\"product:condition\" content=\"new\" \/>\n<!-- \/ Yoast SEO Premium plugin. -->","yoast_head_json":{"title":"Visita los vi\u00f1edos de Vilaju\u00efga con cata y maridaje en Mas Espelt - Espelt Viticultores","description":"La Visita Vilaju\u00efga es una experiencia \u00fanica para conocer de cerca nuestro proyecto. Paseo entre los vi\u00f1edos y cata de vinos.","robots":{"index":"index","follow":"follow","max-snippet":"max-snippet:-1","max-image-preview":"max-image-preview:large","max-video-preview":"max-video-preview:-1"},"canonical":"https:\/\/espeltviticultors.com\/es\/tienda\/visita-vilajuiga\/","og_locale":"es_ES","og_type":"article","og_title":"Visita los vi\u00f1edos de Vilaju\u00efga con cata y maridaje en Mas Espelt","og_description":"La Vista Vilaju\u00efga es una actividad para conocer los vi\u00f1edos cercanos a la bodega, visitar las instalaciones del Mas Espelt y catar nuestros vinos envejecidos m\u00e1s valorados.","og_url":"https:\/\/espeltviticultors.com\/es\/tienda\/visita-vilajuiga\/","og_site_name":"Espelt Viticultores","article_publisher":"https:\/\/www.facebook.com\/espelt.viticultors","article_modified_time":"2026-03-31T08:46:27+00:00","og_image":[{"width":1162,"height":778,"url":"https:\/\/espeltviticultors.com\/wp-content\/uploads\/2021\/03\/vinyes_003-e1768573524266.jpg","type":"image\/jpeg"}],"twitter_card":"summary_large_image","twitter_site":"@CellerEspelt","twitter_misc":{"Availability":"In stock"},"schema":{"@context":"https:\/\/schema.org","@graph":[{"@type":"WebPage","@id":"https:\/\/espeltviticultors.com\/es\/tienda\/visita-vilajuiga\/","url":"https:\/\/espeltviticultors.com\/es\/tienda\/visita-vilajuiga\/","name":"Visita los vi\u00f1edos de Vilaju\u00efga con cata y maridaje en Mas Espelt - Espelt Viticultores","isPartOf":{"@id":"https:\/\/espeltviticultors.com\/#website"},"primaryImageOfPage":{"@id":"https:\/\/espeltviticultors.com\/es\/tienda\/visita-vilajuiga\/#primaryimage"},"image":{"@id":"https:\/\/espeltviticultors.com\/es\/tienda\/visita-vilajuiga\/#primaryimage"},"thumbnailUrl":"https:\/\/espeltviticultors.com\/wp-content\/uploads\/2021\/03\/vinyes_003-e1768573524266.jpg","datePublished":"2022-12-07T12:39:48+00:00","dateModified":"2026-03-31T08:46:27+00:00","description":"La Visita Vilaju\u00efga es una experiencia \u00fanica para conocer de cerca nuestro proyecto. Paseo entre los vi\u00f1edos y cata de vinos.","breadcrumb":{"@id":"https:\/\/espeltviticultors.com\/es\/tienda\/visita-vilajuiga\/#breadcrumb"},"inLanguage":"es","potentialAction":[{"@type":"ReadAction","target":["https:\/\/espeltviticultors.com\/es\/tienda\/visita-vilajuiga\/"]}]},{"@type":"ImageObject","inLanguage":"es","@id":"https:\/\/espeltviticultors.com\/es\/tienda\/visita-vilajuiga\/#primaryimage","url":"https:\/\/espeltviticultors.com\/wp-content\/uploads\/2021\/03\/vinyes_003-e1768573524266.jpg","contentUrl":"https:\/\/espeltviticultors.com\/wp-content\/uploads\/2021\/03\/vinyes_003-e1768573524266.jpg","width":1162,"height":778,"caption":"Casa Rural Vilaju\u00efga"},{"@type":"BreadcrumbList","@id":"https:\/\/espeltviticultors.com\/es\/tienda\/visita-vilajuiga\/#breadcrumb","itemListElement":[{"@type":"ListItem","position":1,"name":"Portada","item":"https:\/\/espeltviticultors.com\/es\/"},{"@type":"ListItem","position":2,"name":"Tienda","item":"https:\/\/espeltviticultors.com\/es\/tienda\/"},{"@type":"ListItem","position":3,"name":"Visita los vi\u00f1edos de Vilaju\u00efga con cata y maridaje en Mas Espelt"}]},{"@type":"WebSite","@id":"https:\/\/espeltviticultors.com\/#website","url":"https:\/\/espeltviticultors.com\/","name":"Espelt Viticultores","description":"Vinos del Empord\u00e0 i enoturismo","publisher":{"@id":"https:\/\/espeltviticultors.com\/#organization"},"potentialAction":[{"@type":"SearchAction","target":{"@type":"EntryPoint","urlTemplate":"https:\/\/espeltviticultors.com\/?s={search_term_string}"},"query-input":{"@type":"PropertyValueSpecification","valueRequired":true,"valueName":"search_term_string"}}],"inLanguage":"es"},{"@type":"Organization","@id":"https:\/\/espeltviticultors.com\/#organization","name":"Espelt Viticultors - tienda online","url":"https:\/\/espeltviticultors.com\/","logo":{"@type":"ImageObject","inLanguage":"es","@id":"https:\/\/espeltviticultors.com\/#\/schema\/logo\/image\/","url":"https:\/\/espeltviticultors.com\/wp-content\/uploads\/2021\/02\/logo_color_trasparent.png","contentUrl":"https:\/\/espeltviticultors.com\/wp-content\/uploads\/2021\/02\/logo_color_trasparent.png","width":818,"height":272,"caption":"Espelt Viticultors - tienda online"},"image":{"@id":"https:\/\/espeltviticultors.com\/#\/schema\/logo\/image\/"},"sameAs":["https:\/\/www.facebook.com\/espelt.viticultors","https:\/\/x.com\/CellerEspelt","https:\/\/www.instagram.com\/cellerespelt\/"]}]},"og_availability":"instock","product_availability":"instock","product_retailer_item_id":"2687-1","product_condition":"new"},"_links":{"self":[{"href":"https:\/\/espeltviticultors.com\/es\/wp-json\/wp\/v2\/product\/6758"}],"collection":[{"href":"https:\/\/espeltviticultors.com\/es\/wp-json\/wp\/v2\/product"}],"about":[{"href":"https:\/\/espeltviticultors.com\/es\/wp-json\/wp\/v2\/types\/product"}],"wp:featuredmedia":[{"embeddable":true,"href":"https:\/\/espeltviticultors.com\/es\/wp-json\/wp\/v2\/media\/2559"}],"wp:attachment":[{"href":"https:\/\/espeltviticultors.com\/es\/wp-json\/wp\/v2\/media?parent=6758"}],"wp:term":[{"taxonomy":"product_brand","embeddable":true,"href":"https:\/\/espeltviticultors.com\/es\/wp-json\/wp\/v2\/product_brand?post=6758"},{"taxonomy":"product_cat","embeddable":true,"href":"https:\/\/espeltviticultors.com\/es\/wp-json\/wp\/v2\/product_cat?post=6758"},{"taxonomy":"product_tag","embeddable":true,"href":"https:\/\/espeltviticultors.com\/es\/wp-json\/wp\/v2\/product_tag?post=6758"}],"curies":[{"name":"wp","href":"https:\/\/api.w.org\/{rel}","templated":true}]}}