{"id":6785,"date":"2022-12-07T15:13:19","date_gmt":"2022-12-07T14:13:19","guid":{"rendered":"https:\/\/espeltviticultors.com\/?post_type=product&#038;p=6785"},"modified":"2026-03-27T18:16:40","modified_gmt":"2026-03-27T17:16:40","slug":"visita-mas-mares","status":"publish","type":"product","link":"https:\/\/espeltviticultors.com\/es\/tienda\/visita-mas-mares\/","title":{"rendered":"Visita Mas Mar\u00e8s. Los vi\u00f1edos junto al mar de Anna Espelt Cap de Creus"},"content":{"rendered":"<p class=\"\" data-start=\"332\" data-end=\"587\">\u00bfTe apetece desconectar de la rutina y reconectar con la naturaleza m\u00e1s aut\u00e9ntica mientras descubres vinos de alta gama? Te esperamos en el coraz\u00f3n del Parque Natural del Cap de Creus con una experiencia enotur\u00edstica que combina paisaje, historia y sabor.<\/p>\n<p class=\"\" data-start=\"589\" data-end=\"1070\">El punto de encuentro es el panel informativo de Mas Mar\u00e9s, en la carretera de Montjoi. Desde all\u00ed, comenzaremos un paseo suave hasta el menhir de Mas Mar\u00e9s, un testimonio milenario de la presencia humana en este entorno. Entenderemos c\u00f3mo la viticultura y el paisaje han ido de la mano desde tiempos ancestrales. Subiremos un poco para disfrutar de unas vistas espectaculares del <strong data-start=\"970\" data-end=\"1010\">Paraje Agrario de Alto Valor Natural<\/strong>, uno de los rincones m\u00e1s aut\u00e9nticos del municipio de Roses.<\/p>\n<p class=\"\" data-start=\"1072\" data-end=\"1196\">El recorrido contin\u00faa entre vi\u00f1as resistentes al viento y la sal, hasta llegar a un lugar m\u00e1gico donde realizaremos la cata:<\/p>\n<p class=\"\" data-start=\"1198\" data-end=\"1270\"><strong data-start=\"1200\" data-end=\"1224\">Espumoso Anna Espelt. <\/strong>Blanc de Noirs (100% Monastrell)<br data-start=\"1224\" data-end=\"1227\" \/><strong data-start=\"1230\" data-end=\"1247\">Pla de Tudela. <\/strong>Blanco (100% Picapoll)<br data-start=\"1247\" data-end=\"1250\" \/><strong data-start=\"1253\" data-end=\"1270\">Cala Rostella. Tinto <\/strong>(100% Garnacha tinta)<\/p>\n<p class=\"\" data-start=\"1272\" data-end=\"1411\">Tres vinos de <strong data-start=\"1286\" data-end=\"1299\">alta gama<\/strong>, maridados con una selecci\u00f3n de <strong data-start=\"1332\" data-end=\"1370\">productos locales de mar y monta\u00f1a<\/strong>, que reflejan la esencia del territorio.<\/p>\n<p class=\"\" data-start=\"1413\" data-end=\"1625\">Y, si el tiempo lo permite, finalizaremos con una visita opcional a nuestra tienda en la bodega, donde podr\u00e1s descubrir y degustar <strong data-start=\"1544\" data-end=\"1553\">Airam<\/strong>, nuestra <strong data-start=\"1563\" data-end=\"1591\">garnacha dulce de solera<\/strong>, un vino cl\u00e1sico con alma propia.<\/p>\n<hr class=\"\" data-start=\"1627\" data-end=\"1630\" \/>\n<ul>\n<li data-start=\"1632\" data-end=\"1880\"><strong data-start=\"1635\" data-end=\"1647\">Horario:<\/strong> 11:00 h<\/li>\n<li data-start=\"1632\" data-end=\"1880\"><strong data-start=\"1660\" data-end=\"1673\">Duraci\u00f3n:<\/strong> 2 horas aprox.<\/li>\n<li data-start=\"1632\" data-end=\"1880\"><strong data-start=\"1694\" data-end=\"1717\">Punto de encuentro:<\/strong> <a href=\"https:\/\/www.google.com\/maps\/place\/42%C2%B015'14.2%22N+3%C2%B012'09.6%22E\/@42.2539444,3.2026667,536m\/data=!3m2!1e3!4b1!4m4!3m3!8m2!3d42.2539444!4d3.2026667?entry=ttu&amp;g_ep=EgoyMDI1MDQwOS4wIKXMDSoJLDEwMjExNDUzSAFQAw%3D%3D\">Panel informativo de Mas Mar\u00e9s (carretera de Montjoi)<\/a><\/li>\n<li data-start=\"1632\" data-end=\"1880\"><strong data-start=\"1777\" data-end=\"1788\">Precio:<\/strong> 38 \u20ac por persona<\/li>\n<li data-start=\"1632\" data-end=\"1880\"><strong data-start=\"1811\" data-end=\"1835\">Idiomas disponibles:<\/strong> Catal\u00e1n, Espa\u00f1ol, Franc\u00e9s, Ingl\u00e9s e Italiano<\/li>\n<\/ul>\n<p class=\"\" data-start=\"1882\" data-end=\"1955\"><em data-start=\"1885\" data-end=\"1955\">La actividad puede modificarse seg\u00fan las condiciones meteorol\u00f3gicas.<\/em><\/p>\n<p data-start=\"1882\" data-end=\"1955\"><em data-start=\"362\" data-end=\"515\">Si las fechas programadas no os van bien, pod\u00e9is contactarnos directamente y proponer una alternativa, siempre que se\u00e1is un grupo m\u00ednimo de 5 personas.<\/em><\/p>\n<p>Si tienes dudas, <a href=\"mailto:%20enoturisme@espeltviticultors.com\">escr\u00edbenos.<\/a><\/p>\n<p>&nbsp;<\/p>\n","protected":false},"excerpt":{"rendered":"<p>Una actividad de enoturismo para conocer sobre el terru\u00f1o los vi\u00f1edos junto al mar del proyecto agroecol\u00f3gico Anna Espelt del Cabo de Creus y los vinos que all\u00ed nacen. Un poco de historia, un poco de geograf\u00eda, conceptos t\u00e9cnicos, un paseo y la cata de nuestros mejores vinos. La cata se acompa\u00f1ar\u00e1 con una degustaci\u00f3n de quesos ecol\u00f3gicos ampurdaneses.<\/p>\n","protected":false},"featured_media":9775,"template":"","meta":[],"product_brand":[],"product_cat":[313,317,323],"product_tag":[204,203],"class_list":{"0":"post-6785","1":"product","2":"type-product","3":"status-publish","4":"has-post-thumbnail","6":"product_cat-enoturismo","7":"product_cat-reservas","8":"product_cat-visitas-programadas","9":"product_tag-enoturismo","10":"product_tag-regalo","11":"product_shipping_class-vales-regalo","13":"first","14":"instock","15":"purchasable","16":"product-type-variable"},"yoast_head":"<!-- This site is optimized with the Yoast SEO Premium plugin v19.3 (Yoast SEO v25.6) - https:\/\/yoast.com\/wordpress\/plugins\/seo\/ -->\n<title>Visita Mas Mar\u00e8s. Los vi\u00f1edos junto al mar de Anna Espelt Cap de Creus<\/title>\n<meta name=\"description\" content=\"Visita Mas Mar\u00e9s es una experiencia \u00fanica para conocer de cerca nuestro proyecto. Te transportar\u00e1 a un mundo mineral entre el mar y los vi\u00f1edos.\" \/>\n<meta name=\"robots\" content=\"index, follow, max-snippet:-1, max-image-preview:large, max-video-preview:-1\" \/>\n<link rel=\"canonical\" href=\"https:\/\/espeltviticultors.com\/es\/tienda\/visita-mas-mares\/\" \/>\n<meta property=\"og:locale\" content=\"es_ES\" \/>\n<meta property=\"og:type\" content=\"article\" \/>\n<meta property=\"og:title\" content=\"Visita Mas Mar\u00e8s. Los vi\u00f1edos junto al mar de Anna Espelt Cap de Creus\" \/>\n<meta property=\"og:description\" content=\"Una actividad de enoturismo para conocer sobre el terru\u00f1o los vi\u00f1edos junto al mar del proyecto agroecol\u00f3gico Anna Espelt del Cabo de Creus y los vinos que all\u00ed nacen. Un poco de historia, un poco de geograf\u00eda, conceptos t\u00e9cnicos, un paseo y la cata de nuestros mejores vinos. La cata se acompa\u00f1ar\u00e1 con una degustaci\u00f3n de quesos ecol\u00f3gicos ampurdaneses.\" \/>\n<meta property=\"og:url\" content=\"https:\/\/espeltviticultors.com\/es\/tienda\/visita-mas-mares\/\" \/>\n<meta property=\"og:site_name\" content=\"Espelt Viticultores\" \/>\n<meta property=\"article:publisher\" content=\"https:\/\/www.facebook.com\/espelt.viticultors\" \/>\n<meta property=\"article:modified_time\" content=\"2026-03-27T17:16:40+00:00\" \/>\n<meta property=\"og:image\" content=\"https:\/\/espeltviticultors.com\/wp-content\/uploads\/2022\/12\/enoturisme-roses-espelt.jpeg\" \/>\n\t<meta property=\"og:image:width\" content=\"600\" \/>\n\t<meta property=\"og:image:height\" content=\"599\" \/>\n\t<meta property=\"og:image:type\" content=\"image\/jpeg\" \/>\n<meta name=\"twitter:card\" content=\"summary_large_image\" \/>\n<meta name=\"twitter:site\" content=\"@CellerEspelt\" \/>\n<meta name=\"twitter:label1\" content=\"Availability\" \/>\n\t<meta name=\"twitter:data1\" content=\"In stock\" \/>\n<script type=\"application\/ld+json\" class=\"yoast-schema-graph\">{\"@context\":\"https:\/\/schema.org\",\"@graph\":[{\"@type\":\"WebPage\",\"@id\":\"https:\/\/espeltviticultors.com\/es\/tienda\/visita-mas-mares\/\",\"url\":\"https:\/\/espeltviticultors.com\/es\/tienda\/visita-mas-mares\/\",\"name\":\"Visita Mas Mar\u00e8s. Los vi\u00f1edos junto al mar de Anna Espelt Cap de Creus\",\"isPartOf\":{\"@id\":\"https:\/\/espeltviticultors.com\/#website\"},\"primaryImageOfPage\":{\"@id\":\"https:\/\/espeltviticultors.com\/es\/tienda\/visita-mas-mares\/#primaryimage\"},\"image\":{\"@id\":\"https:\/\/espeltviticultors.com\/es\/tienda\/visita-mas-mares\/#primaryimage\"},\"thumbnailUrl\":\"https:\/\/espeltviticultors.com\/wp-content\/uploads\/2022\/12\/enoturisme-roses-espelt.jpeg\",\"datePublished\":\"2022-12-07T14:13:19+00:00\",\"dateModified\":\"2026-03-27T17:16:40+00:00\",\"description\":\"Visita Mas Mar\u00e9s es una experiencia \u00fanica para conocer de cerca nuestro proyecto. Te transportar\u00e1 a un mundo mineral entre el mar y los vi\u00f1edos.\",\"breadcrumb\":{\"@id\":\"https:\/\/espeltviticultors.com\/es\/tienda\/visita-mas-mares\/#breadcrumb\"},\"inLanguage\":\"es\",\"potentialAction\":[{\"@type\":\"ReadAction\",\"target\":[\"https:\/\/espeltviticultors.com\/es\/tienda\/visita-mas-mares\/\"]}]},{\"@type\":\"ImageObject\",\"inLanguage\":\"es\",\"@id\":\"https:\/\/espeltviticultors.com\/es\/tienda\/visita-mas-mares\/#primaryimage\",\"url\":\"https:\/\/espeltviticultors.com\/wp-content\/uploads\/2022\/12\/enoturisme-roses-espelt.jpeg\",\"contentUrl\":\"https:\/\/espeltviticultors.com\/wp-content\/uploads\/2022\/12\/enoturisme-roses-espelt.jpeg\",\"width\":600,\"height\":599,\"caption\":\"enoturisme-roses-espelt\"},{\"@type\":\"BreadcrumbList\",\"@id\":\"https:\/\/espeltviticultors.com\/es\/tienda\/visita-mas-mares\/#breadcrumb\",\"itemListElement\":[{\"@type\":\"ListItem\",\"position\":1,\"name\":\"Portada\",\"item\":\"https:\/\/espeltviticultors.com\/es\/\"},{\"@type\":\"ListItem\",\"position\":2,\"name\":\"Tienda\",\"item\":\"https:\/\/espeltviticultors.com\/es\/tienda\/\"},{\"@type\":\"ListItem\",\"position\":3,\"name\":\"Visita Mas Mar\u00e8s. Los vi\u00f1edos junto al mar de Anna Espelt Cap de Creus\"}]},{\"@type\":\"WebSite\",\"@id\":\"https:\/\/espeltviticultors.com\/#website\",\"url\":\"https:\/\/espeltviticultors.com\/\",\"name\":\"Espelt Viticultores\",\"description\":\"Vinos del Empord\u00e0 i enoturismo\",\"publisher\":{\"@id\":\"https:\/\/espeltviticultors.com\/#organization\"},\"potentialAction\":[{\"@type\":\"SearchAction\",\"target\":{\"@type\":\"EntryPoint\",\"urlTemplate\":\"https:\/\/espeltviticultors.com\/?s={search_term_string}\"},\"query-input\":{\"@type\":\"PropertyValueSpecification\",\"valueRequired\":true,\"valueName\":\"search_term_string\"}}],\"inLanguage\":\"es\"},{\"@type\":\"Organization\",\"@id\":\"https:\/\/espeltviticultors.com\/#organization\",\"name\":\"Espelt Viticultors - tienda online\",\"url\":\"https:\/\/espeltviticultors.com\/\",\"logo\":{\"@type\":\"ImageObject\",\"inLanguage\":\"es\",\"@id\":\"https:\/\/espeltviticultors.com\/#\/schema\/logo\/image\/\",\"url\":\"https:\/\/espeltviticultors.com\/wp-content\/uploads\/2021\/02\/logo_color_trasparent.png\",\"contentUrl\":\"https:\/\/espeltviticultors.com\/wp-content\/uploads\/2021\/02\/logo_color_trasparent.png\",\"width\":818,\"height\":272,\"caption\":\"Espelt Viticultors - tienda online\"},\"image\":{\"@id\":\"https:\/\/espeltviticultors.com\/#\/schema\/logo\/image\/\"},\"sameAs\":[\"https:\/\/www.facebook.com\/espelt.viticultors\",\"https:\/\/x.com\/CellerEspelt\",\"https:\/\/www.instagram.com\/cellerespelt\/\"]}]}<\/script>\n<meta property=\"og:availability\" content=\"instock\" \/>\n<meta property=\"product:availability\" content=\"instock\" \/>\n<meta property=\"product:retailer_item_id\" content=\"2887\" \/>\n<meta property=\"product:condition\" content=\"new\" \/>\n<!-- \/ Yoast SEO Premium plugin. -->","yoast_head_json":{"title":"Visita Mas Mar\u00e8s. Los vi\u00f1edos junto al mar de Anna Espelt Cap de Creus","description":"Visita Mas Mar\u00e9s es una experiencia \u00fanica para conocer de cerca nuestro proyecto. Te transportar\u00e1 a un mundo mineral entre el mar y los vi\u00f1edos.","robots":{"index":"index","follow":"follow","max-snippet":"max-snippet:-1","max-image-preview":"max-image-preview:large","max-video-preview":"max-video-preview:-1"},"canonical":"https:\/\/espeltviticultors.com\/es\/tienda\/visita-mas-mares\/","og_locale":"es_ES","og_type":"article","og_title":"Visita Mas Mar\u00e8s. Los vi\u00f1edos junto al mar de Anna Espelt Cap de Creus","og_description":"Una actividad de enoturismo para conocer sobre el terru\u00f1o los vi\u00f1edos junto al mar del proyecto agroecol\u00f3gico Anna Espelt del Cabo de Creus y los vinos que all\u00ed nacen. Un poco de historia, un poco de geograf\u00eda, conceptos t\u00e9cnicos, un paseo y la cata de nuestros mejores vinos. La cata se acompa\u00f1ar\u00e1 con una degustaci\u00f3n de quesos ecol\u00f3gicos ampurdaneses.","og_url":"https:\/\/espeltviticultors.com\/es\/tienda\/visita-mas-mares\/","og_site_name":"Espelt Viticultores","article_publisher":"https:\/\/www.facebook.com\/espelt.viticultors","article_modified_time":"2026-03-27T17:16:40+00:00","og_image":[{"width":600,"height":599,"url":"https:\/\/espeltviticultors.com\/wp-content\/uploads\/2022\/12\/enoturisme-roses-espelt.jpeg","type":"image\/jpeg"}],"twitter_card":"summary_large_image","twitter_site":"@CellerEspelt","twitter_misc":{"Availability":"In stock"},"schema":{"@context":"https:\/\/schema.org","@graph":[{"@type":"WebPage","@id":"https:\/\/espeltviticultors.com\/es\/tienda\/visita-mas-mares\/","url":"https:\/\/espeltviticultors.com\/es\/tienda\/visita-mas-mares\/","name":"Visita Mas Mar\u00e8s. Los vi\u00f1edos junto al mar de Anna Espelt Cap de Creus","isPartOf":{"@id":"https:\/\/espeltviticultors.com\/#website"},"primaryImageOfPage":{"@id":"https:\/\/espeltviticultors.com\/es\/tienda\/visita-mas-mares\/#primaryimage"},"image":{"@id":"https:\/\/espeltviticultors.com\/es\/tienda\/visita-mas-mares\/#primaryimage"},"thumbnailUrl":"https:\/\/espeltviticultors.com\/wp-content\/uploads\/2022\/12\/enoturisme-roses-espelt.jpeg","datePublished":"2022-12-07T14:13:19+00:00","dateModified":"2026-03-27T17:16:40+00:00","description":"Visita Mas Mar\u00e9s es una experiencia \u00fanica para conocer de cerca nuestro proyecto. Te transportar\u00e1 a un mundo mineral entre el mar y los vi\u00f1edos.","breadcrumb":{"@id":"https:\/\/espeltviticultors.com\/es\/tienda\/visita-mas-mares\/#breadcrumb"},"inLanguage":"es","potentialAction":[{"@type":"ReadAction","target":["https:\/\/espeltviticultors.com\/es\/tienda\/visita-mas-mares\/"]}]},{"@type":"ImageObject","inLanguage":"es","@id":"https:\/\/espeltviticultors.com\/es\/tienda\/visita-mas-mares\/#primaryimage","url":"https:\/\/espeltviticultors.com\/wp-content\/uploads\/2022\/12\/enoturisme-roses-espelt.jpeg","contentUrl":"https:\/\/espeltviticultors.com\/wp-content\/uploads\/2022\/12\/enoturisme-roses-espelt.jpeg","width":600,"height":599,"caption":"enoturisme-roses-espelt"},{"@type":"BreadcrumbList","@id":"https:\/\/espeltviticultors.com\/es\/tienda\/visita-mas-mares\/#breadcrumb","itemListElement":[{"@type":"ListItem","position":1,"name":"Portada","item":"https:\/\/espeltviticultors.com\/es\/"},{"@type":"ListItem","position":2,"name":"Tienda","item":"https:\/\/espeltviticultors.com\/es\/tienda\/"},{"@type":"ListItem","position":3,"name":"Visita Mas Mar\u00e8s. Los vi\u00f1edos junto al mar de Anna Espelt Cap de Creus"}]},{"@type":"WebSite","@id":"https:\/\/espeltviticultors.com\/#website","url":"https:\/\/espeltviticultors.com\/","name":"Espelt Viticultores","description":"Vinos del Empord\u00e0 i enoturismo","publisher":{"@id":"https:\/\/espeltviticultors.com\/#organization"},"potentialAction":[{"@type":"SearchAction","target":{"@type":"EntryPoint","urlTemplate":"https:\/\/espeltviticultors.com\/?s={search_term_string}"},"query-input":{"@type":"PropertyValueSpecification","valueRequired":true,"valueName":"search_term_string"}}],"inLanguage":"es"},{"@type":"Organization","@id":"https:\/\/espeltviticultors.com\/#organization","name":"Espelt Viticultors - tienda online","url":"https:\/\/espeltviticultors.com\/","logo":{"@type":"ImageObject","inLanguage":"es","@id":"https:\/\/espeltviticultors.com\/#\/schema\/logo\/image\/","url":"https:\/\/espeltviticultors.com\/wp-content\/uploads\/2021\/02\/logo_color_trasparent.png","contentUrl":"https:\/\/espeltviticultors.com\/wp-content\/uploads\/2021\/02\/logo_color_trasparent.png","width":818,"height":272,"caption":"Espelt Viticultors - tienda online"},"image":{"@id":"https:\/\/espeltviticultors.com\/#\/schema\/logo\/image\/"},"sameAs":["https:\/\/www.facebook.com\/espelt.viticultors","https:\/\/x.com\/CellerEspelt","https:\/\/www.instagram.com\/cellerespelt\/"]}]},"og_availability":"instock","product_availability":"instock","product_retailer_item_id":"2887","product_condition":"new"},"_links":{"self":[{"href":"https:\/\/espeltviticultors.com\/es\/wp-json\/wp\/v2\/product\/6785"}],"collection":[{"href":"https:\/\/espeltviticultors.com\/es\/wp-json\/wp\/v2\/product"}],"about":[{"href":"https:\/\/espeltviticultors.com\/es\/wp-json\/wp\/v2\/types\/product"}],"wp:featuredmedia":[{"embeddable":true,"href":"https:\/\/espeltviticultors.com\/es\/wp-json\/wp\/v2\/media\/9775"}],"wp:attachment":[{"href":"https:\/\/espeltviticultors.com\/es\/wp-json\/wp\/v2\/media?parent=6785"}],"wp:term":[{"taxonomy":"product_brand","embeddable":true,"href":"https:\/\/espeltviticultors.com\/es\/wp-json\/wp\/v2\/product_brand?post=6785"},{"taxonomy":"product_cat","embeddable":true,"href":"https:\/\/espeltviticultors.com\/es\/wp-json\/wp\/v2\/product_cat?post=6785"},{"taxonomy":"product_tag","embeddable":true,"href":"https:\/\/espeltviticultors.com\/es\/wp-json\/wp\/v2\/product_tag?post=6785"}],"curies":[{"name":"wp","href":"https:\/\/api.w.org\/{rel}","templated":true}]}}