{"id":9322,"date":"2026-01-16T09:13:09","date_gmt":"2026-01-16T08:13:09","guid":{"rendered":"https:\/\/espeltviticultors.com\/?post_type=product&#038;p=9322"},"modified":"2026-02-03T10:30:32","modified_gmt":"2026-02-03T09:30:32","slug":"reserva-visita-cata-privada-bodega-espelt-copia","status":"publish","type":"product","link":"https:\/\/espeltviticultors.com\/es\/tienda\/reserva-visita-cata-privada-bodega-espelt-copia\/","title":{"rendered":"Reserva visita &#8211; Cata privada Bodega Espelt (C\u00f2pia)"},"content":{"rendered":"<h3 data-start=\"162\" data-end=\"218\"><strong data-start=\"169\" data-end=\"218\">Instrucciones para validar tu reserva privada<\/strong><\/h3>\n<p data-start=\"220\" data-end=\"341\"><strong data-start=\"224\" data-end=\"260\">Selecciona el precio por persona<\/strong><br data-start=\"260\" data-end=\"263\" \/>Elige la opci\u00f3n correspondiente al n\u00famero de personas en el men\u00fa del producto.<\/p>\n<p data-start=\"343\" data-end=\"471\"><strong data-start=\"347\" data-end=\"381\">Indica el n\u00famero de asistentes<\/strong><br data-start=\"381\" data-end=\"384\" \/>Introduce cu\u00e1ntas personas participar\u00e1n en la actividad para calcular el importe total.<\/p>\n<p data-start=\"473\" data-end=\"567\"><strong data-start=\"477\" data-end=\"496\">Realiza el pago<\/strong><br data-start=\"496\" data-end=\"499\" \/>Este pago confirma y valida la reserva privada previamente acordada.<\/p>\n<p data-start=\"569\" data-end=\"678\">4\ufe0f\u20e3 <strong data-start=\"573\" data-end=\"603\">Reserva no v\u00e1lida sin pago<\/strong><br data-start=\"603\" data-end=\"606\" \/>Sin completar este paso, <strong data-start=\"631\" data-end=\"677\">la reserva no ser\u00e1 efectiva en ning\u00fan caso<\/strong>.<\/p>\n<p data-start=\"680\" data-end=\"783\"><strong data-start=\"684\" data-end=\"702\">\u00bfTienes dudas?<\/strong><br data-start=\"702\" data-end=\"705\" \/>\ud83d\udcde Llama a <strong data-start=\"716\" data-end=\"727\">Dom\u00e8nec<\/strong> al +34 671 54 62 06 y estaremos encantados de ayudarte.<\/p>\n","protected":false},"excerpt":{"rendered":"<p>Las catas en el Winebar incluyen la preparaci\u00f3n de mesas de cata profesionales con los vinos y el aperitivo correspondiente.<\/p>\n<p>Catas disponibles:<\/p>\n<p><strong>La gran cata Espelt 50\u20ac\/pax<\/strong><br \/> <strong>Vinos de cata:<\/strong>\u00a0Pla de Tudela, Espumoso Anna Espelt, Comabruna y Les Elies. <strong>Aperitivo:<\/strong> Anchoas de Roses, aceitunas rellenas de anchoa, embutidos, quesos y pan con tomate.<\/p>\n<p><strong>Anna Espelt Cap de Creus 35\u20ac\/pax<\/strong><br \/> <strong>Vinos de cata:<\/strong>\u00a0Pla de Tudela, Espumoso Anna Espelt y Cala Rostella. <strong>Aperitivo:<\/strong> Anchoas de Roses, aceitunas rellenas de anchoa y quesos.<\/p>\n<p><strong>Terrer empordan\u00e8s PREMIUM 30\u20ac\/pax<\/strong><br \/> <strong>Vinos de cata:<\/strong> 15Roures, Pardells, Comabruna, Les Elies y Airam. <strong>Aperitivo:<\/strong> Tabla de embutidos, quesos y frutos secos.<\/p>\n<p><strong>Terrer empordan\u00e8s 25\u20ac\/pax<\/strong><br \/> <strong>Vinos de cata:<\/strong> 15Roures, Pardells, Comabruna, Les Elies y Airam. <strong>Aperitivo:<\/strong> picos de pan tostado.<\/p>\n<p><strong>Terraprims con aperitivo 20\u20ac\/pax.<\/strong><br \/> <strong>Vinos de cata:<\/strong> Vailet, 15 Roures, Ef\u00edmera y Terres Negres. <strong>Aperitivo:<\/strong> Tabla de embutidos, quesos y frutos secos.<\/p>\n<p><strong>Terraprims 15\u20ac\/pax.<\/strong><br \/> <strong>Vinos de cata:<\/strong> Vailet, 15 Roures, Ef\u00edmera y Terres Negres.<strong> Aperitivo:<\/strong> picos de pan tostado.<\/p>\n<p>&nbsp;<\/p>\n<p>La cata del Winebar no incluye el recorrido por los vi\u00f1edos ni la visita a las instalaciones de la bodega.<br \/> Si desea realizar visitas guiadas, le invitamos a consultar las opciones disponibles en nuestros productos Visitas Programadas o Visitas Privadas Exclusivas.<\/p>\n","protected":false},"featured_media":9772,"template":"","meta":[],"product_brand":[],"product_cat":[313,317,325],"product_tag":[326],"class_list":{"0":"post-9322","1":"product","2":"type-product","3":"status-publish","4":"has-post-thumbnail","6":"product_cat-enoturismo","7":"product_cat-reservas","8":"product_cat-bar-vinos","9":"product_tag-reservas","11":"first","12":"instock","13":"taxable","14":"shipping-taxable","15":"purchasable","16":"product-type-variable"},"yoast_head":"<!-- This site is optimized with the Yoast SEO Premium plugin v19.3 (Yoast SEO v25.6) - https:\/\/yoast.com\/wordpress\/plugins\/seo\/ -->\n<title>Reserva visita - Cata privada Bodega Espelt (C\u00f2pia) - Espelt Viticultores<\/title>\n<meta name=\"robots\" content=\"index, follow, max-snippet:-1, max-image-preview:large, max-video-preview:-1\" \/>\n<link rel=\"canonical\" href=\"https:\/\/espeltviticultors.com\/es\/tienda\/reserva-visita-cata-privada-bodega-espelt-copia\/\" \/>\n<meta property=\"og:locale\" content=\"es_ES\" \/>\n<meta property=\"og:type\" content=\"article\" \/>\n<meta property=\"og:title\" content=\"Reserva visita - Cata privada Bodega Espelt (C\u00f2pia)\" \/>\n<meta property=\"og:description\" content=\"Las catas en el Winebar incluyen la preparaci\u00f3n de mesas de cata profesionales con los vinos y el aperitivo correspondiente. Catas disponibles: La gran cata Espelt 50\u20ac\/pax Vinos de cata:\u00a0Pla de Tudela, Espumoso Anna Espelt, Comabruna y Les Elies. Aperitivo: Anchoas de Roses, aceitunas rellenas de anchoa, embutidos, quesos y pan con tomate. Anna Espelt Cap de Creus 35\u20ac\/pax Vinos de cata:\u00a0Pla de Tudela, Espumoso Anna Espelt y Cala Rostella. Aperitivo: Anchoas de Roses, aceitunas rellenas de anchoa y quesos. Terrer empordan\u00e8s PREMIUM 30\u20ac\/pax Vinos de cata: 15Roures, Pardells, Comabruna, Les Elies y Airam. Aperitivo: Tabla de embutidos, quesos y frutos secos. Terrer empordan\u00e8s 25\u20ac\/pax Vinos de cata: 15Roures, Pardells, Comabruna, Les Elies y Airam. Aperitivo: picos de pan tostado. Terraprims con aperitivo 20\u20ac\/pax. Vinos de cata: Vailet, 15 Roures, Ef\u00edmera y Terres Negres. Aperitivo: Tabla de embutidos, quesos y frutos secos. Terraprims 15\u20ac\/pax. Vinos de cata: Vailet, 15 Roures, Ef\u00edmera y Terres Negres. Aperitivo: picos de pan tostado. &nbsp; La cata del Winebar no incluye el recorrido por los vi\u00f1edos ni la visita a las instalaciones de la bodega. Si desea realizar visitas guiadas, le invitamos a consultar las opciones disponibles en nuestros productos Visitas Programadas o Visitas Privadas Exclusivas.\" \/>\n<meta property=\"og:url\" content=\"https:\/\/espeltviticultors.com\/es\/tienda\/reserva-visita-cata-privada-bodega-espelt-copia\/\" \/>\n<meta property=\"og:site_name\" content=\"Espelt Viticultores\" \/>\n<meta property=\"article:publisher\" content=\"https:\/\/www.facebook.com\/espelt.viticultors\" \/>\n<meta property=\"article:modified_time\" content=\"2026-02-03T09:30:32+00:00\" \/>\n<meta property=\"og:image\" content=\"https:\/\/espeltviticultors.com\/wp-content\/uploads\/2021\/03\/experiencies_cata-e1768574505558.jpg\" \/>\n\t<meta property=\"og:image:width\" content=\"800\" \/>\n\t<meta property=\"og:image:height\" content=\"630\" \/>\n\t<meta property=\"og:image:type\" content=\"image\/jpeg\" \/>\n<meta name=\"twitter:card\" content=\"summary_large_image\" \/>\n<meta name=\"twitter:site\" content=\"@CellerEspelt\" \/>\n<meta name=\"twitter:label1\" content=\"Availability\" \/>\n\t<meta name=\"twitter:data1\" content=\"In stock\" \/>\n<script type=\"application\/ld+json\" class=\"yoast-schema-graph\">{\"@context\":\"https:\/\/schema.org\",\"@graph\":[{\"@type\":\"WebPage\",\"@id\":\"https:\/\/espeltviticultors.com\/es\/tienda\/reserva-visita-cata-privada-bodega-espelt-copia\/\",\"url\":\"https:\/\/espeltviticultors.com\/es\/tienda\/reserva-visita-cata-privada-bodega-espelt-copia\/\",\"name\":\"Reserva visita - Cata privada Bodega Espelt (C\u00f2pia) - Espelt Viticultores\",\"isPartOf\":{\"@id\":\"https:\/\/espeltviticultors.com\/#website\"},\"primaryImageOfPage\":{\"@id\":\"https:\/\/espeltviticultors.com\/es\/tienda\/reserva-visita-cata-privada-bodega-espelt-copia\/#primaryimage\"},\"image\":{\"@id\":\"https:\/\/espeltviticultors.com\/es\/tienda\/reserva-visita-cata-privada-bodega-espelt-copia\/#primaryimage\"},\"thumbnailUrl\":\"https:\/\/espeltviticultors.com\/wp-content\/uploads\/2026\/01\/winebar-espelt-2.jpeg\",\"datePublished\":\"2026-01-16T08:13:09+00:00\",\"dateModified\":\"2026-02-03T09:30:32+00:00\",\"breadcrumb\":{\"@id\":\"https:\/\/espeltviticultors.com\/es\/tienda\/reserva-visita-cata-privada-bodega-espelt-copia\/#breadcrumb\"},\"inLanguage\":\"es\",\"potentialAction\":[{\"@type\":\"ReadAction\",\"target\":[\"https:\/\/espeltviticultors.com\/es\/tienda\/reserva-visita-cata-privada-bodega-espelt-copia\/\"]}]},{\"@type\":\"ImageObject\",\"inLanguage\":\"es\",\"@id\":\"https:\/\/espeltviticultors.com\/es\/tienda\/reserva-visita-cata-privada-bodega-espelt-copia\/#primaryimage\",\"url\":\"https:\/\/espeltviticultors.com\/wp-content\/uploads\/2026\/01\/winebar-espelt-2.jpeg\",\"contentUrl\":\"https:\/\/espeltviticultors.com\/wp-content\/uploads\/2026\/01\/winebar-espelt-2.jpeg\",\"width\":600,\"height\":600,\"caption\":\"Tast guiat al nostre wine bar del Celler Espelt\"},{\"@type\":\"BreadcrumbList\",\"@id\":\"https:\/\/espeltviticultors.com\/es\/tienda\/reserva-visita-cata-privada-bodega-espelt-copia\/#breadcrumb\",\"itemListElement\":[{\"@type\":\"ListItem\",\"position\":1,\"name\":\"Portada\",\"item\":\"https:\/\/espeltviticultors.com\/es\/\"},{\"@type\":\"ListItem\",\"position\":2,\"name\":\"Tienda\",\"item\":\"https:\/\/espeltviticultors.com\/es\/tienda\/\"},{\"@type\":\"ListItem\",\"position\":3,\"name\":\"Reserva visita &#8211; Cata privada Bodega Espelt (C\u00f2pia)\"}]},{\"@type\":\"WebSite\",\"@id\":\"https:\/\/espeltviticultors.com\/#website\",\"url\":\"https:\/\/espeltviticultors.com\/\",\"name\":\"Espelt Viticultores\",\"description\":\"Vinos del Empord\u00e0 i enoturismo\",\"publisher\":{\"@id\":\"https:\/\/espeltviticultors.com\/#organization\"},\"potentialAction\":[{\"@type\":\"SearchAction\",\"target\":{\"@type\":\"EntryPoint\",\"urlTemplate\":\"https:\/\/espeltviticultors.com\/?s={search_term_string}\"},\"query-input\":{\"@type\":\"PropertyValueSpecification\",\"valueRequired\":true,\"valueName\":\"search_term_string\"}}],\"inLanguage\":\"es\"},{\"@type\":\"Organization\",\"@id\":\"https:\/\/espeltviticultors.com\/#organization\",\"name\":\"Espelt Viticultors - tienda online\",\"url\":\"https:\/\/espeltviticultors.com\/\",\"logo\":{\"@type\":\"ImageObject\",\"inLanguage\":\"es\",\"@id\":\"https:\/\/espeltviticultors.com\/#\/schema\/logo\/image\/\",\"url\":\"https:\/\/espeltviticultors.com\/wp-content\/uploads\/2021\/02\/logo_color_trasparent.png\",\"contentUrl\":\"https:\/\/espeltviticultors.com\/wp-content\/uploads\/2021\/02\/logo_color_trasparent.png\",\"width\":818,\"height\":272,\"caption\":\"Espelt Viticultors - tienda online\"},\"image\":{\"@id\":\"https:\/\/espeltviticultors.com\/#\/schema\/logo\/image\/\"},\"sameAs\":[\"https:\/\/www.facebook.com\/espelt.viticultors\",\"https:\/\/x.com\/CellerEspelt\",\"https:\/\/www.instagram.com\/cellerespelt\/\"]}]}<\/script>\n<meta property=\"og:availability\" content=\"instock\" \/>\n<meta property=\"product:availability\" content=\"instock\" \/>\n<meta property=\"product:condition\" content=\"new\" \/>\n<!-- \/ Yoast SEO Premium plugin. -->","yoast_head_json":{"title":"Reserva visita - Cata privada Bodega Espelt (C\u00f2pia) - Espelt Viticultores","robots":{"index":"index","follow":"follow","max-snippet":"max-snippet:-1","max-image-preview":"max-image-preview:large","max-video-preview":"max-video-preview:-1"},"canonical":"https:\/\/espeltviticultors.com\/es\/tienda\/reserva-visita-cata-privada-bodega-espelt-copia\/","og_locale":"es_ES","og_type":"article","og_title":"Reserva visita - Cata privada Bodega Espelt (C\u00f2pia)","og_description":"Las catas en el Winebar incluyen la preparaci\u00f3n de mesas de cata profesionales con los vinos y el aperitivo correspondiente. Catas disponibles: La gran cata Espelt 50\u20ac\/pax Vinos de cata:\u00a0Pla de Tudela, Espumoso Anna Espelt, Comabruna y Les Elies. Aperitivo: Anchoas de Roses, aceitunas rellenas de anchoa, embutidos, quesos y pan con tomate. Anna Espelt Cap de Creus 35\u20ac\/pax Vinos de cata:\u00a0Pla de Tudela, Espumoso Anna Espelt y Cala Rostella. Aperitivo: Anchoas de Roses, aceitunas rellenas de anchoa y quesos. Terrer empordan\u00e8s PREMIUM 30\u20ac\/pax Vinos de cata: 15Roures, Pardells, Comabruna, Les Elies y Airam. Aperitivo: Tabla de embutidos, quesos y frutos secos. Terrer empordan\u00e8s 25\u20ac\/pax Vinos de cata: 15Roures, Pardells, Comabruna, Les Elies y Airam. Aperitivo: picos de pan tostado. Terraprims con aperitivo 20\u20ac\/pax. Vinos de cata: Vailet, 15 Roures, Ef\u00edmera y Terres Negres. Aperitivo: Tabla de embutidos, quesos y frutos secos. Terraprims 15\u20ac\/pax. Vinos de cata: Vailet, 15 Roures, Ef\u00edmera y Terres Negres. Aperitivo: picos de pan tostado. &nbsp; La cata del Winebar no incluye el recorrido por los vi\u00f1edos ni la visita a las instalaciones de la bodega. Si desea realizar visitas guiadas, le invitamos a consultar las opciones disponibles en nuestros productos Visitas Programadas o Visitas Privadas Exclusivas.","og_url":"https:\/\/espeltviticultors.com\/es\/tienda\/reserva-visita-cata-privada-bodega-espelt-copia\/","og_site_name":"Espelt Viticultores","article_publisher":"https:\/\/www.facebook.com\/espelt.viticultors","article_modified_time":"2026-02-03T09:30:32+00:00","og_image":[{"width":800,"height":630,"url":"https:\/\/espeltviticultors.com\/wp-content\/uploads\/2021\/03\/experiencies_cata-e1768574505558.jpg","type":"image\/jpeg"}],"twitter_card":"summary_large_image","twitter_site":"@CellerEspelt","twitter_misc":{"Availability":"In stock"},"schema":{"@context":"https:\/\/schema.org","@graph":[{"@type":"WebPage","@id":"https:\/\/espeltviticultors.com\/es\/tienda\/reserva-visita-cata-privada-bodega-espelt-copia\/","url":"https:\/\/espeltviticultors.com\/es\/tienda\/reserva-visita-cata-privada-bodega-espelt-copia\/","name":"Reserva visita - Cata privada Bodega Espelt (C\u00f2pia) - Espelt Viticultores","isPartOf":{"@id":"https:\/\/espeltviticultors.com\/#website"},"primaryImageOfPage":{"@id":"https:\/\/espeltviticultors.com\/es\/tienda\/reserva-visita-cata-privada-bodega-espelt-copia\/#primaryimage"},"image":{"@id":"https:\/\/espeltviticultors.com\/es\/tienda\/reserva-visita-cata-privada-bodega-espelt-copia\/#primaryimage"},"thumbnailUrl":"https:\/\/espeltviticultors.com\/wp-content\/uploads\/2026\/01\/winebar-espelt-2.jpeg","datePublished":"2026-01-16T08:13:09+00:00","dateModified":"2026-02-03T09:30:32+00:00","breadcrumb":{"@id":"https:\/\/espeltviticultors.com\/es\/tienda\/reserva-visita-cata-privada-bodega-espelt-copia\/#breadcrumb"},"inLanguage":"es","potentialAction":[{"@type":"ReadAction","target":["https:\/\/espeltviticultors.com\/es\/tienda\/reserva-visita-cata-privada-bodega-espelt-copia\/"]}]},{"@type":"ImageObject","inLanguage":"es","@id":"https:\/\/espeltviticultors.com\/es\/tienda\/reserva-visita-cata-privada-bodega-espelt-copia\/#primaryimage","url":"https:\/\/espeltviticultors.com\/wp-content\/uploads\/2026\/01\/winebar-espelt-2.jpeg","contentUrl":"https:\/\/espeltviticultors.com\/wp-content\/uploads\/2026\/01\/winebar-espelt-2.jpeg","width":600,"height":600,"caption":"Tast guiat al nostre wine bar del Celler Espelt"},{"@type":"BreadcrumbList","@id":"https:\/\/espeltviticultors.com\/es\/tienda\/reserva-visita-cata-privada-bodega-espelt-copia\/#breadcrumb","itemListElement":[{"@type":"ListItem","position":1,"name":"Portada","item":"https:\/\/espeltviticultors.com\/es\/"},{"@type":"ListItem","position":2,"name":"Tienda","item":"https:\/\/espeltviticultors.com\/es\/tienda\/"},{"@type":"ListItem","position":3,"name":"Reserva visita &#8211; Cata privada Bodega Espelt (C\u00f2pia)"}]},{"@type":"WebSite","@id":"https:\/\/espeltviticultors.com\/#website","url":"https:\/\/espeltviticultors.com\/","name":"Espelt Viticultores","description":"Vinos del Empord\u00e0 i enoturismo","publisher":{"@id":"https:\/\/espeltviticultors.com\/#organization"},"potentialAction":[{"@type":"SearchAction","target":{"@type":"EntryPoint","urlTemplate":"https:\/\/espeltviticultors.com\/?s={search_term_string}"},"query-input":{"@type":"PropertyValueSpecification","valueRequired":true,"valueName":"search_term_string"}}],"inLanguage":"es"},{"@type":"Organization","@id":"https:\/\/espeltviticultors.com\/#organization","name":"Espelt Viticultors - tienda online","url":"https:\/\/espeltviticultors.com\/","logo":{"@type":"ImageObject","inLanguage":"es","@id":"https:\/\/espeltviticultors.com\/#\/schema\/logo\/image\/","url":"https:\/\/espeltviticultors.com\/wp-content\/uploads\/2021\/02\/logo_color_trasparent.png","contentUrl":"https:\/\/espeltviticultors.com\/wp-content\/uploads\/2021\/02\/logo_color_trasparent.png","width":818,"height":272,"caption":"Espelt Viticultors - tienda online"},"image":{"@id":"https:\/\/espeltviticultors.com\/#\/schema\/logo\/image\/"},"sameAs":["https:\/\/www.facebook.com\/espelt.viticultors","https:\/\/x.com\/CellerEspelt","https:\/\/www.instagram.com\/cellerespelt\/"]}]},"og_availability":"instock","product_availability":"instock","product_condition":"new"},"_links":{"self":[{"href":"https:\/\/espeltviticultors.com\/es\/wp-json\/wp\/v2\/product\/9322"}],"collection":[{"href":"https:\/\/espeltviticultors.com\/es\/wp-json\/wp\/v2\/product"}],"about":[{"href":"https:\/\/espeltviticultors.com\/es\/wp-json\/wp\/v2\/types\/product"}],"wp:featuredmedia":[{"embeddable":true,"href":"https:\/\/espeltviticultors.com\/es\/wp-json\/wp\/v2\/media\/9772"}],"wp:attachment":[{"href":"https:\/\/espeltviticultors.com\/es\/wp-json\/wp\/v2\/media?parent=9322"}],"wp:term":[{"taxonomy":"product_brand","embeddable":true,"href":"https:\/\/espeltviticultors.com\/es\/wp-json\/wp\/v2\/product_brand?post=9322"},{"taxonomy":"product_cat","embeddable":true,"href":"https:\/\/espeltviticultors.com\/es\/wp-json\/wp\/v2\/product_cat?post=9322"},{"taxonomy":"product_tag","embeddable":true,"href":"https:\/\/espeltviticultors.com\/es\/wp-json\/wp\/v2\/product_tag?post=9322"}],"curies":[{"name":"wp","href":"https:\/\/api.w.org\/{rel}","templated":true}]}}