{"id":9607,"date":"2026-01-16T14:48:40","date_gmt":"2026-01-16T13:48:40","guid":{"rendered":"https:\/\/espeltviticultors.com\/?post_type=product&#038;p=9607"},"modified":"2026-03-31T11:09:57","modified_gmt":"2026-03-31T09:09:57","slug":"puesta-de-sol-en-mas-mares-copia","status":"publish","type":"product","link":"https:\/\/espeltviticultors.com\/es\/tienda\/puesta-de-sol-en-mas-mares-copia\/","title":{"rendered":"Puesta de sol en Mas Espelt"},"content":{"rendered":"<p><strong>\u00bfQu\u00e9 te espera?<\/strong><\/p>\n<ul>\n<li>Explicaciones sobre la geograf\u00eda, geolog\u00eda, historia y nuestro proyecto de agricultura regenerativa<\/li>\n<li>Degustaci\u00f3n de vinos refrescantes servidos bien fr\u00edos<\/li>\n<li>Maridaje con productos de proximidad.<\/li>\n<li>Acompa\u00f1amiento de hilo musical.<\/li>\n<\/ul>\n<p><strong>\ud83d\udccd Detalles de la actividad<\/strong><\/p>\n<ul>\n<li><strong>Temporada:<\/strong> Verano (actividad exclusiva de temporada)<\/li>\n<li><strong>Hora de encuentro:<\/strong> 19h00<\/li>\n<li><strong>Punto de encuentro:<\/strong> Parking Mas Satlle (Mas Espelt de Vilaju\u00efga)<\/li>\n<li><strong>Duraci\u00f3n:<\/strong> Aproximadamente 2 horas<\/li>\n<li><strong>Idiomas:<\/strong> Catal\u00e1n, Castellano, Italiano, Franc\u00e9s, Ingl\u00e9s<\/li>\n<\/ul>\n<p>\u00bfTienes dudas? Escr\u00edbenos y estaremos encantados de ayudarte. enoturisme@espeltviticultors.com<\/p>\n","protected":false},"excerpt":{"rendered":"<p>Desde el Mas Espelt disfrutaremos de una puesta de sol de mucha altura. Los vinos Espelt m\u00e1s refrescantes con degustaciones de productos del terriorio.<\/p>\n","protected":false},"featured_media":8362,"template":"","meta":[],"product_brand":[],"product_cat":[313,317,323],"product_tag":[204,203],"class_list":{"0":"post-9607","1":"product","2":"type-product","3":"status-publish","4":"has-post-thumbnail","6":"product_cat-enoturismo","7":"product_cat-reservas","8":"product_cat-visitas-programadas","9":"product_tag-enoturismo","10":"product_tag-regalo","11":"product_shipping_class-vales-regalo","13":"first","14":"instock","15":"taxable","16":"shipping-taxable","17":"purchasable","18":"product-type-variable"},"yoast_head":"<!-- This site is optimized with the Yoast SEO Premium plugin v19.3 (Yoast SEO v25.6) - https:\/\/yoast.com\/wordpress\/plugins\/seo\/ -->\n<title>Puesta de sol en Mas Espelt - Espelt Viticultores<\/title>\n<meta name=\"description\" content=\"Una visita para conocer los vi\u00f1edos de Mas Espelt y nuestros vinos mientras se pone el sol. Vinos y quesos ecol\u00f3gicos.\" \/>\n<meta name=\"robots\" content=\"index, follow, max-snippet:-1, max-image-preview:large, max-video-preview:-1\" \/>\n<link rel=\"canonical\" href=\"https:\/\/espeltviticultors.com\/es\/tienda\/puesta-de-sol-en-mas-mares-copia\/\" \/>\n<meta property=\"og:locale\" content=\"es_ES\" \/>\n<meta property=\"og:type\" content=\"article\" \/>\n<meta property=\"og:title\" content=\"Puesta de sol en Mas Espelt\" \/>\n<meta property=\"og:description\" content=\"Desde el Mas Espelt disfrutaremos de una puesta de sol de mucha altura. Los vinos Espelt m\u00e1s refrescantes con degustaciones de productos del terriorio.\" \/>\n<meta property=\"og:url\" content=\"https:\/\/espeltviticultors.com\/es\/tienda\/puesta-de-sol-en-mas-mares-copia\/\" \/>\n<meta property=\"og:site_name\" content=\"Espelt Viticultores\" \/>\n<meta property=\"article:publisher\" content=\"https:\/\/www.facebook.com\/espelt.viticultors\" \/>\n<meta property=\"article:modified_time\" content=\"2026-03-31T09:09:57+00:00\" \/>\n<meta property=\"og:image\" content=\"https:\/\/espeltviticultors.com\/wp-content\/uploads\/2024\/07\/enoturisme_posta_de_sol_roses_cap_de_creus_espelt-e1735024635663.jpeg\" \/>\n\t<meta property=\"og:image:width\" content=\"1200\" \/>\n\t<meta property=\"og:image:height\" content=\"1600\" \/>\n\t<meta property=\"og:image:type\" content=\"image\/jpeg\" \/>\n<meta name=\"twitter:card\" content=\"summary_large_image\" \/>\n<meta name=\"twitter:site\" content=\"@CellerEspelt\" \/>\n<meta name=\"twitter:label1\" content=\"Availability\" \/>\n\t<meta name=\"twitter:data1\" content=\"In stock\" \/>\n<script type=\"application\/ld+json\" class=\"yoast-schema-graph\">{\"@context\":\"https:\/\/schema.org\",\"@graph\":[{\"@type\":\"WebPage\",\"@id\":\"https:\/\/espeltviticultors.com\/es\/tienda\/puesta-de-sol-en-mas-mares-copia\/\",\"url\":\"https:\/\/espeltviticultors.com\/es\/tienda\/puesta-de-sol-en-mas-mares-copia\/\",\"name\":\"Puesta de sol en Mas Espelt - Espelt Viticultores\",\"isPartOf\":{\"@id\":\"https:\/\/espeltviticultors.com\/#website\"},\"primaryImageOfPage\":{\"@id\":\"https:\/\/espeltviticultors.com\/es\/tienda\/puesta-de-sol-en-mas-mares-copia\/#primaryimage\"},\"image\":{\"@id\":\"https:\/\/espeltviticultors.com\/es\/tienda\/puesta-de-sol-en-mas-mares-copia\/#primaryimage\"},\"thumbnailUrl\":\"https:\/\/espeltviticultors.com\/wp-content\/uploads\/2024\/07\/enoturisme_posta_de_sol_roses_cap_de_creus_espelt-e1735024635663.jpeg\",\"datePublished\":\"2026-01-16T13:48:40+00:00\",\"dateModified\":\"2026-03-31T09:09:57+00:00\",\"description\":\"Una visita para conocer los vi\u00f1edos de Mas Espelt y nuestros vinos mientras se pone el sol. Vinos y quesos ecol\u00f3gicos.\",\"breadcrumb\":{\"@id\":\"https:\/\/espeltviticultors.com\/es\/tienda\/puesta-de-sol-en-mas-mares-copia\/#breadcrumb\"},\"inLanguage\":\"es\",\"potentialAction\":[{\"@type\":\"ReadAction\",\"target\":[\"https:\/\/espeltviticultors.com\/es\/tienda\/puesta-de-sol-en-mas-mares-copia\/\"]}]},{\"@type\":\"ImageObject\",\"inLanguage\":\"es\",\"@id\":\"https:\/\/espeltviticultors.com\/es\/tienda\/puesta-de-sol-en-mas-mares-copia\/#primaryimage\",\"url\":\"https:\/\/espeltviticultors.com\/wp-content\/uploads\/2024\/07\/enoturisme_posta_de_sol_roses_cap_de_creus_espelt-e1735024635663.jpeg\",\"contentUrl\":\"https:\/\/espeltviticultors.com\/wp-content\/uploads\/2024\/07\/enoturisme_posta_de_sol_roses_cap_de_creus_espelt-e1735024635663.jpeg\",\"width\":1200,\"height\":1600,\"caption\":\"Copa de vino al atardecer\"},{\"@type\":\"BreadcrumbList\",\"@id\":\"https:\/\/espeltviticultors.com\/es\/tienda\/puesta-de-sol-en-mas-mares-copia\/#breadcrumb\",\"itemListElement\":[{\"@type\":\"ListItem\",\"position\":1,\"name\":\"Portada\",\"item\":\"https:\/\/espeltviticultors.com\/es\/\"},{\"@type\":\"ListItem\",\"position\":2,\"name\":\"Tienda\",\"item\":\"https:\/\/espeltviticultors.com\/es\/tienda\/\"},{\"@type\":\"ListItem\",\"position\":3,\"name\":\"Puesta de sol en Mas Espelt\"}]},{\"@type\":\"WebSite\",\"@id\":\"https:\/\/espeltviticultors.com\/#website\",\"url\":\"https:\/\/espeltviticultors.com\/\",\"name\":\"Espelt Viticultores\",\"description\":\"Vinos del Empord\u00e0 i enoturismo\",\"publisher\":{\"@id\":\"https:\/\/espeltviticultors.com\/#organization\"},\"potentialAction\":[{\"@type\":\"SearchAction\",\"target\":{\"@type\":\"EntryPoint\",\"urlTemplate\":\"https:\/\/espeltviticultors.com\/?s={search_term_string}\"},\"query-input\":{\"@type\":\"PropertyValueSpecification\",\"valueRequired\":true,\"valueName\":\"search_term_string\"}}],\"inLanguage\":\"es\"},{\"@type\":\"Organization\",\"@id\":\"https:\/\/espeltviticultors.com\/#organization\",\"name\":\"Espelt Viticultors - tienda online\",\"url\":\"https:\/\/espeltviticultors.com\/\",\"logo\":{\"@type\":\"ImageObject\",\"inLanguage\":\"es\",\"@id\":\"https:\/\/espeltviticultors.com\/#\/schema\/logo\/image\/\",\"url\":\"https:\/\/espeltviticultors.com\/wp-content\/uploads\/2021\/02\/logo_color_trasparent.png\",\"contentUrl\":\"https:\/\/espeltviticultors.com\/wp-content\/uploads\/2021\/02\/logo_color_trasparent.png\",\"width\":818,\"height\":272,\"caption\":\"Espelt Viticultors - tienda online\"},\"image\":{\"@id\":\"https:\/\/espeltviticultors.com\/#\/schema\/logo\/image\/\"},\"sameAs\":[\"https:\/\/www.facebook.com\/espelt.viticultors\",\"https:\/\/x.com\/CellerEspelt\",\"https:\/\/www.instagram.com\/cellerespelt\/\"]}]}<\/script>\n<meta property=\"og:availability\" content=\"instock\" \/>\n<meta property=\"product:availability\" content=\"instock\" \/>\n<meta property=\"product:retailer_item_id\" content=\"2887-1-1\" \/>\n<meta property=\"product:condition\" content=\"new\" \/>\n<!-- \/ Yoast SEO Premium plugin. -->","yoast_head_json":{"title":"Puesta de sol en Mas Espelt - Espelt Viticultores","description":"Una visita para conocer los vi\u00f1edos de Mas Espelt y nuestros vinos mientras se pone el sol. Vinos y quesos ecol\u00f3gicos.","robots":{"index":"index","follow":"follow","max-snippet":"max-snippet:-1","max-image-preview":"max-image-preview:large","max-video-preview":"max-video-preview:-1"},"canonical":"https:\/\/espeltviticultors.com\/es\/tienda\/puesta-de-sol-en-mas-mares-copia\/","og_locale":"es_ES","og_type":"article","og_title":"Puesta de sol en Mas Espelt","og_description":"Desde el Mas Espelt disfrutaremos de una puesta de sol de mucha altura. Los vinos Espelt m\u00e1s refrescantes con degustaciones de productos del terriorio.","og_url":"https:\/\/espeltviticultors.com\/es\/tienda\/puesta-de-sol-en-mas-mares-copia\/","og_site_name":"Espelt Viticultores","article_publisher":"https:\/\/www.facebook.com\/espelt.viticultors","article_modified_time":"2026-03-31T09:09:57+00:00","og_image":[{"width":1200,"height":1600,"url":"https:\/\/espeltviticultors.com\/wp-content\/uploads\/2024\/07\/enoturisme_posta_de_sol_roses_cap_de_creus_espelt-e1735024635663.jpeg","type":"image\/jpeg"}],"twitter_card":"summary_large_image","twitter_site":"@CellerEspelt","twitter_misc":{"Availability":"In stock"},"schema":{"@context":"https:\/\/schema.org","@graph":[{"@type":"WebPage","@id":"https:\/\/espeltviticultors.com\/es\/tienda\/puesta-de-sol-en-mas-mares-copia\/","url":"https:\/\/espeltviticultors.com\/es\/tienda\/puesta-de-sol-en-mas-mares-copia\/","name":"Puesta de sol en Mas Espelt - Espelt Viticultores","isPartOf":{"@id":"https:\/\/espeltviticultors.com\/#website"},"primaryImageOfPage":{"@id":"https:\/\/espeltviticultors.com\/es\/tienda\/puesta-de-sol-en-mas-mares-copia\/#primaryimage"},"image":{"@id":"https:\/\/espeltviticultors.com\/es\/tienda\/puesta-de-sol-en-mas-mares-copia\/#primaryimage"},"thumbnailUrl":"https:\/\/espeltviticultors.com\/wp-content\/uploads\/2024\/07\/enoturisme_posta_de_sol_roses_cap_de_creus_espelt-e1735024635663.jpeg","datePublished":"2026-01-16T13:48:40+00:00","dateModified":"2026-03-31T09:09:57+00:00","description":"Una visita para conocer los vi\u00f1edos de Mas Espelt y nuestros vinos mientras se pone el sol. Vinos y quesos ecol\u00f3gicos.","breadcrumb":{"@id":"https:\/\/espeltviticultors.com\/es\/tienda\/puesta-de-sol-en-mas-mares-copia\/#breadcrumb"},"inLanguage":"es","potentialAction":[{"@type":"ReadAction","target":["https:\/\/espeltviticultors.com\/es\/tienda\/puesta-de-sol-en-mas-mares-copia\/"]}]},{"@type":"ImageObject","inLanguage":"es","@id":"https:\/\/espeltviticultors.com\/es\/tienda\/puesta-de-sol-en-mas-mares-copia\/#primaryimage","url":"https:\/\/espeltviticultors.com\/wp-content\/uploads\/2024\/07\/enoturisme_posta_de_sol_roses_cap_de_creus_espelt-e1735024635663.jpeg","contentUrl":"https:\/\/espeltviticultors.com\/wp-content\/uploads\/2024\/07\/enoturisme_posta_de_sol_roses_cap_de_creus_espelt-e1735024635663.jpeg","width":1200,"height":1600,"caption":"Copa de vino al atardecer"},{"@type":"BreadcrumbList","@id":"https:\/\/espeltviticultors.com\/es\/tienda\/puesta-de-sol-en-mas-mares-copia\/#breadcrumb","itemListElement":[{"@type":"ListItem","position":1,"name":"Portada","item":"https:\/\/espeltviticultors.com\/es\/"},{"@type":"ListItem","position":2,"name":"Tienda","item":"https:\/\/espeltviticultors.com\/es\/tienda\/"},{"@type":"ListItem","position":3,"name":"Puesta de sol en Mas Espelt"}]},{"@type":"WebSite","@id":"https:\/\/espeltviticultors.com\/#website","url":"https:\/\/espeltviticultors.com\/","name":"Espelt Viticultores","description":"Vinos del Empord\u00e0 i enoturismo","publisher":{"@id":"https:\/\/espeltviticultors.com\/#organization"},"potentialAction":[{"@type":"SearchAction","target":{"@type":"EntryPoint","urlTemplate":"https:\/\/espeltviticultors.com\/?s={search_term_string}"},"query-input":{"@type":"PropertyValueSpecification","valueRequired":true,"valueName":"search_term_string"}}],"inLanguage":"es"},{"@type":"Organization","@id":"https:\/\/espeltviticultors.com\/#organization","name":"Espelt Viticultors - tienda online","url":"https:\/\/espeltviticultors.com\/","logo":{"@type":"ImageObject","inLanguage":"es","@id":"https:\/\/espeltviticultors.com\/#\/schema\/logo\/image\/","url":"https:\/\/espeltviticultors.com\/wp-content\/uploads\/2021\/02\/logo_color_trasparent.png","contentUrl":"https:\/\/espeltviticultors.com\/wp-content\/uploads\/2021\/02\/logo_color_trasparent.png","width":818,"height":272,"caption":"Espelt Viticultors - tienda online"},"image":{"@id":"https:\/\/espeltviticultors.com\/#\/schema\/logo\/image\/"},"sameAs":["https:\/\/www.facebook.com\/espelt.viticultors","https:\/\/x.com\/CellerEspelt","https:\/\/www.instagram.com\/cellerespelt\/"]}]},"og_availability":"instock","product_availability":"instock","product_retailer_item_id":"2887-1-1","product_condition":"new"},"_links":{"self":[{"href":"https:\/\/espeltviticultors.com\/es\/wp-json\/wp\/v2\/product\/9607"}],"collection":[{"href":"https:\/\/espeltviticultors.com\/es\/wp-json\/wp\/v2\/product"}],"about":[{"href":"https:\/\/espeltviticultors.com\/es\/wp-json\/wp\/v2\/types\/product"}],"wp:featuredmedia":[{"embeddable":true,"href":"https:\/\/espeltviticultors.com\/es\/wp-json\/wp\/v2\/media\/8362"}],"wp:attachment":[{"href":"https:\/\/espeltviticultors.com\/es\/wp-json\/wp\/v2\/media?parent=9607"}],"wp:term":[{"taxonomy":"product_brand","embeddable":true,"href":"https:\/\/espeltviticultors.com\/es\/wp-json\/wp\/v2\/product_brand?post=9607"},{"taxonomy":"product_cat","embeddable":true,"href":"https:\/\/espeltviticultors.com\/es\/wp-json\/wp\/v2\/product_cat?post=9607"},{"taxonomy":"product_tag","embeddable":true,"href":"https:\/\/espeltviticultors.com\/es\/wp-json\/wp\/v2\/product_tag?post=9607"}],"curies":[{"name":"wp","href":"https:\/\/api.w.org\/{rel}","templated":true}]}}